{"id":10113,"date":"2020-09-14T09:54:28","date_gmt":"2020-09-14T09:54:28","guid":{"rendered":"http:\/\/www.ifg.gr\/epikoinoniste-mazi-mas\/"},"modified":"2022-02-28T13:22:12","modified_gmt":"2022-02-28T13:22:12","slug":"contactez-nous","status":"publish","type":"page","link":"https:\/\/www.ifg.gr\/fr\/contactez-nous\/","title":{"rendered":"Contactez-nous"},"content":{"rendered":"<div class=\"frm_forms  with_frm_style frm_style_ifg-default\" id=\"frm_form_2_container\" >\n<form enctype=\"multipart\/form-data\" method=\"post\" class=\"frm-show-form  frm_js_validate  frm_pro_form \" id=\"form_contact-forme4b5b31c5d\" >\n<div class=\"frm_form_fields \">\n<fieldset>\n<legend class=\"frm_screen_reader\">Contactez-nous<\/legend>\r\n\r\n<div class=\"frm_fields_container\">\n<input type=\"hidden\" name=\"frm_action\" value=\"create\" \/>\n<input type=\"hidden\" name=\"form_id\" value=\"2\" \/>\n<input type=\"hidden\" name=\"frm_hide_fields_2\" id=\"frm_hide_fields_2\" value=\"\" \/>\n<input type=\"hidden\" name=\"form_key\" value=\"contact-forme4b5b31c5d\" \/>\n<input type=\"hidden\" name=\"item_meta[0]\" value=\"\" \/>\n<input type=\"hidden\" id=\"frm_submit_entry_2\" name=\"frm_submit_entry_2\" value=\"6d712bf89f\" \/><input type=\"hidden\" name=\"_wp_http_referer\" value=\"\/fr\/wp-json\/wp\/v2\/pages\/10113\" \/><div id=\"frm_field_6_container\" class=\"frm_form_field form-field  frm_required_field frm_top_container frm_half\">\r\n    <label for=\"field_qh4icye64e2eb3df\" id=\"field_qh4icye64e2eb3df_label\" class=\"frm_primary_label\">Pr\u00e9nom \r\n        <span class=\"frm_required\">*<\/span>\r\n    <\/label>\r\n    <input  type=\"text\" id=\"field_qh4icye64e2eb3df\" name=\"item_meta[6]\" value=\"\"  placeholder=\"Pr\u00e9nom \" data-reqmsg=\"Champ obligatoire\" aria-required=\"true\" data-invmsg=\"Nom invalide \" aria-invalid=\"false\"   \/>\r\n    \r\n    \r\n<\/div>\n<div id=\"frm_field_7_container\" class=\"frm_form_field form-field  frm_required_field frm_hidden_container frm_half\">\r\n    <label for=\"field_ocfup16e26b2ead1\" id=\"field_ocfup16e26b2ead1_label\" class=\"frm_primary_label\">Nom\r\n        <span class=\"frm_required\">*<\/span>\r\n    <\/label>\r\n    <input  type=\"text\" id=\"field_ocfup16e26b2ead1\" name=\"item_meta[7]\" value=\"\"  placeholder=\"Nom\" data-reqmsg=\"Champ obligatoire\" aria-required=\"true\" data-invmsg=\"Derni\u00e8re entr\u00e9e invalide \" aria-invalid=\"false\"   \/>\r\n    \r\n    \r\n<\/div>\n<div id=\"frm_field_8_container\" class=\"frm_form_field form-field  frm_required_field frm_top_container frm_half\">\r\n    <label for=\"field_29yf4dbf039e1584\" id=\"field_29yf4dbf039e1584_label\" class=\"frm_primary_label\">Courriel\r\n        <span class=\"frm_required\">*<\/span>\r\n    <\/label>\r\n    <input type=\"email\" id=\"field_29yf4dbf039e1584\" name=\"item_meta[8]\" value=\"\"  placeholder=\"Courriel\" data-reqmsg=\"Champ obligatoire \" aria-required=\"true\" data-invmsg=\"Veuillez indiquer une adresse de courriel valide \" aria-invalid=\"false\"  \/>\r\n    \r\n    \r\n<\/div>\n<div id=\"frm_field_9_container\" class=\"frm_form_field form-field  frm_top_container frm_half\">\r\n    <label for=\"field_e6lis61b54322c9e\" id=\"field_e6lis61b54322c9e_label\" class=\"frm_primary_label\">T\u00e9l\u00e9phone \r\n        <span class=\"frm_required\"><\/span>\r\n    <\/label>\r\n    <input  type=\"text\" id=\"field_e6lis61b54322c9e\" name=\"item_meta[9]\" value=\"\"  placeholder=\"T\u00e9l\u00e9phone \" data-invmsg=\"Objet non valide\" aria-invalid=\"false\"   \/>\r\n    \r\n    \r\n<\/div>\n<div id=\"frm_field_10_container\" class=\"frm_form_field form-field  frm_top_container frm_half\">\r\n    <label for=\"field_sz7db\" id=\"field_sz7db_label\" class=\"frm_primary_label\">Ville\r\n        <span class=\"frm_required\"><\/span>\r\n    <\/label>\r\n    \t\t<select name=\"item_meta[10]\" id=\"field_sz7db\"  data-invmsg=\"Ville est non valide\" aria-invalid=\"false\"  >\n\t\t<option  value=\"\" selected='selected'>Ville <\/option><option  value=\"\u0391\u03b8\u03ae\u03bd\u03b1\">Ath\u00e8nes <\/option><option  value=\"\u039b\u03ac\u03c1\u03b9\u03c3\u03b1\">Larissa <\/option><option  value=\"\u03a0\u03ac\u03c4\u03c1\u03b1\">Patras <\/option>\t<\/select>\n\t\r\n    \r\n    \r\n<\/div>\n<div id=\"frm_field_11_container\" class=\"frm_form_field form-field  frm_required_field frm_top_container frm_half\">\r\n    <label for=\"field_79dzq\" id=\"field_79dzq_label\" class=\"frm_primary_label\">Sujet\r\n        <span class=\"frm_required\">*<\/span>\r\n    <\/label>\r\n    \t\t<select name=\"item_meta[11]\" id=\"field_79dzq\"  data-reqmsg=\"Champ obligatoire \" aria-required=\"true\" data-invmsg=\"Sujet est non valide\" aria-invalid=\"false\"  >\n\t\t<option  value=\"\" selected='selected'>Choisissez une th\u00e9matique <\/option><option  value=\"\u039c\u03b1\u03b8\u03ae\u03bc\u03b1\u03c4\u03b1\">Cours<\/option><option  value=\"\u0395\u03be\u03b5\u03c4\u03ac\u03c3\u03b5\u03b9\u03c2\">Examens<\/option><option  value=\"\u0392\u03b5\u03b2\u03b1\u03b9\u03ce\u03c3\u03b5\u03b9\u03c2 \/ \u039c\u03b5\u03c4\u03b1\u03c6\u03c1\u03ac\u03c3\u03b5\u03b9\u03c2 \u03b4\u03b9\u03c0\u03bb\u03c9\u03bc\u03ac\u03c4\u03c9\u03bd\">Attestations\/Traductions de dipl\u00f4mes <\/option><option  value=\"\u03a0\u03bb\u03b7\u03c1\u03bf\u03c6\u03bf\u03c1\u03af\u03b5\u03c2 \u03b3\u03b9\u03b1 \u03c3\u03c0\u03bf\u03c5\u03b4\u03ad\u03c2 \u03c3\u03c4\u03b7 \u0393\u03b1\u03bb\u03bb\u03af\u03b1\">Informations sur les \u00e9tudes en France <\/option><option  value=\"\u03a5\u03c0\u03bf\u03c4\u03c1\u03bf\u03c6\u03af\u03b5\u03c2 \u03b3\u03b9\u03b1 \u03c3\u03c0\u03bf\u03c5\u03b4\u03ad\u03c2 \u03c3\u03c4\u03b7 \u0393\u03b1\u03bb\u03bb\u03af\u03b1\">Bourses pour les \u00e9tudes en France<\/option><option  value=\"\u0392\u03b9\u03b2\u03bb\u03b9\u03bf\u03b8\u03ae\u03ba\u03b7 Octave Merlier\">M\u00e9diath\u00e8que Octave Merlier <\/option><option  value=\"\u0395\u03c0\u03b9\u03bc\u03cc\u03c1\u03c6\u03c9\u03c3\u03b7 \u03ba\u03b1\u03b8\u03b7\u03b3\u03b7\u03c4\u03ce\u03bd \u03b3\u03b1\u03bb\u03bb\u03b9\u03ba\u03ae\u03c2\">Formation des professeurs de fran\u00e7ais <\/option><option  value=\"\u039a\u03b9\u03bd\u03b7\u03bc\u03b1\u03c4\u03bf\u03b3\u03c1\u03b1\u03c6\u03b9\u03ba\u03ad\u03c2 \u03c0\u03c1\u03bf\u03b2\u03bf\u03bb\u03ad\u03c2\">Projections de films<\/option><option  value=\"\u0395\u03bd\u03bf\u03b9\u03ba\u03af\u03b1\u03c3\u03b7 \u03c7\u03ce\u03c1\u03c9\u03bd\">Location d&#039;espaces<\/option><option  value=\"\u0393\u03c1\u03b1\u03c6\u03b5\u03af\u03bf \u03c4\u03cd\u03c0\u03bf\u03c5\">Bureau de presse<\/option><option  value=\"\u0398\u03ad\u03bb\u03c9 \u03bd\u03b1 \u03b3\u03af\u03bd\u03c9 \u03c3\u03c5\u03bd\u03b5\u03c1\u03b3\u03ac\u03c4\u03b7\u03c2 \/ \u03c5\u03c0\u03bf\u03c3\u03c4\u03b7\u03c1\u03b9\u03ba\u03c4\u03ae\u03c2 \u03c4\u03bf\u03c5 IFG\">Je veux devenir partenaire\/sponsor de l&#039;IFG<\/option><option  value=\"\u03a0\u03c1\u03b1\u03ba\u03c4\u03b9\u03ba\u03ae \u03ac\u03c3\u03ba\u03b7\u03c3\u03b7 \u03c3\u03c4\u03bf \u0393\u03b1\u03bb\u03bb\u03b9\u03ba\u03cc \u0399\u03bd\u03c3\u03c4\u03b9\u03c4\u03bf\u03cd\u03c4\u03bf\">Stage \u00e0 l&#039;IFG<\/option><option  value=\"\u0398\u03ad\u03bb\u03c9 \u03bd\u03b1 \u03b3\u03af\u03bd\u03c9 \u03bc\u03ad\u03bb\u03bf\u03c2 \u03c4\u03b7\u03c2 \u03ba\u03ac\u03c1\u03c4\u03b1\u03c2 Club IFG\">Je veux devenir membre de la carte Club IFG<\/option><option  value=\"\u03a3\u03c5\u03bd\u03b5\u03c1\u03b3\u03b1\u03c3\u03af\u03b1\">Coop\u00e9ration <\/option><option  value=\"\u0386\u03bb\u03bb\u03bf\">Autre <\/option>\t<\/select>\n\t\r\n    \r\n    \r\n<\/div>\n<div id=\"frm_field_12_container\" class=\"frm_form_field form-field  frm_required_field frm_top_container frm_full\">\r\n    <label for=\"field_9jv0r1435694924c\" id=\"field_9jv0r1435694924c_label\" class=\"frm_primary_label\">Message\r\n        <span class=\"frm_required\">*<\/span>\r\n    <\/label>\r\n    <textarea name=\"item_meta[12]\" id=\"field_9jv0r1435694924c\" rows=\"10\"  placeholder=\"Message\" data-reqmsg=\"Champ obligatoire\" aria-required=\"true\" data-invmsg=\"Message est non valide\" aria-invalid=\"false\"  ><\/textarea>\r\n    \r\n    \r\n<\/div>\n<div id=\"frm_field_13_container\" class=\"frm_form_field form-field  frm_required_field frm_top_container frm_third vertical_radio\">\r\n    <div  id=\"field_3xpvl_label\" class=\"frm_primary_label\">\r\n        <span class=\"frm_required\">*<\/span>\r\n    <\/div>\r\n    <div class=\"frm_opt_container\" aria-labelledby=\"field_3xpvl_label\" role=\"group\">\t\t<div class=\"frm_checkbox\" id=\"frm_checkbox_13-0\">\t\t\t<label  for=\"field_3xpvl-0\">\n\t\t\t<input type=\"checkbox\" name=\"item_meta[13][]\" id=\"field_3xpvl-0\" value=\"\u03a3\u03c5\u03bc\u03c6\u03c9\u03bd\u03ce \u03bc\u03b5 \u03c4\u03bf\u03c5\u03c2 \u03cc\u03c1\u03bf\u03c5\u03c2 \u03c7\u03c1\u03ae\u03c3\u03b7\u03c2\"  data-reqmsg=\"Champ obligatoire\" data-invmsg=\"Ce champ est non valide\"   aria-required=\"true\"  \/> J'accepte les conditions d'utilisation<\/label><\/div>\n<\/div>\r\n    \r\n    \r\n<\/div>\n<div id=\"frm_field_14_container\" class=\"frm_form_field form-field  frm_top_container frm_third vertical_radio\">\r\n    <div  id=\"field_ldwfw_label\" class=\"frm_primary_label\">\r\n        <span class=\"frm_required\"><\/span>\r\n    <\/div>\r\n    <div class=\"frm_opt_container\" aria-labelledby=\"field_ldwfw_label\" role=\"group\">\t\t<div class=\"frm_checkbox\" id=\"frm_checkbox_14-1\">\t\t\t<label  for=\"field_ldwfw-1\">\n\t\t\t<input type=\"checkbox\" name=\"item_meta[14][]\" id=\"field_ldwfw-1\" value=\"\u0398\u03ad\u03bb\u03c9 \u03bd\u03b1 \u03bb\u03b1\u03bc\u03b2\u03ac\u03bd\u03c9 \u03b5\u03bd\u03b7\u03bc\u03b5\u03c1\u03ce\u03c3\u03b5\u03b9\u03c2 \u03b3\u03b9\u03b1 \u03c4\u03b9\u03c2 \u03b5\u03ba\u03b4\u03b7\u03bb\u03ce\u03c3\u03b5\u03b9\u03c2 \u03c4\u03bf\u03c5 IFG\"  data-invmsg=\"Ce champ est non valide\"   \/> Je souhaite recevoir l'actualit\u00e9 \u00e9v\u00e8nementielle de l'IFG <\/label><\/div>\n<\/div>\r\n    \r\n    \r\n<\/div>\n<div id=\"frm_field_124_container\" class=\"frm_form_field form-field  frm_none_container\">\r\n    <label for=\"g-recaptcha-response\" id=\"field_nc8nw_label\" class=\"frm_primary_label\">\r\n        <span class=\"frm_required\"><\/span>\r\n    <\/label>\r\n    <div  id=\"field_nc8nw\" class=\"frm-g-recaptcha\" data-sitekey=\"6Ld5bdUZAAAAALK_9SHLg3kXInk3_5yGYsdusRFg\" data-size=\"normal\" data-theme=\"light\"><\/div>\r\n    \r\n    \r\n<\/div>\n<div id=\"frm_field_1253_container\" class=\"frm_form_field form-field \">\n\t<div class=\"frm_submit\">\r\n\r\n<button class=\"frm_button_submit frm_final_submit\" type=\"submit\"   formnovalidate=\"formnovalidate\">Soumettre<\/button>\r\n\r\n<\/div>\n<\/div>\n\t<input type=\"hidden\" name=\"item_key\" value=\"\" \/>\n\t\t\t<div id=\"frm_field_1373_container\">\n\t\t\t<label for=\"field_xz5s6\" >\n\t\t\t\tSi vous \u00eates un humain, ne remplissez pas ce champ.\t\t\t<\/label>\n\t\t\t<input  id=\"field_xz5s6\" type=\"text\" class=\"frm_form_field form-field frm_verify\" name=\"item_meta[1373]\" value=\"\"  \/>\n\t\t<\/div>\n\t\t<input name=\"frm_state\" type=\"hidden\" value=\"qR8+Rhm4Cvwi3VrpUSZV0VrsT24KzA51sdi9Mbf1xzqQVQd5jq9bXE9\/uot4rcPo\" \/><\/div>\n<\/fieldset>\n<\/div>\n\n<\/form>\n<\/div>\n\n","protected":false},"excerpt":{"rendered":"","protected":false},"author":1,"featured_media":0,"parent":0,"menu_order":16,"comment_status":"closed","ping_status":"closed","template":"page-contact.php","meta":{"_acf_changed":false,"_searchwp_excluded":"","footnotes":""},"class_list":["post-10113","page","type-page","status-publish","hentry"],"acf":{"background_color":"","branches":[{"title":"ATH\u00c8NES ","address":"31, rue Sina, 106 80 Ath\u00e8nes","phone":"(30) 210 339 8600","email":"contact@ifg.gr","hours":"LU-VE, 09h00 - 20h00"},{"title":"PATRAS","address":"54, rue Philopim\u00e9nos, 26 221 Patras","phone":"(30) 2610 273 903 ","email":"secretariat.patras@ifg.gr","hours":"LU-VE, 09h00 - 20h00"},{"title":"LARISSA","address":"28, rue Kouma, 41 223 Larissa","phone":"(30) 2410 287508","email":"larissa@ifg.gr","hours":"LU-VE, 09h00 - 20h00"}],"hero_has_side_paragraph":false,"show_sidebar":false,"layout":false},"yoast_head":"<!-- This site is optimized with the Yoast SEO plugin v26.8 - https:\/\/yoast.com\/product\/yoast-seo-wordpress\/ -->\n<title>Contactez-nous - IFG<\/title>\n<meta name=\"robots\" content=\"index, follow, max-snippet:-1, max-image-preview:large, max-video-preview:-1\" \/>\n<link rel=\"canonical\" href=\"https:\/\/www.ifg.gr\/fr\/contactez-nous\/\" \/>\n<meta property=\"og:locale\" content=\"fr_FR\" \/>\n<meta property=\"og:type\" content=\"article\" \/>\n<meta property=\"og:title\" content=\"Contactez-nous - IFG\" \/>\n<meta property=\"og:url\" content=\"https:\/\/www.ifg.gr\/fr\/contactez-nous\/\" \/>\n<meta property=\"og:site_name\" content=\"IFG\" \/>\n<meta property=\"article:modified_time\" content=\"2022-02-28T13:22:12+00:00\" \/>\n<meta name=\"twitter:card\" content=\"summary_large_image\" \/>\n<script type=\"application\/ld+json\" class=\"yoast-schema-graph\">{\"@context\":\"https:\/\/schema.org\",\"@graph\":[{\"@type\":\"WebPage\",\"@id\":\"https:\/\/www.ifg.gr\/fr\/contactez-nous\/\",\"url\":\"https:\/\/www.ifg.gr\/fr\/contactez-nous\/\",\"name\":\"Contactez-nous - IFG\",\"isPartOf\":{\"@id\":\"https:\/\/www.ifg.gr\/#website\"},\"datePublished\":\"2020-09-14T09:54:28+00:00\",\"dateModified\":\"2022-02-28T13:22:12+00:00\",\"breadcrumb\":{\"@id\":\"https:\/\/www.ifg.gr\/fr\/contactez-nous\/#breadcrumb\"},\"inLanguage\":\"fr-FR\",\"potentialAction\":[{\"@type\":\"ReadAction\",\"target\":[\"https:\/\/www.ifg.gr\/fr\/contactez-nous\/\"]}]},{\"@type\":\"BreadcrumbList\",\"@id\":\"https:\/\/www.ifg.gr\/fr\/contactez-nous\/#breadcrumb\",\"itemListElement\":[{\"@type\":\"ListItem\",\"position\":1,\"name\":\"Home\",\"item\":\"https:\/\/www.ifg.gr\/fr\/\"},{\"@type\":\"ListItem\",\"position\":2,\"name\":\"Contactez-nous\"}]},{\"@type\":\"WebSite\",\"@id\":\"https:\/\/www.ifg.gr\/#website\",\"url\":\"https:\/\/www.ifg.gr\/\",\"name\":\"IFG\",\"description\":\"\",\"potentialAction\":[{\"@type\":\"SearchAction\",\"target\":{\"@type\":\"EntryPoint\",\"urlTemplate\":\"https:\/\/www.ifg.gr\/?s={search_term_string}\"},\"query-input\":{\"@type\":\"PropertyValueSpecification\",\"valueRequired\":true,\"valueName\":\"search_term_string\"}}],\"inLanguage\":\"fr-FR\"}]}<\/script>\n<!-- \/ Yoast SEO plugin. -->","yoast_head_json":{"title":"Contactez-nous - IFG","robots":{"index":"index","follow":"follow","max-snippet":"max-snippet:-1","max-image-preview":"max-image-preview:large","max-video-preview":"max-video-preview:-1"},"canonical":"https:\/\/www.ifg.gr\/fr\/contactez-nous\/","og_locale":"fr_FR","og_type":"article","og_title":"Contactez-nous - IFG","og_url":"https:\/\/www.ifg.gr\/fr\/contactez-nous\/","og_site_name":"IFG","article_modified_time":"2022-02-28T13:22:12+00:00","twitter_card":"summary_large_image","schema":{"@context":"https:\/\/schema.org","@graph":[{"@type":"WebPage","@id":"https:\/\/www.ifg.gr\/fr\/contactez-nous\/","url":"https:\/\/www.ifg.gr\/fr\/contactez-nous\/","name":"Contactez-nous - IFG","isPartOf":{"@id":"https:\/\/www.ifg.gr\/#website"},"datePublished":"2020-09-14T09:54:28+00:00","dateModified":"2022-02-28T13:22:12+00:00","breadcrumb":{"@id":"https:\/\/www.ifg.gr\/fr\/contactez-nous\/#breadcrumb"},"inLanguage":"fr-FR","potentialAction":[{"@type":"ReadAction","target":["https:\/\/www.ifg.gr\/fr\/contactez-nous\/"]}]},{"@type":"BreadcrumbList","@id":"https:\/\/www.ifg.gr\/fr\/contactez-nous\/#breadcrumb","itemListElement":[{"@type":"ListItem","position":1,"name":"Home","item":"https:\/\/www.ifg.gr\/fr\/"},{"@type":"ListItem","position":2,"name":"Contactez-nous"}]},{"@type":"WebSite","@id":"https:\/\/www.ifg.gr\/#website","url":"https:\/\/www.ifg.gr\/","name":"IFG","description":"","potentialAction":[{"@type":"SearchAction","target":{"@type":"EntryPoint","urlTemplate":"https:\/\/www.ifg.gr\/?s={search_term_string}"},"query-input":{"@type":"PropertyValueSpecification","valueRequired":true,"valueName":"search_term_string"}}],"inLanguage":"fr-FR"}]}},"_links":{"self":[{"href":"https:\/\/www.ifg.gr\/fr\/wp-json\/wp\/v2\/pages\/10113","targetHints":{"allow":["GET"]}}],"collection":[{"href":"https:\/\/www.ifg.gr\/fr\/wp-json\/wp\/v2\/pages"}],"about":[{"href":"https:\/\/www.ifg.gr\/fr\/wp-json\/wp\/v2\/types\/page"}],"author":[{"embeddable":true,"href":"https:\/\/www.ifg.gr\/fr\/wp-json\/wp\/v2\/users\/1"}],"replies":[{"embeddable":true,"href":"https:\/\/www.ifg.gr\/fr\/wp-json\/wp\/v2\/comments?post=10113"}],"version-history":[{"count":0,"href":"https:\/\/www.ifg.gr\/fr\/wp-json\/wp\/v2\/pages\/10113\/revisions"}],"wp:attachment":[{"href":"https:\/\/www.ifg.gr\/fr\/wp-json\/wp\/v2\/media?parent=10113"}],"curies":[{"name":"wp","href":"https:\/\/api.w.org\/{rel}","templated":true}]}}