{"id":27454,"date":"2020-09-29T07:37:59","date_gmt":"2020-09-29T07:37:59","guid":{"rendered":"https:\/\/www.ifg.gr\/live-streaming\/"},"modified":"2021-11-15T08:18:10","modified_gmt":"2021-11-15T08:18:10","slug":"diffusion-en-direct","status":"publish","type":"page","link":"https:\/\/www.ifg.gr\/fr\/diffusion-en-direct\/","title":{"rendered":"Diffusion en direct"},"content":{"rendered":"<p>Dans leur majorit\u00e9, les \u00e9v\u00e9nements de l\u2019IFG sont propos\u00e9s sous forme hybride, tant en pr\u00e9sentiel pour le public \u00e0 l\u2019Auditorium Theo Angelopoulos, qu\u2019en ligne \u00e0 travers notre site web et nos r\u00e9seaux sociaux.<\/p>\n<p>Restez connect\u00e9(e)s pour ne rater aucune de nos futures retransmissions en direct !<\/p>\n<p>D\u00e9couvrez tous nos \u00e9v\u00e9nements en visitant le calendrier qui figure sur notre site.<\/p>\n","protected":false},"excerpt":{"rendered":"<p>Dans leur majorit\u00e9, les \u00e9v\u00e9nements de l\u2019IFG sont propos\u00e9s sous forme hybride, tant en pr\u00e9sentiel pour le public \u00e0 l\u2019Auditorium Theo Angelopoulos, qu\u2019en ligne \u00e0 travers notre site web et nos r\u00e9seaux sociaux. Restez connect\u00e9(e)s pour ne rater aucune de nos futures retransmissions en direct ! D\u00e9couvrez tous nos \u00e9v\u00e9nements en visitant le calendrier qui [&hellip;]<\/p>\n","protected":false},"author":1,"featured_media":0,"parent":0,"menu_order":32,"comment_status":"closed","ping_status":"closed","template":"page-streaming.php","meta":{"_acf_changed":false,"_searchwp_excluded":"","footnotes":""},"class_list":["post-27454","page","type-page","status-publish","hentry"],"acf":{"background_color":"","hero_has_side_paragraph":false,"show_sidebar":false,"layout":false},"yoast_head":"<!-- This site is optimized with the Yoast SEO plugin v26.8 - https:\/\/yoast.com\/product\/yoast-seo-wordpress\/ -->\n<title>Diffusion en direct - IFG<\/title>\n<meta name=\"robots\" content=\"index, follow, max-snippet:-1, max-image-preview:large, max-video-preview:-1\" \/>\n<link rel=\"canonical\" href=\"https:\/\/www.ifg.gr\/fr\/diffusion-en-direct\/\" \/>\n<meta property=\"og:locale\" content=\"fr_FR\" \/>\n<meta property=\"og:type\" content=\"article\" \/>\n<meta property=\"og:title\" content=\"Diffusion en direct - IFG\" \/>\n<meta property=\"og:description\" content=\"Dans leur majorit\u00e9, les \u00e9v\u00e9nements de l\u2019IFG sont propos\u00e9s sous forme hybride, tant en pr\u00e9sentiel pour le public \u00e0 l\u2019Auditorium Theo Angelopoulos, qu\u2019en ligne \u00e0 travers notre site web et nos r\u00e9seaux sociaux. Restez connect\u00e9(e)s pour ne rater aucune de nos futures retransmissions en direct ! D\u00e9couvrez tous nos \u00e9v\u00e9nements en visitant le calendrier qui [&hellip;]\" \/>\n<meta property=\"og:url\" content=\"https:\/\/www.ifg.gr\/fr\/diffusion-en-direct\/\" \/>\n<meta property=\"og:site_name\" content=\"IFG\" \/>\n<meta property=\"article:modified_time\" content=\"2021-11-15T08:18:10+00:00\" \/>\n<meta name=\"twitter:card\" content=\"summary_large_image\" \/>\n<meta name=\"twitter:label1\" content=\"Dur\u00e9e de lecture estim\u00e9e\" \/>\n\t<meta name=\"twitter:data1\" content=\"1 minute\" \/>\n<script type=\"application\/ld+json\" class=\"yoast-schema-graph\">{\"@context\":\"https:\/\/schema.org\",\"@graph\":[{\"@type\":\"WebPage\",\"@id\":\"https:\/\/www.ifg.gr\/fr\/diffusion-en-direct\/\",\"url\":\"https:\/\/www.ifg.gr\/fr\/diffusion-en-direct\/\",\"name\":\"Diffusion en direct - IFG\",\"isPartOf\":{\"@id\":\"https:\/\/www.ifg.gr\/#website\"},\"datePublished\":\"2020-09-29T07:37:59+00:00\",\"dateModified\":\"2021-11-15T08:18:10+00:00\",\"breadcrumb\":{\"@id\":\"https:\/\/www.ifg.gr\/fr\/diffusion-en-direct\/#breadcrumb\"},\"inLanguage\":\"fr-FR\",\"potentialAction\":[{\"@type\":\"ReadAction\",\"target\":[\"https:\/\/www.ifg.gr\/fr\/diffusion-en-direct\/\"]}]},{\"@type\":\"BreadcrumbList\",\"@id\":\"https:\/\/www.ifg.gr\/fr\/diffusion-en-direct\/#breadcrumb\",\"itemListElement\":[{\"@type\":\"ListItem\",\"position\":1,\"name\":\"Home\",\"item\":\"https:\/\/www.ifg.gr\/fr\/\"},{\"@type\":\"ListItem\",\"position\":2,\"name\":\"Diffusion en direct\"}]},{\"@type\":\"WebSite\",\"@id\":\"https:\/\/www.ifg.gr\/#website\",\"url\":\"https:\/\/www.ifg.gr\/\",\"name\":\"IFG\",\"description\":\"\",\"potentialAction\":[{\"@type\":\"SearchAction\",\"target\":{\"@type\":\"EntryPoint\",\"urlTemplate\":\"https:\/\/www.ifg.gr\/?s={search_term_string}\"},\"query-input\":{\"@type\":\"PropertyValueSpecification\",\"valueRequired\":true,\"valueName\":\"search_term_string\"}}],\"inLanguage\":\"fr-FR\"}]}<\/script>\n<!-- \/ Yoast SEO plugin. -->","yoast_head_json":{"title":"Diffusion en direct - IFG","robots":{"index":"index","follow":"follow","max-snippet":"max-snippet:-1","max-image-preview":"max-image-preview:large","max-video-preview":"max-video-preview:-1"},"canonical":"https:\/\/www.ifg.gr\/fr\/diffusion-en-direct\/","og_locale":"fr_FR","og_type":"article","og_title":"Diffusion en direct - IFG","og_description":"Dans leur majorit\u00e9, les \u00e9v\u00e9nements de l\u2019IFG sont propos\u00e9s sous forme hybride, tant en pr\u00e9sentiel pour le public \u00e0 l\u2019Auditorium Theo Angelopoulos, qu\u2019en ligne \u00e0 travers notre site web et nos r\u00e9seaux sociaux. Restez connect\u00e9(e)s pour ne rater aucune de nos futures retransmissions en direct ! D\u00e9couvrez tous nos \u00e9v\u00e9nements en visitant le calendrier qui [&hellip;]","og_url":"https:\/\/www.ifg.gr\/fr\/diffusion-en-direct\/","og_site_name":"IFG","article_modified_time":"2021-11-15T08:18:10+00:00","twitter_card":"summary_large_image","twitter_misc":{"Dur\u00e9e de lecture estim\u00e9e":"1 minute"},"schema":{"@context":"https:\/\/schema.org","@graph":[{"@type":"WebPage","@id":"https:\/\/www.ifg.gr\/fr\/diffusion-en-direct\/","url":"https:\/\/www.ifg.gr\/fr\/diffusion-en-direct\/","name":"Diffusion en direct - IFG","isPartOf":{"@id":"https:\/\/www.ifg.gr\/#website"},"datePublished":"2020-09-29T07:37:59+00:00","dateModified":"2021-11-15T08:18:10+00:00","breadcrumb":{"@id":"https:\/\/www.ifg.gr\/fr\/diffusion-en-direct\/#breadcrumb"},"inLanguage":"fr-FR","potentialAction":[{"@type":"ReadAction","target":["https:\/\/www.ifg.gr\/fr\/diffusion-en-direct\/"]}]},{"@type":"BreadcrumbList","@id":"https:\/\/www.ifg.gr\/fr\/diffusion-en-direct\/#breadcrumb","itemListElement":[{"@type":"ListItem","position":1,"name":"Home","item":"https:\/\/www.ifg.gr\/fr\/"},{"@type":"ListItem","position":2,"name":"Diffusion en direct"}]},{"@type":"WebSite","@id":"https:\/\/www.ifg.gr\/#website","url":"https:\/\/www.ifg.gr\/","name":"IFG","description":"","potentialAction":[{"@type":"SearchAction","target":{"@type":"EntryPoint","urlTemplate":"https:\/\/www.ifg.gr\/?s={search_term_string}"},"query-input":{"@type":"PropertyValueSpecification","valueRequired":true,"valueName":"search_term_string"}}],"inLanguage":"fr-FR"}]}},"_links":{"self":[{"href":"https:\/\/www.ifg.gr\/fr\/wp-json\/wp\/v2\/pages\/27454","targetHints":{"allow":["GET"]}}],"collection":[{"href":"https:\/\/www.ifg.gr\/fr\/wp-json\/wp\/v2\/pages"}],"about":[{"href":"https:\/\/www.ifg.gr\/fr\/wp-json\/wp\/v2\/types\/page"}],"author":[{"embeddable":true,"href":"https:\/\/www.ifg.gr\/fr\/wp-json\/wp\/v2\/users\/1"}],"replies":[{"embeddable":true,"href":"https:\/\/www.ifg.gr\/fr\/wp-json\/wp\/v2\/comments?post=27454"}],"version-history":[{"count":0,"href":"https:\/\/www.ifg.gr\/fr\/wp-json\/wp\/v2\/pages\/27454\/revisions"}],"wp:attachment":[{"href":"https:\/\/www.ifg.gr\/fr\/wp-json\/wp\/v2\/media?parent=27454"}],"curies":[{"name":"wp","href":"https:\/\/api.w.org\/{rel}","templated":true}]}}