{"id":35110,"date":"2020-06-09T13:36:30","date_gmt":"2020-06-09T13:36:30","guid":{"rendered":"https:\/\/www.ifg.gr\/pourquoi-apprendre-le-francais-a-lifg\/eksatomikevmena-mathimata\/"},"modified":"2025-07-16T15:06:50","modified_gmt":"2025-07-16T12:06:50","slug":"cours-particuliers-entreprise","status":"publish","type":"page","link":"https:\/\/www.ifg.gr\/fr\/pourquoi-apprendre-le-francais-a-lifg\/cours-particuliers-entreprise\/","title":{"rendered":"Cours particuliers | En entreprise"},"content":{"rendered":"","protected":false},"excerpt":{"rendered":"","protected":false},"author":1,"featured_media":0,"parent":9046,"menu_order":79,"comment_status":"closed","ping_status":"closed","template":"","meta":{"_acf_changed":false,"_searchwp_excluded":"","footnotes":""},"class_list":["post-35110","page","type-page","status-publish","hentry"],"acf":{"background_color":"","show_sidebar":false,"hero_has_side_paragraph":false,"layout":[{"acf_fc_layout":"accordion","public":true,"title":"Cours particuliers","side_image_right":false,"rolling_message":"","main":[{"acf_fc_layout":"table","table_title":"","table_description":"Des cours particuliers adapt\u00e9s \u00e0 vos besoins ! Vous ne pouvez pas suivre les cours collectifs ? Vous souhaitez progresser \u00e0 votre rythme ou renforcer certains aspects de la langue ? Nos cours particuliers sont une solution efficace et cibl\u00e9e.\r\n\r\n\ud83d\udc49 Un programme personnalis\u00e9\r\nEn fonction de votre niveau et de vos objectifs, nous vous proposons un parcours adapt\u00e9 :\r\n- fran\u00e7ais g\u00e9n\u00e9ral ou grec moderne,\r\n- fran\u00e7ais professionnel,\r\n- pr\u00e9paration \u00e0 un examen,\r\n- mise en situation professionnelle, etc.\r\n\r\n\ud83d\udc49 Un cadre structur\u00e9 et flexible\r\nLes cours se d\u00e9roulent en pr\u00e9sentiel \u00e0 l\u2019Institut ou en ligne (visioconf\u00e9rence), selon vos possibilit\u00e9s.\r\nVous choisissez une fr\u00e9quence fixe (ex. 1 ou 2 fois par semaine), et nous d\u00e9finissons ensemble les jours et horaires disponibles.\r\n\r\n\ud83d\udc49 Un suivi r\u00e9gulier et personnalis\u00e9\r\nUn professeur vous est attribu\u00e9 en fonction de vos besoins et de vos disponibilit\u00e9s, pour vous accompagner de mani\u00e8re suivie et coh\u00e9rente.\r\n\r\n\ud83d\udc49 Envie de suivre les cours \u00e0 deux ou \u00e0 trois ?\r\nC\u2019est tout \u00e0 fait possible ! Il suffit que vous ayez le m\u00eame niveau et les m\u00eames disponibilit\u00e9s.\r\n\u26a0\ufe0f L\u2019Institut ne cr\u00e9e pas de bin\u00f4mes : pensez \u00e0 venir avec votre partenaire d\u2019apprentissage !\r\n\r\n\ud83d\udd52  Dur\u00e9e du cours : 1h30 ou 2h (selon le format choisi)\r\n\ud83d\udcc5  D\u00e9but des cours : possible tout au long de l\u2019ann\u00e9e","table":{"use_header":true,"header":[{"c":"FORMULE"},{"c":"NBRE \u00c9TUDIANTS"},{"c":"TARIF"},{"c":"DUR\u00c9E DE LA LE\u00c7ON"},{"c":"D\u00c9BUT"},{"c":"FIN"}],"caption":false,"body":[[{"c":"5h"},{"c":"Individuel"},{"c":"300\u20ac"},{"c":"au choix \/ 1h30, 2h etc."},{"c":"au choix"},{"c":"au choix"}],[{"c":"5h"},{"c":"Duo"},{"c":"175\u20ac par personne"},{"c":"au choix \/ 1h30, 2h etc."},{"c":"au choix"},{"c":"au choix"}],[{"c":"5h"},{"c":"Trio"},{"c":"120\u20ac par personne"},{"c":"au choix \/ 1h30, 2h etc."},{"c":"au choix"},{"c":"au choix"}],[{"c":"10h"},{"c":"Individuel"},{"c":"450\u20ac"},{"c":"au choix \/ 1h30, 2h etc."},{"c":"au choix"},{"c":"au choix"}],[{"c":"10h"},{"c":"Duo"},{"c":"250\u20ac par personne"},{"c":"au choix \/ 1h30, 2h etc."},{"c":"au choix"},{"c":"au choix"}],[{"c":"10h"},{"c":"Trio"},{"c":"170\u20ac par personne"},{"c":"au choix \/ 1h30, 2h etc."},{"c":"au choix"},{"c":"au choix"}],[{"c":"30h"},{"c":"Individuel"},{"c":"1250\u20ac"},{"c":"au choix \/ 1h30, 2h etc."},{"c":"au choix"},{"c":"au choix"}],[{"c":"30h"},{"c":"Duo"},{"c":"750\u20ac par personne"},{"c":"au choix \/ 1h30, 2h etc."},{"c":"au choix"},{"c":"au choix"}],[{"c":"30h"},{"c":"Trio"},{"c":"500\u20ac par personne"},{"c":"au choix \/ 1h30, 2h etc."},{"c":"au choix"},{"c":"au choix"}]]},"small_text_below_table":"<p>Pour plus d'informations, contactez-nous :<br \/>\nIoanna KONSTANTI<br \/>\nikonstanti@ifg.gr<br \/>\n210 33 98 693<\/p>\n"}],"sidebar":false,"side_information":{"title":"","sections":false}},{"acf_fc_layout":"accordion","public":true,"title":"Cours de fran\u00e7ais en entreprise","side_image_right":false,"rolling_message":"","main":[{"acf_fc_layout":"textarea","text":"<p>Si votre entreprise est une filiale d\u2019une soci\u00e9t\u00e9 fran\u00e7aise\/ francophone, est en relation d\u2019affaires avec des entreprises fran\u00e7aises ou s\u2019adresse \u00e0 une client\u00e8le francophone, alors, notre programme est con\u00e7u pour vous !<\/p>\n<p>L\u2019Institut fran\u00e7ais de Gr\u00e8ce con\u00e7oit et conduit, pour votre personnel ou votre \u00e9quipe dirigeante un enseignement du fran\u00e7ais sp\u00e9cifique \u00e0 votre domaine professionnel, qui s\u2019appuie sur les fondamentaux suivants : <strong>objectifs clairs et d\u00e9finis avec vous, flexibilit\u00e9 du programme et savoir-faire p\u00e9dagogique fran\u00e7ais.<\/strong><\/p>\n<p>L\u2019IFG est en mesure de vous offrir un <strong>service personnalis\u00e9.<\/strong> Il consiste en une approche sp\u00e9cialement adapt\u00e9e aux entreprises, m\u00fbrie par une longue exp\u00e9rience<br \/>\ndans l\u2019enseignement du fran\u00e7ais langue \u00e9trang\u00e8re.<\/p>\n<p><strong>Ce que nous offrons :<\/strong><br \/>\n\u2022 Audit linguistique pr\u00e9alable pour \u00e9valuer vos besoins langagiers.<br \/>\n\u2022 Conception d\u2019un programme personnalis\u00e9 d\u2019enseignement du fran\u00e7ais:<br \/>\nfran\u00e7ais g\u00e9n\u00e9ral, fran\u00e7ais des affaires, fran\u00e7ais technique, fran\u00e7ais de l\u2019h\u00f4tellerie et du tourisme etc. Corps de m\u00e9tiers cibl\u00e9s : assistance t\u00e9l\u00e9phonique, service client\u00e8le, r\u00e9ceptionnistes, guides, cadres d\u2019entreprise, repr\u00e9sentants de commerce, diplomates etc.<br \/>\n\u2022 Des professeurs de fran\u00e7ais experts qui viennent enseigner dans vos locaux (ou \u00e0 l\u2019Institut, selon vos pr\u00e9f\u00e9rences).<br \/>\n\u2022 Rapports r\u00e9guliers et personnalisables : comptes rendus p\u00e9dagogiques personnels, suivi des pr\u00e9sences, recommandations et bilans de parcours.<br \/>\n\u2022 Mise \u00e0 disposition des \u00e9tudiants d\u2019un espace num\u00e9rique de travail d\u00e9di\u00e9 \u00e0 la classe pour communiquer avec le professeur et approfondir les cours.<br \/>\n\u2022 Conditions d\u2019enseignement (horaires, calendrier, dur\u00e9e) flexibles et prix comp\u00e9titifs.<br \/>\n\u2022 Certification possible des niveaux de langue par les dipl\u00f4mes internationaux DELF-DALF ou DFP (Dipl\u00f4mes de fran\u00e7ais professionnel de la Chambre de<br \/>\ncommerce et d\u2019industrie de Paris Ile-de-France).<\/p>\n<p><strong>Quels sont les b\u00e9n\u00e9fices pour votre entreprise ?<\/strong><br \/>\n\u2022 Relever les d\u00e9fis de la mondialisation \u00e9conomique, par un acc\u00e8s aux march\u00e9s \u00e9trangers, une meilleure comp\u00e9titivit\u00e9, et une communication directe et simplifi\u00e9e &#8211; dans leur langue &#8211; avec vos clients et coll\u00e8gues des pays francophones.<br \/>\n\u2022 Renforcement des capacit\u00e9s langagi\u00e8res et interculturelles de votre personnel conduisant \u00e0 une interaction plus efficace avec votre client\u00e8le francophone.<br \/>\n\u2022 Un premier niveau \u00ab survie \u00bb de 60 heures de cours, dispens\u00e9 par des professeurs grecs totalement francophones, dans l\u2019objectif d\u2019apprendre les bases de la conversation en grec en tenant compte des r\u00e9alit\u00e9s socioculturelles.<br \/>\n\u2022 Un niveau A2 &#8211; B1 pour devenir autonome en grec dans le cadre des r\u00e9alit\u00e9s de votre milieu professionnel.<\/p>\n<p><strong>Nous contacter pour plus d\u2019information :<\/strong><\/p>\n<p>Catherine OLLIVE, directrice des cours et formations<br \/>\nE-mail : <a href=\"mailto:collive@ifg.gr\" target=\"_blank\" rel=\"noopener\">collive@ifg.gr<\/a><br \/>\nT: +30 210 33 98 665<\/p>\n<p>Ioanna KONSTANTI, adjointe<br \/>\nE-mail: <a href=\"mailto:ikonstanti@ifg.gr\" target=\"_blank\" rel=\"noopener\">ikonstanti@ifg.gr<\/a><br \/>\nT: +30 210 33 98 693<\/p>\n<p>&nbsp;<\/p>\n"}],"sidebar":false,"side_information":{"title":"","sections":false}},{"acf_fc_layout":"accordion","public":true,"title":"Cours de grec en entreprise","side_image_right":false,"rolling_message":"","main":[{"acf_fc_layout":"textarea","text":"<p>Vous \u00eates fran\u00e7ais ou francophone ? Votre entreprise s\u2019adresse \u00e0 une client\u00e8le hell\u00e9nophone ? Vous avez besoin d\u2019acqu\u00e9rir rapidement un niveau conversationnel de base pour communiquer avec vos collaborateurs en Gr\u00e8ce ?<\/p>\n<p><strong>L\u2019Institut fran\u00e7ais de Gr\u00e8ce vous propose :<\/strong><\/p>\n<p>\u2022 Un premier niveau \u00ab survie \u00bb de 60 heures de cours, dispens\u00e9 par des professeurs grecs totalement francophones, dans l\u2019objectif d\u2019apprendre<br \/>\nles bases de la conversation en grec en tenant compte des r\u00e9alit\u00e9s socioculturelles.<br \/>\n\u2022 Un niveau A2 &#8211; B1 pour devenir autonome en grec dans le cadre des r\u00e9alit\u00e9s de votre milieu professionnel<\/p>\n<p><strong>Cours en ligne<\/strong><br \/>\nCours de langue (grec ou fran\u00e7ais) en ligne en format individuel ou en petits groupes<\/p>\n<p>Gr\u00e2ce \u00e0 notre logiciel de visioconf\u00e9rence, vos employ\u00e9s profitent de la <strong>qualit\u00e9 d\u2019enseignement de l\u2019IFG<\/strong> sans se d\u00e9placer de leur bureau (donc sans frais de transport ni de temps perdu dans les embouteillages).<\/p>\n<p>Il suffit d\u2019un ordinateur r\u00e9cent (PC ou Mac) par personne, d\u2019une webcam, d\u2019un casque audio et d\u2019une bonne connexion \u0399nternet.<\/p>\n<p><strong>Le principe de la classe virtuelle dans l\u2019enseignement d\u2019une langue \u00e9trang\u00e8re :<\/strong><br \/>\n\u2022 D\u2019un c\u00f4t\u00e9, un professeur derri\u00e8re un ordinateur \u00e9quip\u00e9 d\u2019une webcam et d\u2019un logiciel sp\u00e9cialis\u00e9.<br \/>\n\u2022 De l\u2019autre, des \u00e9tudiants &#8211; entre 1 et 6 maximum &#8211; qui par le biais d\u2019un ordinateur (Mac ou PC) se connectent \u00e0 la classe virtuelle (litt\u00e9ralement : une salle virtuelle pr\u00e9alablement configur\u00e9e par le professeur pour les besoins de son cours).<\/p>\n<p>Le logiciel permet de simuler de nombreuses possibilit\u00e9s d\u2019interaction p\u00e9dagogique<br \/>\ndisponibles en \u00ab classe r\u00e9elle \u00bb et de compenser l\u2019absence physique des participants.<\/p>\n<p><strong>Nous contacter pour plus d\u2019information :<\/strong><\/p>\n<p>Catherine OLLIVE, directrice des cours et formations<br \/>\nE-mail : <a href=\"mailto:collive@ifg.gr\" target=\"_blank\" rel=\"noopener\">collive@ifg.gr<\/a><br \/>\nT: +30 210 33 98 665<\/p>\n<p>Ioanna KONSTANTI, adjointe<br \/>\nE-mail: <a href=\"mailto:ikonstanti@ifg.gr\" target=\"_blank\" rel=\"noopener\">ikonstanti@ifg.gr<\/a><br \/>\nT: +30 210 33 98 693<\/p>\n"}],"sidebar":false,"side_information":{"title":"","sections":false}}]},"yoast_head":"<!-- This site is optimized with the Yoast SEO plugin v26.8 - https:\/\/yoast.com\/product\/yoast-seo-wordpress\/ -->\n<title>Cours particuliers | En entreprise - IFG<\/title>\n<meta name=\"robots\" content=\"index, follow, max-snippet:-1, max-image-preview:large, max-video-preview:-1\" \/>\n<link rel=\"canonical\" href=\"https:\/\/www.ifg.gr\/fr\/pourquoi-apprendre-le-francais-a-lifg\/cours-particuliers-entreprise\/\" \/>\n<meta property=\"og:locale\" content=\"fr_FR\" \/>\n<meta property=\"og:type\" content=\"article\" \/>\n<meta property=\"og:title\" content=\"Cours particuliers | En entreprise - IFG\" \/>\n<meta property=\"og:url\" content=\"https:\/\/www.ifg.gr\/fr\/pourquoi-apprendre-le-francais-a-lifg\/cours-particuliers-entreprise\/\" \/>\n<meta property=\"og:site_name\" content=\"IFG\" \/>\n<meta property=\"article:modified_time\" content=\"2025-07-16T12:06:50+00:00\" \/>\n<meta name=\"twitter:card\" content=\"summary_large_image\" \/>\n<script type=\"application\/ld+json\" class=\"yoast-schema-graph\">{\"@context\":\"https:\/\/schema.org\",\"@graph\":[{\"@type\":\"WebPage\",\"@id\":\"https:\/\/www.ifg.gr\/fr\/pourquoi-apprendre-le-francais-a-lifg\/cours-particuliers-entreprise\/\",\"url\":\"https:\/\/www.ifg.gr\/fr\/pourquoi-apprendre-le-francais-a-lifg\/cours-particuliers-entreprise\/\",\"name\":\"Cours particuliers | En entreprise - IFG\",\"isPartOf\":{\"@id\":\"https:\/\/www.ifg.gr\/#website\"},\"datePublished\":\"2020-06-09T13:36:30+00:00\",\"dateModified\":\"2025-07-16T12:06:50+00:00\",\"breadcrumb\":{\"@id\":\"https:\/\/www.ifg.gr\/fr\/pourquoi-apprendre-le-francais-a-lifg\/cours-particuliers-entreprise\/#breadcrumb\"},\"inLanguage\":\"fr-FR\",\"potentialAction\":[{\"@type\":\"ReadAction\",\"target\":[\"https:\/\/www.ifg.gr\/fr\/pourquoi-apprendre-le-francais-a-lifg\/cours-particuliers-entreprise\/\"]}]},{\"@type\":\"BreadcrumbList\",\"@id\":\"https:\/\/www.ifg.gr\/fr\/pourquoi-apprendre-le-francais-a-lifg\/cours-particuliers-entreprise\/#breadcrumb\",\"itemListElement\":[{\"@type\":\"ListItem\",\"position\":1,\"name\":\"Home\",\"item\":\"https:\/\/www.ifg.gr\/fr\/\"},{\"@type\":\"ListItem\",\"position\":2,\"name\":\"Pourquoi apprendre le fran\u00e7ais \u00e0 l&#8217;IFG ?\",\"item\":\"https:\/\/www.ifg.gr\/fr\/pourquoi-apprendre-le-francais-a-lifg\/\"},{\"@type\":\"ListItem\",\"position\":3,\"name\":\"Cours particuliers | En entreprise\"}]},{\"@type\":\"WebSite\",\"@id\":\"https:\/\/www.ifg.gr\/#website\",\"url\":\"https:\/\/www.ifg.gr\/\",\"name\":\"IFG\",\"description\":\"\",\"potentialAction\":[{\"@type\":\"SearchAction\",\"target\":{\"@type\":\"EntryPoint\",\"urlTemplate\":\"https:\/\/www.ifg.gr\/?s={search_term_string}\"},\"query-input\":{\"@type\":\"PropertyValueSpecification\",\"valueRequired\":true,\"valueName\":\"search_term_string\"}}],\"inLanguage\":\"fr-FR\"}]}<\/script>\n<!-- \/ Yoast SEO plugin. -->","yoast_head_json":{"title":"Cours particuliers | En entreprise - IFG","robots":{"index":"index","follow":"follow","max-snippet":"max-snippet:-1","max-image-preview":"max-image-preview:large","max-video-preview":"max-video-preview:-1"},"canonical":"https:\/\/www.ifg.gr\/fr\/pourquoi-apprendre-le-francais-a-lifg\/cours-particuliers-entreprise\/","og_locale":"fr_FR","og_type":"article","og_title":"Cours particuliers | En entreprise - IFG","og_url":"https:\/\/www.ifg.gr\/fr\/pourquoi-apprendre-le-francais-a-lifg\/cours-particuliers-entreprise\/","og_site_name":"IFG","article_modified_time":"2025-07-16T12:06:50+00:00","twitter_card":"summary_large_image","schema":{"@context":"https:\/\/schema.org","@graph":[{"@type":"WebPage","@id":"https:\/\/www.ifg.gr\/fr\/pourquoi-apprendre-le-francais-a-lifg\/cours-particuliers-entreprise\/","url":"https:\/\/www.ifg.gr\/fr\/pourquoi-apprendre-le-francais-a-lifg\/cours-particuliers-entreprise\/","name":"Cours particuliers | En entreprise - IFG","isPartOf":{"@id":"https:\/\/www.ifg.gr\/#website"},"datePublished":"2020-06-09T13:36:30+00:00","dateModified":"2025-07-16T12:06:50+00:00","breadcrumb":{"@id":"https:\/\/www.ifg.gr\/fr\/pourquoi-apprendre-le-francais-a-lifg\/cours-particuliers-entreprise\/#breadcrumb"},"inLanguage":"fr-FR","potentialAction":[{"@type":"ReadAction","target":["https:\/\/www.ifg.gr\/fr\/pourquoi-apprendre-le-francais-a-lifg\/cours-particuliers-entreprise\/"]}]},{"@type":"BreadcrumbList","@id":"https:\/\/www.ifg.gr\/fr\/pourquoi-apprendre-le-francais-a-lifg\/cours-particuliers-entreprise\/#breadcrumb","itemListElement":[{"@type":"ListItem","position":1,"name":"Home","item":"https:\/\/www.ifg.gr\/fr\/"},{"@type":"ListItem","position":2,"name":"Pourquoi apprendre le fran\u00e7ais \u00e0 l&#8217;IFG ?","item":"https:\/\/www.ifg.gr\/fr\/pourquoi-apprendre-le-francais-a-lifg\/"},{"@type":"ListItem","position":3,"name":"Cours particuliers | En entreprise"}]},{"@type":"WebSite","@id":"https:\/\/www.ifg.gr\/#website","url":"https:\/\/www.ifg.gr\/","name":"IFG","description":"","potentialAction":[{"@type":"SearchAction","target":{"@type":"EntryPoint","urlTemplate":"https:\/\/www.ifg.gr\/?s={search_term_string}"},"query-input":{"@type":"PropertyValueSpecification","valueRequired":true,"valueName":"search_term_string"}}],"inLanguage":"fr-FR"}]}},"_links":{"self":[{"href":"https:\/\/www.ifg.gr\/fr\/wp-json\/wp\/v2\/pages\/35110","targetHints":{"allow":["GET"]}}],"collection":[{"href":"https:\/\/www.ifg.gr\/fr\/wp-json\/wp\/v2\/pages"}],"about":[{"href":"https:\/\/www.ifg.gr\/fr\/wp-json\/wp\/v2\/types\/page"}],"author":[{"embeddable":true,"href":"https:\/\/www.ifg.gr\/fr\/wp-json\/wp\/v2\/users\/1"}],"replies":[{"embeddable":true,"href":"https:\/\/www.ifg.gr\/fr\/wp-json\/wp\/v2\/comments?post=35110"}],"version-history":[{"count":5,"href":"https:\/\/www.ifg.gr\/fr\/wp-json\/wp\/v2\/pages\/35110\/revisions"}],"predecessor-version":[{"id":64521,"href":"https:\/\/www.ifg.gr\/fr\/wp-json\/wp\/v2\/pages\/35110\/revisions\/64521"}],"up":[{"embeddable":true,"href":"https:\/\/www.ifg.gr\/fr\/wp-json\/wp\/v2\/pages\/9046"}],"wp:attachment":[{"href":"https:\/\/www.ifg.gr\/fr\/wp-json\/wp\/v2\/media?parent=35110"}],"curies":[{"name":"wp","href":"https:\/\/api.w.org\/{rel}","templated":true}]}}