{"id":35583,"date":"2021-09-13T10:52:38","date_gmt":"2021-09-13T10:52:38","guid":{"rendered":"https:\/\/www.ifg.gr\/club-ifg\/"},"modified":"2025-09-16T11:42:24","modified_gmt":"2025-09-16T08:42:24","slug":"club-ifg","status":"publish","type":"page","link":"https:\/\/www.ifg.gr\/fr\/club-ifg\/","title":{"rendered":"LA CARTE CLUB IFG"},"content":{"rendered":"","protected":false},"excerpt":{"rendered":"","protected":false},"author":1,"featured_media":0,"parent":0,"menu_order":10,"comment_status":"closed","ping_status":"closed","template":"","meta":{"_acf_changed":false,"_searchwp_excluded":"","footnotes":""},"class_list":["post-35583","page","type-page","status-publish","hentry"],"acf":{"background_color":"#0080c2","show_sidebar":false,"hero_has_side_paragraph":true,"side_paragraph":{"title":"VOTRE PASSEPORT POUR UN UNIVERS D\u2019EXCEPTION  ","text":"Rejoignez la communaut\u00e9 du Club IFG et acc\u00e9dez \u00e0 tous les avantages qui vous sont r\u00e9serv\u00e9s !"},"layout":[{"acf_fc_layout":"full_image","image":{"ID":35563,"id":35563,"title":"CARTECLUB_1920x1280","filename":"CARTECLUB_1920x1280.jpg","filesize":937074,"url":"https:\/\/www.ifg.gr\/wp-content\/uploads\/2021\/09\/CARTECLUB_1920x1280.jpg","link":"https:\/\/www.ifg.gr\/fr\/club-ifg\/carteclub_1920x1280\/","alt":"CLUB IFG","author":"1","description":"","caption":"","name":"carteclub_1920x1280","status":"inherit","uploaded_to":35583,"date":"2021-09-13 10:24:09","modified":"2021-09-13 10:24:41","menu_order":0,"mime_type":"image\/jpeg","type":"image","subtype":"jpeg","icon":"https:\/\/www.ifg.gr\/wp-includes\/images\/media\/default.png","width":1920,"height":1080,"sizes":{"thumbnail":"https:\/\/www.ifg.gr\/wp-content\/uploads\/2021\/09\/CARTECLUB_1920x1280.jpg","thumbnail-width":150,"thumbnail-height":84,"medium":"https:\/\/www.ifg.gr\/wp-content\/uploads\/2021\/09\/CARTECLUB_1920x1280.jpg","medium-width":300,"medium-height":169,"medium_large":"https:\/\/www.ifg.gr\/wp-content\/uploads\/2021\/09\/CARTECLUB_1920x1280-768x432.jpg","medium_large-width":640,"medium_large-height":360,"large":"https:\/\/www.ifg.gr\/wp-content\/uploads\/2021\/09\/CARTECLUB_1920x1280.jpg","large-width":640,"large-height":360,"1536x1536":"https:\/\/www.ifg.gr\/wp-content\/uploads\/2021\/09\/CARTECLUB_1920x1280-1536x864.jpg","1536x1536-width":1536,"1536x1536-height":864,"2048x2048":"https:\/\/www.ifg.gr\/wp-content\/uploads\/2021\/09\/CARTECLUB_1920x1280.jpg","2048x2048-width":1920,"2048x2048-height":1080,"full-width":"https:\/\/www.ifg.gr\/wp-content\/uploads\/2021\/09\/CARTECLUB_1920x1280.jpg","full-width-width":1920,"full-width-height":1080,"sidebar":"https:\/\/www.ifg.gr\/wp-content\/uploads\/2021\/09\/CARTECLUB_1920x1280-1778x1000.jpg","sidebar-width":1778,"sidebar-height":1000,"thumb-sm":"https:\/\/www.ifg.gr\/wp-content\/uploads\/2021\/09\/CARTECLUB_1920x1280-231x130.jpg","thumb-sm-width":231,"thumb-sm-height":130,"thumb-square":"https:\/\/www.ifg.gr\/wp-content\/uploads\/2021\/09\/CARTECLUB_1920x1280-300x300.jpg","thumb-square-width":300,"thumb-square-height":300,"thumb-big":"https:\/\/www.ifg.gr\/wp-content\/uploads\/2021\/09\/CARTECLUB_1920x1280-600x400.jpg","thumb-big-width":600,"thumb-big-height":400,"slider-big":"https:\/\/www.ifg.gr\/wp-content\/uploads\/2021\/09\/CARTECLUB_1920x1280-1315x768.jpg","slider-big-width":1315,"slider-big-height":768}}},{"acf_fc_layout":"accordion","public":true,"title":" La carte Club IFG","side_image_right":false,"rolling_message":"","main":[{"acf_fc_layout":"textarea","text":"<p>Vous souhaitez profiter d\u2019avantages exclusifs, suivre au plus pr\u00e8s l&rsquo;actualit\u00e9 culturelle et intellectuelle francophone, \u00e9conomiser toute l\u2019ann\u00e9e gr\u00e2ce \u00e0 des offres privil\u00e8ges aupr\u00e8s d\u2019un vaste r\u00e9seau de partenaires ?<\/p>\n<p>Rejoignez la communaut\u00e9 du Club IFG et acc\u00e9dez \u00e0 tous les avantages qui vous sont r\u00e9serv\u00e9s !<\/p>\n<p>&nbsp;<\/p>\n"}],"sidebar":false,"side_information":{"title":"","sections":false}},{"acf_fc_layout":"accordion","public":true,"title":"Vos avantages | Catalogue des partenaires","side_image_right":false,"rolling_message":"","main":[{"acf_fc_layout":"textarea","text":"<p><strong>\u2022 Un abonnement \u00e0 la <a href=\"https:\/\/www.ifg.gr\/fr\/la-mediatheque-octave-merlier\/\" target=\"_blank\" rel=\"noopener\">M\u00e9diath\u00e8que Octave Merlier<\/a> &amp; <a href=\"https:\/\/www.ifg.gr\/fr\/la-mediatheque-octave-merlier\/culturetheque\" target=\"_blank\" rel=\"noopener\">Cultureth\u00e8que\u00a0<\/a><\/strong><br \/>\nAcc\u00e9dez \u00e0 plus de 80.000 documents sur la France et sa culture, \u00e0 une s\u00e9lection de jeux vid\u00e9o en fran\u00e7ais sur consoles, \u00e0 la presse fran\u00e7aise, \u00e0 la biblioth\u00e8que de l\u2019apprenant et \u00e0 bien d&rsquo;autres ressources encore.<\/p>\n<p><strong>\u2022 Des invitations exclusives<\/strong><br \/>\nConcerts, cin\u00e9ma, th\u00e9\u00e2tre, vernissages d&rsquo;expositions&#8230; Assistez \u00e0 des avant-premi\u00e8res, des soir\u00e9es et \u00e9v\u00e9nements exclusifs, r\u00e9serv\u00e9s aux membres du Club IFG.<\/p>\n<p><strong>\u2022 Des r\u00e9ductions culturelles<\/strong><br \/>\nProfitez de tarifs r\u00e9duits pour assister aux manifestations culturelles payantes de l&rsquo;IFG et \u00e0 celles de ses partenaires.<\/p>\n<p><strong>\u2022 Des remises &amp; offres pr\u00e9f\u00e9rentielles<\/strong><br \/>\nB\u00e9n\u00e9ficiez au quotidien de tarifs pr\u00e9f\u00e9rentiels et d\u2019offres exclusives sur une gamme de produits et de services, s\u00e9lectionn\u00e9s pour vous.<\/p>\n<p>D\u00e9couvrez en d\u00e9tail toutes les <a href=\"https:\/\/www.ifg.gr\/wp-content\/uploads\/2025\/04\/Partenaires-Carte-Club-IFG_FR.pdf\" target=\"_blank\" rel=\"noopener\"><strong>offres privil\u00e8ges propos\u00e9es par nos partenaires ICI<\/strong><\/a>.<\/p>\n"}],"sidebar":false,"side_information":{"title":"","sections":false}},{"acf_fc_layout":"accordion","public":true,"title":"Obtenez votre carte","side_image_right":false,"rolling_message":"","main":[{"acf_fc_layout":"textarea","text":"<p>COMMENT ADH\u00c9RER ?<\/p>\n<p><strong>1. Choisissez votre formule<\/strong><\/p>\n<ul>\n<li>Plein tarif : 35 \u20ac par an \/ 6 mois : 25 \u20ac<\/li>\n<li>Tarif r\u00e9duit : scolaires de plus de 14 ans, \u00e9tudiants et professeurs de fran\u00e7ais, 65 ans et + ch\u00f4meurs, sur pr\u00e9sentation de justificatifs : 25 \u20ac par an<\/li>\n<li>Enfants de moins de 14 ans : 10 \u20ac<\/li>\n<li>\u00c9l\u00e8ves et \u00e9tudiants de l\u2019Institut : gratuit*<\/li>\n<li>Un abonnement annuel d\u2019offert pour une inscription aux <a href=\"https:\/\/www.ifg.gr\/fr\/pourquoi-apprendre-le-francais-a-lifg\/\">cours ou aux ateliers th\u00e9matiques<\/a> de l\u2019Institut fran\u00e7ais de Gr\u00e8ce.<\/li>\n<\/ul>\n<p><strong>2. Obtenez votre carte<\/strong><\/p>\n<p><strong>\u00c0 l\u2019IFG<\/strong>, aupr\u00e8s du Service des inscriptions (rez-de-chauss\u00e9e)<br \/>\nlundi : 09h00-16h45<br \/>\ndu mardi au vendredi : 09h00-18h45<br \/>\nsamedi : 09h00-14h45<\/p>\n<p><strong>En ligne<\/strong>, <strong><a href=\"https:\/\/ifgrece.extranet-aec.com\/products\/view\/4-ADHESIONS#\/\" target=\"_blank\" rel=\"noopener\">commandez votre carte ici<\/a><\/strong>, dans le confort de votre domicile.<\/p>\n<p><strong>3.<\/strong> <a href=\"https:\/\/www.ifg.gr\/fr\/contactez-nous\/#newsletter_form\" target=\"_blank\" rel=\"noopener\">Inscrivez-vous \u00e0 la Newsletter<\/a> de l\u2019IFG pour recevoir tous les mois et en exclusivit\u00e9 l&rsquo;actualit\u00e9 et les offres sp\u00e9ciales du Club IFG.<\/p>\n<p><strong>4.<\/strong> Pr\u00e9sentez votre carte \u00e0 chacune de vos visites \u00e0 l\u2019IFG et \u00e0 chaque achat aupr\u00e8s de nos partenaires pour b\u00e9n\u00e9ficier de vos avantages !<\/p>\n<p>Le catalogue des partenaires s\u2019enrichit continuellement et les offres propos\u00e9es sont susceptibles d\u2019\u00e9voluer sans pr\u00e9avis. Consultez r\u00e9guli\u00e8rement la page du Club IFG pour \u00eatre \u00e0 l&rsquo;aff\u00fbt des bons plans.<\/p>\n<p><strong>Bienvenue au Club IFG !<\/strong><\/p>\n<p>Pour plus d\u2019informations contactez-nous : <a href=\"mailto:club@ifg.gr\" target=\"_blank\" rel=\"noopener\">club@ifg.gr<\/a><\/p>\n"}],"sidebar":false,"side_information":{"title":"","sections":false}},{"acf_fc_layout":"accordion","public":true,"title":"Devenez partenaire","side_image_right":false,"rolling_message":"","main":[{"acf_fc_layout":"textarea","text":"<p>Vous souhaitez rejoindre notre r\u00e9seau de partenaires et accro\u00eetre votre visibilit\u00e9 aupr\u00e8s de la communaut\u00e9 des amis de l\u2019Institut fran\u00e7ais de Gr\u00e8ce ?<\/p>\n<p>Si votre activit\u00e9 participe \u00e0 la valorisation de la culture et des savoir-faire fran\u00e7ais et grecs, promeut l&rsquo;\u00e9ducation, le d\u00e9veloppement durable et la cr\u00e9ation artisanale, n&rsquo;h\u00e9sitez pas \u00e0 nous contacter pour faire partie du club.<\/p>\n<p><strong>Contact<\/strong> : <a href=\"mailto:club@ifg.gr\" target=\"_blank\" rel=\"noopener\">club@ifg.gr<\/a><\/p>\n"}],"sidebar":false,"side_information":{"title":"","sections":false}},{"acf_fc_layout":"accordion","public":true,"title":"Offres du mois","side_image_right":false,"rolling_message":"","main":[{"acf_fc_layout":"textarea","text":"<p><strong>mars 2023<\/strong><\/p>\n<p>Le Club IFG vous invite au r\u00e9cital de piano de Dimitris Toufexis, \u00ab <strong>Cr\u00e9ateurs romantiques<\/strong> \u00bb<\/p>\n<p>Un voyage musical \u00e0 travers les chefs-d&rsquo;\u0153uvre des cr\u00e9ateurs romantiques du r\u00e9pertoire pour piano, avec l&rsquo;interpr\u00e9tation captivante du soliste d\u2019exception, <strong>Dimitris Toufexis<\/strong>. Une performance marqu\u00e9e par une int\u00e9riorit\u00e9 profonde, une sensibilit\u00e9 et une clart\u00e9 virtuose sans pr\u00e9tention, qui explore les paysages \u00e9motionnels et transforme l\u2019esprit. Des commentaires narratifs sur la vie et l&rsquo;\u0153uvre des grands compositeurs accompagnent l\u2019interpr\u00e9tation musicale.<\/p>\n<p><strong>Quand<\/strong> : vendredi 31 mars 2023, \u00e0 20h30<\/p>\n<p><strong>O\u00f9<\/strong> : Auditorium Theo Angelopoulos, Institut fran\u00e7ais de Gr\u00e8ce (31, rue Sina)<\/p>\n<p><strong>L\u2019offre<\/strong> : 2 invitations individuelles pour les membres du Club IFG.<\/p>\n<p>Les 2 premiers qui nous enverront un mail \u00e0 <a href=\"mailto:club@ifg.gr\" target=\"_blank\" rel=\"noopener\">club@ifg.gr<\/a> seront les heureux b\u00e9n\u00e9ficiaires.<\/p>\n<p><strong>Plus d\u2019informations<\/strong> : <a href=\"https:\/\/www.ticketservices.gr\/event\/dimitris-toufexis-piano-recital\/?lang=en\" target=\"_blank\" rel=\"noopener\">ticketservices.gr\/event\/dimitris-toufexis-piano-recital<\/a><\/p>\n"},{"acf_fc_layout":"posts","items":false}],"sidebar":false,"side_information":{"title":"","sections":false}}]},"yoast_head":"<!-- This site is optimized with the Yoast SEO plugin v26.8 - https:\/\/yoast.com\/product\/yoast-seo-wordpress\/ -->\n<title>La carte CLUB IFG - Profiter d\u2019avantages exclusifs<\/title>\n<meta name=\"description\" content=\"Vous souhaitez profiter d\u2019avantages exclusifs ? Rejoignez la communaut\u00e9 du Club IFG et acc\u00e9dez \u00e0 tous les avantages qui vous sont r\u00e9serv\u00e9s !\" \/>\n<meta name=\"robots\" content=\"index, follow, max-snippet:-1, max-image-preview:large, max-video-preview:-1\" \/>\n<link rel=\"canonical\" href=\"https:\/\/www.ifg.gr\/fr\/club-ifg\/\" \/>\n<meta property=\"og:locale\" content=\"fr_FR\" \/>\n<meta property=\"og:type\" content=\"article\" \/>\n<meta property=\"og:title\" content=\"La carte CLUB IFG - Profiter d\u2019avantages exclusifs\" \/>\n<meta property=\"og:description\" content=\"Vous souhaitez profiter d\u2019avantages exclusifs ? Rejoignez la communaut\u00e9 du Club IFG et acc\u00e9dez \u00e0 tous les avantages qui vous sont r\u00e9serv\u00e9s !\" \/>\n<meta property=\"og:url\" content=\"https:\/\/www.ifg.gr\/fr\/club-ifg\/\" \/>\n<meta property=\"og:site_name\" content=\"IFG\" \/>\n<meta property=\"article:modified_time\" content=\"2025-09-16T08:42:24+00:00\" \/>\n<meta name=\"twitter:card\" content=\"summary_large_image\" \/>\n<script type=\"application\/ld+json\" class=\"yoast-schema-graph\">{\"@context\":\"https:\/\/schema.org\",\"@graph\":[{\"@type\":\"WebPage\",\"@id\":\"https:\/\/www.ifg.gr\/fr\/club-ifg\/\",\"url\":\"https:\/\/www.ifg.gr\/fr\/club-ifg\/\",\"name\":\"La carte CLUB IFG - Profiter d\u2019avantages exclusifs\",\"isPartOf\":{\"@id\":\"https:\/\/www.ifg.gr\/#website\"},\"datePublished\":\"2021-09-13T10:52:38+00:00\",\"dateModified\":\"2025-09-16T08:42:24+00:00\",\"description\":\"Vous souhaitez profiter d\u2019avantages exclusifs ? Rejoignez la communaut\u00e9 du Club IFG et acc\u00e9dez \u00e0 tous les avantages qui vous sont r\u00e9serv\u00e9s !\",\"breadcrumb\":{\"@id\":\"https:\/\/www.ifg.gr\/fr\/club-ifg\/#breadcrumb\"},\"inLanguage\":\"fr-FR\",\"potentialAction\":[{\"@type\":\"ReadAction\",\"target\":[\"https:\/\/www.ifg.gr\/fr\/club-ifg\/\"]}]},{\"@type\":\"BreadcrumbList\",\"@id\":\"https:\/\/www.ifg.gr\/fr\/club-ifg\/#breadcrumb\",\"itemListElement\":[{\"@type\":\"ListItem\",\"position\":1,\"name\":\"Home\",\"item\":\"https:\/\/www.ifg.gr\/fr\/\"},{\"@type\":\"ListItem\",\"position\":2,\"name\":\"LA CARTE CLUB IFG\"}]},{\"@type\":\"WebSite\",\"@id\":\"https:\/\/www.ifg.gr\/#website\",\"url\":\"https:\/\/www.ifg.gr\/\",\"name\":\"IFG\",\"description\":\"\",\"potentialAction\":[{\"@type\":\"SearchAction\",\"target\":{\"@type\":\"EntryPoint\",\"urlTemplate\":\"https:\/\/www.ifg.gr\/?s={search_term_string}\"},\"query-input\":{\"@type\":\"PropertyValueSpecification\",\"valueRequired\":true,\"valueName\":\"search_term_string\"}}],\"inLanguage\":\"fr-FR\"}]}<\/script>\n<!-- \/ Yoast SEO plugin. -->","yoast_head_json":{"title":"La carte CLUB IFG - Profiter d\u2019avantages exclusifs","description":"Vous souhaitez profiter d\u2019avantages exclusifs ? Rejoignez la communaut\u00e9 du Club IFG et acc\u00e9dez \u00e0 tous les avantages qui vous sont r\u00e9serv\u00e9s !","robots":{"index":"index","follow":"follow","max-snippet":"max-snippet:-1","max-image-preview":"max-image-preview:large","max-video-preview":"max-video-preview:-1"},"canonical":"https:\/\/www.ifg.gr\/fr\/club-ifg\/","og_locale":"fr_FR","og_type":"article","og_title":"La carte CLUB IFG - Profiter d\u2019avantages exclusifs","og_description":"Vous souhaitez profiter d\u2019avantages exclusifs ? Rejoignez la communaut\u00e9 du Club IFG et acc\u00e9dez \u00e0 tous les avantages qui vous sont r\u00e9serv\u00e9s !","og_url":"https:\/\/www.ifg.gr\/fr\/club-ifg\/","og_site_name":"IFG","article_modified_time":"2025-09-16T08:42:24+00:00","twitter_card":"summary_large_image","schema":{"@context":"https:\/\/schema.org","@graph":[{"@type":"WebPage","@id":"https:\/\/www.ifg.gr\/fr\/club-ifg\/","url":"https:\/\/www.ifg.gr\/fr\/club-ifg\/","name":"La carte CLUB IFG - Profiter d\u2019avantages exclusifs","isPartOf":{"@id":"https:\/\/www.ifg.gr\/#website"},"datePublished":"2021-09-13T10:52:38+00:00","dateModified":"2025-09-16T08:42:24+00:00","description":"Vous souhaitez profiter d\u2019avantages exclusifs ? Rejoignez la communaut\u00e9 du Club IFG et acc\u00e9dez \u00e0 tous les avantages qui vous sont r\u00e9serv\u00e9s !","breadcrumb":{"@id":"https:\/\/www.ifg.gr\/fr\/club-ifg\/#breadcrumb"},"inLanguage":"fr-FR","potentialAction":[{"@type":"ReadAction","target":["https:\/\/www.ifg.gr\/fr\/club-ifg\/"]}]},{"@type":"BreadcrumbList","@id":"https:\/\/www.ifg.gr\/fr\/club-ifg\/#breadcrumb","itemListElement":[{"@type":"ListItem","position":1,"name":"Home","item":"https:\/\/www.ifg.gr\/fr\/"},{"@type":"ListItem","position":2,"name":"LA CARTE CLUB IFG"}]},{"@type":"WebSite","@id":"https:\/\/www.ifg.gr\/#website","url":"https:\/\/www.ifg.gr\/","name":"IFG","description":"","potentialAction":[{"@type":"SearchAction","target":{"@type":"EntryPoint","urlTemplate":"https:\/\/www.ifg.gr\/?s={search_term_string}"},"query-input":{"@type":"PropertyValueSpecification","valueRequired":true,"valueName":"search_term_string"}}],"inLanguage":"fr-FR"}]}},"_links":{"self":[{"href":"https:\/\/www.ifg.gr\/fr\/wp-json\/wp\/v2\/pages\/35583","targetHints":{"allow":["GET"]}}],"collection":[{"href":"https:\/\/www.ifg.gr\/fr\/wp-json\/wp\/v2\/pages"}],"about":[{"href":"https:\/\/www.ifg.gr\/fr\/wp-json\/wp\/v2\/types\/page"}],"author":[{"embeddable":true,"href":"https:\/\/www.ifg.gr\/fr\/wp-json\/wp\/v2\/users\/1"}],"replies":[{"embeddable":true,"href":"https:\/\/www.ifg.gr\/fr\/wp-json\/wp\/v2\/comments?post=35583"}],"version-history":[{"count":7,"href":"https:\/\/www.ifg.gr\/fr\/wp-json\/wp\/v2\/pages\/35583\/revisions"}],"predecessor-version":[{"id":64963,"href":"https:\/\/www.ifg.gr\/fr\/wp-json\/wp\/v2\/pages\/35583\/revisions\/64963"}],"wp:attachment":[{"href":"https:\/\/www.ifg.gr\/fr\/wp-json\/wp\/v2\/media?parent=35583"}],"curies":[{"name":"wp","href":"https:\/\/api.w.org\/{rel}","templated":true}]}}