{"id":9005,"date":"2020-07-29T14:04:52","date_gmt":"2020-07-29T14:04:52","guid":{"rendered":"http:\/\/www.ifg.gr\/vivliothiki\/"},"modified":"2025-09-08T15:44:33","modified_gmt":"2025-09-08T12:44:33","slug":"la-mediatheque-octave-merlier","status":"publish","type":"page","link":"https:\/\/www.ifg.gr\/fr\/la-mediatheque-octave-merlier\/","title":{"rendered":"La M\u00e9diath\u00e8que Octave Merlier"},"content":{"rendered":"<p>Centre d\u2019information et de documentation sur la France contemporaine, <strong>la M\u00e9diath\u00e8que Octave Merlier<\/strong>, est situ\u00e9e au 3\u00e8me \u00e9tage de l\u2019Institut fran\u00e7ais de Gr\u00e8ce et vous propose une s\u00e9lection de documents en fran\u00e7ais :<\/p>\n<p>&#8211; livres<br \/>\n&#8211; abonnements \u00e0 des journaux et revues<br \/>\n&#8211; DVD<br \/>\n&#8211; un fonds p\u00e9dagogique<br \/>\n&#8211; une \u00ab biblioth\u00e8que de l\u2019apprenant \u00bb<br \/>\n&#8211; documents pour les enfants et les adolescents<\/p>\n<p><strong>Les personnes titulaires d\u2019un abonnement \u00e0 la m\u00e9diath\u00e8que ou de la <a href=\"https:\/\/www.ifg.gr\/club-ifg\/\" target=\"_blank\" rel=\"noopener\">carte CLUB IFG<\/a> peuvent emprunter des documents \u00e0 domicile <\/strong>(pour trois semaines non renouvelables) :<\/p>\n<p>&#8211; 5 livres ou revues<br \/>\n&#8211; 4 DVD pour les adultes \/ 2 DVD avec une carte enfant<br \/>\n&#8211; 2 CD<br \/>\n&#8211; 3 documents p\u00e9dagogiques (pour les cartes adultes seulement)<\/p>\n<p>&nbsp;<\/p>\n<p><strong>Un espace ouvert \u00e0 tous<\/strong><br \/>\nLa M\u00e9diath\u00e8que de l\u2019Institut fran\u00e7ais de Gr\u00e8ce est en acc\u00e8s libre. On peut venir y lire la presse ou un livre et raconter une histoire \u00e0 ses enfants sans obligation d\u2019inscription. L\u2019\u00e9quipe de la m\u00e9diath\u00e8que vous conseille et vous guide pour d\u00e9couvrir les documents propos\u00e9s et les nouveaut\u00e9s qui viennent r\u00e9guli\u00e8rement compl\u00e9ter le fonds.<\/p>\n<p><strong>Biblioth\u00e8que de l\u2019apprenant<\/strong><br \/>\nLa Biblioth\u00e8que de l\u2019apprenant est une section de la m\u00e9diath\u00e8que qui est sp\u00e9cialement con\u00e7ue pour accompagner les apprenants de fran\u00e7ais, quel que soit leur niveau, dans leur apprentissage du fran\u00e7ais et class\u00e9s de A1 \u00e0 B2. Vous y trouverez des m\u00e9thodes, des manuels d\u2019exercices et des livres en \u00ab fran\u00e7ais facile \u00bb.<\/p>\n<p><strong>Salle de jeux vid\u00e9o<\/strong><br \/>\nCet espace est accessible tous les jours, aux horaires d\u2019ouverture de la m\u00e9diath\u00e8que sur pr\u00e9sentation de la carte-club. En \u00e9change, le personnel vous remet une manette de jeu et installe le jeu choisi. Seul ou en groupe vous pouvez acc\u00e9der \u00e0 une s\u00e9lection de jeux vid\u00e9o en fran\u00e7ais sur consoles : un catalogue de plus de 40 jeux vous attend : action, aventure, sports, cultures urbaines, strat\u00e9gie\u2026 il y en a pour tous !<\/p>\n","protected":false},"excerpt":{"rendered":"<p>Centre d\u2019information et de documentation sur la France contemporaine, la M\u00e9diath\u00e8que Octave Merlier, est situ\u00e9e au 3\u00e8me \u00e9tage de l\u2019Institut fran\u00e7ais de Gr\u00e8ce et vous propose une s\u00e9lection de documents en fran\u00e7ais : &#8211; livres &#8211; abonnements \u00e0 des journaux et revues &#8211; DVD &#8211; un fonds p\u00e9dagogique &#8211; une \u00ab biblioth\u00e8que de l\u2019apprenant \u00bb [&hellip;]<\/p>\n","protected":false},"author":1,"featured_media":64356,"parent":0,"menu_order":30,"comment_status":"closed","ping_status":"closed","template":"","meta":{"_acf_changed":false,"_searchwp_excluded":"","footnotes":""},"class_list":["post-9005","page","type-page","status-publish","has-post-thumbnail","hentry"],"acf":{"background_color":"#a6b821","hero_has_side_paragraph":false,"layout":[{"acf_fc_layout":"big_title","title":"La m\u00e9diath\u00e8que r\u00e9nov\u00e9e vous attend !"},{"acf_fc_layout":"accordion","public":false,"title":"Horaires d'\u00e9t\u00e9 de la M\u00e9diath\u00e8que Octave Merlier","side_image_right":false,"rolling_message":"","main":[{"acf_fc_layout":"textarea","text":"<p>lundi, mardi et vendredi : de 10h00 \u00e0 16h00<br \/>\nmercredi et jeudi : de 10h00 \u00e0 19h00<br \/>\nsamedi : ferm\u00e9<\/p>\n<p>Nous vous attendons avec grand plaisir !<\/p>\n<p>L&rsquo;\u00e9quipe de la m\u00e9diath\u00e8que<\/p>\n"}],"sidebar":false,"side_information":{"title":"","sections":false}}],"show_sidebar":true,"information":{"title":"Infos Pratiques","sections":[{"section":false},{"section":[{"title":"Pour toute information sur les horaires d\u2019ouverture de la m\u00e9diath\u00e8que, nous vous prions de consulter le portail :","content":[{"acf_fc_layout":"textarea","text":"<p><a href=\"http:\/\/www.mediatheque.gr\">www.mediatheque.gr<\/a><\/p>\n"}]},{"title":"Brochure M\u00e9diath\u00e8que","content":[{"acf_fc_layout":"button","title":"T\u00e9l\u00e9chargez-la ici !","url":"https:\/\/www.ifg.gr\/wp-content\/uploads\/2025\/07\/MEDIATEQUE_2024-25_A5_FR-web.pdf"}]}]},{"section":[{"title":"Contactez-nous !","content":[{"acf_fc_layout":"textarea","text":"<p>T\u00e9l. : 210 33 98 650<\/p>\n<p><a href=\"mailto:mediatheque@ifg.gr\" target=\"_blank\" rel=\"noopener\">mediatheque@ifg.gr<\/a><\/p>\n"}]}]},{"section":[{"title":"Les titulaires d\u2019un abonnement \u00e0 la m\u00e9diath\u00e8que ou de la carte CLUB IFG peuvent emprunter des documents \u00e0 domicile (pour trois semaines non renouvelables) :","content":[{"acf_fc_layout":"textarea","text":"<p>&#8211; 5 livres ou revues,<br \/>\n&#8211; 4 DVD pour les adultes \/ 2 DVD avec une carte enfant<br \/>\n&#8211; 2 CD<br \/>\n&#8211; 3 documents p\u00e9dagogiques (pour les cartes adultes seulement)<\/p>\n"}]},{"title":"La carte CLUB IFG","content":[{"acf_fc_layout":"button","title":"En savoir plus !","url":"https:\/\/www.ifg.gr\/club-ifg\/"}]}]},{"section":[{"title":"Site officiel  ","content":[{"acf_fc_layout":"button","title":"M\u00e9diath\u00e8que Octave Merlier","url":"https:\/\/www.mediatheque.gr\/"}]}]}]}},"yoast_head":"<!-- This site is optimized with the Yoast SEO plugin v26.8 - https:\/\/yoast.com\/product\/yoast-seo-wordpress\/ -->\n<title>La M\u00e9diath\u00e8que Octave Merlier<\/title>\n<meta name=\"description\" content=\"Centre d\u2019information et de documentation sur la France contemporaine, la M\u00e9diath\u00e8que Octave Merlier, est situ\u00e9e au 3\u00e8me \u00e9tage de l\u2019institut.\" \/>\n<meta name=\"robots\" content=\"index, follow, max-snippet:-1, max-image-preview:large, max-video-preview:-1\" \/>\n<link rel=\"canonical\" href=\"https:\/\/www.ifg.gr\/fr\/la-mediatheque-octave-merlier\/\" \/>\n<meta property=\"og:locale\" content=\"fr_FR\" \/>\n<meta property=\"og:type\" content=\"article\" \/>\n<meta property=\"og:title\" content=\"La M\u00e9diath\u00e8que Octave Merlier\" \/>\n<meta property=\"og:description\" content=\"Centre d\u2019information et de documentation sur la France contemporaine, la M\u00e9diath\u00e8que Octave Merlier, est situ\u00e9e au 3\u00e8me \u00e9tage de l\u2019institut.\" \/>\n<meta property=\"og:url\" content=\"https:\/\/www.ifg.gr\/fr\/la-mediatheque-octave-merlier\/\" \/>\n<meta property=\"og:site_name\" content=\"IFG\" \/>\n<meta property=\"article:modified_time\" content=\"2025-09-08T12:44:33+00:00\" \/>\n<meta property=\"og:image\" content=\"https:\/\/www.ifg.gr\/wp-content\/uploads\/2025\/07\/MEDIATEQUE-1200x800-1.jpg\" \/>\n\t<meta property=\"og:image:width\" content=\"2000\" \/>\n\t<meta property=\"og:image:height\" content=\"1333\" \/>\n\t<meta property=\"og:image:type\" content=\"image\/jpeg\" \/>\n<meta name=\"twitter:card\" content=\"summary_large_image\" \/>\n<meta name=\"twitter:label1\" content=\"Dur\u00e9e de lecture estim\u00e9e\" \/>\n\t<meta name=\"twitter:data1\" content=\"2 minutes\" \/>\n<script type=\"application\/ld+json\" class=\"yoast-schema-graph\">{\"@context\":\"https:\/\/schema.org\",\"@graph\":[{\"@type\":\"WebPage\",\"@id\":\"https:\/\/www.ifg.gr\/fr\/la-mediatheque-octave-merlier\/\",\"url\":\"https:\/\/www.ifg.gr\/fr\/la-mediatheque-octave-merlier\/\",\"name\":\"La M\u00e9diath\u00e8que Octave Merlier\",\"isPartOf\":{\"@id\":\"https:\/\/www.ifg.gr\/#website\"},\"primaryImageOfPage\":{\"@id\":\"https:\/\/www.ifg.gr\/fr\/la-mediatheque-octave-merlier\/#primaryimage\"},\"image\":{\"@id\":\"https:\/\/www.ifg.gr\/fr\/la-mediatheque-octave-merlier\/#primaryimage\"},\"thumbnailUrl\":\"https:\/\/www.ifg.gr\/wp-content\/uploads\/2025\/07\/MEDIATEQUE-1200x800-1.jpg\",\"datePublished\":\"2020-07-29T14:04:52+00:00\",\"dateModified\":\"2025-09-08T12:44:33+00:00\",\"description\":\"Centre d\u2019information et de documentation sur la France contemporaine, la M\u00e9diath\u00e8que Octave Merlier, est situ\u00e9e au 3\u00e8me \u00e9tage de l\u2019institut.\",\"breadcrumb\":{\"@id\":\"https:\/\/www.ifg.gr\/fr\/la-mediatheque-octave-merlier\/#breadcrumb\"},\"inLanguage\":\"fr-FR\",\"potentialAction\":[{\"@type\":\"ReadAction\",\"target\":[\"https:\/\/www.ifg.gr\/fr\/la-mediatheque-octave-merlier\/\"]}]},{\"@type\":\"ImageObject\",\"inLanguage\":\"fr-FR\",\"@id\":\"https:\/\/www.ifg.gr\/fr\/la-mediatheque-octave-merlier\/#primaryimage\",\"url\":\"https:\/\/www.ifg.gr\/wp-content\/uploads\/2025\/07\/MEDIATEQUE-1200x800-1.jpg\",\"contentUrl\":\"https:\/\/www.ifg.gr\/wp-content\/uploads\/2025\/07\/MEDIATEQUE-1200x800-1.jpg\",\"width\":2000,\"height\":1333},{\"@type\":\"BreadcrumbList\",\"@id\":\"https:\/\/www.ifg.gr\/fr\/la-mediatheque-octave-merlier\/#breadcrumb\",\"itemListElement\":[{\"@type\":\"ListItem\",\"position\":1,\"name\":\"Home\",\"item\":\"https:\/\/www.ifg.gr\/fr\/\"},{\"@type\":\"ListItem\",\"position\":2,\"name\":\"La M\u00e9diath\u00e8que Octave Merlier\"}]},{\"@type\":\"WebSite\",\"@id\":\"https:\/\/www.ifg.gr\/#website\",\"url\":\"https:\/\/www.ifg.gr\/\",\"name\":\"IFG\",\"description\":\"\",\"potentialAction\":[{\"@type\":\"SearchAction\",\"target\":{\"@type\":\"EntryPoint\",\"urlTemplate\":\"https:\/\/www.ifg.gr\/?s={search_term_string}\"},\"query-input\":{\"@type\":\"PropertyValueSpecification\",\"valueRequired\":true,\"valueName\":\"search_term_string\"}}],\"inLanguage\":\"fr-FR\"}]}<\/script>\n<!-- \/ Yoast SEO plugin. -->","yoast_head_json":{"title":"La M\u00e9diath\u00e8que Octave Merlier","description":"Centre d\u2019information et de documentation sur la France contemporaine, la M\u00e9diath\u00e8que Octave Merlier, est situ\u00e9e au 3\u00e8me \u00e9tage de l\u2019institut.","robots":{"index":"index","follow":"follow","max-snippet":"max-snippet:-1","max-image-preview":"max-image-preview:large","max-video-preview":"max-video-preview:-1"},"canonical":"https:\/\/www.ifg.gr\/fr\/la-mediatheque-octave-merlier\/","og_locale":"fr_FR","og_type":"article","og_title":"La M\u00e9diath\u00e8que Octave Merlier","og_description":"Centre d\u2019information et de documentation sur la France contemporaine, la M\u00e9diath\u00e8que Octave Merlier, est situ\u00e9e au 3\u00e8me \u00e9tage de l\u2019institut.","og_url":"https:\/\/www.ifg.gr\/fr\/la-mediatheque-octave-merlier\/","og_site_name":"IFG","article_modified_time":"2025-09-08T12:44:33+00:00","og_image":[{"width":2000,"height":1333,"url":"https:\/\/www.ifg.gr\/wp-content\/uploads\/2025\/07\/MEDIATEQUE-1200x800-1.jpg","type":"image\/jpeg"}],"twitter_card":"summary_large_image","twitter_misc":{"Dur\u00e9e de lecture estim\u00e9e":"2 minutes"},"schema":{"@context":"https:\/\/schema.org","@graph":[{"@type":"WebPage","@id":"https:\/\/www.ifg.gr\/fr\/la-mediatheque-octave-merlier\/","url":"https:\/\/www.ifg.gr\/fr\/la-mediatheque-octave-merlier\/","name":"La M\u00e9diath\u00e8que Octave Merlier","isPartOf":{"@id":"https:\/\/www.ifg.gr\/#website"},"primaryImageOfPage":{"@id":"https:\/\/www.ifg.gr\/fr\/la-mediatheque-octave-merlier\/#primaryimage"},"image":{"@id":"https:\/\/www.ifg.gr\/fr\/la-mediatheque-octave-merlier\/#primaryimage"},"thumbnailUrl":"https:\/\/www.ifg.gr\/wp-content\/uploads\/2025\/07\/MEDIATEQUE-1200x800-1.jpg","datePublished":"2020-07-29T14:04:52+00:00","dateModified":"2025-09-08T12:44:33+00:00","description":"Centre d\u2019information et de documentation sur la France contemporaine, la M\u00e9diath\u00e8que Octave Merlier, est situ\u00e9e au 3\u00e8me \u00e9tage de l\u2019institut.","breadcrumb":{"@id":"https:\/\/www.ifg.gr\/fr\/la-mediatheque-octave-merlier\/#breadcrumb"},"inLanguage":"fr-FR","potentialAction":[{"@type":"ReadAction","target":["https:\/\/www.ifg.gr\/fr\/la-mediatheque-octave-merlier\/"]}]},{"@type":"ImageObject","inLanguage":"fr-FR","@id":"https:\/\/www.ifg.gr\/fr\/la-mediatheque-octave-merlier\/#primaryimage","url":"https:\/\/www.ifg.gr\/wp-content\/uploads\/2025\/07\/MEDIATEQUE-1200x800-1.jpg","contentUrl":"https:\/\/www.ifg.gr\/wp-content\/uploads\/2025\/07\/MEDIATEQUE-1200x800-1.jpg","width":2000,"height":1333},{"@type":"BreadcrumbList","@id":"https:\/\/www.ifg.gr\/fr\/la-mediatheque-octave-merlier\/#breadcrumb","itemListElement":[{"@type":"ListItem","position":1,"name":"Home","item":"https:\/\/www.ifg.gr\/fr\/"},{"@type":"ListItem","position":2,"name":"La M\u00e9diath\u00e8que Octave Merlier"}]},{"@type":"WebSite","@id":"https:\/\/www.ifg.gr\/#website","url":"https:\/\/www.ifg.gr\/","name":"IFG","description":"","potentialAction":[{"@type":"SearchAction","target":{"@type":"EntryPoint","urlTemplate":"https:\/\/www.ifg.gr\/?s={search_term_string}"},"query-input":{"@type":"PropertyValueSpecification","valueRequired":true,"valueName":"search_term_string"}}],"inLanguage":"fr-FR"}]}},"_links":{"self":[{"href":"https:\/\/www.ifg.gr\/fr\/wp-json\/wp\/v2\/pages\/9005","targetHints":{"allow":["GET"]}}],"collection":[{"href":"https:\/\/www.ifg.gr\/fr\/wp-json\/wp\/v2\/pages"}],"about":[{"href":"https:\/\/www.ifg.gr\/fr\/wp-json\/wp\/v2\/types\/page"}],"author":[{"embeddable":true,"href":"https:\/\/www.ifg.gr\/fr\/wp-json\/wp\/v2\/users\/1"}],"replies":[{"embeddable":true,"href":"https:\/\/www.ifg.gr\/fr\/wp-json\/wp\/v2\/comments?post=9005"}],"version-history":[{"count":14,"href":"https:\/\/www.ifg.gr\/fr\/wp-json\/wp\/v2\/pages\/9005\/revisions"}],"predecessor-version":[{"id":64794,"href":"https:\/\/www.ifg.gr\/fr\/wp-json\/wp\/v2\/pages\/9005\/revisions\/64794"}],"wp:featuredmedia":[{"embeddable":true,"href":"https:\/\/www.ifg.gr\/fr\/wp-json\/wp\/v2\/media\/64356"}],"wp:attachment":[{"href":"https:\/\/www.ifg.gr\/fr\/wp-json\/wp\/v2\/media?parent=9005"}],"curies":[{"name":"wp","href":"https:\/\/api.w.org\/{rel}","templated":true}]}}