{"id":9017,"date":"2020-07-29T14:05:03","date_gmt":"2020-07-29T14:05:03","guid":{"rendered":"http:\/\/www.ifg.gr\/vivliothiki\/ilektroniko-katalogos-vivliothikis\/"},"modified":"2021-11-25T10:18:47","modified_gmt":"2021-11-25T10:18:47","slug":"catalogue-ligne","status":"publish","type":"page","link":"https:\/\/www.ifg.gr\/fr\/la-mediatheque-octave-merlier\/catalogue-ligne\/","title":{"rendered":"Lien catalogue en ligne"},"content":{"rendered":"<p>Acc\u00e9dez en ligne aux services de la M\u00e9diath\u00e8que Octave Merlier pour :<\/p>\n<p>\u2022 Consulter le catalogue et faire des r\u00e9servations. Lorsqu&rsquo;un document r\u00e9serv\u00e9 est disponible, le demandeur est averti par m\u00e9l : un d\u00e9lai d\u2019une semaine lui est accord\u00e9 pour venir le chercher.<\/p>\n<p>\u2022 Cr\u00e9er des listes de lecture.<\/p>\n<p>\u2022 Consulter votre compte lecteur pour v\u00e9rifier la liste des documents emprunt\u00e9s et leur date de retour.<\/p>\n<p>\u2022 D\u00e9couvrir les derni\u00e8res nouveaut\u00e9s et se tenir inform\u00e9 des manifestations.<\/p>\n<p>Une fois identifi\u00e9, vous avez \u00e9galement la possibilit\u00e9 de laisser des commentaires sur les livres ou les films que vous avez appr\u00e9ci\u00e9s. Pour vous connecter il vous suffit d\u2019entrer votre identifiant et votre mot de passe, donn\u00e9s par m\u00e9l lors de votre inscription.<\/p>\n<p>Cliquez ici pour acc\u00e9der \u00e0 notre catalogue en ligne: <a href=\"https:\/\/www.mediatheque.gr\/\" target=\"_blank\" rel=\"noopener noreferrer\">www.mediatheque.gr<\/a><\/p>\n","protected":false},"excerpt":{"rendered":"<p>Acc\u00e9dez en ligne aux services de la M\u00e9diath\u00e8que Octave Merlier pour : \u2022 Consulter le catalogue et faire des r\u00e9servations. Lorsqu&rsquo;un document r\u00e9serv\u00e9 est disponible, le demandeur est averti par m\u00e9l : un d\u00e9lai d\u2019une semaine lui est accord\u00e9 pour venir le chercher. \u2022 Cr\u00e9er des listes de lecture. \u2022 Consulter votre compte lecteur pour [&hellip;]<\/p>\n","protected":false},"author":1,"featured_media":0,"parent":9005,"menu_order":34,"comment_status":"closed","ping_status":"closed","template":"","meta":{"_acf_changed":false,"_searchwp_excluded":"","footnotes":""},"class_list":["post-9017","page","type-page","status-publish","hentry"],"acf":{"background_color":"","hero_has_side_paragraph":false,"layout":false,"show_sidebar":false},"yoast_head":"<!-- This site is optimized with the Yoast SEO plugin v27.5 - https:\/\/yoast.com\/product\/yoast-seo-wordpress\/ -->\n<title>Lien catalogue en ligne<\/title>\n<meta name=\"description\" content=\"Acc\u00e9dez en ligne aux services de la m\u00e9diath\u00e8que Octave Merlier.\" \/>\n<meta name=\"robots\" content=\"index, follow, max-snippet:-1, max-image-preview:large, max-video-preview:-1\" \/>\n<link rel=\"canonical\" href=\"https:\/\/www.ifg.gr\/vivliothiki\/ilektroniko-katalogos-vivliothikis\/\" \/>\n<meta property=\"og:locale\" content=\"fr_FR\" \/>\n<meta property=\"og:type\" content=\"article\" \/>\n<meta property=\"og:title\" content=\"Lien catalogue en ligne\" \/>\n<meta property=\"og:description\" content=\"Acc\u00e9dez en ligne aux services de la m\u00e9diath\u00e8que Octave Merlier.\" \/>\n<meta property=\"og:url\" content=\"https:\/\/www.ifg.gr\/vivliothiki\/ilektroniko-katalogos-vivliothikis\/\" \/>\n<meta property=\"og:site_name\" content=\"IFG\" \/>\n<meta property=\"article:modified_time\" content=\"2021-11-25T10:18:47+00:00\" \/>\n<meta name=\"twitter:card\" content=\"summary_large_image\" \/>\n<meta name=\"twitter:label1\" content=\"Dur\u00e9e de lecture estim\u00e9e\" \/>\n\t<meta name=\"twitter:data1\" content=\"1 minute\" \/>\n<script type=\"application\/ld+json\" class=\"yoast-schema-graph\">{\"@context\":\"https:\\\/\\\/schema.org\",\"@graph\":[{\"@type\":\"WebPage\",\"@id\":\"https:\\\/\\\/www.ifg.gr\\\/vivliothiki\\\/ilektroniko-katalogos-vivliothikis\\\/\",\"url\":\"https:\\\/\\\/www.ifg.gr\\\/vivliothiki\\\/ilektroniko-katalogos-vivliothikis\\\/\",\"name\":\"Lien catalogue en ligne\",\"isPartOf\":{\"@id\":\"https:\\\/\\\/www.ifg.gr\\\/#website\"},\"datePublished\":\"2020-07-29T14:05:03+00:00\",\"dateModified\":\"2021-11-25T10:18:47+00:00\",\"description\":\"Acc\u00e9dez en ligne aux services de la m\u00e9diath\u00e8que Octave Merlier.\",\"breadcrumb\":{\"@id\":\"https:\\\/\\\/www.ifg.gr\\\/vivliothiki\\\/ilektroniko-katalogos-vivliothikis\\\/#breadcrumb\"},\"inLanguage\":\"fr-FR\",\"potentialAction\":[{\"@type\":\"ReadAction\",\"target\":[\"https:\\\/\\\/www.ifg.gr\\\/vivliothiki\\\/ilektroniko-katalogos-vivliothikis\\\/\"]}]},{\"@type\":\"BreadcrumbList\",\"@id\":\"https:\\\/\\\/www.ifg.gr\\\/vivliothiki\\\/ilektroniko-katalogos-vivliothikis\\\/#breadcrumb\",\"itemListElement\":[{\"@type\":\"ListItem\",\"position\":1,\"name\":\"Home\",\"item\":\"https:\\\/\\\/www.ifg.gr\\\/fr\\\/\"},{\"@type\":\"ListItem\",\"position\":2,\"name\":\"La M\u00e9diath\u00e8que Octave Merlier\",\"item\":\"https:\\\/\\\/www.ifg.gr\\\/fr\\\/la-mediatheque-octave-merlier\\\/\"},{\"@type\":\"ListItem\",\"position\":3,\"name\":\"Lien catalogue en ligne\"}]},{\"@type\":\"WebSite\",\"@id\":\"https:\\\/\\\/www.ifg.gr\\\/#website\",\"url\":\"https:\\\/\\\/www.ifg.gr\\\/\",\"name\":\"IFG\",\"description\":\"\",\"potentialAction\":[{\"@type\":\"SearchAction\",\"target\":{\"@type\":\"EntryPoint\",\"urlTemplate\":\"https:\\\/\\\/www.ifg.gr\\\/?s={search_term_string}\"},\"query-input\":{\"@type\":\"PropertyValueSpecification\",\"valueRequired\":true,\"valueName\":\"search_term_string\"}}],\"inLanguage\":\"fr-FR\"}]}<\/script>\n<!-- \/ Yoast SEO plugin. -->","yoast_head_json":{"title":"Lien catalogue en ligne","description":"Acc\u00e9dez en ligne aux services de la m\u00e9diath\u00e8que Octave Merlier.","robots":{"index":"index","follow":"follow","max-snippet":"max-snippet:-1","max-image-preview":"max-image-preview:large","max-video-preview":"max-video-preview:-1"},"canonical":"https:\/\/www.ifg.gr\/vivliothiki\/ilektroniko-katalogos-vivliothikis\/","og_locale":"fr_FR","og_type":"article","og_title":"Lien catalogue en ligne","og_description":"Acc\u00e9dez en ligne aux services de la m\u00e9diath\u00e8que Octave Merlier.","og_url":"https:\/\/www.ifg.gr\/vivliothiki\/ilektroniko-katalogos-vivliothikis\/","og_site_name":"IFG","article_modified_time":"2021-11-25T10:18:47+00:00","twitter_card":"summary_large_image","twitter_misc":{"Dur\u00e9e de lecture estim\u00e9e":"1 minute"},"schema":{"@context":"https:\/\/schema.org","@graph":[{"@type":"WebPage","@id":"https:\/\/www.ifg.gr\/vivliothiki\/ilektroniko-katalogos-vivliothikis\/","url":"https:\/\/www.ifg.gr\/vivliothiki\/ilektroniko-katalogos-vivliothikis\/","name":"Lien catalogue en ligne","isPartOf":{"@id":"https:\/\/www.ifg.gr\/#website"},"datePublished":"2020-07-29T14:05:03+00:00","dateModified":"2021-11-25T10:18:47+00:00","description":"Acc\u00e9dez en ligne aux services de la m\u00e9diath\u00e8que Octave Merlier.","breadcrumb":{"@id":"https:\/\/www.ifg.gr\/vivliothiki\/ilektroniko-katalogos-vivliothikis\/#breadcrumb"},"inLanguage":"fr-FR","potentialAction":[{"@type":"ReadAction","target":["https:\/\/www.ifg.gr\/vivliothiki\/ilektroniko-katalogos-vivliothikis\/"]}]},{"@type":"BreadcrumbList","@id":"https:\/\/www.ifg.gr\/vivliothiki\/ilektroniko-katalogos-vivliothikis\/#breadcrumb","itemListElement":[{"@type":"ListItem","position":1,"name":"Home","item":"https:\/\/www.ifg.gr\/fr\/"},{"@type":"ListItem","position":2,"name":"La M\u00e9diath\u00e8que Octave Merlier","item":"https:\/\/www.ifg.gr\/fr\/la-mediatheque-octave-merlier\/"},{"@type":"ListItem","position":3,"name":"Lien catalogue en ligne"}]},{"@type":"WebSite","@id":"https:\/\/www.ifg.gr\/#website","url":"https:\/\/www.ifg.gr\/","name":"IFG","description":"","potentialAction":[{"@type":"SearchAction","target":{"@type":"EntryPoint","urlTemplate":"https:\/\/www.ifg.gr\/?s={search_term_string}"},"query-input":{"@type":"PropertyValueSpecification","valueRequired":true,"valueName":"search_term_string"}}],"inLanguage":"fr-FR"}]}},"_links":{"self":[{"href":"https:\/\/www.ifg.gr\/fr\/wp-json\/wp\/v2\/pages\/9017","targetHints":{"allow":["GET"]}}],"collection":[{"href":"https:\/\/www.ifg.gr\/fr\/wp-json\/wp\/v2\/pages"}],"about":[{"href":"https:\/\/www.ifg.gr\/fr\/wp-json\/wp\/v2\/types\/page"}],"author":[{"embeddable":true,"href":"https:\/\/www.ifg.gr\/fr\/wp-json\/wp\/v2\/users\/1"}],"replies":[{"embeddable":true,"href":"https:\/\/www.ifg.gr\/fr\/wp-json\/wp\/v2\/comments?post=9017"}],"version-history":[{"count":0,"href":"https:\/\/www.ifg.gr\/fr\/wp-json\/wp\/v2\/pages\/9017\/revisions"}],"up":[{"embeddable":true,"href":"https:\/\/www.ifg.gr\/fr\/wp-json\/wp\/v2\/pages\/9005"}],"wp:attachment":[{"href":"https:\/\/www.ifg.gr\/fr\/wp-json\/wp\/v2\/media?parent=9017"}],"curies":[{"name":"wp","href":"https:\/\/api.w.org\/{rel}","templated":true}]}}