{"id":9020,"date":"2020-07-29T14:05:34","date_gmt":"2020-07-29T14:05:34","guid":{"rendered":"http:\/\/www.ifg.gr\/vivliothiki\/engrafi-daneismos-carte-club-ifg\/"},"modified":"2025-07-01T15:15:58","modified_gmt":"2025-07-01T12:15:58","slug":"comment-sinscrire","status":"publish","type":"page","link":"https:\/\/www.ifg.gr\/fr\/la-mediatheque-octave-merlier\/comment-sinscrire\/","title":{"rendered":"Comment s\u2019inscrire"},"content":{"rendered":"<p><strong>Carte-club IFG<\/strong><\/p>\n<p>Tous ceux qui le d\u00e9sirent, peuvent s\u2019inscrire \u00e0 la M\u00e9diath\u00e8que et b\u00e9n\u00e9ficier des avantages de la carte-club IFG qui donne droit aussi \u00e0 des invitations ou des entr\u00e9es \u00e0 tarif r\u00e9duit pour les manifestations de l\u2019Institut et de ses partenaires. Il suffit de pr\u00e9senter sa carte d\u2019identit\u00e9, de remplir une fiche de renseignements et de s\u2019acquitter du droit d\u2019inscription.<\/p>\n<p>La carte est nominative et doit \u00eatre pr\u00e9sent\u00e9e pour pouvoir emprunter. Les abonn\u00e9s sont responsables des documents emprunt\u00e9s sur leur carte et doivent informer la m\u00e9diath\u00e8que en cas de changement dans leurs coordonn\u00e9es.<\/p>\n<p><strong>Tarifs<\/strong><\/p>\n<p>Enfants de moins de 14 ans : 10 \u20ac<br \/>\nEntre 14 et 18 ans : 25 \u20ac<br \/>\n\u00c9l\u00e8ves et \u00e9tudiants de l\u2019Institut : gratuit<br \/>\nAdulte plein tarif : 35 \u20ac par an \/ 6 mois : 25 \u20ac<br \/>\nEtudiants, ch\u00f4meurs, retrait\u00e9s et professeurs de fran\u00e7ais : 25 \u20ac par an sur pr\u00e9sentation de justificatifs<\/p>\n<p>Les inscriptions \u00e0 la M\u00e9diath\u00e8que Octave Merlier, se font au rez-de-chauss\u00e9e au service des inscriptions.<\/p>\n<p>Pour une premi\u00e8re inscription ou le renouvellement en ligne de votre inscription, <a href=\"https:\/\/ifgrece.extranet-aec.com\/products\/view\/4-ADHESIONS\" target=\"_blank\" rel=\"noopener noreferrer\">cliquez ici<\/a> !<\/p>\n<p><strong>Le pr\u00eat<\/strong><br \/>\nLe pr\u00eat est d\u2019une dur\u00e9e de 3 semaines et l\u2019abonn\u00e9 peut emprunter 5 imprim\u00e9s (p\u00e9riodiques ou livres, 3 livres dans la section d\u2019apprentissage du fran\u00e7ais, 4 DVD, 2 CD de musique et 1 jeu vid\u00e9o.<\/p>\n<p>Le pr\u00eat est renouvelable une fois et pour une dur\u00e9e d\u2019une semaine. La prolongation se fait sur demande \u00e0 l\u2019accueil de la m\u00e9diath\u00e8que, par t\u00e9l\u00e9phone ou par m\u00e9l, ainsi que via le site internet. Les documents ne devront ni \u00eatre en retard ni r\u00e9serv\u00e9s.<\/p>\n<p>En cas de perte ou d\u00e9t\u00e9rioration, l\u2019abonn\u00e9 devra r\u00e9gler \u00e0 la m\u00e9diath\u00e8que le montant du document \u00e0 l\u2019\u00e9tat neuf.<\/p>\n<p>Pour tout autre renseignement, n\u2019h\u00e9sitez pas \u00e0 vous adresser au personnel.<\/p>\n<p><strong>T\u00e9l. : 210 33 98 650 \/ mediatheque@ifg.gr<\/strong><\/p>\n","protected":false},"excerpt":{"rendered":"<p>Carte-club IFG Tous ceux qui le d\u00e9sirent, peuvent s\u2019inscrire \u00e0 la M\u00e9diath\u00e8que et b\u00e9n\u00e9ficier des avantages de la carte-club IFG qui donne droit aussi \u00e0 des invitations ou des entr\u00e9es \u00e0 tarif r\u00e9duit pour les manifestations de l\u2019Institut et de ses partenaires. Il suffit de pr\u00e9senter sa carte d\u2019identit\u00e9, de remplir une fiche de renseignements [&hellip;]<\/p>\n","protected":false},"author":1,"featured_media":0,"parent":9005,"menu_order":37,"comment_status":"closed","ping_status":"closed","template":"","meta":{"_acf_changed":false,"_searchwp_excluded":"","footnotes":""},"class_list":["post-9020","page","type-page","status-publish","hentry"],"acf":{"background_color":"","hero_has_side_paragraph":false,"layout":false,"show_sidebar":false},"yoast_head":"<!-- This site is optimized with the Yoast SEO plugin v26.8 - https:\/\/yoast.com\/product\/yoast-seo-wordpress\/ -->\n<title>Comment s\u2019inscrire - Carte-club IFG<\/title>\n<meta name=\"description\" content=\"Les inscriptions \u00e0 la M\u00e9diath\u00e8que Octave Merlier, se font au rez-de-chauss\u00e9e au Service des Inscriptions.\" \/>\n<meta name=\"robots\" content=\"index, follow, max-snippet:-1, max-image-preview:large, max-video-preview:-1\" \/>\n<link rel=\"canonical\" href=\"https:\/\/www.ifg.gr\/fr\/la-mediatheque-octave-merlier\/comment-sinscrire\/\" \/>\n<meta property=\"og:locale\" content=\"fr_FR\" \/>\n<meta property=\"og:type\" content=\"article\" \/>\n<meta property=\"og:title\" content=\"Comment s\u2019inscrire - Carte-club IFG\" \/>\n<meta property=\"og:description\" content=\"Les inscriptions \u00e0 la M\u00e9diath\u00e8que Octave Merlier, se font au rez-de-chauss\u00e9e au Service des Inscriptions.\" \/>\n<meta property=\"og:url\" content=\"https:\/\/www.ifg.gr\/fr\/la-mediatheque-octave-merlier\/comment-sinscrire\/\" \/>\n<meta property=\"og:site_name\" content=\"IFG\" \/>\n<meta property=\"article:modified_time\" content=\"2025-07-01T12:15:58+00:00\" \/>\n<meta name=\"twitter:card\" content=\"summary_large_image\" \/>\n<meta name=\"twitter:label1\" content=\"Dur\u00e9e de lecture estim\u00e9e\" \/>\n\t<meta name=\"twitter:data1\" content=\"2 minutes\" \/>\n<script type=\"application\/ld+json\" class=\"yoast-schema-graph\">{\"@context\":\"https:\/\/schema.org\",\"@graph\":[{\"@type\":\"WebPage\",\"@id\":\"https:\/\/www.ifg.gr\/fr\/la-mediatheque-octave-merlier\/comment-sinscrire\/\",\"url\":\"https:\/\/www.ifg.gr\/fr\/la-mediatheque-octave-merlier\/comment-sinscrire\/\",\"name\":\"Comment s\u2019inscrire - Carte-club IFG\",\"isPartOf\":{\"@id\":\"https:\/\/www.ifg.gr\/#website\"},\"datePublished\":\"2020-07-29T14:05:34+00:00\",\"dateModified\":\"2025-07-01T12:15:58+00:00\",\"description\":\"Les inscriptions \u00e0 la M\u00e9diath\u00e8que Octave Merlier, se font au rez-de-chauss\u00e9e au Service des Inscriptions.\",\"breadcrumb\":{\"@id\":\"https:\/\/www.ifg.gr\/fr\/la-mediatheque-octave-merlier\/comment-sinscrire\/#breadcrumb\"},\"inLanguage\":\"fr-FR\",\"potentialAction\":[{\"@type\":\"ReadAction\",\"target\":[\"https:\/\/www.ifg.gr\/fr\/la-mediatheque-octave-merlier\/comment-sinscrire\/\"]}]},{\"@type\":\"BreadcrumbList\",\"@id\":\"https:\/\/www.ifg.gr\/fr\/la-mediatheque-octave-merlier\/comment-sinscrire\/#breadcrumb\",\"itemListElement\":[{\"@type\":\"ListItem\",\"position\":1,\"name\":\"Home\",\"item\":\"https:\/\/www.ifg.gr\/fr\/\"},{\"@type\":\"ListItem\",\"position\":2,\"name\":\"La M\u00e9diath\u00e8que Octave Merlier\",\"item\":\"https:\/\/www.ifg.gr\/fr\/la-mediatheque-octave-merlier\/\"},{\"@type\":\"ListItem\",\"position\":3,\"name\":\"Comment s\u2019inscrire\"}]},{\"@type\":\"WebSite\",\"@id\":\"https:\/\/www.ifg.gr\/#website\",\"url\":\"https:\/\/www.ifg.gr\/\",\"name\":\"IFG\",\"description\":\"\",\"potentialAction\":[{\"@type\":\"SearchAction\",\"target\":{\"@type\":\"EntryPoint\",\"urlTemplate\":\"https:\/\/www.ifg.gr\/?s={search_term_string}\"},\"query-input\":{\"@type\":\"PropertyValueSpecification\",\"valueRequired\":true,\"valueName\":\"search_term_string\"}}],\"inLanguage\":\"fr-FR\"}]}<\/script>\n<!-- \/ Yoast SEO plugin. -->","yoast_head_json":{"title":"Comment s\u2019inscrire - Carte-club IFG","description":"Les inscriptions \u00e0 la M\u00e9diath\u00e8que Octave Merlier, se font au rez-de-chauss\u00e9e au Service des Inscriptions.","robots":{"index":"index","follow":"follow","max-snippet":"max-snippet:-1","max-image-preview":"max-image-preview:large","max-video-preview":"max-video-preview:-1"},"canonical":"https:\/\/www.ifg.gr\/fr\/la-mediatheque-octave-merlier\/comment-sinscrire\/","og_locale":"fr_FR","og_type":"article","og_title":"Comment s\u2019inscrire - Carte-club IFG","og_description":"Les inscriptions \u00e0 la M\u00e9diath\u00e8que Octave Merlier, se font au rez-de-chauss\u00e9e au Service des Inscriptions.","og_url":"https:\/\/www.ifg.gr\/fr\/la-mediatheque-octave-merlier\/comment-sinscrire\/","og_site_name":"IFG","article_modified_time":"2025-07-01T12:15:58+00:00","twitter_card":"summary_large_image","twitter_misc":{"Dur\u00e9e de lecture estim\u00e9e":"2 minutes"},"schema":{"@context":"https:\/\/schema.org","@graph":[{"@type":"WebPage","@id":"https:\/\/www.ifg.gr\/fr\/la-mediatheque-octave-merlier\/comment-sinscrire\/","url":"https:\/\/www.ifg.gr\/fr\/la-mediatheque-octave-merlier\/comment-sinscrire\/","name":"Comment s\u2019inscrire - Carte-club IFG","isPartOf":{"@id":"https:\/\/www.ifg.gr\/#website"},"datePublished":"2020-07-29T14:05:34+00:00","dateModified":"2025-07-01T12:15:58+00:00","description":"Les inscriptions \u00e0 la M\u00e9diath\u00e8que Octave Merlier, se font au rez-de-chauss\u00e9e au Service des Inscriptions.","breadcrumb":{"@id":"https:\/\/www.ifg.gr\/fr\/la-mediatheque-octave-merlier\/comment-sinscrire\/#breadcrumb"},"inLanguage":"fr-FR","potentialAction":[{"@type":"ReadAction","target":["https:\/\/www.ifg.gr\/fr\/la-mediatheque-octave-merlier\/comment-sinscrire\/"]}]},{"@type":"BreadcrumbList","@id":"https:\/\/www.ifg.gr\/fr\/la-mediatheque-octave-merlier\/comment-sinscrire\/#breadcrumb","itemListElement":[{"@type":"ListItem","position":1,"name":"Home","item":"https:\/\/www.ifg.gr\/fr\/"},{"@type":"ListItem","position":2,"name":"La M\u00e9diath\u00e8que Octave Merlier","item":"https:\/\/www.ifg.gr\/fr\/la-mediatheque-octave-merlier\/"},{"@type":"ListItem","position":3,"name":"Comment s\u2019inscrire"}]},{"@type":"WebSite","@id":"https:\/\/www.ifg.gr\/#website","url":"https:\/\/www.ifg.gr\/","name":"IFG","description":"","potentialAction":[{"@type":"SearchAction","target":{"@type":"EntryPoint","urlTemplate":"https:\/\/www.ifg.gr\/?s={search_term_string}"},"query-input":{"@type":"PropertyValueSpecification","valueRequired":true,"valueName":"search_term_string"}}],"inLanguage":"fr-FR"}]}},"_links":{"self":[{"href":"https:\/\/www.ifg.gr\/fr\/wp-json\/wp\/v2\/pages\/9020","targetHints":{"allow":["GET"]}}],"collection":[{"href":"https:\/\/www.ifg.gr\/fr\/wp-json\/wp\/v2\/pages"}],"about":[{"href":"https:\/\/www.ifg.gr\/fr\/wp-json\/wp\/v2\/types\/page"}],"author":[{"embeddable":true,"href":"https:\/\/www.ifg.gr\/fr\/wp-json\/wp\/v2\/users\/1"}],"replies":[{"embeddable":true,"href":"https:\/\/www.ifg.gr\/fr\/wp-json\/wp\/v2\/comments?post=9020"}],"version-history":[{"count":1,"href":"https:\/\/www.ifg.gr\/fr\/wp-json\/wp\/v2\/pages\/9020\/revisions"}],"predecessor-version":[{"id":64351,"href":"https:\/\/www.ifg.gr\/fr\/wp-json\/wp\/v2\/pages\/9020\/revisions\/64351"}],"up":[{"embeddable":true,"href":"https:\/\/www.ifg.gr\/fr\/wp-json\/wp\/v2\/pages\/9005"}],"wp:attachment":[{"href":"https:\/\/www.ifg.gr\/fr\/wp-json\/wp\/v2\/media?parent=9020"}],"curies":[{"name":"wp","href":"https:\/\/api.w.org\/{rel}","templated":true}]}}