{"id":9035,"date":"2020-07-29T13:57:57","date_gmt":"2020-07-29T13:57:57","guid":{"rendered":"http:\/\/www.ifg.gr\/%cf%83%cf%85%ce%bd%ce%b5%cf%81%ce%b3%ce%b5%ce%b9%ce%b5%cf%83\/"},"modified":"2020-10-09T13:45:32","modified_gmt":"2020-10-09T13:45:32","slug":"synergies","status":"publish","type":"page","link":"https:\/\/www.ifg.gr\/fr\/synergies\/","title":{"rendered":"SYNERGIES"},"content":{"rendered":"<p>Le <strong>service de coop\u00e9ration et d\u2019action culturelle de l\u2019Ambassade de France \u2013 Institut fran\u00e7ais de Gr\u00e8ce<\/strong> a pour mission de proposer et faire vivre des partenariats avec les diff\u00e9rents acteurs de la culture et de l\u2019\u00e9ducation en Gr\u00e8ce : autorit\u00e9s nationales, op\u00e9rateurs culturels, collectivit\u00e9s locales, universit\u00e9s, etc., afin de jouer un r\u00f4le toujours plus actif au service des \u00e9changes entre les deux pays.<\/p>\n<p>Ces coop\u00e9rations ou \u00ab <strong>synergies<\/strong> \u00bb, s\u2019inscrivent dans le cadre de la diplomatie d\u2019influence et de solidarit\u00e9 de la France envers la Gr\u00e8ce, et refl\u00e8tent ses valeurs.<\/p>\n","protected":false},"excerpt":{"rendered":"<p>Le service de coop\u00e9ration et d\u2019action culturelle de l\u2019Ambassade de France \u2013 Institut fran\u00e7ais de Gr\u00e8ce a pour mission de proposer et faire vivre des partenariats avec les diff\u00e9rents acteurs de la culture et de l\u2019\u00e9ducation en Gr\u00e8ce : autorit\u00e9s nationales, op\u00e9rateurs culturels, collectivit\u00e9s locales, universit\u00e9s, etc., afin de jouer un r\u00f4le toujours plus actif [&hellip;]<\/p>\n","protected":false},"author":1,"featured_media":24121,"parent":0,"menu_order":51,"comment_status":"closed","ping_status":"closed","template":"","meta":{"_acf_changed":false,"_searchwp_excluded":"","footnotes":""},"class_list":["post-9035","page","type-page","status-publish","has-post-thumbnail","hentry"],"acf":{"background_color":"#849eb7","hero_has_side_paragraph":false,"layout":false,"show_sidebar":false},"yoast_head":"<!-- This site is optimized with the Yoast SEO plugin v26.8 - https:\/\/yoast.com\/product\/yoast-seo-wordpress\/ -->\n<title>SYNERGIES - IFG<\/title>\n<meta name=\"robots\" content=\"index, follow, max-snippet:-1, max-image-preview:large, max-video-preview:-1\" \/>\n<link rel=\"canonical\" href=\"https:\/\/www.ifg.gr\/fr\/synergies\/\" \/>\n<meta property=\"og:locale\" content=\"fr_FR\" \/>\n<meta property=\"og:type\" content=\"article\" \/>\n<meta property=\"og:title\" content=\"SYNERGIES - IFG\" \/>\n<meta property=\"og:description\" content=\"Le service de coop\u00e9ration et d\u2019action culturelle de l\u2019Ambassade de France \u2013 Institut fran\u00e7ais de Gr\u00e8ce a pour mission de proposer et faire vivre des partenariats avec les diff\u00e9rents acteurs de la culture et de l\u2019\u00e9ducation en Gr\u00e8ce : autorit\u00e9s nationales, op\u00e9rateurs culturels, collectivit\u00e9s locales, universit\u00e9s, etc., afin de jouer un r\u00f4le toujours plus actif [&hellip;]\" \/>\n<meta property=\"og:url\" content=\"https:\/\/www.ifg.gr\/fr\/synergies\/\" \/>\n<meta property=\"og:site_name\" content=\"IFG\" \/>\n<meta property=\"article:modified_time\" content=\"2020-10-09T13:45:32+00:00\" \/>\n<meta property=\"og:image\" content=\"https:\/\/www.ifg.gr\/wp-content\/uploads\/2020\/10\/photos-bw_05-scaled.jpeg\" \/>\n\t<meta property=\"og:image:width\" content=\"1897\" \/>\n\t<meta property=\"og:image:height\" content=\"2560\" \/>\n\t<meta property=\"og:image:type\" content=\"image\/jpeg\" \/>\n<meta name=\"twitter:card\" content=\"summary_large_image\" \/>\n<meta name=\"twitter:label1\" content=\"Dur\u00e9e de lecture estim\u00e9e\" \/>\n\t<meta name=\"twitter:data1\" content=\"1 minute\" \/>\n<script type=\"application\/ld+json\" class=\"yoast-schema-graph\">{\"@context\":\"https:\/\/schema.org\",\"@graph\":[{\"@type\":\"WebPage\",\"@id\":\"https:\/\/www.ifg.gr\/fr\/synergies\/\",\"url\":\"https:\/\/www.ifg.gr\/fr\/synergies\/\",\"name\":\"SYNERGIES - IFG\",\"isPartOf\":{\"@id\":\"https:\/\/www.ifg.gr\/#website\"},\"primaryImageOfPage\":{\"@id\":\"https:\/\/www.ifg.gr\/fr\/synergies\/#primaryimage\"},\"image\":{\"@id\":\"https:\/\/www.ifg.gr\/fr\/synergies\/#primaryimage\"},\"thumbnailUrl\":\"https:\/\/www.ifg.gr\/wp-content\/uploads\/2020\/10\/photos-bw_05-scaled.jpeg\",\"datePublished\":\"2020-07-29T13:57:57+00:00\",\"dateModified\":\"2020-10-09T13:45:32+00:00\",\"breadcrumb\":{\"@id\":\"https:\/\/www.ifg.gr\/fr\/synergies\/#breadcrumb\"},\"inLanguage\":\"fr-FR\",\"potentialAction\":[{\"@type\":\"ReadAction\",\"target\":[\"https:\/\/www.ifg.gr\/fr\/synergies\/\"]}]},{\"@type\":\"ImageObject\",\"inLanguage\":\"fr-FR\",\"@id\":\"https:\/\/www.ifg.gr\/fr\/synergies\/#primaryimage\",\"url\":\"https:\/\/www.ifg.gr\/wp-content\/uploads\/2020\/10\/photos-bw_05-scaled.jpeg\",\"contentUrl\":\"https:\/\/www.ifg.gr\/wp-content\/uploads\/2020\/10\/photos-bw_05-scaled.jpeg\",\"width\":1897,\"height\":2560},{\"@type\":\"BreadcrumbList\",\"@id\":\"https:\/\/www.ifg.gr\/fr\/synergies\/#breadcrumb\",\"itemListElement\":[{\"@type\":\"ListItem\",\"position\":1,\"name\":\"Home\",\"item\":\"https:\/\/www.ifg.gr\/fr\/\"},{\"@type\":\"ListItem\",\"position\":2,\"name\":\"SYNERGIES\"}]},{\"@type\":\"WebSite\",\"@id\":\"https:\/\/www.ifg.gr\/#website\",\"url\":\"https:\/\/www.ifg.gr\/\",\"name\":\"IFG\",\"description\":\"\",\"potentialAction\":[{\"@type\":\"SearchAction\",\"target\":{\"@type\":\"EntryPoint\",\"urlTemplate\":\"https:\/\/www.ifg.gr\/?s={search_term_string}\"},\"query-input\":{\"@type\":\"PropertyValueSpecification\",\"valueRequired\":true,\"valueName\":\"search_term_string\"}}],\"inLanguage\":\"fr-FR\"}]}<\/script>\n<!-- \/ Yoast SEO plugin. -->","yoast_head_json":{"title":"SYNERGIES - IFG","robots":{"index":"index","follow":"follow","max-snippet":"max-snippet:-1","max-image-preview":"max-image-preview:large","max-video-preview":"max-video-preview:-1"},"canonical":"https:\/\/www.ifg.gr\/fr\/synergies\/","og_locale":"fr_FR","og_type":"article","og_title":"SYNERGIES - IFG","og_description":"Le service de coop\u00e9ration et d\u2019action culturelle de l\u2019Ambassade de France \u2013 Institut fran\u00e7ais de Gr\u00e8ce a pour mission de proposer et faire vivre des partenariats avec les diff\u00e9rents acteurs de la culture et de l\u2019\u00e9ducation en Gr\u00e8ce : autorit\u00e9s nationales, op\u00e9rateurs culturels, collectivit\u00e9s locales, universit\u00e9s, etc., afin de jouer un r\u00f4le toujours plus actif [&hellip;]","og_url":"https:\/\/www.ifg.gr\/fr\/synergies\/","og_site_name":"IFG","article_modified_time":"2020-10-09T13:45:32+00:00","og_image":[{"width":1897,"height":2560,"url":"https:\/\/www.ifg.gr\/wp-content\/uploads\/2020\/10\/photos-bw_05-scaled.jpeg","type":"image\/jpeg"}],"twitter_card":"summary_large_image","twitter_misc":{"Dur\u00e9e de lecture estim\u00e9e":"1 minute"},"schema":{"@context":"https:\/\/schema.org","@graph":[{"@type":"WebPage","@id":"https:\/\/www.ifg.gr\/fr\/synergies\/","url":"https:\/\/www.ifg.gr\/fr\/synergies\/","name":"SYNERGIES - IFG","isPartOf":{"@id":"https:\/\/www.ifg.gr\/#website"},"primaryImageOfPage":{"@id":"https:\/\/www.ifg.gr\/fr\/synergies\/#primaryimage"},"image":{"@id":"https:\/\/www.ifg.gr\/fr\/synergies\/#primaryimage"},"thumbnailUrl":"https:\/\/www.ifg.gr\/wp-content\/uploads\/2020\/10\/photos-bw_05-scaled.jpeg","datePublished":"2020-07-29T13:57:57+00:00","dateModified":"2020-10-09T13:45:32+00:00","breadcrumb":{"@id":"https:\/\/www.ifg.gr\/fr\/synergies\/#breadcrumb"},"inLanguage":"fr-FR","potentialAction":[{"@type":"ReadAction","target":["https:\/\/www.ifg.gr\/fr\/synergies\/"]}]},{"@type":"ImageObject","inLanguage":"fr-FR","@id":"https:\/\/www.ifg.gr\/fr\/synergies\/#primaryimage","url":"https:\/\/www.ifg.gr\/wp-content\/uploads\/2020\/10\/photos-bw_05-scaled.jpeg","contentUrl":"https:\/\/www.ifg.gr\/wp-content\/uploads\/2020\/10\/photos-bw_05-scaled.jpeg","width":1897,"height":2560},{"@type":"BreadcrumbList","@id":"https:\/\/www.ifg.gr\/fr\/synergies\/#breadcrumb","itemListElement":[{"@type":"ListItem","position":1,"name":"Home","item":"https:\/\/www.ifg.gr\/fr\/"},{"@type":"ListItem","position":2,"name":"SYNERGIES"}]},{"@type":"WebSite","@id":"https:\/\/www.ifg.gr\/#website","url":"https:\/\/www.ifg.gr\/","name":"IFG","description":"","potentialAction":[{"@type":"SearchAction","target":{"@type":"EntryPoint","urlTemplate":"https:\/\/www.ifg.gr\/?s={search_term_string}"},"query-input":{"@type":"PropertyValueSpecification","valueRequired":true,"valueName":"search_term_string"}}],"inLanguage":"fr-FR"}]}},"_links":{"self":[{"href":"https:\/\/www.ifg.gr\/fr\/wp-json\/wp\/v2\/pages\/9035","targetHints":{"allow":["GET"]}}],"collection":[{"href":"https:\/\/www.ifg.gr\/fr\/wp-json\/wp\/v2\/pages"}],"about":[{"href":"https:\/\/www.ifg.gr\/fr\/wp-json\/wp\/v2\/types\/page"}],"author":[{"embeddable":true,"href":"https:\/\/www.ifg.gr\/fr\/wp-json\/wp\/v2\/users\/1"}],"replies":[{"embeddable":true,"href":"https:\/\/www.ifg.gr\/fr\/wp-json\/wp\/v2\/comments?post=9035"}],"version-history":[{"count":0,"href":"https:\/\/www.ifg.gr\/fr\/wp-json\/wp\/v2\/pages\/9035\/revisions"}],"wp:featuredmedia":[{"embeddable":true,"href":"https:\/\/www.ifg.gr\/fr\/wp-json\/wp\/v2\/media\/24121"}],"wp:attachment":[{"href":"https:\/\/www.ifg.gr\/fr\/wp-json\/wp\/v2\/media?parent=9035"}],"curies":[{"name":"wp","href":"https:\/\/api.w.org\/{rel}","templated":true}]}}