{"id":9037,"date":"2020-07-29T14:04:24","date_gmt":"2020-07-29T14:04:24","guid":{"rendered":"http:\/\/www.ifg.gr\/%cf%83%cf%85%ce%bd%ce%b5%cf%81%ce%b3%ce%b5%ce%b9%ce%b5%cf%83\/%ce%ba%ce%b1%cf%84%ce%ac%cf%81%cf%84%ce%b9%cf%83%ce%b7-%ce%b5%cf%80%ce%b1%ce%b3%ce%b3%ce%b5%ce%bb%ce%bc%ce%b1%cf%84%ce%b9%cf%8e%ce%bd\/"},"modified":"2023-02-28T15:09:55","modified_gmt":"2023-02-28T15:09:55","slug":"formation-de-professeurs","status":"publish","type":"page","link":"https:\/\/www.ifg.gr\/fr\/synergies\/formation-de-professeurs\/","title":{"rendered":"Formation de professeurs"},"content":{"rendered":"","protected":false},"excerpt":{"rendered":"","protected":false},"author":1,"featured_media":0,"parent":9035,"menu_order":50,"comment_status":"closed","ping_status":"closed","template":"","meta":{"_acf_changed":false,"_searchwp_excluded":"","footnotes":""},"class_list":["post-9037","page","type-page","status-publish","hentry"],"acf":{"background_color":"","hero_has_side_paragraph":false,"layout":[{"acf_fc_layout":"accordion","public":true,"title":"Formations des professeurs grecs de fran\u00e7ais ","side_image_right":false,"rolling_message":"","main":[{"acf_fc_layout":"textarea","text":"<p>2700 professeurs enseignent le fran\u00e7ais LV2 \u00e0 336 000 \u00e9l\u00e8ves dans le syst\u00e8me scolaire grec.<\/p>\n<p>52% des \u00e9l\u00e8ves grecs choisissent le fran\u00e7ais LV2. Notre langue est donc <strong>la 1\u00e8re LV2 en Gr\u00e8ce<\/strong>.<\/p>\n<p>L\u2019Ambassade de France et l\u2019Institut Fran\u00e7ais de Gr\u00e8ce se sont engag\u00e9s dans un vaste plan de formation continue des professeurs de fran\u00e7ais, en concertation avec les institutions \u00e9ducatives grecques : Minist\u00e8re de l\u2019Education et des Cultes, Institut des Etudes P\u00e9dagogiques (Institut des politiques \u00e9ducatives), Directions R\u00e9gionales de l\u2019enseignement. Les op\u00e9rateurs partenaires sont les universit\u00e9s et les centres de fran\u00e7ais langue \u00e9trang\u00e8re.<\/p>\n<p>Une charte avec l\u2019Institut d\u2019Etudes P\u00e9dagogiques grec (IEP) a \u00e9t\u00e9 renouvel\u00e9e en 2022. Ce comit\u00e9 mixte contribue \u00e0 l\u2019analyse des besoins, \u00e0 une r\u00e9flexion p\u00e9dagogique r\u00e9actualis\u00e9e. Des conventions de coop\u00e9ration \u00e9ducative lient \u00e9galement la province de l\u2019Attique avec l\u2019Acad\u00e9mie de Paris, la province de Thessalonique avec l\u2019Acad\u00e9mie d\u2019Aix-Marseille et la province de Patras avec l\u2019acad\u00e9mie de Grenoble. L\u2019Acad\u00e9mie de Cr\u00e9teil signera prochainement une convention avec une autre direction r\u00e9gionale de l\u2019enseignement primaire et secondaire, grecque.<\/p>\n<p>Les enseignants b\u00e9n\u00e9ficient d\u2019interventions de formateurs d\u2019universit\u00e9s, de centres de FLE, d\u2019\u00e9coles sup\u00e9rieures de formations aux m\u00e9tiers de l\u2019enseignement mais ces formations peuvent \u00e9galement prendre la forme d\u2019aide et d\u2019accompagnement de projets p\u00e9dagogiques, recommand\u00e9s par la nouvelle orientation du minist\u00e8re grec.<\/p>\n<p><strong>Quelques exemples d\u2019actions men\u00e9es :<\/strong><br \/>\n\u2022 Pr\u00e8s de 2000 professeurs ont b\u00e9n\u00e9fici\u00e9 de ces formations en 2020 \u2013 2021.<br \/>\n\u2022 553 professeurs ont b\u00e9n\u00e9fici\u00e9 d\u2019un accompagnement de leurs projets p\u00e9dagogiques.<br \/>\n\u2022 869 professeurs ont suivi les tables rondes \u00e9ducation.<br \/>\n\u2022 Plus de 1200 professeurs ont particip\u00e9 \u00e0 la journ\u00e9e internationale des professeurs de fran\u00e7ais.<br \/>\n\u2022 Plus de 10 200 \u00e9l\u00e8ves ont re\u00e7u la voiture francophone dans leurs \u00e9coles.<br \/>\n\u2022 7700 \u00e9l\u00e8ves ont particip\u00e9 \u00e0 la semaine olympique et paralympique.<br \/>\n\u2022 6500 \u00e9l\u00e8ves ont particip\u00e9 au concours de la francophonie<\/p>\n"},{"acf_fc_layout":"posts","items":[{"ID":48399,"post_author":"1","post_date":"2023-02-28 14:57:34","post_date_gmt":"2023-02-28 14:57:34","post_content":"Apr\u00e8s un temps fort sur l\u2019art \u00e0 l\u2019\u00e9cole et la <a href=\"https:\/\/www.ifg.gr\/fr\/events\/3-semaine-franco-hellenique-olympique-paralympique\/\" target=\"_blank\" rel=\"noopener\">semaine olympique et paralympique<\/a> qui a mobilis\u00e9 15 000 \u00e9l\u00e8ves grecs et fran\u00e7ais, nous vous proposons de f\u00eater encore le fran\u00e7ais pendant tout le mois de mars avec la francophonie.\r\n\r\n<strong><a href=\"https:\/\/www.ifg.gr\/wp-content\/uploads\/2023\/02\/Programme-mars-avril-FR.pdf\" target=\"_blank\" rel=\"noopener\">D\u00e9couvrez ici les temps forts de ce nouveau programme.<\/a><\/strong>\r\n\r\n&nbsp;","post_title":"Programme de formation 2023 pour les professeurs de fran\u00e7ais \u2013 mars & avril","post_excerpt":"D\u00e9couvrez les temps forts de ce nouveau programme de formation 2023 pour les professeurs de fran\u00e7ais.","post_status":"publish","comment_status":"closed","ping_status":"closed","post_password":"","post_name":"programme-de-formation-2023-mars-avril","to_ping":"","pinged":"","post_modified":"2023-03-27 14:29:22","post_modified_gmt":"2023-03-27 14:29:22","post_content_filtered":"","post_parent":0,"guid":"https:\/\/www.ifg.gr\/news\/programma-epimorfosis-2023-martios-aprilios\/","menu_order":0,"post_type":"new","post_mime_type":"","comment_count":"0","filter":"raw"}]}],"sidebar":false,"side_information":{"title":"","sections":false}},{"acf_fc_layout":"accordion","public":true,"title":"Le r\u00e9seau professionnel IFprofs \u2013 Ifprofs Gr\u00e8ce","side_image_right":false,"rolling_message":"","main":[{"acf_fc_layout":"textarea","text":"<p>IFprofs est un r\u00e9seau social en fran\u00e7ais d\u00e9di\u00e9 aux enseignants de fran\u00e7ais, une plateforme d\u2019\u00e9change et de ressources ouverte \u00e0 l&rsquo;ensemble des professionnels exer\u00e7ant dans le domaine de l&rsquo;\u00e9ducation francophone. Rejoindre ce r\u00e9seau mondial est enti\u00e8rement gratuit.<\/p>\n<p>A ce jour, 99 pays ont d\u00e9velopp\u00e9 un espace-pays. Ifprofs Gr\u00e8ce est accessible en suivant le lien : gr.ifprofs.org. Environ 35000 professeurs ou professionnels de l\u2019\u00e9ducation francophone sont membres du r\u00e9seau. Ils peuvent acc\u00e9der aux informations li\u00e9es \u00e0 leur espace-pays et suivre ce qui se passe sur l&rsquo;ensemble de la communaut\u00e9 mondiale.<br \/>\nLes membres d&rsquo;IFprofs peuvent trouver des ressources, \u00e9changer avec des coll\u00e8gues et partager leur exp\u00e9rience professionnelle. Environ 10000 ressources sont actuellement disponibles sur le r\u00e9seau.<\/p>\n<p><strong>Que peut-on faire sur Ifprofs ?<\/strong><\/p>\n<p>1- Dialoguer et \u00e9changer avec des professionnels du monde entier pour faire connaissance, collaborer dans des groupes, construire ensemble des projets.<br \/>\n2- D\u00e9couvrir des milliers d&rsquo;actualit\u00e9s et de ressources pour enrichir ses cours, ses pratiques professionnelles et sa connaissance des cultures francophones<br \/>\n3- D\u00e9poser des publications visibles par toute la communaut\u00e9 ou par vos groupes, pour partager son expertise et son exp\u00e9rience, faire conna\u00eetre ce que l\u2019on fait et recevoir les retours de ses pairs.<br \/>\n4- Continuer de se former en \u00e9changeant avec des personnes qui ont le m\u00eame m\u00e9tier et en se confrontant \u00e0 d\u2019autres approches\u2026 Participer \u00e0 IFprofs, c\u2019est continuer d\u2019apprendre !<br \/>\nMieux comprendre le fonctionnement du r\u00e9seau gr\u00e2ce \u00e0 une vid\u00e9o :<\/p>\n<p><a href=\"https:\/\/www.youtube.com\/watch?v=wzIHDsnuDAE\"> https:\/\/www.youtube.com\/watch?v=wzIHDsnuDAE<\/a><\/p>\n<p>Cr\u00e9er son compte : pour cr\u00e9er son profil, suivre le lien,<a href=\"http:\/\/gr.ifprofs.org\" target=\"_blank\" rel=\"noopener\"> gr.ifprofs.org<\/a>, rubrique \u00ab S\u2019inscrire \u00bb .<\/p>\n"}],"sidebar":false,"side_information":{"title":"","sections":false}},{"acf_fc_layout":"accordion","public":true,"title":"Nouveau programme de formation et questionnaire","side_image_right":false,"rolling_message":"","main":[{"acf_fc_layout":"textarea","text":"<p>L\u2019Institut fran\u00e7ais de Gr\u00e8ce est heureux d\u2019annoncer la mise en place d\u2019un <strong>nouveau programme de formations et d\u2019actions<\/strong> pour la promotion de la langue et de la culture fran\u00e7aises. Ces initiatives t\u00e9moignent de l\u2019appui accru et actualis\u00e9 que l\u2019Ambassade de France veut apporter au r\u00e9seau grec des enseignant(e)s de fran\u00e7ais.<\/p>\n<p>Nous commencerons notre travail commun avec les enseignant(e)s de fran\u00e7ais, par une <strong>analyse de leurs besoins<\/strong> sous la forme d\u2019un <strong>questionnaire<\/strong>, qui nous permettra de les accompagner au mieux.<\/p>\n<p>Les enseignant(e)s de fran\u00e7ais qui le souhaitent peuvent y r\u00e9pondre en moins de deux minutes ici : <a href=\"https:\/\/forms.gle\/GgWYg2BFMnzVX8w78\" target=\"_blank\" rel=\"noopener\">https:\/\/forms.gle\/GgWYg2BFMnzVX8w78<\/a><\/p>\n"}],"sidebar":false,"side_information":{"title":"","sections":false}},{"acf_fc_layout":"accordion","public":false,"title":"Nos voix pour la francophonie","side_image_right":false,"rolling_message":"","main":[{"acf_fc_layout":"textarea","text":"<p><strong>Donner notre voix pour \u00e9voquer l\u2019eau et l\u2019air gr\u00e2ce aux textes litt\u00e9raires<\/strong><\/p>\n<p>A l\u2019occasion de la Journ\u00e9e internationale des professeurs de fran\u00e7ais en Gr\u00e8ce, les 25 et 26 novembre 2020 et du 50\u00e8me anniversaire de la francophonie, les professeurs de fran\u00e7ais de Gr\u00e8ce sont invit\u00e9s \u00e0 participer \u00e0 l\u2019\u00e9v\u00e9nement Facebook d\u00e9di\u00e9 \u00e0 la lecture \u00e0 voix haute, Nos voix pour la francophonie.<\/p>\n<p><a href=\"https:\/\/www.facebook.com\/events\/1289479438084598\/\" target=\"_blank\" rel=\"noopener\">L\u2019\u00e9v\u00e9nement Facebook<\/a> est mis en place par le Th\u00e9\u00e2tre de l\u2019Impr\u00e9vu d\u2019Eric C\u00e9nat, partenaire du Jour du prof en Gr\u00e8ce.<\/p>\n<p><strong>Le jeudi 26 novembre 2020<\/strong>, de 10 heures \u00e0 16 heures, sur le <a href=\"https:\/\/www.facebook.com\/compagnieletheatredelimprevu\/\" target=\"_blank\" rel=\"noopener\">site FB du Th\u00e9\u00e2tre l\u2019Impr\u00e9vu<\/a>, seront publi\u00e9es, dans la rubrique \u00ab Discussion \u00bb vos lectures de textes sur les th\u00e8mes de l\u2019eau (la mer, l\u2019oc\u00e9an, la pluie\u2026) et de l\u2019air (le vent, l\u2019atmosph\u00e8re, les temp\u00eates\u2026), th\u00e8mes des journ\u00e9es de la francophonie en 2020 et 2021.<\/p>\n<p><strong>L&rsquo;inscription est jusqu&rsquo;au 20 novembre<\/strong> minuit sur : <a href=\"https:\/\/forms.gle\/dJFqerfZvr2h2RZn7\" target=\"_blank\" rel=\"noopener\">https:\/\/forms.gle\/dJFqerfZvr2h2RZn7<\/a><\/p>\n<p><strong>Vous trouverez ci-dessous deux recueils &#8211; suggestions :<\/strong><\/p>\n<p>\u2022 <a href=\"https:\/\/www.ifg.gr\/wp-content\/uploads\/2020\/11\/NOS-VOIX-POUR-LA-FRANCOPHONIE-CORPUS-DE-TEXTES-LEAU-.pdf\" target=\"_blank\" rel=\"noopener\">Recueil 1<\/a><br \/>\n\u2022 <a href=\"https:\/\/www.ifg.gr\/wp-content\/uploads\/2020\/11\/NOS-VOIX-POUR-LA-FRANCOPHONIE-CORPUS-DE-TEXTES-LAIR-LE-VENT.pdf\" target=\"_blank\" rel=\"noopener\">Recueil 2<\/a><\/p>\n<p><iframe loading=\"lazy\" title=\"Nos voix pour la francophonie | \u039f\u03b9 \u03c6\u03c9\u03bd\u03ad\u03c2 \u03bc\u03b1\u03c2 \u03b3\u03b9\u03b1 \u03c4\u03b7 \u0393\u03b1\u03bb\u03bb\u03bf\u03c6\u03c9\u03bd\u03af\u03b1\" width=\"640\" height=\"360\" src=\"https:\/\/www.youtube.com\/embed\/CGgNav2vIr8?feature=oembed\" frameborder=\"0\" allow=\"accelerometer; autoplay; clipboard-write; encrypted-media; gyroscope; picture-in-picture; web-share\" referrerpolicy=\"strict-origin-when-cross-origin\" allowfullscreen><\/iframe><\/p>\n"}],"sidebar":false,"side_information":{"title":"","sections":false}}],"show_sidebar":false},"yoast_head":"<!-- This site is optimized with the Yoast SEO plugin v26.8 - https:\/\/yoast.com\/product\/yoast-seo-wordpress\/ -->\n<title>Formation de professeurs<\/title>\n<meta name=\"description\" content=\"Formation de professeurs\" \/>\n<meta name=\"robots\" content=\"index, follow, max-snippet:-1, max-image-preview:large, max-video-preview:-1\" \/>\n<link rel=\"canonical\" href=\"https:\/\/www.ifg.gr\/synergeies\/katartisi-kathigiton\/\" \/>\n<meta property=\"og:locale\" content=\"fr_FR\" \/>\n<meta property=\"og:type\" content=\"article\" \/>\n<meta property=\"og:title\" content=\"Formation de professeurs\" \/>\n<meta property=\"og:description\" content=\"Formation de professeurs\" \/>\n<meta property=\"og:url\" content=\"https:\/\/www.ifg.gr\/synergeies\/katartisi-kathigiton\/\" \/>\n<meta property=\"og:site_name\" content=\"IFG\" \/>\n<meta property=\"article:modified_time\" content=\"2023-02-28T15:09:55+00:00\" \/>\n<meta name=\"twitter:card\" content=\"summary_large_image\" \/>\n<script type=\"application\/ld+json\" class=\"yoast-schema-graph\">{\"@context\":\"https:\/\/schema.org\",\"@graph\":[{\"@type\":\"WebPage\",\"@id\":\"https:\/\/www.ifg.gr\/synergeies\/katartisi-kathigiton\/\",\"url\":\"https:\/\/www.ifg.gr\/synergeies\/katartisi-kathigiton\/\",\"name\":\"Formation de professeurs\",\"isPartOf\":{\"@id\":\"https:\/\/www.ifg.gr\/#website\"},\"datePublished\":\"2020-07-29T14:04:24+00:00\",\"dateModified\":\"2023-02-28T15:09:55+00:00\",\"description\":\"Formation de professeurs\",\"breadcrumb\":{\"@id\":\"https:\/\/www.ifg.gr\/synergeies\/katartisi-kathigiton\/#breadcrumb\"},\"inLanguage\":\"fr-FR\",\"potentialAction\":[{\"@type\":\"ReadAction\",\"target\":[\"https:\/\/www.ifg.gr\/synergeies\/katartisi-kathigiton\/\"]}]},{\"@type\":\"BreadcrumbList\",\"@id\":\"https:\/\/www.ifg.gr\/synergeies\/katartisi-kathigiton\/#breadcrumb\",\"itemListElement\":[{\"@type\":\"ListItem\",\"position\":1,\"name\":\"Home\",\"item\":\"https:\/\/www.ifg.gr\/fr\/\"},{\"@type\":\"ListItem\",\"position\":2,\"name\":\"SYNERGIES\",\"item\":\"https:\/\/www.ifg.gr\/fr\/synergies\/\"},{\"@type\":\"ListItem\",\"position\":3,\"name\":\"Formation de professeurs\"}]},{\"@type\":\"WebSite\",\"@id\":\"https:\/\/www.ifg.gr\/#website\",\"url\":\"https:\/\/www.ifg.gr\/\",\"name\":\"IFG\",\"description\":\"\",\"potentialAction\":[{\"@type\":\"SearchAction\",\"target\":{\"@type\":\"EntryPoint\",\"urlTemplate\":\"https:\/\/www.ifg.gr\/?s={search_term_string}\"},\"query-input\":{\"@type\":\"PropertyValueSpecification\",\"valueRequired\":true,\"valueName\":\"search_term_string\"}}],\"inLanguage\":\"fr-FR\"}]}<\/script>\n<!-- \/ Yoast SEO plugin. -->","yoast_head_json":{"title":"Formation de professeurs","description":"Formation de professeurs","robots":{"index":"index","follow":"follow","max-snippet":"max-snippet:-1","max-image-preview":"max-image-preview:large","max-video-preview":"max-video-preview:-1"},"canonical":"https:\/\/www.ifg.gr\/synergeies\/katartisi-kathigiton\/","og_locale":"fr_FR","og_type":"article","og_title":"Formation de professeurs","og_description":"Formation de professeurs","og_url":"https:\/\/www.ifg.gr\/synergeies\/katartisi-kathigiton\/","og_site_name":"IFG","article_modified_time":"2023-02-28T15:09:55+00:00","twitter_card":"summary_large_image","schema":{"@context":"https:\/\/schema.org","@graph":[{"@type":"WebPage","@id":"https:\/\/www.ifg.gr\/synergeies\/katartisi-kathigiton\/","url":"https:\/\/www.ifg.gr\/synergeies\/katartisi-kathigiton\/","name":"Formation de professeurs","isPartOf":{"@id":"https:\/\/www.ifg.gr\/#website"},"datePublished":"2020-07-29T14:04:24+00:00","dateModified":"2023-02-28T15:09:55+00:00","description":"Formation de professeurs","breadcrumb":{"@id":"https:\/\/www.ifg.gr\/synergeies\/katartisi-kathigiton\/#breadcrumb"},"inLanguage":"fr-FR","potentialAction":[{"@type":"ReadAction","target":["https:\/\/www.ifg.gr\/synergeies\/katartisi-kathigiton\/"]}]},{"@type":"BreadcrumbList","@id":"https:\/\/www.ifg.gr\/synergeies\/katartisi-kathigiton\/#breadcrumb","itemListElement":[{"@type":"ListItem","position":1,"name":"Home","item":"https:\/\/www.ifg.gr\/fr\/"},{"@type":"ListItem","position":2,"name":"SYNERGIES","item":"https:\/\/www.ifg.gr\/fr\/synergies\/"},{"@type":"ListItem","position":3,"name":"Formation de professeurs"}]},{"@type":"WebSite","@id":"https:\/\/www.ifg.gr\/#website","url":"https:\/\/www.ifg.gr\/","name":"IFG","description":"","potentialAction":[{"@type":"SearchAction","target":{"@type":"EntryPoint","urlTemplate":"https:\/\/www.ifg.gr\/?s={search_term_string}"},"query-input":{"@type":"PropertyValueSpecification","valueRequired":true,"valueName":"search_term_string"}}],"inLanguage":"fr-FR"}]}},"_links":{"self":[{"href":"https:\/\/www.ifg.gr\/fr\/wp-json\/wp\/v2\/pages\/9037","targetHints":{"allow":["GET"]}}],"collection":[{"href":"https:\/\/www.ifg.gr\/fr\/wp-json\/wp\/v2\/pages"}],"about":[{"href":"https:\/\/www.ifg.gr\/fr\/wp-json\/wp\/v2\/types\/page"}],"author":[{"embeddable":true,"href":"https:\/\/www.ifg.gr\/fr\/wp-json\/wp\/v2\/users\/1"}],"replies":[{"embeddable":true,"href":"https:\/\/www.ifg.gr\/fr\/wp-json\/wp\/v2\/comments?post=9037"}],"version-history":[{"count":0,"href":"https:\/\/www.ifg.gr\/fr\/wp-json\/wp\/v2\/pages\/9037\/revisions"}],"up":[{"embeddable":true,"href":"https:\/\/www.ifg.gr\/fr\/wp-json\/wp\/v2\/pages\/9035"}],"wp:attachment":[{"href":"https:\/\/www.ifg.gr\/fr\/wp-json\/wp\/v2\/media?parent=9037"}],"curies":[{"name":"wp","href":"https:\/\/api.w.org\/{rel}","templated":true}]}}