{"id":9038,"date":"2020-07-29T14:04:15","date_gmt":"2020-07-29T14:04:15","guid":{"rendered":"http:\/\/www.ifg.gr\/%cf%83%cf%85%ce%bd%ce%b5%cf%81%ce%b3%ce%b5%ce%b9%ce%b5%cf%83\/%ce%b1%ce%bd%cf%8e%cf%84%ce%b1%cf%84%ce%b7-%ce%b5%ce%ba%cf%80%ce%b1%ce%af%ce%b4%ce%b5%cf%85%cf%83%ce%b7\/"},"modified":"2020-10-12T15:26:27","modified_gmt":"2020-10-12T15:26:27","slug":"enseignement-superieur","status":"publish","type":"page","link":"https:\/\/www.ifg.gr\/fr\/synergies\/enseignement-superieur\/","title":{"rendered":"Enseignement sup\u00e9rieur"},"content":{"rendered":"<p>La <strong>France<\/strong> et la <strong>Gr\u00e8ce<\/strong> sont des partenaires universitaires et scientifiques de tr\u00e8s longue date. Les \u00e9changes entre nos deux pays sont caract\u00e9ris\u00e9s par leur <strong>excellence<\/strong> et par la <strong>grande vari\u00e9t\u00e9<\/strong> des sujets d\u2019int\u00e9r\u00eat commun qu\u2019ils abordent. Ces collaborations se distinguent aussi en ce qu\u2019elles sont <strong>structur\u00e9es par des accords<\/strong> dont le nombre avoisine les 700, accords qui formalisent et encadrent le contenu de ces partenariats. Ceux-ci concernent autant des <strong>projets de formation<\/strong> et\/ou de <strong>recherche<\/strong> conjoints que la <strong>mobilit\u00e9 d\u2019\u00e9tudiants<\/strong> (en ERASMUS ou hors ERASMUS) ou la<strong> mobilit\u00e9 de chercheurs<\/strong> entre les deux pays.<\/p>\n<p>L\u2019ambition d\u2019une <strong>\u00e9conomie innovante<\/strong> et faisant preuve d\u2019<strong>adaptabilit\u00e9 technologique et num\u00e9rique<\/strong> fait aussi partie de ces visions communes que promeuvent \u00e0 la fois la France et la Gr\u00e8ce, ces derni\u00e8res ann\u00e9es. En l\u2019associant aux politiques de formation et de recherche, l\u2019innovation participe significativement au dynamisme \u00e9conomique et au progr\u00e8s social et durable de nos soci\u00e9t\u00e9s. Fruits de leur savoir-faire, la France et la Gr\u00e8ce regorgent de ressources, de talents, et d\u2019id\u00e9es novatrices qui ne demandent qu\u2019\u00e0 prendre vie et \u00e0 se compl\u00e9ter, s\u2019exporter et travailler sur leurs forces pour aller plus loin.<\/p>\n<p>L\u2019Institut fran\u00e7ais de Gr\u00e8ce accompagne et facilite ces \u00e9changes, qui sont des facteurs importants de d\u00e9veloppement \u00e9conomique, social et culturel. Il dispose pour cela de<strong> dispositifs d\u2019accompagnement<\/strong> de la coop\u00e9ration franco-grecque dans l\u2019enseignement sup\u00e9rieur, la recherche et l\u2019innovation tels que <a href=\"http:\/\/www.ifg.gr\/fr\/eksasfalise-spoudes-sti-gallia\/ypotrofies\/\" target=\"_blank\" rel=\"noopener noreferrer\">les bourses d\u2019\u00e9tudes<\/a> de niveau Master 2, <a href=\"http:\/\/www.ifg.gr\/fr\/eksasfalise-spoudes-sti-gallia\/ypotrofies\/\" target=\"_blank\" rel=\"noopener noreferrer\">les bourses<\/a> pour s\u00e9jours scientifiques de haut niveau \u00e0 destination de jeunes chercheurs de Gr\u00e8ce et de la prise en charge de <strong>missions d\u2019\u00e9change d\u2019expertise<\/strong> dans le domaine de l\u2019innovation entre les deux pays.<\/p>\n","protected":false},"excerpt":{"rendered":"<p>La France et la Gr\u00e8ce sont des partenaires universitaires et scientifiques de tr\u00e8s longue date. Les \u00e9changes entre nos deux pays sont caract\u00e9ris\u00e9s par leur excellence et par la grande vari\u00e9t\u00e9 des sujets d\u2019int\u00e9r\u00eat commun qu\u2019ils abordent. Ces collaborations se distinguent aussi en ce qu\u2019elles sont structur\u00e9es par des accords dont le nombre avoisine les [&hellip;]<\/p>\n","protected":false},"author":1,"featured_media":0,"parent":9035,"menu_order":58,"comment_status":"closed","ping_status":"closed","template":"","meta":{"_acf_changed":false,"_searchwp_excluded":"","footnotes":""},"class_list":["post-9038","page","type-page","status-publish","hentry"],"acf":{"background_color":"","hero_has_side_paragraph":false,"layout":false,"show_sidebar":false},"yoast_head":"<!-- This site is optimized with the Yoast SEO plugin v27.5 - https:\/\/yoast.com\/product\/yoast-seo-wordpress\/ -->\n<title>Enseignement sup\u00e9rieur - IFG<\/title>\n<meta name=\"robots\" content=\"index, follow, max-snippet:-1, max-image-preview:large, max-video-preview:-1\" \/>\n<link rel=\"canonical\" href=\"https:\/\/www.ifg.gr\/synergeies\/anotati-ekpaidefsi\/\" \/>\n<meta property=\"og:locale\" content=\"fr_FR\" \/>\n<meta property=\"og:type\" content=\"article\" \/>\n<meta property=\"og:title\" content=\"Enseignement sup\u00e9rieur - IFG\" \/>\n<meta property=\"og:description\" content=\"La France et la Gr\u00e8ce sont des partenaires universitaires et scientifiques de tr\u00e8s longue date. Les \u00e9changes entre nos deux pays sont caract\u00e9ris\u00e9s par leur excellence et par la grande vari\u00e9t\u00e9 des sujets d\u2019int\u00e9r\u00eat commun qu\u2019ils abordent. Ces collaborations se distinguent aussi en ce qu\u2019elles sont structur\u00e9es par des accords dont le nombre avoisine les [&hellip;]\" \/>\n<meta property=\"og:url\" content=\"https:\/\/www.ifg.gr\/synergeies\/anotati-ekpaidefsi\/\" \/>\n<meta property=\"og:site_name\" content=\"IFG\" \/>\n<meta property=\"article:modified_time\" content=\"2020-10-12T15:26:27+00:00\" \/>\n<meta name=\"twitter:card\" content=\"summary_large_image\" \/>\n<meta name=\"twitter:label1\" content=\"Dur\u00e9e de lecture estim\u00e9e\" \/>\n\t<meta name=\"twitter:data1\" content=\"2 minutes\" \/>\n<script type=\"application\/ld+json\" class=\"yoast-schema-graph\">{\"@context\":\"https:\\\/\\\/schema.org\",\"@graph\":[{\"@type\":\"WebPage\",\"@id\":\"https:\\\/\\\/www.ifg.gr\\\/synergeies\\\/anotati-ekpaidefsi\\\/\",\"url\":\"https:\\\/\\\/www.ifg.gr\\\/synergeies\\\/anotati-ekpaidefsi\\\/\",\"name\":\"Enseignement sup\u00e9rieur - IFG\",\"isPartOf\":{\"@id\":\"https:\\\/\\\/www.ifg.gr\\\/#website\"},\"datePublished\":\"2020-07-29T14:04:15+00:00\",\"dateModified\":\"2020-10-12T15:26:27+00:00\",\"breadcrumb\":{\"@id\":\"https:\\\/\\\/www.ifg.gr\\\/synergeies\\\/anotati-ekpaidefsi\\\/#breadcrumb\"},\"inLanguage\":\"fr-FR\",\"potentialAction\":[{\"@type\":\"ReadAction\",\"target\":[\"https:\\\/\\\/www.ifg.gr\\\/synergeies\\\/anotati-ekpaidefsi\\\/\"]}]},{\"@type\":\"BreadcrumbList\",\"@id\":\"https:\\\/\\\/www.ifg.gr\\\/synergeies\\\/anotati-ekpaidefsi\\\/#breadcrumb\",\"itemListElement\":[{\"@type\":\"ListItem\",\"position\":1,\"name\":\"Home\",\"item\":\"https:\\\/\\\/www.ifg.gr\\\/fr\\\/\"},{\"@type\":\"ListItem\",\"position\":2,\"name\":\"SYNERGIES\",\"item\":\"https:\\\/\\\/www.ifg.gr\\\/fr\\\/synergies\\\/\"},{\"@type\":\"ListItem\",\"position\":3,\"name\":\"Enseignement sup\u00e9rieur\"}]},{\"@type\":\"WebSite\",\"@id\":\"https:\\\/\\\/www.ifg.gr\\\/#website\",\"url\":\"https:\\\/\\\/www.ifg.gr\\\/\",\"name\":\"IFG\",\"description\":\"\",\"potentialAction\":[{\"@type\":\"SearchAction\",\"target\":{\"@type\":\"EntryPoint\",\"urlTemplate\":\"https:\\\/\\\/www.ifg.gr\\\/?s={search_term_string}\"},\"query-input\":{\"@type\":\"PropertyValueSpecification\",\"valueRequired\":true,\"valueName\":\"search_term_string\"}}],\"inLanguage\":\"fr-FR\"}]}<\/script>\n<!-- \/ Yoast SEO plugin. -->","yoast_head_json":{"title":"Enseignement sup\u00e9rieur - IFG","robots":{"index":"index","follow":"follow","max-snippet":"max-snippet:-1","max-image-preview":"max-image-preview:large","max-video-preview":"max-video-preview:-1"},"canonical":"https:\/\/www.ifg.gr\/synergeies\/anotati-ekpaidefsi\/","og_locale":"fr_FR","og_type":"article","og_title":"Enseignement sup\u00e9rieur - IFG","og_description":"La France et la Gr\u00e8ce sont des partenaires universitaires et scientifiques de tr\u00e8s longue date. Les \u00e9changes entre nos deux pays sont caract\u00e9ris\u00e9s par leur excellence et par la grande vari\u00e9t\u00e9 des sujets d\u2019int\u00e9r\u00eat commun qu\u2019ils abordent. Ces collaborations se distinguent aussi en ce qu\u2019elles sont structur\u00e9es par des accords dont le nombre avoisine les [&hellip;]","og_url":"https:\/\/www.ifg.gr\/synergeies\/anotati-ekpaidefsi\/","og_site_name":"IFG","article_modified_time":"2020-10-12T15:26:27+00:00","twitter_card":"summary_large_image","twitter_misc":{"Dur\u00e9e de lecture estim\u00e9e":"2 minutes"},"schema":{"@context":"https:\/\/schema.org","@graph":[{"@type":"WebPage","@id":"https:\/\/www.ifg.gr\/synergeies\/anotati-ekpaidefsi\/","url":"https:\/\/www.ifg.gr\/synergeies\/anotati-ekpaidefsi\/","name":"Enseignement sup\u00e9rieur - IFG","isPartOf":{"@id":"https:\/\/www.ifg.gr\/#website"},"datePublished":"2020-07-29T14:04:15+00:00","dateModified":"2020-10-12T15:26:27+00:00","breadcrumb":{"@id":"https:\/\/www.ifg.gr\/synergeies\/anotati-ekpaidefsi\/#breadcrumb"},"inLanguage":"fr-FR","potentialAction":[{"@type":"ReadAction","target":["https:\/\/www.ifg.gr\/synergeies\/anotati-ekpaidefsi\/"]}]},{"@type":"BreadcrumbList","@id":"https:\/\/www.ifg.gr\/synergeies\/anotati-ekpaidefsi\/#breadcrumb","itemListElement":[{"@type":"ListItem","position":1,"name":"Home","item":"https:\/\/www.ifg.gr\/fr\/"},{"@type":"ListItem","position":2,"name":"SYNERGIES","item":"https:\/\/www.ifg.gr\/fr\/synergies\/"},{"@type":"ListItem","position":3,"name":"Enseignement sup\u00e9rieur"}]},{"@type":"WebSite","@id":"https:\/\/www.ifg.gr\/#website","url":"https:\/\/www.ifg.gr\/","name":"IFG","description":"","potentialAction":[{"@type":"SearchAction","target":{"@type":"EntryPoint","urlTemplate":"https:\/\/www.ifg.gr\/?s={search_term_string}"},"query-input":{"@type":"PropertyValueSpecification","valueRequired":true,"valueName":"search_term_string"}}],"inLanguage":"fr-FR"}]}},"_links":{"self":[{"href":"https:\/\/www.ifg.gr\/fr\/wp-json\/wp\/v2\/pages\/9038","targetHints":{"allow":["GET"]}}],"collection":[{"href":"https:\/\/www.ifg.gr\/fr\/wp-json\/wp\/v2\/pages"}],"about":[{"href":"https:\/\/www.ifg.gr\/fr\/wp-json\/wp\/v2\/types\/page"}],"author":[{"embeddable":true,"href":"https:\/\/www.ifg.gr\/fr\/wp-json\/wp\/v2\/users\/1"}],"replies":[{"embeddable":true,"href":"https:\/\/www.ifg.gr\/fr\/wp-json\/wp\/v2\/comments?post=9038"}],"version-history":[{"count":0,"href":"https:\/\/www.ifg.gr\/fr\/wp-json\/wp\/v2\/pages\/9038\/revisions"}],"up":[{"embeddable":true,"href":"https:\/\/www.ifg.gr\/fr\/wp-json\/wp\/v2\/pages\/9035"}],"wp:attachment":[{"href":"https:\/\/www.ifg.gr\/fr\/wp-json\/wp\/v2\/media?parent=9038"}],"curies":[{"name":"wp","href":"https:\/\/api.w.org\/{rel}","templated":true}]}}