{"id":9043,"date":"2020-07-29T14:03:15","date_gmt":"2020-07-29T14:03:15","guid":{"rendered":"http:\/\/www.ifg.gr\/%ce%b5%ce%be%ce%b1%cf%83%cf%86%ce%ac%ce%bb%ce%b9%cf%83%ce%b5-%cf%83%cf%80%ce%bf%cf%85%ce%b4%ce%ad%cf%82-%cf%83%cf%84%ce%b7-%ce%b3%ce%b1%ce%bb%ce%bb%ce%af%ce%b1\/alumni\/"},"modified":"2025-06-26T13:32:46","modified_gmt":"2025-06-26T10:32:46","slug":"alumni","status":"publish","type":"page","link":"https:\/\/www.ifg.gr\/fr\/pourquoi-choisir-france\/alumni\/","title":{"rendered":"Alumni"},"content":{"rendered":"<p><strong><a href=\"https:\/\/grece.francealumni.fr\/fr\/\" target=\"_blank\" rel=\"noopener\">Gr\u00e8ce France Alumni<\/a><br \/>\n<\/strong><\/p>\n<p>Tous les ans, de nombreux jeunes font le choix d\u2019aller \u00e9tudier en France.<\/p>\n<p>Son enseignement sup\u00e9rieur ne fait aucune distinction entre les \u00e9tudiants internationaux et les \u00e9tudiants fran\u00e7ais : les m\u00eames dipl\u00f4mes sont d\u00e9livr\u00e9s et les exigences d\u2019acc\u00e8s sont identiques. Etudier en France, c\u2019est aussi d\u2019une certaine mani\u00e8re, s&rsquo;inscrire dans la continuit\u00e9 de la culture grecque, celle-ci \u00e9tant tr\u00e8s proche de la culture fran\u00e7aise. Par ailleurs, les \u00e9tablissements d\u2019enseignement sup\u00e9rieur et de recherche fran\u00e7ais, qu\u2019ils soient priv\u00e9s ou publics, universit\u00e9s comme grandes \u00e9coles, sont tr\u00e8s r\u00e9put\u00e9s et reconnus \u00e0 l\u2019\u00e9chelle mondiale pour la qualit\u00e9 de leur enseignement, de leur recherche et de leur innovation.<\/p>\n<p><strong>Le r\u00e9seau Gr\u00e8ce France Alumni<\/strong> est un r\u00e9seau d\u2019anciens \u00e9tudiants grecs de l\u2019enseignement sup\u00e9rieur fran\u00e7ais qui leur permet de garder contact entre eux et de multiplier les opportunit\u00e9s professionnelles. Ce r\u00e9seau d\u2019anciens \u00e9tudiants et de professionnels offre de nombreuses opportunit\u00e9s : un annuaire international pr\u00e9cis, des groupes th\u00e9matiques, des offres de stages et d\u2019emplois, des t\u00e9moignages, des conseils et m\u00eame un espace magazine. Il s\u2019appuie sur des partenariats prestigieux avec des \u00e9tablissements d\u2019enseignement sup\u00e9rieur et des entreprises cibl\u00e9es. Gr\u00e2ce \u00e0 Gr\u00e8ce France Alumni, vous garderez un lien avec la France et vous valoriserez votre exp\u00e9rience, tout en b\u00e9n\u00e9ficiant des avantages d\u2019un vaste r\u00e9seau professionnel !<\/p>\n<p><strong>Rejoignez les nombreux membres d\u00e9j\u00e0 inscrits sur Gr\u00e8ce France Alumni et poursuivez l\u2019exp\u00e9rience !<\/strong><\/p>\n","protected":false},"excerpt":{"rendered":"<p>Gr\u00e8ce France Alumni Tous les ans, de nombreux jeunes font le choix d\u2019aller \u00e9tudier en France. Son enseignement sup\u00e9rieur ne fait aucune distinction entre les \u00e9tudiants internationaux et les \u00e9tudiants fran\u00e7ais : les m\u00eames dipl\u00f4mes sont d\u00e9livr\u00e9s et les exigences d\u2019acc\u00e8s sont identiques. Etudier en France, c\u2019est aussi d\u2019une certaine mani\u00e8re, s&rsquo;inscrire dans la continuit\u00e9 [&hellip;]<\/p>\n","protected":false},"author":1,"featured_media":0,"parent":9040,"menu_order":61,"comment_status":"closed","ping_status":"closed","template":"","meta":{"_acf_changed":false,"_searchwp_excluded":"","footnotes":""},"class_list":["post-9043","page","type-page","status-publish","hentry"],"acf":{"background_color":"","hero_has_side_paragraph":false,"layout":false,"show_sidebar":true,"information":{"title":"Gr\u00e8ce France Alumni","sections":[{"section":[{"title":"Le site","content":[{"acf_fc_layout":"button","title":" Gr\u00e8ce France Alumni","url":"https:\/\/grece.francealumni.fr\/fr\/"}]},{"title":"Campus France Gr\u00e8ce  ","content":[{"acf_fc_layout":"button","title":"Notre site","url":"https:\/\/www.grece.campusfrance.org\/"}]},{"title":"Contactez-nous !","content":[{"acf_fc_layout":"textarea","text":"<p><a href=\"mailto:athenes@campusfrance.org\" target=\"_blank\" rel=\"noopener\">athenes@campusfrance.org<\/a><\/p>\n"}]}]}]}},"yoast_head":"<!-- This site is optimized with the Yoast SEO plugin v27.5 - https:\/\/yoast.com\/product\/yoast-seo-wordpress\/ -->\n<title>Alumni<\/title>\n<meta name=\"description\" content=\"Rejoignez les nombreux membres d\u00e9j\u00e0 inscrits sur Gr\u00e8ce France Alumni et poursuivez l\u2019exp\u00e9rience.\" \/>\n<meta name=\"robots\" content=\"index, follow, max-snippet:-1, max-image-preview:large, max-video-preview:-1\" \/>\n<link rel=\"canonical\" href=\"https:\/\/www.ifg.gr\/fr\/pourquoi-choisir-france\/alumni\/\" \/>\n<meta property=\"og:locale\" content=\"fr_FR\" \/>\n<meta property=\"og:type\" content=\"article\" \/>\n<meta property=\"og:title\" content=\"Alumni\" \/>\n<meta property=\"og:description\" content=\"Rejoignez les nombreux membres d\u00e9j\u00e0 inscrits sur Gr\u00e8ce France Alumni et poursuivez l\u2019exp\u00e9rience.\" \/>\n<meta property=\"og:url\" content=\"https:\/\/www.ifg.gr\/fr\/pourquoi-choisir-france\/alumni\/\" \/>\n<meta property=\"og:site_name\" content=\"IFG\" \/>\n<meta property=\"article:modified_time\" content=\"2025-06-26T10:32:46+00:00\" \/>\n<meta name=\"twitter:card\" content=\"summary_large_image\" \/>\n<meta name=\"twitter:label1\" content=\"Dur\u00e9e de lecture estim\u00e9e\" \/>\n\t<meta name=\"twitter:data1\" content=\"2 minutes\" \/>\n<script type=\"application\/ld+json\" class=\"yoast-schema-graph\">{\"@context\":\"https:\\\/\\\/schema.org\",\"@graph\":[{\"@type\":\"WebPage\",\"@id\":\"https:\\\/\\\/www.ifg.gr\\\/fr\\\/pourquoi-choisir-france\\\/alumni\\\/\",\"url\":\"https:\\\/\\\/www.ifg.gr\\\/fr\\\/pourquoi-choisir-france\\\/alumni\\\/\",\"name\":\"Alumni\",\"isPartOf\":{\"@id\":\"https:\\\/\\\/www.ifg.gr\\\/#website\"},\"datePublished\":\"2020-07-29T14:03:15+00:00\",\"dateModified\":\"2025-06-26T10:32:46+00:00\",\"description\":\"Rejoignez les nombreux membres d\u00e9j\u00e0 inscrits sur Gr\u00e8ce France Alumni et poursuivez l\u2019exp\u00e9rience.\",\"breadcrumb\":{\"@id\":\"https:\\\/\\\/www.ifg.gr\\\/fr\\\/pourquoi-choisir-france\\\/alumni\\\/#breadcrumb\"},\"inLanguage\":\"fr-FR\",\"potentialAction\":[{\"@type\":\"ReadAction\",\"target\":[\"https:\\\/\\\/www.ifg.gr\\\/fr\\\/pourquoi-choisir-france\\\/alumni\\\/\"]}]},{\"@type\":\"BreadcrumbList\",\"@id\":\"https:\\\/\\\/www.ifg.gr\\\/fr\\\/pourquoi-choisir-france\\\/alumni\\\/#breadcrumb\",\"itemListElement\":[{\"@type\":\"ListItem\",\"position\":1,\"name\":\"Home\",\"item\":\"https:\\\/\\\/www.ifg.gr\\\/fr\\\/\"},{\"@type\":\"ListItem\",\"position\":2,\"name\":\"Etudes en France\",\"item\":\"https:\\\/\\\/www.ifg.gr\\\/fr\\\/pourquoi-choisir-france\\\/\"},{\"@type\":\"ListItem\",\"position\":3,\"name\":\"Alumni\"}]},{\"@type\":\"WebSite\",\"@id\":\"https:\\\/\\\/www.ifg.gr\\\/#website\",\"url\":\"https:\\\/\\\/www.ifg.gr\\\/\",\"name\":\"IFG\",\"description\":\"\",\"potentialAction\":[{\"@type\":\"SearchAction\",\"target\":{\"@type\":\"EntryPoint\",\"urlTemplate\":\"https:\\\/\\\/www.ifg.gr\\\/?s={search_term_string}\"},\"query-input\":{\"@type\":\"PropertyValueSpecification\",\"valueRequired\":true,\"valueName\":\"search_term_string\"}}],\"inLanguage\":\"fr-FR\"}]}<\/script>\n<!-- \/ Yoast SEO plugin. -->","yoast_head_json":{"title":"Alumni","description":"Rejoignez les nombreux membres d\u00e9j\u00e0 inscrits sur Gr\u00e8ce France Alumni et poursuivez l\u2019exp\u00e9rience.","robots":{"index":"index","follow":"follow","max-snippet":"max-snippet:-1","max-image-preview":"max-image-preview:large","max-video-preview":"max-video-preview:-1"},"canonical":"https:\/\/www.ifg.gr\/fr\/pourquoi-choisir-france\/alumni\/","og_locale":"fr_FR","og_type":"article","og_title":"Alumni","og_description":"Rejoignez les nombreux membres d\u00e9j\u00e0 inscrits sur Gr\u00e8ce France Alumni et poursuivez l\u2019exp\u00e9rience.","og_url":"https:\/\/www.ifg.gr\/fr\/pourquoi-choisir-france\/alumni\/","og_site_name":"IFG","article_modified_time":"2025-06-26T10:32:46+00:00","twitter_card":"summary_large_image","twitter_misc":{"Dur\u00e9e de lecture estim\u00e9e":"2 minutes"},"schema":{"@context":"https:\/\/schema.org","@graph":[{"@type":"WebPage","@id":"https:\/\/www.ifg.gr\/fr\/pourquoi-choisir-france\/alumni\/","url":"https:\/\/www.ifg.gr\/fr\/pourquoi-choisir-france\/alumni\/","name":"Alumni","isPartOf":{"@id":"https:\/\/www.ifg.gr\/#website"},"datePublished":"2020-07-29T14:03:15+00:00","dateModified":"2025-06-26T10:32:46+00:00","description":"Rejoignez les nombreux membres d\u00e9j\u00e0 inscrits sur Gr\u00e8ce France Alumni et poursuivez l\u2019exp\u00e9rience.","breadcrumb":{"@id":"https:\/\/www.ifg.gr\/fr\/pourquoi-choisir-france\/alumni\/#breadcrumb"},"inLanguage":"fr-FR","potentialAction":[{"@type":"ReadAction","target":["https:\/\/www.ifg.gr\/fr\/pourquoi-choisir-france\/alumni\/"]}]},{"@type":"BreadcrumbList","@id":"https:\/\/www.ifg.gr\/fr\/pourquoi-choisir-france\/alumni\/#breadcrumb","itemListElement":[{"@type":"ListItem","position":1,"name":"Home","item":"https:\/\/www.ifg.gr\/fr\/"},{"@type":"ListItem","position":2,"name":"Etudes en France","item":"https:\/\/www.ifg.gr\/fr\/pourquoi-choisir-france\/"},{"@type":"ListItem","position":3,"name":"Alumni"}]},{"@type":"WebSite","@id":"https:\/\/www.ifg.gr\/#website","url":"https:\/\/www.ifg.gr\/","name":"IFG","description":"","potentialAction":[{"@type":"SearchAction","target":{"@type":"EntryPoint","urlTemplate":"https:\/\/www.ifg.gr\/?s={search_term_string}"},"query-input":{"@type":"PropertyValueSpecification","valueRequired":true,"valueName":"search_term_string"}}],"inLanguage":"fr-FR"}]}},"_links":{"self":[{"href":"https:\/\/www.ifg.gr\/fr\/wp-json\/wp\/v2\/pages\/9043","targetHints":{"allow":["GET"]}}],"collection":[{"href":"https:\/\/www.ifg.gr\/fr\/wp-json\/wp\/v2\/pages"}],"about":[{"href":"https:\/\/www.ifg.gr\/fr\/wp-json\/wp\/v2\/types\/page"}],"author":[{"embeddable":true,"href":"https:\/\/www.ifg.gr\/fr\/wp-json\/wp\/v2\/users\/1"}],"replies":[{"embeddable":true,"href":"https:\/\/www.ifg.gr\/fr\/wp-json\/wp\/v2\/comments?post=9043"}],"version-history":[{"count":3,"href":"https:\/\/www.ifg.gr\/fr\/wp-json\/wp\/v2\/pages\/9043\/revisions"}],"predecessor-version":[{"id":64306,"href":"https:\/\/www.ifg.gr\/fr\/wp-json\/wp\/v2\/pages\/9043\/revisions\/64306"}],"up":[{"embeddable":true,"href":"https:\/\/www.ifg.gr\/fr\/wp-json\/wp\/v2\/pages\/9040"}],"wp:attachment":[{"href":"https:\/\/www.ifg.gr\/fr\/wp-json\/wp\/v2\/media?parent=9043"}],"curies":[{"name":"wp","href":"https:\/\/api.w.org\/{rel}","templated":true}]}}