{"id":9044,"date":"2020-07-29T08:10:53","date_gmt":"2020-07-29T08:10:53","guid":{"rendered":"http:\/\/www.ifg.gr\/%ce%bf%ce%b9-%cf%87%cf%8e%cf%81%ce%bf%ce%b9-%ce%bc%ce%b1%cf%82\/"},"modified":"2025-12-10T16:26:21","modified_gmt":"2025-12-10T14:26:21","slug":"louer-nos-espaces","status":"publish","type":"page","link":"https:\/\/www.ifg.gr\/fr\/louer-nos-espaces\/","title":{"rendered":"Louer nos espaces"},"content":{"rendered":"","protected":false},"excerpt":{"rendered":"","protected":false},"author":1,"featured_media":8780,"parent":0,"menu_order":65,"comment_status":"closed","ping_status":"closed","template":"page-facilities.php","meta":{"_acf_changed":false,"_searchwp_excluded":"","footnotes":""},"class_list":["post-9044","page","type-page","status-publish","has-post-thumbnail","hentry"],"acf":{"background_color":"#b8b5b3","side_paragraph":{"title":"","text":"Un lieu riche en histoire et en prestige pour accueillir vos futurs \u00e9v\u00e8nements."},"layout":[{"acf_fc_layout":"full_image","image":{"ID":10170,"id":10170,"title":"detail facade IFG","filename":"detail-facade-IFG.jpeg","filesize":325382,"url":"https:\/\/www.ifg.gr\/wp-content\/uploads\/2020\/09\/detail-facade-IFG.jpeg","link":"https:\/\/www.ifg.gr\/fr\/louer-nos-espaces\/detail-facade-ifg\/","alt":"","author":"1","description":"","caption":"IFG","name":"detail-facade-ifg","status":"inherit","uploaded_to":9044,"date":"2020-09-25 18:11:52","modified":"2020-09-25 18:12:00","menu_order":0,"mime_type":"image\/jpeg","type":"image","subtype":"jpeg","icon":"https:\/\/www.ifg.gr\/wp-includes\/images\/media\/default.png","width":2363,"height":1436,"sizes":{"thumbnail":"https:\/\/www.ifg.gr\/wp-content\/uploads\/2020\/09\/detail-facade-IFG.jpeg","thumbnail-width":150,"thumbnail-height":91,"medium":"https:\/\/www.ifg.gr\/wp-content\/uploads\/2020\/09\/detail-facade-IFG.jpeg","medium-width":300,"medium-height":182,"medium_large":"https:\/\/www.ifg.gr\/wp-content\/uploads\/2020\/09\/detail-facade-IFG-768x467.jpeg","medium_large-width":640,"medium_large-height":389,"large":"https:\/\/www.ifg.gr\/wp-content\/uploads\/2020\/09\/detail-facade-IFG.jpeg","large-width":640,"large-height":389,"1536x1536":"https:\/\/www.ifg.gr\/wp-content\/uploads\/2020\/09\/detail-facade-IFG-1536x933.jpeg","1536x1536-width":1536,"1536x1536-height":933,"2048x2048":"https:\/\/www.ifg.gr\/wp-content\/uploads\/2020\/09\/detail-facade-IFG-2048x1245.jpeg","2048x2048-width":2048,"2048x2048-height":1245,"full-width":"https:\/\/www.ifg.gr\/wp-content\/uploads\/2020\/09\/detail-facade-IFG-1920x1167.jpeg","full-width-width":1920,"full-width-height":1167,"sidebar":"https:\/\/www.ifg.gr\/wp-content\/uploads\/2020\/09\/detail-facade-IFG-1646x1000.jpeg","sidebar-width":1646,"sidebar-height":1000,"thumb-sm":"https:\/\/www.ifg.gr\/wp-content\/uploads\/2020\/09\/detail-facade-IFG-214x130.jpeg","thumb-sm-width":214,"thumb-sm-height":130,"thumb-square":"https:\/\/www.ifg.gr\/wp-content\/uploads\/2020\/09\/detail-facade-IFG-300x300.jpeg","thumb-square-width":300,"thumb-square-height":300,"thumb-big":"https:\/\/www.ifg.gr\/wp-content\/uploads\/2020\/09\/detail-facade-IFG-600x400.jpeg","thumb-big-width":600,"thumb-big-height":400,"slider-big":"https:\/\/www.ifg.gr\/wp-content\/uploads\/2020\/09\/detail-facade-IFG-1315x768.jpeg","slider-big-width":1315,"slider-big-height":768}}},{"acf_fc_layout":"textarea","text":"<p><strong>Pour plus d\u2019informations, contactez-nous :<\/strong><\/p>\n<p>H\u00e9l\u00e8ne Stamatopoulou \u2502Charg\u00e9e de d\u00e9veloppement<br \/>\n<strong>210 33 98 312<\/strong><br \/>\n<a href=\"mailto:contact@ifg.gr\" target=\"_blank\" rel=\"noopener\"><strong>contact@ifg.gr<\/strong><\/a><\/p>\n"},{"acf_fc_layout":"accordion","public":true,"title":"Pourquoi organiser vos \u00e9v\u00e8nements \u00e0 l\u2019Institut fran\u00e7ais de Gr\u00e8ce","side_image_right":false,"rolling_message":"","main":[{"acf_fc_layout":"textarea","text":"<p>\u2022 Des espaces agr\u00e9ables et fonctionnels, conformes aux normes requises pour l\u2019accueil de public, qui constituent un environnement attractif et original pour tout type d\u2019\u00e9v\u00e8nement.<br \/>\n\u2022 Des \u00e9quipements de pointe, des infrastructures enti\u00e8rement r\u00e9nov\u00e9es, un savoir-faire confirm\u00e9 en \u00e9v\u00e9nementiel et des services de qualit\u00e9 (traduction simultan\u00e9e, retransmission en direct-live streaming, syst\u00e8mes de visioconf\u00e9rences etc).<br \/>\n\u2022 Un lieu dot\u00e9 d\u2019une identit\u00e9 forte apportant cr\u00e9dibilit\u00e9 et visibilit\u00e9 \u00e0 votre \u00e9v\u00e8nement.<br \/>\n\u2022 Un site aux espaces multiples adapt\u00e9s \u00e0 l\u2019accueil de tout type d\u2019\u00e9v\u00e8nement.<br \/>\n\u2022 Des solutions int\u00e9grales de services et d\u2019\u00e9quipements techniques, de formules de restauration sur place.<br \/>\n\u2022 Un emplacement id\u00e9al au c\u0153ur de la ville d\u2019Ath\u00e8nes, tr\u00e8s bien desservi par tous les moyens de transports.<br \/>\n\u2022 Un quartier agr\u00e9able et s\u00fbr offrant \u00e0 proximit\u00e9 de nombreuses options de stationnement, de s\u00e9jour et de restauration.<\/p>\n"},{"acf_fc_layout":"downloads","attachments":[{"label":"Pour plus d'informations :","button_text":"T\u00e9l\u00e9charger le PDF","button_link":"https:\/\/www.ifg.gr\/wp-content\/uploads\/2025\/12\/FR_ESPACES_2025.pdf"}]}],"sidebar":false,"side_information":{"title":"","sections":false}}],"title":"","button":{"text":"","link":""},"paragraph":{"title":"","text":""},"location":{"address":"Sina 31, Athens, Greece","lat":"37.9823328","lng":"23.7389526"},"clients_title":"","directions_main_first_block":{"title":"Informations","text":"<p>H\u00e9l\u00e8ne Stamatopoulou \u2502Charg\u00e9e de d\u00e9veloppement<br \/>\n<strong>210 33 98 312<\/strong><br \/>\n<strong><a href=\"mailto:contact@ifg.gr\" target=\"_blank\" rel=\"noopener\">contact@ifg.gr<\/a><\/strong><\/p>\n<p>Sina 31, 106 80, Ath\u00e8nes<\/p>\n"},"clients_button":{"text":"","link":"#"},"directions":[{"block":{"title":"M\u00e9tro","text":"<p>Arr\u00eat \u00ab Panepistimio \u00bb (650 m\u00e8tres)<br \/>\n<a href=\"http:\/\/www.ametro.gr\" target=\"_blank\" rel=\"noopener\">www.ametro.gr<\/a><\/p>\n"}},{"block":{"title":"Bus","text":"<p>Arr\u00eat \u00ab Akadimias \u00bb, \u00ab\u00a0Arachovis\u00a0\u00bb, \u00ab\u00a0Didotou\u00a0\u00bb<br \/>\n<a href=\"http:\/\/www.oasa.gr\" target=\"_blank\" rel=\"noopener\">www.oasa.gr<\/a><\/p>\n"}},{"block":{"title":"Stationnement","text":"<p>L\u2019Institut fran\u00e7ais de Gr\u00e8ce ne dispose pas de parking priv\u00e9. Des parkings payants sont accessibles dans les rues \u00e0 proximit\u00e9.<\/p>\n"}},{"block":{"title":"Acc\u00e8s personnes \u00e0 mobilit\u00e9 r\u00e9duite ","text":"<p>Tous les espaces sont accessibles aux personnes \u00e0 mobilit\u00e9<\/p>\n"}}],"clients_text":"","show_sidebar":false,"hero_has_side_paragraph":true,"facilities_title":"","facilities_right_button":{"text":"","link":""}},"yoast_head":"<!-- This site is optimized with the Yoast SEO plugin v27.5 - https:\/\/yoast.com\/product\/yoast-seo-wordpress\/ -->\n<title>Louer nos espaces<\/title>\n<meta name=\"description\" content=\"Louer nos espaces\" \/>\n<meta name=\"robots\" content=\"index, follow, max-snippet:-1, max-image-preview:large, max-video-preview:-1\" \/>\n<link rel=\"canonical\" href=\"https:\/\/www.ifg.gr\/fr\/louer-nos-espaces\/\" \/>\n<meta property=\"og:locale\" content=\"fr_FR\" \/>\n<meta property=\"og:type\" content=\"article\" \/>\n<meta property=\"og:title\" content=\"Louer nos espaces\" \/>\n<meta property=\"og:description\" content=\"Louer nos espaces\" \/>\n<meta property=\"og:url\" content=\"https:\/\/www.ifg.gr\/fr\/louer-nos-espaces\/\" \/>\n<meta property=\"og:site_name\" content=\"IFG\" \/>\n<meta property=\"article:modified_time\" content=\"2025-12-10T14:26:21+00:00\" \/>\n<meta property=\"og:image\" content=\"https:\/\/www.ifg.gr\/wp-content\/uploads\/2020\/07\/Asset-14-100.jpg\" \/>\n\t<meta property=\"og:image:width\" content=\"1937\" \/>\n\t<meta property=\"og:image:height\" content=\"1292\" \/>\n\t<meta property=\"og:image:type\" content=\"image\/jpeg\" \/>\n<meta name=\"twitter:card\" content=\"summary_large_image\" \/>\n<meta name=\"twitter:label1\" content=\"Dur\u00e9e de lecture estim\u00e9e\" \/>\n\t<meta name=\"twitter:data1\" content=\"1 minute\" \/>\n<script type=\"application\/ld+json\" class=\"yoast-schema-graph\">{\"@context\":\"https:\\\/\\\/schema.org\",\"@graph\":[{\"@type\":\"WebPage\",\"@id\":\"https:\\\/\\\/www.ifg.gr\\\/fr\\\/louer-nos-espaces\\\/\",\"url\":\"https:\\\/\\\/www.ifg.gr\\\/fr\\\/louer-nos-espaces\\\/\",\"name\":\"Louer nos espaces\",\"isPartOf\":{\"@id\":\"https:\\\/\\\/www.ifg.gr\\\/#website\"},\"primaryImageOfPage\":{\"@id\":\"https:\\\/\\\/www.ifg.gr\\\/fr\\\/louer-nos-espaces\\\/#primaryimage\"},\"image\":{\"@id\":\"https:\\\/\\\/www.ifg.gr\\\/fr\\\/louer-nos-espaces\\\/#primaryimage\"},\"thumbnailUrl\":\"https:\\\/\\\/www.ifg.gr\\\/wp-content\\\/uploads\\\/2020\\\/07\\\/Asset-14-100.jpg\",\"datePublished\":\"2020-07-29T08:10:53+00:00\",\"dateModified\":\"2025-12-10T14:26:21+00:00\",\"description\":\"Louer nos espaces\",\"breadcrumb\":{\"@id\":\"https:\\\/\\\/www.ifg.gr\\\/fr\\\/louer-nos-espaces\\\/#breadcrumb\"},\"inLanguage\":\"fr-FR\",\"potentialAction\":[{\"@type\":\"ReadAction\",\"target\":[\"https:\\\/\\\/www.ifg.gr\\\/fr\\\/louer-nos-espaces\\\/\"]}]},{\"@type\":\"ImageObject\",\"inLanguage\":\"fr-FR\",\"@id\":\"https:\\\/\\\/www.ifg.gr\\\/fr\\\/louer-nos-espaces\\\/#primaryimage\",\"url\":\"https:\\\/\\\/www.ifg.gr\\\/wp-content\\\/uploads\\\/2020\\\/07\\\/Asset-14-100.jpg\",\"contentUrl\":\"https:\\\/\\\/www.ifg.gr\\\/wp-content\\\/uploads\\\/2020\\\/07\\\/Asset-14-100.jpg\",\"width\":1937,\"height\":1292},{\"@type\":\"BreadcrumbList\",\"@id\":\"https:\\\/\\\/www.ifg.gr\\\/fr\\\/louer-nos-espaces\\\/#breadcrumb\",\"itemListElement\":[{\"@type\":\"ListItem\",\"position\":1,\"name\":\"Home\",\"item\":\"https:\\\/\\\/www.ifg.gr\\\/fr\\\/\"},{\"@type\":\"ListItem\",\"position\":2,\"name\":\"Louer nos espaces\"}]},{\"@type\":\"WebSite\",\"@id\":\"https:\\\/\\\/www.ifg.gr\\\/#website\",\"url\":\"https:\\\/\\\/www.ifg.gr\\\/\",\"name\":\"IFG\",\"description\":\"\",\"potentialAction\":[{\"@type\":\"SearchAction\",\"target\":{\"@type\":\"EntryPoint\",\"urlTemplate\":\"https:\\\/\\\/www.ifg.gr\\\/?s={search_term_string}\"},\"query-input\":{\"@type\":\"PropertyValueSpecification\",\"valueRequired\":true,\"valueName\":\"search_term_string\"}}],\"inLanguage\":\"fr-FR\"}]}<\/script>\n<!-- \/ Yoast SEO plugin. -->","yoast_head_json":{"title":"Louer nos espaces","description":"Louer nos espaces","robots":{"index":"index","follow":"follow","max-snippet":"max-snippet:-1","max-image-preview":"max-image-preview:large","max-video-preview":"max-video-preview:-1"},"canonical":"https:\/\/www.ifg.gr\/fr\/louer-nos-espaces\/","og_locale":"fr_FR","og_type":"article","og_title":"Louer nos espaces","og_description":"Louer nos espaces","og_url":"https:\/\/www.ifg.gr\/fr\/louer-nos-espaces\/","og_site_name":"IFG","article_modified_time":"2025-12-10T14:26:21+00:00","og_image":[{"width":1937,"height":1292,"url":"https:\/\/www.ifg.gr\/wp-content\/uploads\/2020\/07\/Asset-14-100.jpg","type":"image\/jpeg"}],"twitter_card":"summary_large_image","twitter_misc":{"Dur\u00e9e de lecture estim\u00e9e":"1 minute"},"schema":{"@context":"https:\/\/schema.org","@graph":[{"@type":"WebPage","@id":"https:\/\/www.ifg.gr\/fr\/louer-nos-espaces\/","url":"https:\/\/www.ifg.gr\/fr\/louer-nos-espaces\/","name":"Louer nos espaces","isPartOf":{"@id":"https:\/\/www.ifg.gr\/#website"},"primaryImageOfPage":{"@id":"https:\/\/www.ifg.gr\/fr\/louer-nos-espaces\/#primaryimage"},"image":{"@id":"https:\/\/www.ifg.gr\/fr\/louer-nos-espaces\/#primaryimage"},"thumbnailUrl":"https:\/\/www.ifg.gr\/wp-content\/uploads\/2020\/07\/Asset-14-100.jpg","datePublished":"2020-07-29T08:10:53+00:00","dateModified":"2025-12-10T14:26:21+00:00","description":"Louer nos espaces","breadcrumb":{"@id":"https:\/\/www.ifg.gr\/fr\/louer-nos-espaces\/#breadcrumb"},"inLanguage":"fr-FR","potentialAction":[{"@type":"ReadAction","target":["https:\/\/www.ifg.gr\/fr\/louer-nos-espaces\/"]}]},{"@type":"ImageObject","inLanguage":"fr-FR","@id":"https:\/\/www.ifg.gr\/fr\/louer-nos-espaces\/#primaryimage","url":"https:\/\/www.ifg.gr\/wp-content\/uploads\/2020\/07\/Asset-14-100.jpg","contentUrl":"https:\/\/www.ifg.gr\/wp-content\/uploads\/2020\/07\/Asset-14-100.jpg","width":1937,"height":1292},{"@type":"BreadcrumbList","@id":"https:\/\/www.ifg.gr\/fr\/louer-nos-espaces\/#breadcrumb","itemListElement":[{"@type":"ListItem","position":1,"name":"Home","item":"https:\/\/www.ifg.gr\/fr\/"},{"@type":"ListItem","position":2,"name":"Louer nos espaces"}]},{"@type":"WebSite","@id":"https:\/\/www.ifg.gr\/#website","url":"https:\/\/www.ifg.gr\/","name":"IFG","description":"","potentialAction":[{"@type":"SearchAction","target":{"@type":"EntryPoint","urlTemplate":"https:\/\/www.ifg.gr\/?s={search_term_string}"},"query-input":{"@type":"PropertyValueSpecification","valueRequired":true,"valueName":"search_term_string"}}],"inLanguage":"fr-FR"}]}},"_links":{"self":[{"href":"https:\/\/www.ifg.gr\/fr\/wp-json\/wp\/v2\/pages\/9044","targetHints":{"allow":["GET"]}}],"collection":[{"href":"https:\/\/www.ifg.gr\/fr\/wp-json\/wp\/v2\/pages"}],"about":[{"href":"https:\/\/www.ifg.gr\/fr\/wp-json\/wp\/v2\/types\/page"}],"author":[{"embeddable":true,"href":"https:\/\/www.ifg.gr\/fr\/wp-json\/wp\/v2\/users\/1"}],"replies":[{"embeddable":true,"href":"https:\/\/www.ifg.gr\/fr\/wp-json\/wp\/v2\/comments?post=9044"}],"version-history":[{"count":1,"href":"https:\/\/www.ifg.gr\/fr\/wp-json\/wp\/v2\/pages\/9044\/revisions"}],"predecessor-version":[{"id":66199,"href":"https:\/\/www.ifg.gr\/fr\/wp-json\/wp\/v2\/pages\/9044\/revisions\/66199"}],"wp:featuredmedia":[{"embeddable":true,"href":"https:\/\/www.ifg.gr\/fr\/wp-json\/wp\/v2\/media\/8780"}],"wp:attachment":[{"href":"https:\/\/www.ifg.gr\/fr\/wp-json\/wp\/v2\/media?parent=9044"}],"curies":[{"name":"wp","href":"https:\/\/api.w.org\/{rel}","templated":true}]}}