{"id":9045,"date":"2020-07-29T08:47:25","date_gmt":"2020-07-29T08:47:25","guid":{"rendered":"http:\/\/www.ifg.gr\/%cf%80%ce%bf%ce%b9%ce%bf%ce%b9-%ce%b5%ce%af%ce%bc%ce%b1%cf%83%cf%84%ce%b5\/"},"modified":"2025-10-17T16:38:11","modified_gmt":"2025-10-17T13:38:11","slug":"institut-francais-grece","status":"publish","type":"page","link":"https:\/\/www.ifg.gr\/fr\/institut-francais-grece\/","title":{"rendered":"L\u2019Institut fran\u00e7ais de Gr\u00e8ce \u00e0 Ath\u00e8nes"},"content":{"rendered":"","protected":false},"excerpt":{"rendered":"","protected":false},"author":1,"featured_media":10140,"parent":0,"menu_order":67,"comment_status":"closed","ping_status":"closed","template":"","meta":{"_acf_changed":false,"_searchwp_excluded":"","footnotes":""},"class_list":["post-9045","page","type-page","status-publish","has-post-thumbnail","hentry"],"acf":{"background_color":"#0080c2","side_paragraph":{"title":"UN ENVIRONNEMENT FRANCOPHONE UNIQUE EN GR\u00c8CE","text":"Symbole, depuis 1907, de la coop\u00e9ration franco-hell\u00e9nique et de l\u2019action culturelle fran\u00e7aise en Gr\u00e8ce."},"layout":[{"acf_fc_layout":"full_image","image":{"ID":27268,"id":27268,"title":"IFG black and white Marianna Bisti","filename":"IFG-black-and-white-Marianna-Bisti.jpg","filesize":372743,"url":"https:\/\/www.ifg.gr\/wp-content\/uploads\/2020\/10\/IFG-black-and-white-Marianna-Bisti.jpg","link":"https:\/\/www.ifg.gr\/fr\/institut-francais-grece\/ifg-black-and-white-marianna-bisti-2\/","alt":"","author":"1","description":"IFG black and white Marianna Bisti","caption":"IFG black and white Marianna Bisti","name":"ifg-black-and-white-marianna-bisti-2","status":"inherit","uploaded_to":9045,"date":"2020-10-07 12:27:21","modified":"2020-10-07 12:46:28","menu_order":0,"mime_type":"image\/jpeg","type":"image","subtype":"jpeg","icon":"https:\/\/www.ifg.gr\/wp-includes\/images\/media\/default.png","width":1920,"height":1280,"sizes":{"thumbnail":"https:\/\/www.ifg.gr\/wp-content\/uploads\/2020\/10\/IFG-black-and-white-Marianna-Bisti.jpg","thumbnail-width":150,"thumbnail-height":100,"medium":"https:\/\/www.ifg.gr\/wp-content\/uploads\/2020\/10\/IFG-black-and-white-Marianna-Bisti.jpg","medium-width":300,"medium-height":200,"medium_large":"https:\/\/www.ifg.gr\/wp-content\/uploads\/2020\/10\/IFG-black-and-white-Marianna-Bisti-768x512.jpg","medium_large-width":640,"medium_large-height":427,"large":"https:\/\/www.ifg.gr\/wp-content\/uploads\/2020\/10\/IFG-black-and-white-Marianna-Bisti.jpg","large-width":640,"large-height":427,"1536x1536":"https:\/\/www.ifg.gr\/wp-content\/uploads\/2020\/10\/IFG-black-and-white-Marianna-Bisti-1536x1024.jpg","1536x1536-width":1536,"1536x1536-height":1024,"2048x2048":"https:\/\/www.ifg.gr\/wp-content\/uploads\/2020\/10\/IFG-black-and-white-Marianna-Bisti.jpg","2048x2048-width":1920,"2048x2048-height":1280,"full-width":"https:\/\/www.ifg.gr\/wp-content\/uploads\/2020\/10\/IFG-black-and-white-Marianna-Bisti.jpg","full-width-width":1920,"full-width-height":1280,"sidebar":"https:\/\/www.ifg.gr\/wp-content\/uploads\/2020\/10\/IFG-black-and-white-Marianna-Bisti-1500x1000.jpg","sidebar-width":1500,"sidebar-height":1000,"thumb-sm":"https:\/\/www.ifg.gr\/wp-content\/uploads\/2020\/10\/IFG-black-and-white-Marianna-Bisti-195x130.jpg","thumb-sm-width":195,"thumb-sm-height":130,"thumb-square":"https:\/\/www.ifg.gr\/wp-content\/uploads\/2020\/10\/IFG-black-and-white-Marianna-Bisti-300x300.jpg","thumb-square-width":300,"thumb-square-height":300,"thumb-big":"https:\/\/www.ifg.gr\/wp-content\/uploads\/2020\/10\/IFG-black-and-white-Marianna-Bisti-600x400.jpg","thumb-big-width":600,"thumb-big-height":400,"slider-big":"https:\/\/www.ifg.gr\/wp-content\/uploads\/2020\/10\/IFG-black-and-white-Marianna-Bisti-1315x768.jpg","slider-big-width":1315,"slider-big-height":768}}},{"acf_fc_layout":"accordion","public":true,"title":"L\u2019Institut fran\u00e7ais de Gr\u00e8ce \u00e0 Ath\u00e8nes","side_image_right":{"ID":10140,"id":10140,"title":"IFG2 exoteriki coupe 5265","filename":"IFG2-exoteriki-coupe-5265.jpg","filesize":3512446,"url":"https:\/\/www.ifg.gr\/wp-content\/uploads\/2020\/09\/IFG2-exoteriki-coupe-5265.jpg","link":"https:\/\/www.ifg.gr\/fr\/institut-francais-grece\/ifg2-exoteriki-coupe-5265-2\/","alt":"","author":"1","description":"","caption":"","name":"ifg2-exoteriki-coupe-5265-2","status":"inherit","uploaded_to":9045,"date":"2020-09-25 16:00:21","modified":"2020-09-25 16:00:21","menu_order":0,"mime_type":"image\/jpeg","type":"image","subtype":"jpeg","icon":"https:\/\/www.ifg.gr\/wp-includes\/images\/media\/default.png","width":2000,"height":2252,"sizes":{"thumbnail":"https:\/\/www.ifg.gr\/wp-content\/uploads\/2020\/09\/IFG2-exoteriki-coupe-5265.jpg","thumbnail-width":133,"thumbnail-height":150,"medium":"https:\/\/www.ifg.gr\/wp-content\/uploads\/2020\/09\/IFG2-exoteriki-coupe-5265.jpg","medium-width":266,"medium-height":300,"medium_large":"https:\/\/www.ifg.gr\/wp-content\/uploads\/2020\/09\/IFG2-exoteriki-coupe-5265-768x865.jpg","medium_large-width":640,"medium_large-height":721,"large":"https:\/\/www.ifg.gr\/wp-content\/uploads\/2020\/09\/IFG2-exoteriki-coupe-5265.jpg","large-width":640,"large-height":721,"1536x1536":"https:\/\/www.ifg.gr\/wp-content\/uploads\/2020\/09\/IFG2-exoteriki-coupe-5265-1364x1536.jpg","1536x1536-width":1364,"1536x1536-height":1536,"2048x2048":"https:\/\/www.ifg.gr\/wp-content\/uploads\/2020\/09\/IFG2-exoteriki-coupe-5265-1819x2048.jpg","2048x2048-width":1819,"2048x2048-height":2048,"full-width":"https:\/\/www.ifg.gr\/wp-content\/uploads\/2020\/09\/IFG2-exoteriki-coupe-5265-1920x2162.jpg","full-width-width":1920,"full-width-height":2162,"sidebar":"https:\/\/www.ifg.gr\/wp-content\/uploads\/2020\/09\/IFG2-exoteriki-coupe-5265-888x1000.jpg","sidebar-width":888,"sidebar-height":1000,"thumb-sm":"https:\/\/www.ifg.gr\/wp-content\/uploads\/2020\/09\/IFG2-exoteriki-coupe-5265-115x130.jpg","thumb-sm-width":115,"thumb-sm-height":130,"thumb-square":"https:\/\/www.ifg.gr\/wp-content\/uploads\/2020\/09\/IFG2-exoteriki-coupe-5265-300x300.jpg","thumb-square-width":300,"thumb-square-height":300,"thumb-big":"https:\/\/www.ifg.gr\/wp-content\/uploads\/2020\/09\/IFG2-exoteriki-coupe-5265-600x400.jpg","thumb-big-width":600,"thumb-big-height":400,"slider-big":"https:\/\/www.ifg.gr\/wp-content\/uploads\/2020\/09\/IFG2-exoteriki-coupe-5265-1315x768.jpg","slider-big-width":1315,"slider-big-height":768}},"rolling_message":"","main":[{"acf_fc_layout":"textarea","text":"<p><strong>Un lieu d\u2019effervescence culturelle et intellectuelle, de libert\u00e9 de pens\u00e9e, de mutualisation, d\u2019\u00e9changes, d\u2019innovation et de coop\u00e9ration. <\/strong><\/p>\n<p>Cr\u00e9\u00e9 en 1907, l&rsquo;Institut fran\u00e7ais de Gr\u00e8ce, service de coop\u00e9ration et d&rsquo;action culturelle de l&rsquo;Ambassade de France en Gr\u00e8ce, constitue le lien id\u00e9al avec la France et offre \u00e0 ses \u00e9tudiants ainsi qu\u2019\u00e0 son public, un environnement francophone unique en Gr\u00e8ce, riche en \u00e9v\u00e9nements culturels.<\/p>\n<p>Avec plus de 100 ans de pr\u00e9sence remarqu\u00e9e dans la capitale, il figure parmi les plus importants du r\u00e9seau mondial gr\u00e2ce \u00e0 une amiti\u00e9 franco-grecque ancienne et forte.<\/p>\n<p>Il organise et accueille chaque ann\u00e9e de nombreuses manifestations dans ses espaces enti\u00e8rement r\u00e9nov\u00e9s : colloques, conf\u00e9rences, tables rondes, pr\u00e9sentations litt\u00e9raires, conf\u00e9rences de presse, \u00e9missions de radio, repr\u00e9sentations th\u00e9\u00e2trales, concerts de musique, projections de cin\u00e9ma etc.<\/p>\n<p>L\u2019Institut fran\u00e7ais de Gr\u00e8ce, passerelle d\u2019\u00e9ducation, de culture et d\u2019\u00e9changes entre la France et la Gr\u00e8ce, aspire \u00e0 maintenir et \u00e0 continuellement renforcer les relations entre les deux pays.<\/p>\n"},{"acf_fc_layout":"downloads","attachments":[{"label":"Le c\u0153ur d\u00b4Ath\u00e8nes bat ici !","button_text":"T\u00e9l\u00e9charger le PDF","button_link":"https:\/\/www.ifg.gr\/wp-content\/uploads\/2021\/11\/PLAQUETTE_PRESENTATION_FR_WEB.pdf"}]}],"sidebar":false,"side_information":{"title":"","sections":false}},{"acf_fc_layout":"accordion","public":true,"title":"Contactez-nous \/ Horaires","side_image_right":false,"rolling_message":"","main":[{"acf_fc_layout":"textarea","text":"<p>Pour toutes informations, merci de nous adresser un courriel ou nous joindre par t\u00e9l\u00e9phone.<\/p>\n<p>Standard t\u00e9l\u00e9phonique :\u00a0 +30 210 3398600<br \/>\nfax: +30 210 3646873<br \/>\nEmail: <a href=\"mailto:contact@ifg.gr\" target=\"_blank\" rel=\"noopener\">contact@ifg.gr<\/a><\/p>\n<p>Les diff\u00e9rents services de l\u2019IFG sont op\u00e9rationnels et joignables suivant les jours et horaires ci-dessous.<\/p>\n"},{"acf_fc_layout":"textarea","text":"<p><strong>Inscription<\/strong> <strong>aux cours, abonnement \u00e0 la M\u00e9diath\u00e8que et \u00e0 la carte Club IFG<\/strong><br \/>\nlundi : 09:00-16:45<br \/>\ndu mardi au vendredi : 09:00-18:45<br \/>\nsamedi : 09:00-14:45<\/p>\n<p><strong>Service des examens<\/strong><br \/>\nDu lundi au vendredi : 08h00 &#8211; 16h00<\/p>\n<p><strong>Service de cours :<\/strong><br \/>\ndu lundi au jeudi : 10h00-18h00<br \/>\nvendredi : 10h00-17h00<br \/>\nsamedi : 09h00-14h00<\/p>\n<p><strong>M\u00e9diath\u00e8que Octave Merlier<br \/>\n<\/strong><a href=\"https:\/\/www.mediatheque.gr\/\" target=\"_blank\" rel=\"noopener\">www.mediatheque.gr<\/a><\/p>\n"}],"sidebar":false,"side_information":{"title":"","sections":false}},{"acf_fc_layout":"accordion","public":true,"title":"Accessibilit\u00e9","side_image_right":false,"rolling_message":"","main":[{"acf_fc_layout":"textarea","text":"<p>L\u2019Institut fran\u00e7ais de Gr\u00e8ce est situ\u00e9 au <strong>31, rue Sina<\/strong>, \u00e0 Ath\u00e8nes.<\/p>\n<p><strong>M\u00e9tro<\/strong><br \/>\nArr\u00eat \u00ab Panepistimio \u00bb (650 m\u00e8tres)<br \/>\n<a href=\"https:\/\/www.ametro.gr\/\" target=\"_blank\" rel=\"noopener\">www.ametro.gr<\/a><\/p>\n<p><strong>Bus<\/strong><br \/>\nArr\u00eat \u00ab Akadimias \u00bb, \u00ab Arachovis \u00bb, \u00ab Didotou \u00bb<br \/>\n<a href=\"http:\/\/www.oasa.gr\/\" target=\"_blank\" rel=\"noopener\">www.oasa.gr<\/a><\/p>\n<p><strong>Stationnement<\/strong><br \/>\nL\u2019Institut fran\u00e7ais de Gr\u00e8ce ne dispose pas de parking priv\u00e9.<br \/>\nDes parkings payants sont accessibles dans les rues \u00e0 proximit\u00e9.<\/p>\n<p><strong>Acc\u00e8s personnes \u00e0 mobilit\u00e9 r\u00e9duite<\/strong><br \/>\nTous les espaces sont accessibles aux personnes \u00e0 mobilit\u00e9 r\u00e9duite.<\/p>\n<p>&nbsp;<\/p>\n"}],"sidebar":false,"side_information":{"title":"","sections":false}},{"acf_fc_layout":"facilities","title":"Nos lieux","button_text":"Louer nos espaces ","button_link":"https:\/\/www.ifg.gr\/wp-content\/uploads\/2021\/11\/FR_ESPACES_2021.pdf","right_paragraph_title":"L\u2019Institut fran\u00e7ais de Gr\u00e8ce \u00e0 Ath\u00e8nes, c\u2019est la France au c\u0153ur de la capitale !","right_paragraph_text":"Espaces \u00e9v\u00e9nementiels, salles de r\u00e9union, salles de formations, lieux de d\u00e9tente : d\u00e9couvrez les diff\u00e9rents espaces de la rue Sina pr\u00eats \u00e0 vous accueillir ! "}],"title":"\u039f\u03b9 \u03b5\u03b3\u03ba\u03b1\u03c4\u03b1\u03c3\u03c4\u03ac\u03c3\u03b5\u03b9\u03c2 \u03c4\u03bf\u03c5 IFG \u03c3\u03c4\u03b7\u03bd \u0391\u03b8\u03ae\u03bd\u03b1","button":{"text":"\u0395\u03bd\u03bf\u03b9\u03ba\u03b9\u03ac\u03c3\u03c4\u03b5 \u03c4\u03bf\u03c5\u03c2 \u03c7\u03ce\u03c1\u03bf\u03c5\u03c2 \u03bc\u03b1\u03c2","link":"#"},"paragraph":{"title":"\u0397 \u0393\u0391\u039b\u039b\u0399\u0391 \u03a3\u03a4\u0397\u039d \u039a\u0391\u03a1\u0394\u0399\u0391 \u03a4\u0397\u03a3 \u0391\u0398\u0397\u039d\u0391\u03a3","text":"\u03a4\u03bf \u0393\u03b1\u03bb\u03bb\u03b9\u03ba\u03cc \u0399\u03bd\u03c3\u03c4\u03b9\u03c4\u03bf\u03cd\u03c4\u03bf \u0395\u03bb\u03bb\u03ac\u03b4\u03bf\u03c2  \u03c0\u03bf\u03c5 \u03c5\u03c0\u03ac\u03c1\u03c7\u03b5\u03b9 \u03b5\u03b4\u03ce \u03ba\u03b1\u03b9 100 \u03c7\u03c1\u03cc\u03bd\u03b9\u03b1 \u03c3\u03c4\u03b7\u03bd \u03c0\u03c1\u03c9\u03c4\u03b5\u03cd\u03bf\u03c5\u03c3\u03b1 \u03c5\u03c0\u03bf\u03b4\u03ad\u03c7\u03b5\u03c4\u03b1\u03b9 \u03c4\u03bf \u03ba\u03bf\u03b9\u03bd\u03cc \u03c4\u03bf\u03c5 \u03c3\u03b5 \u03c3\u03cd\u03b3\u03c7\u03c1\u03bf\u03bd\u03bf\u03c5\u03c2 \u03c7\u03ce\u03c1\u03bf\u03c5\u03c2."},"show_sidebar":false,"hero_has_side_paragraph":true},"yoast_head":"<!-- This site is optimized with the Yoast SEO plugin v26.8 - https:\/\/yoast.com\/product\/yoast-seo-wordpress\/ -->\n<title>L\u2019Institut fran\u00e7ais de Gr\u00e8ce, c\u2019est la France au c\u0153ur d\u2019Ath\u00e8nes !<\/title>\n<meta name=\"description\" content=\"Un lieu d\u2019effervescence culturelle et intellectuelle, de libert\u00e9 de pens\u00e9e, de mutualisation, d\u2019\u00e9changes, d\u2019innovation et de coop\u00e9ration.\" \/>\n<meta name=\"robots\" content=\"index, follow, max-snippet:-1, max-image-preview:large, max-video-preview:-1\" \/>\n<link rel=\"canonical\" href=\"https:\/\/www.ifg.gr\/fr\/institut-francais-grece\/\" \/>\n<meta property=\"og:locale\" content=\"fr_FR\" \/>\n<meta property=\"og:type\" content=\"article\" \/>\n<meta property=\"og:title\" content=\"L\u2019Institut fran\u00e7ais de Gr\u00e8ce, c\u2019est la France au c\u0153ur d\u2019Ath\u00e8nes !\" \/>\n<meta property=\"og:description\" content=\"Un lieu d\u2019effervescence culturelle et intellectuelle, de libert\u00e9 de pens\u00e9e, de mutualisation, d\u2019\u00e9changes, d\u2019innovation et de coop\u00e9ration.\" \/>\n<meta property=\"og:url\" content=\"https:\/\/www.ifg.gr\/fr\/institut-francais-grece\/\" \/>\n<meta property=\"og:site_name\" content=\"IFG\" \/>\n<meta property=\"article:modified_time\" content=\"2025-10-17T13:38:11+00:00\" \/>\n<meta property=\"og:image\" content=\"https:\/\/www.ifg.gr\/wp-content\/uploads\/2020\/09\/IFG2-exoteriki-coupe-5265.jpg\" \/>\n\t<meta property=\"og:image:width\" content=\"640\" \/>\n\t<meta property=\"og:image:height\" content=\"721\" \/>\n\t<meta property=\"og:image:type\" content=\"image\/jpeg\" \/>\n<meta name=\"twitter:card\" content=\"summary_large_image\" \/>\n<meta name=\"twitter:label1\" content=\"Dur\u00e9e de lecture estim\u00e9e\" \/>\n\t<meta name=\"twitter:data1\" content=\"1 minute\" \/>\n<script type=\"application\/ld+json\" class=\"yoast-schema-graph\">{\"@context\":\"https:\/\/schema.org\",\"@graph\":[{\"@type\":\"WebPage\",\"@id\":\"https:\/\/www.ifg.gr\/fr\/institut-francais-grece\/\",\"url\":\"https:\/\/www.ifg.gr\/fr\/institut-francais-grece\/\",\"name\":\"L\u2019Institut fran\u00e7ais de Gr\u00e8ce, c\u2019est la France au c\u0153ur d\u2019Ath\u00e8nes !\",\"isPartOf\":{\"@id\":\"https:\/\/www.ifg.gr\/#website\"},\"primaryImageOfPage\":{\"@id\":\"https:\/\/www.ifg.gr\/fr\/institut-francais-grece\/#primaryimage\"},\"image\":{\"@id\":\"https:\/\/www.ifg.gr\/fr\/institut-francais-grece\/#primaryimage\"},\"thumbnailUrl\":\"https:\/\/www.ifg.gr\/wp-content\/uploads\/2020\/09\/IFG2-exoteriki-coupe-5265.jpg\",\"datePublished\":\"2020-07-29T08:47:25+00:00\",\"dateModified\":\"2025-10-17T13:38:11+00:00\",\"description\":\"Un lieu d\u2019effervescence culturelle et intellectuelle, de libert\u00e9 de pens\u00e9e, de mutualisation, d\u2019\u00e9changes, d\u2019innovation et de coop\u00e9ration.\",\"breadcrumb\":{\"@id\":\"https:\/\/www.ifg.gr\/fr\/institut-francais-grece\/#breadcrumb\"},\"inLanguage\":\"fr-FR\",\"potentialAction\":[{\"@type\":\"ReadAction\",\"target\":[\"https:\/\/www.ifg.gr\/fr\/institut-francais-grece\/\"]}]},{\"@type\":\"ImageObject\",\"inLanguage\":\"fr-FR\",\"@id\":\"https:\/\/www.ifg.gr\/fr\/institut-francais-grece\/#primaryimage\",\"url\":\"https:\/\/www.ifg.gr\/wp-content\/uploads\/2020\/09\/IFG2-exoteriki-coupe-5265.jpg\",\"contentUrl\":\"https:\/\/www.ifg.gr\/wp-content\/uploads\/2020\/09\/IFG2-exoteriki-coupe-5265.jpg\",\"width\":2000,\"height\":2252},{\"@type\":\"BreadcrumbList\",\"@id\":\"https:\/\/www.ifg.gr\/fr\/institut-francais-grece\/#breadcrumb\",\"itemListElement\":[{\"@type\":\"ListItem\",\"position\":1,\"name\":\"Home\",\"item\":\"https:\/\/www.ifg.gr\/fr\/\"},{\"@type\":\"ListItem\",\"position\":2,\"name\":\"L\u2019Institut fran\u00e7ais de Gr\u00e8ce \u00e0 Ath\u00e8nes\"}]},{\"@type\":\"WebSite\",\"@id\":\"https:\/\/www.ifg.gr\/#website\",\"url\":\"https:\/\/www.ifg.gr\/\",\"name\":\"IFG\",\"description\":\"\",\"potentialAction\":[{\"@type\":\"SearchAction\",\"target\":{\"@type\":\"EntryPoint\",\"urlTemplate\":\"https:\/\/www.ifg.gr\/?s={search_term_string}\"},\"query-input\":{\"@type\":\"PropertyValueSpecification\",\"valueRequired\":true,\"valueName\":\"search_term_string\"}}],\"inLanguage\":\"fr-FR\"}]}<\/script>\n<!-- \/ Yoast SEO plugin. -->","yoast_head_json":{"title":"L\u2019Institut fran\u00e7ais de Gr\u00e8ce, c\u2019est la France au c\u0153ur d\u2019Ath\u00e8nes !","description":"Un lieu d\u2019effervescence culturelle et intellectuelle, de libert\u00e9 de pens\u00e9e, de mutualisation, d\u2019\u00e9changes, d\u2019innovation et de coop\u00e9ration.","robots":{"index":"index","follow":"follow","max-snippet":"max-snippet:-1","max-image-preview":"max-image-preview:large","max-video-preview":"max-video-preview:-1"},"canonical":"https:\/\/www.ifg.gr\/fr\/institut-francais-grece\/","og_locale":"fr_FR","og_type":"article","og_title":"L\u2019Institut fran\u00e7ais de Gr\u00e8ce, c\u2019est la France au c\u0153ur d\u2019Ath\u00e8nes !","og_description":"Un lieu d\u2019effervescence culturelle et intellectuelle, de libert\u00e9 de pens\u00e9e, de mutualisation, d\u2019\u00e9changes, d\u2019innovation et de coop\u00e9ration.","og_url":"https:\/\/www.ifg.gr\/fr\/institut-francais-grece\/","og_site_name":"IFG","article_modified_time":"2025-10-17T13:38:11+00:00","og_image":[{"url":"https:\/\/www.ifg.gr\/wp-content\/uploads\/2020\/09\/IFG2-exoteriki-coupe-5265.jpg","width":640,"height":721,"type":"image\/jpeg"}],"twitter_card":"summary_large_image","twitter_misc":{"Dur\u00e9e de lecture estim\u00e9e":"1 minute"},"schema":{"@context":"https:\/\/schema.org","@graph":[{"@type":"WebPage","@id":"https:\/\/www.ifg.gr\/fr\/institut-francais-grece\/","url":"https:\/\/www.ifg.gr\/fr\/institut-francais-grece\/","name":"L\u2019Institut fran\u00e7ais de Gr\u00e8ce, c\u2019est la France au c\u0153ur d\u2019Ath\u00e8nes !","isPartOf":{"@id":"https:\/\/www.ifg.gr\/#website"},"primaryImageOfPage":{"@id":"https:\/\/www.ifg.gr\/fr\/institut-francais-grece\/#primaryimage"},"image":{"@id":"https:\/\/www.ifg.gr\/fr\/institut-francais-grece\/#primaryimage"},"thumbnailUrl":"https:\/\/www.ifg.gr\/wp-content\/uploads\/2020\/09\/IFG2-exoteriki-coupe-5265.jpg","datePublished":"2020-07-29T08:47:25+00:00","dateModified":"2025-10-17T13:38:11+00:00","description":"Un lieu d\u2019effervescence culturelle et intellectuelle, de libert\u00e9 de pens\u00e9e, de mutualisation, d\u2019\u00e9changes, d\u2019innovation et de coop\u00e9ration.","breadcrumb":{"@id":"https:\/\/www.ifg.gr\/fr\/institut-francais-grece\/#breadcrumb"},"inLanguage":"fr-FR","potentialAction":[{"@type":"ReadAction","target":["https:\/\/www.ifg.gr\/fr\/institut-francais-grece\/"]}]},{"@type":"ImageObject","inLanguage":"fr-FR","@id":"https:\/\/www.ifg.gr\/fr\/institut-francais-grece\/#primaryimage","url":"https:\/\/www.ifg.gr\/wp-content\/uploads\/2020\/09\/IFG2-exoteriki-coupe-5265.jpg","contentUrl":"https:\/\/www.ifg.gr\/wp-content\/uploads\/2020\/09\/IFG2-exoteriki-coupe-5265.jpg","width":2000,"height":2252},{"@type":"BreadcrumbList","@id":"https:\/\/www.ifg.gr\/fr\/institut-francais-grece\/#breadcrumb","itemListElement":[{"@type":"ListItem","position":1,"name":"Home","item":"https:\/\/www.ifg.gr\/fr\/"},{"@type":"ListItem","position":2,"name":"L\u2019Institut fran\u00e7ais de Gr\u00e8ce \u00e0 Ath\u00e8nes"}]},{"@type":"WebSite","@id":"https:\/\/www.ifg.gr\/#website","url":"https:\/\/www.ifg.gr\/","name":"IFG","description":"","potentialAction":[{"@type":"SearchAction","target":{"@type":"EntryPoint","urlTemplate":"https:\/\/www.ifg.gr\/?s={search_term_string}"},"query-input":{"@type":"PropertyValueSpecification","valueRequired":true,"valueName":"search_term_string"}}],"inLanguage":"fr-FR"}]}},"_links":{"self":[{"href":"https:\/\/www.ifg.gr\/fr\/wp-json\/wp\/v2\/pages\/9045","targetHints":{"allow":["GET"]}}],"collection":[{"href":"https:\/\/www.ifg.gr\/fr\/wp-json\/wp\/v2\/pages"}],"about":[{"href":"https:\/\/www.ifg.gr\/fr\/wp-json\/wp\/v2\/types\/page"}],"author":[{"embeddable":true,"href":"https:\/\/www.ifg.gr\/fr\/wp-json\/wp\/v2\/users\/1"}],"replies":[{"embeddable":true,"href":"https:\/\/www.ifg.gr\/fr\/wp-json\/wp\/v2\/comments?post=9045"}],"version-history":[{"count":2,"href":"https:\/\/www.ifg.gr\/fr\/wp-json\/wp\/v2\/pages\/9045\/revisions"}],"predecessor-version":[{"id":65585,"href":"https:\/\/www.ifg.gr\/fr\/wp-json\/wp\/v2\/pages\/9045\/revisions\/65585"}],"wp:featuredmedia":[{"embeddable":true,"href":"https:\/\/www.ifg.gr\/fr\/wp-json\/wp\/v2\/media\/10140"}],"wp:attachment":[{"href":"https:\/\/www.ifg.gr\/fr\/wp-json\/wp\/v2\/media?parent=9045"}],"curies":[{"name":"wp","href":"https:\/\/api.w.org\/{rel}","templated":true}]}}