{"id":9046,"date":"2020-07-29T13:29:35","date_gmt":"2020-07-29T13:29:35","guid":{"rendered":"http:\/\/www.ifg.gr\/%ce%bc%ce%ae%cf%80%cf%89%cf%82-%ce%ae%cf%81%ce%b8%ce%b5-%ce%b7-%cf%8e%cf%81%ce%b1-%ce%bd%ce%b1-%ce%bc%ce%ac%ce%b8%ce%b5%cf%84%ce%b5-%cf%80%cf%81%ce%b1%ce%b3%ce%bc%ce%b1%cf%84%ce%b9%ce%ba%ce%ac-%ce%b3\/"},"modified":"2026-04-22T11:19:26","modified_gmt":"2026-04-22T08:19:26","slug":"pourquoi-apprendre-le-francais-a-lifg","status":"publish","type":"page","link":"https:\/\/www.ifg.gr\/fr\/pourquoi-apprendre-le-francais-a-lifg\/","title":{"rendered":"Pourquoi apprendre le fran\u00e7ais \u00e0 l&rsquo;IFG ?"},"content":{"rendered":"<p>Bienvenue \u00e0 l&rsquo;Institut Fran\u00e7ais de Gr\u00e8ce, votre porte d&rsquo;entr\u00e9e vers une aventure linguistique et culturelle exceptionnelle !<br \/>\nPourquoi apprendre le fran\u00e7ais avec nous ? Voici quelques raisons irr\u00e9sistibles :<\/p>\n<p><strong>1. Une exp\u00e9rience unique<\/strong> : Apprendre le fran\u00e7ais, c&rsquo;est ouvrir la porte \u00e0 un monde plein de nouvelles opportunit\u00e9s. Que vous r\u00eaviez de voyager, de travailler \u00e0 l&rsquo;\u00e9tranger, ou de d\u00e9couvrir la richesse de la culture fran\u00e7aise, nous sommes l\u00e0 pour vous aider \u00e0 y arriver !<br \/>\n<strong>2. Des professeurs passionn\u00e9s<\/strong> : Nos enseignants sont dynamiques, exp\u00e9riment\u00e9s et toujours pr\u00eats \u00e0 vous aider. Avec leurs m\u00e9thodes interactives et engageantes, apprendre le fran\u00e7ais devient une exp\u00e9rience agr\u00e9able et enrichissante !<br \/>\n<strong>3. Un cadre enchanteur<\/strong> : Imaginez-vous en train de lire un livre fran\u00e7ais captivant dans notre superbe biblioth\u00e8que, ou de discuter avec vos nouveaux amis francophones dans notre cour verdoyante. Apprendre ici, c&rsquo;est vivre le fran\u00e7ais tous les jours ! Nos cours se d\u00e9roulent dans un lieu charg\u00e9 d&rsquo;histoire mais qui a su moderniser ses espaces, offrant ainsi un environnement \u00e0 la fois inspirant et confortable.<br \/>\n<strong>4. Des \u00e9v\u00e9nements culturels passionnants<\/strong> : Expositions d&rsquo;art, soir\u00e9es cin\u00e9ma, d\u00e9bats d\u2019id\u00e9es, concerts\u2026 Notre calendrier culturel est rempli de moments inoubliables qui vous permettront de plonger dans la culture fran\u00e7aise tout en vous divertissant.<br \/>\n<strong>5. Une communaut\u00e9 accueillante<\/strong> : \u00c0 l&rsquo;Institut Fran\u00e7ais de Gr\u00e8ce, vous rencontrerez des gens du monde entier qui partagent votre passion pour le fran\u00e7ais. C&rsquo;est l&rsquo;endroit id\u00e9al pour cr\u00e9er des amiti\u00e9s durables et pratiquer la langue dans une ambiance conviviale.<\/p>\n<p>Alors, \u00eates-vous pr\u00eat \u00e0 embarquer pour cette aventure linguistique ? Que vous soyez d\u00e9butant ou avanc\u00e9, nous avons un cours qui correspond \u00e0 vos envies et \u00e0 votre niveau.<br \/>\nRejoignez-nous et d\u00e9couvrez le plaisir d&rsquo;apprendre le fran\u00e7ais, comme si vous \u00e9tiez en plein c\u0153ur de Paris, avec le soleil de la Gr\u00e8ce en plus !<\/p>\n<hr \/>\n<p><strong>Avez-vous des questions ? Consultez ici notre foire aux questions :<\/strong><\/p>\n<p><a href=\"https:\/\/www.ifg.gr\/wp-content\/uploads\/2025\/07\/FAQ-juillet-2025-fr.pdf\" target=\"_blank\" rel=\"noopener\"><img loading=\"lazy\" decoding=\"async\" class=\"alignnone wp-image-64625\" src=\"https:\/\/www.ifg.gr\/wp-content\/uploads\/2025\/07\/site_banner-copy.png\" alt=\"\" width=\"1419\" height=\"222\" srcset=\"https:\/\/www.ifg.gr\/wp-content\/uploads\/2025\/07\/site_banner-copy.png 2561w, https:\/\/www.ifg.gr\/wp-content\/uploads\/2025\/07\/site_banner-copy-768x120.png 768w, https:\/\/www.ifg.gr\/wp-content\/uploads\/2025\/07\/site_banner-copy-1536x241.png 1536w, https:\/\/www.ifg.gr\/wp-content\/uploads\/2025\/07\/site_banner-copy-2048x321.png 2048w, https:\/\/www.ifg.gr\/wp-content\/uploads\/2025\/07\/site_banner-copy-1920x301.png 1920w, https:\/\/www.ifg.gr\/wp-content\/uploads\/2025\/07\/site_banner-copy-830x130.png 830w\" sizes=\"auto, (max-width: 1419px) 100vw, 1419px\" \/><\/a><\/p>\n<p><img loading=\"lazy\" decoding=\"async\" class=\"alignnone size-full wp-image-64616\" src=\"https:\/\/www.ifg.gr\/wp-content\/uploads\/2025\/07\/insta_FB_post_LOW.jpg\" alt=\"\" width=\"1417\" height=\"1771\" srcset=\"https:\/\/www.ifg.gr\/wp-content\/uploads\/2025\/07\/insta_FB_post_LOW.jpg 1417w, https:\/\/www.ifg.gr\/wp-content\/uploads\/2025\/07\/insta_FB_post_LOW-768x960.jpg 768w, https:\/\/www.ifg.gr\/wp-content\/uploads\/2025\/07\/insta_FB_post_LOW-1229x1536.jpg 1229w, https:\/\/www.ifg.gr\/wp-content\/uploads\/2025\/07\/insta_FB_post_LOW-800x1000.jpg 800w, https:\/\/www.ifg.gr\/wp-content\/uploads\/2025\/07\/insta_FB_post_LOW-104x130.jpg 104w\" sizes=\"auto, (max-width: 1417px) 100vw, 1417px\" \/><\/p>\n","protected":false},"excerpt":{"rendered":"<p>Bienvenue \u00e0 l&rsquo;Institut Fran\u00e7ais de Gr\u00e8ce, votre porte d&rsquo;entr\u00e9e vers une aventure linguistique et culturelle exceptionnelle ! Pourquoi apprendre le fran\u00e7ais avec nous ? Voici quelques raisons irr\u00e9sistibles : 1. Une exp\u00e9rience unique : Apprendre le fran\u00e7ais, c&rsquo;est ouvrir la porte \u00e0 un monde plein de nouvelles opportunit\u00e9s. Que vous r\u00eaviez de voyager, de travailler [&hellip;]<\/p>\n","protected":false},"author":1,"featured_media":59361,"parent":0,"menu_order":69,"comment_status":"closed","ping_status":"closed","template":"","meta":{"_acf_changed":false,"_searchwp_excluded":"","footnotes":""},"class_list":["post-9046","page","type-page","status-publish","has-post-thumbnail","hentry"],"acf":{"background_color":"#f95543","side_paragraph":{"title":"","text":""},"layout":false,"show_sidebar":true,"hero_has_side_paragraph":false,"information":{"title":"","sections":[{"section":[{"title":"Ouverture des inscriptions \u00e0 partir du 18 mai 2026 ","content":false}]},{"section":[{"title":"Test de placement \u00e0 partir du 11 mai au 12 juin 2026 ","content":[{"acf_fc_layout":"textarea","text":"<p><a href=\"mailto:placement@ifg.gr\" target=\"_blank\" rel=\"noopener\">placement@ifg.gr<\/a><\/p>\n"}]}]},{"section":[{"title":"Avez-vous des questions ?","content":[{"acf_fc_layout":"button","title":"FAQ (Foire aux questions) !","url":"https:\/\/www.ifg.gr\/wp-content\/uploads\/2025\/07\/FAQ-juillet-2025-fr.pdf"}]}]},{"section":[{"title":"Nous n\u2019avons pas r\u00e9pondu \u00e0 toutes vos questions ?","content":[{"acf_fc_layout":"button","title":"Compl\u00e9tez le formulaire et nous vous contacterons !","url":"https:\/\/docs.google.com\/forms\/d\/e\/1FAIpQLSepVDQUIqzU_oYK0MhpY37iKNnZzyjA71OUirY3uiC0qorO9Q\/viewform"}]},{"title":"Consulter la politique de r\u00e9ductions","content":[{"acf_fc_layout":"button","title":"ici","url":"https:\/\/www.ifg.gr\/wp-content\/uploads\/2025\/07\/Politique-tarifaire-2025-2026_FR_V2.pdf"}]}]},{"section":[{"title":"Contactez-nous !","content":[{"acf_fc_layout":"textarea","text":"<p><a href=\"mailto:cours@ifg.gr\">cours@ifg.gr<\/a><\/p>\n<p>210 33 98 600<\/p>\n<p>du lundi au jeudi : 10h00-18h00<br \/>\nvendredi : 10h00-17h00<br \/>\nsamedi : 09h00-14h00<\/p>\n"}]},{"title":"Adresse","content":[{"acf_fc_layout":"textarea","text":"<p>31, rue Sina, 106 80 Ath\u00e8nes<\/p>\n"}]}]}]}},"yoast_head":"<!-- This site is optimized with the Yoast SEO plugin v26.8 - https:\/\/yoast.com\/product\/yoast-seo-wordpress\/ -->\n<title>Pourquoi apprendre le fran\u00e7ais \u00e0 l&#039;IFG ?<\/title>\n<meta name=\"description\" content=\"Pourquoi apprendre le fran\u00e7ais \u00e0 l&#039;IFG ?\" \/>\n<meta name=\"robots\" content=\"index, follow, max-snippet:-1, max-image-preview:large, max-video-preview:-1\" \/>\n<link rel=\"canonical\" href=\"https:\/\/www.ifg.gr\/fr\/pourquoi-apprendre-le-francais-a-lifg\/\" \/>\n<meta property=\"og:locale\" content=\"fr_FR\" \/>\n<meta property=\"og:type\" content=\"article\" \/>\n<meta property=\"og:title\" content=\"Pourquoi apprendre le fran\u00e7ais \u00e0 l&#039;IFG ?\" \/>\n<meta property=\"og:description\" content=\"Pourquoi apprendre le fran\u00e7ais \u00e0 l&#039;IFG ?\" \/>\n<meta property=\"og:url\" content=\"https:\/\/www.ifg.gr\/fr\/pourquoi-apprendre-le-francais-a-lifg\/\" \/>\n<meta property=\"og:site_name\" content=\"IFG\" \/>\n<meta property=\"article:modified_time\" content=\"2026-04-22T08:19:26+00:00\" \/>\n<meta property=\"og:image\" content=\"https:\/\/www.ifg.gr\/wp-content\/uploads\/2024\/09\/IMG_0695-fin.jpg\" \/>\n\t<meta property=\"og:image:width\" content=\"1613\" \/>\n\t<meta property=\"og:image:height\" content=\"1210\" \/>\n\t<meta property=\"og:image:type\" content=\"image\/jpeg\" \/>\n<meta name=\"twitter:card\" content=\"summary_large_image\" \/>\n<meta name=\"twitter:label1\" content=\"Dur\u00e9e de lecture estim\u00e9e\" \/>\n\t<meta name=\"twitter:data1\" content=\"3 minutes\" \/>\n<script type=\"application\/ld+json\" class=\"yoast-schema-graph\">{\"@context\":\"https:\/\/schema.org\",\"@graph\":[{\"@type\":\"WebPage\",\"@id\":\"https:\/\/www.ifg.gr\/fr\/pourquoi-apprendre-le-francais-a-lifg\/\",\"url\":\"https:\/\/www.ifg.gr\/fr\/pourquoi-apprendre-le-francais-a-lifg\/\",\"name\":\"Pourquoi apprendre le fran\u00e7ais \u00e0 l'IFG ?\",\"isPartOf\":{\"@id\":\"https:\/\/www.ifg.gr\/#website\"},\"primaryImageOfPage\":{\"@id\":\"https:\/\/www.ifg.gr\/fr\/pourquoi-apprendre-le-francais-a-lifg\/#primaryimage\"},\"image\":{\"@id\":\"https:\/\/www.ifg.gr\/fr\/pourquoi-apprendre-le-francais-a-lifg\/#primaryimage\"},\"thumbnailUrl\":\"https:\/\/www.ifg.gr\/wp-content\/uploads\/2024\/09\/IMG_0695-fin.jpg\",\"datePublished\":\"2020-07-29T13:29:35+00:00\",\"dateModified\":\"2026-04-22T08:19:26+00:00\",\"description\":\"Pourquoi apprendre le fran\u00e7ais \u00e0 l'IFG ?\",\"breadcrumb\":{\"@id\":\"https:\/\/www.ifg.gr\/fr\/pourquoi-apprendre-le-francais-a-lifg\/#breadcrumb\"},\"inLanguage\":\"fr-FR\",\"potentialAction\":[{\"@type\":\"ReadAction\",\"target\":[\"https:\/\/www.ifg.gr\/fr\/pourquoi-apprendre-le-francais-a-lifg\/\"]}]},{\"@type\":\"ImageObject\",\"inLanguage\":\"fr-FR\",\"@id\":\"https:\/\/www.ifg.gr\/fr\/pourquoi-apprendre-le-francais-a-lifg\/#primaryimage\",\"url\":\"https:\/\/www.ifg.gr\/wp-content\/uploads\/2024\/09\/IMG_0695-fin.jpg\",\"contentUrl\":\"https:\/\/www.ifg.gr\/wp-content\/uploads\/2024\/09\/IMG_0695-fin.jpg\",\"width\":1613,\"height\":1210},{\"@type\":\"BreadcrumbList\",\"@id\":\"https:\/\/www.ifg.gr\/fr\/pourquoi-apprendre-le-francais-a-lifg\/#breadcrumb\",\"itemListElement\":[{\"@type\":\"ListItem\",\"position\":1,\"name\":\"Home\",\"item\":\"https:\/\/www.ifg.gr\/fr\/\"},{\"@type\":\"ListItem\",\"position\":2,\"name\":\"Pourquoi apprendre le fran\u00e7ais \u00e0 l&#8217;IFG ?\"}]},{\"@type\":\"WebSite\",\"@id\":\"https:\/\/www.ifg.gr\/#website\",\"url\":\"https:\/\/www.ifg.gr\/\",\"name\":\"IFG\",\"description\":\"\",\"potentialAction\":[{\"@type\":\"SearchAction\",\"target\":{\"@type\":\"EntryPoint\",\"urlTemplate\":\"https:\/\/www.ifg.gr\/?s={search_term_string}\"},\"query-input\":{\"@type\":\"PropertyValueSpecification\",\"valueRequired\":true,\"valueName\":\"search_term_string\"}}],\"inLanguage\":\"fr-FR\"}]}<\/script>\n<!-- \/ Yoast SEO plugin. -->","yoast_head_json":{"title":"Pourquoi apprendre le fran\u00e7ais \u00e0 l'IFG ?","description":"Pourquoi apprendre le fran\u00e7ais \u00e0 l'IFG ?","robots":{"index":"index","follow":"follow","max-snippet":"max-snippet:-1","max-image-preview":"max-image-preview:large","max-video-preview":"max-video-preview:-1"},"canonical":"https:\/\/www.ifg.gr\/fr\/pourquoi-apprendre-le-francais-a-lifg\/","og_locale":"fr_FR","og_type":"article","og_title":"Pourquoi apprendre le fran\u00e7ais \u00e0 l'IFG ?","og_description":"Pourquoi apprendre le fran\u00e7ais \u00e0 l'IFG ?","og_url":"https:\/\/www.ifg.gr\/fr\/pourquoi-apprendre-le-francais-a-lifg\/","og_site_name":"IFG","article_modified_time":"2026-04-22T08:19:26+00:00","og_image":[{"width":1613,"height":1210,"url":"https:\/\/www.ifg.gr\/wp-content\/uploads\/2024\/09\/IMG_0695-fin.jpg","type":"image\/jpeg"}],"twitter_card":"summary_large_image","twitter_misc":{"Dur\u00e9e de lecture estim\u00e9e":"3 minutes"},"schema":{"@context":"https:\/\/schema.org","@graph":[{"@type":"WebPage","@id":"https:\/\/www.ifg.gr\/fr\/pourquoi-apprendre-le-francais-a-lifg\/","url":"https:\/\/www.ifg.gr\/fr\/pourquoi-apprendre-le-francais-a-lifg\/","name":"Pourquoi apprendre le fran\u00e7ais \u00e0 l'IFG ?","isPartOf":{"@id":"https:\/\/www.ifg.gr\/#website"},"primaryImageOfPage":{"@id":"https:\/\/www.ifg.gr\/fr\/pourquoi-apprendre-le-francais-a-lifg\/#primaryimage"},"image":{"@id":"https:\/\/www.ifg.gr\/fr\/pourquoi-apprendre-le-francais-a-lifg\/#primaryimage"},"thumbnailUrl":"https:\/\/www.ifg.gr\/wp-content\/uploads\/2024\/09\/IMG_0695-fin.jpg","datePublished":"2020-07-29T13:29:35+00:00","dateModified":"2026-04-22T08:19:26+00:00","description":"Pourquoi apprendre le fran\u00e7ais \u00e0 l'IFG ?","breadcrumb":{"@id":"https:\/\/www.ifg.gr\/fr\/pourquoi-apprendre-le-francais-a-lifg\/#breadcrumb"},"inLanguage":"fr-FR","potentialAction":[{"@type":"ReadAction","target":["https:\/\/www.ifg.gr\/fr\/pourquoi-apprendre-le-francais-a-lifg\/"]}]},{"@type":"ImageObject","inLanguage":"fr-FR","@id":"https:\/\/www.ifg.gr\/fr\/pourquoi-apprendre-le-francais-a-lifg\/#primaryimage","url":"https:\/\/www.ifg.gr\/wp-content\/uploads\/2024\/09\/IMG_0695-fin.jpg","contentUrl":"https:\/\/www.ifg.gr\/wp-content\/uploads\/2024\/09\/IMG_0695-fin.jpg","width":1613,"height":1210},{"@type":"BreadcrumbList","@id":"https:\/\/www.ifg.gr\/fr\/pourquoi-apprendre-le-francais-a-lifg\/#breadcrumb","itemListElement":[{"@type":"ListItem","position":1,"name":"Home","item":"https:\/\/www.ifg.gr\/fr\/"},{"@type":"ListItem","position":2,"name":"Pourquoi apprendre le fran\u00e7ais \u00e0 l&#8217;IFG ?"}]},{"@type":"WebSite","@id":"https:\/\/www.ifg.gr\/#website","url":"https:\/\/www.ifg.gr\/","name":"IFG","description":"","potentialAction":[{"@type":"SearchAction","target":{"@type":"EntryPoint","urlTemplate":"https:\/\/www.ifg.gr\/?s={search_term_string}"},"query-input":{"@type":"PropertyValueSpecification","valueRequired":true,"valueName":"search_term_string"}}],"inLanguage":"fr-FR"}]}},"_links":{"self":[{"href":"https:\/\/www.ifg.gr\/fr\/wp-json\/wp\/v2\/pages\/9046","targetHints":{"allow":["GET"]}}],"collection":[{"href":"https:\/\/www.ifg.gr\/fr\/wp-json\/wp\/v2\/pages"}],"about":[{"href":"https:\/\/www.ifg.gr\/fr\/wp-json\/wp\/v2\/types\/page"}],"author":[{"embeddable":true,"href":"https:\/\/www.ifg.gr\/fr\/wp-json\/wp\/v2\/users\/1"}],"replies":[{"embeddable":true,"href":"https:\/\/www.ifg.gr\/fr\/wp-json\/wp\/v2\/comments?post=9046"}],"version-history":[{"count":40,"href":"https:\/\/www.ifg.gr\/fr\/wp-json\/wp\/v2\/pages\/9046\/revisions"}],"predecessor-version":[{"id":67434,"href":"https:\/\/www.ifg.gr\/fr\/wp-json\/wp\/v2\/pages\/9046\/revisions\/67434"}],"wp:featuredmedia":[{"embeddable":true,"href":"https:\/\/www.ifg.gr\/fr\/wp-json\/wp\/v2\/media\/59361"}],"wp:attachment":[{"href":"https:\/\/www.ifg.gr\/fr\/wp-json\/wp\/v2\/media?parent=9046"}],"curies":[{"name":"wp","href":"https:\/\/api.w.org\/{rel}","templated":true}]}}