{"id":9047,"date":"2020-07-29T13:45:44","date_gmt":"2020-07-29T13:45:44","guid":{"rendered":"http:\/\/www.ifg.gr\/%ce%bc%ce%ae%cf%80%cf%89%cf%82-%ce%ae%cf%81%ce%b8%ce%b5-%ce%b7-%cf%8e%cf%81%ce%b1-%ce%bd%ce%b1-%ce%bc%ce%ac%ce%b8%ce%b5%cf%84%ce%b5-%cf%80%cf%81%ce%b1%ce%b3%ce%bc%ce%b1%cf%84%ce%b9%ce%ba%ce%ac-%ce%b3\/%ce%bd%ce%ad%ce%bf%ce%b9\/"},"modified":"2025-07-22T11:51:44","modified_gmt":"2025-07-22T08:51:44","slug":"ados-enfants","status":"publish","type":"page","link":"https:\/\/www.ifg.gr\/fr\/pourquoi-apprendre-le-francais-a-lifg\/ados-enfants\/","title":{"rendered":"Enfants &#038; Ados"},"content":{"rendered":"<p>Les cours de fran\u00e7ais pour enfants &amp; adolescents d\u00e9marrent en <strong>septembre<\/strong> et se terminent en <strong>juin<\/strong> de l&rsquo;ann\u00e9e suivante.<\/p>\n<p><strong>Pour plus de d\u00e9tails<\/strong> contactez-nous directement : <a href=\"mailto:cours@ifg.gr\" target=\"_blank\" rel=\"noopener noreferrer\">cours@ifg.gr<\/a><\/p>\n","protected":false},"excerpt":{"rendered":"<p>Les cours de fran\u00e7ais pour enfants &amp; adolescents d\u00e9marrent en septembre et se terminent en juin de l&rsquo;ann\u00e9e suivante. Pour plus de d\u00e9tails contactez-nous directement : cours@ifg.gr<\/p>\n","protected":false},"author":1,"featured_media":0,"parent":9046,"menu_order":71,"comment_status":"closed","ping_status":"closed","template":"","meta":{"_acf_changed":false,"_searchwp_excluded":"","footnotes":""},"class_list":["post-9047","page","type-page","status-publish","hentry"],"acf":{"background_color":"","side_paragraph":{"title":"","text":""},"layout":[{"acf_fc_layout":"accordion","public":true,"title":"Cours pour enfants","side_image_right":false,"rolling_message":"","main":[{"acf_fc_layout":"table","table_title":"Cours de fran\u00e7ais g\u00e9n\u00e9ral","table_description":"","table":{"use_header":true,"header":[{"c":"COURS"},{"c":"JOUR &amp; HEURE"},{"c":"DUR\u00c9E"},{"c":"D\u00c9BUT\n"},{"c":"FIN"},{"c":"TARIF"}],"caption":false,"body":[[{"c":"Petits 4-5 ans, 2h\/ semaine"},{"c":"samedi 11h00-13h00"},{"c":"66 h\n\n"},{"c":"13\/09\/2025"},{"c":"30\/05\/2026"},{"c":"705,00 \u20ac"}],[{"c":"Petits 5-6 ans, 2h\/ semaine"},{"c":"samedi 9h00-11h00"},{"c":"66 h\n"},{"c":"13\/09\/2025"},{"c":"30\/05\/2026"},{"c":"705,00 \u20ac"}],[{"c":"Entr\u00e9e dans l'\u00e9criture, 2h\/ semaine"},{"c":"samedi 11h00-13h00"},{"c":"66 h\n"},{"c":"13\/09\/2025"},{"c":"30\/05\/2026"},{"c":"705,00 \u20ac"}],[{"c":"Enfants 1, 2h\/ semaine                                                     "},{"c":"samedi 9h00-11h00"},{"c":"66 h"},{"c":"13\/09\/2025"},{"c":"30\/05\/2026"},{"c":"605,00 \u20ac "}],[{"c":"Enfants 1, 2h\/ semaine                                                     "},{"c":"samedi 11h00-13h00"},{"c":"66 h"},{"c":"13\/09\/2025"},{"c":"30\/05\/2026"},{"c":"605,00 \u20ac "}],[{"c":"Enfants 1, 2h\/ semaine                                                     "},{"c":"samedi 13h00-15h00*"},{"c":"66 h"},{"c":"13\/09\/2025"},{"c":"30\/05\/2026"},{"c":"550,00 \u20ac "}],[{"c":"Enfants 2, 2h\/ semaine                                                     "},{"c":"samedi 9h00-11h00"},{"c":"66 h"},{"c":"13\/09\/2025"},{"c":"30\/05\/2026"},{"c":"605,00 \u20ac "}],[{"c":"Enfants 2, 2h\/ semaine                                                     "},{"c":"samedi 11h00-13h00"},{"c":"66 h"},{"c":"13\/09\/2025"},{"c":"30\/05\/2026"},{"c":"605,00 \u20ac "}],[{"c":"Enfants 2, 2h\/ semaine                                                     "},{"c":"samedi 13h00-15h00*"},{"c":"66 h"},{"c":"13\/09\/2025"},{"c":"30\/05\/2026"},{"c":"550,00 \u20ac "}],[{"c":"Enfants 3, 2h\/ semaine                                                     "},{"c":"samedi 9h00-11h00"},{"c":"66 h"},{"c":"13\/09\/2025"},{"c":"30\/05\/2026"},{"c":"605,00 \u20ac "}],[{"c":"Enfants 3, 2h\/ semaine                                                     "},{"c":"samedi 11h00-13h00"},{"c":"66 h"},{"c":"13\/09\/2025"},{"c":"30\/05\/2026"},{"c":"605,00 \u20ac "}],[{"c":"Enfants 3, 2h\/ semaine                                                   "},{"c":"samedi 13h00-15h00*"},{"c":"66 h"},{"c":"13\/09\/2025"},{"c":"30\/05\/2026"},{"c":"550,00 \u20ac "}]]},"small_text_below_table":"<p>* Plage horaire \u00e0 tarif r\u00e9duit<\/p>\n"},{"acf_fc_layout":"textarea","text":"<p>Si votre enfant a d\u00e9j\u00e0 des bases en fran\u00e7ais, nous vous invitons \u00e0 prendre rendez-vous avec l\u2019un de nos professeurs. Une petite \u00e9valuation permettra de d\u00e9terminer son niveau.<\/p>\n"},{"acf_fc_layout":"table","table_title":"Cours priv\u00e9 de piano en fran\u00e7ais","table_description":"Ce cours individuel est anim\u00e9 par Jacques Marugg, sp\u00e9cialiste de l\u2019enseignement du piano pour petits et grands.\r\n\u00c0 travers une approche ludique et motivante, les \u00e9l\u00e8ves d\u00e9couvrent ou approfondissent la pratique du piano tout en travaillant la posture, le placement des mains et la respiration.\r\nLe cours se d\u00e9roule en fran\u00e7ais, dans un cadre bienveillant et personnalis\u00e9.\r\nFormat : 10 s\u00e9ances de 30 minutes.","table":{"use_header":true,"header":[{"c":"AGE"},{"c":"DUR\u00c9E"},{"c":"D\u00c9BUT"},{"c":"FIN"},{"c":"TARIF"}],"caption":false,"body":[[{"c":"\u00c0 partir de 4 ans"},{"c":"10 x 30 mn"},{"c":"au choix\/d\u00e8s octobre "},{"c":"\u00e0 d\u00e9finir"},{"c":"300 \u20ac"}]]},"small_text_below_table":""}],"sidebar":false,"side_information":{"title":"","sections":false}},{"acf_fc_layout":"accordion","public":true,"title":"Cours pour adolescents","side_image_right":false,"rolling_message":"","main":[{"acf_fc_layout":"table","table_title":"Cours de fran\u00e7ais g\u00e9n\u00e9ral","table_description":"","table":{"use_header":true,"header":[{"c":"COURS"},{"c":"JOUR &amp; HEURE\n"},{"c":"DUR\u00c9E"},{"c":"D\u00c9BUT\n"},{"c":"FIN"},{"c":"TARIF "}],"caption":false,"body":[[{"c":"Ados A1, 3h \/ semaine"},{"c":"samedi 09h00-12h00"},{"c":"99 h\n\n"},{"c":"13\/09\/2025"},{"c":"30\/05\/2026"},{"c":"899,00 \u20ac"}],[{"c":"Ados A1, 3h \/ semaine"},{"c":"samedi 13h00-16h00*"},{"c":"99 h"},{"c":"13\/09\/2025"},{"c":"30\/05\/2026"},{"c":"810,00 \u20ac"}],[{"c":"Ados A1, 3h \/ semaine"},{"c":"mercredi 17h30-20h30"},{"c":"99 h"},{"c":"17\/09\/2025"},{"c":"27\/05\/2026"},{"c":"899,00 \u20ac"}],[{"c":"Ados A1 vers A2, 3h\/ semaine  "},{"c":"samedi 09h00-12h00"},{"c":"99 h"},{"c":"13\/09\/2025"},{"c":"30\/05\/2026"},{"c":"899,00 \u20ac"}],[{"c":"Ados A1 vers A2, 3h\/ semaine  "},{"c":"samedi 13h00-16h00*"},{"c":"99 h"},{"c":"13\/09\/2025"},{"c":"30\/05\/2026"},{"c":"810,00 \u20ac"}],[{"c":"Ados A1 vers A2, 3h\/ semaine  "},{"c":"samedi 09h00-12h00"},{"c":"99 h"},{"c":"13\/09\/2025"},{"c":"30\/05\/2026"},{"c":"899,00 \u20ac"}],[{"c":"Ados A2, 3h\/ semaine  "},{"c":"samedi 13h00-16h00*"},{"c":"99 h"},{"c":"13\/09\/2025"},{"c":"30\/05\/2026"},{"c":"810,00 \u20ac"}],[{"c":"Ados A2, 3h\/ semaine  "},{"c":"mercredi 17h30-20h30"},{"c":"99 h"},{"c":"17\/09\/2025"},{"c":"27\/05\/2026"},{"c":"899,00 \u20ac"}],[{"c":"Ados B1, 4h\/ semaine"},{"c":"samedi 09h00-13h00"},{"c":"132 h"},{"c":"13\/09\/2025"},{"c":"30\/05\/2026"},{"c":"1\u202f160,00 \u20ac"}],[{"c":"Ados B1, 4h\/ semaine"},{"c":"samedi 13h00-17h00*"},{"c":"132 h"},{"c":"13\/09\/2025"},{"c":"30\/05\/2026"},{"c":"1\u202f050,00 \u20ac"}],[{"c":"Ados B2.1, 4h\/semaine"},{"c":"samedi 09h00-13h00"},{"c":"132 h"},{"c":"13\/09\/2025"},{"c":"30\/05\/2026"},{"c":"1\u202f160,00 \u20ac"}],[{"c":"Ados B2.1, 4h\/semaine"},{"c":"samedi 13h00-17h00*"},{"c":"132 h"},{"c":"13\/09\/2025"},{"c":"30\/05\/2026"},{"c":"1\u202f050,00 \u20ac"}],[{"c":"Ados B2.1, 4h\/semaine"},{"c":"mardi &amp; jeudi 17h30-19h30"},{"c":"132 h"},{"c":"16\/09\/2025"},{"c":"28\/05\/2026"},{"c":"1\u202f160,00 \u20ac"}],[{"c":"Ados B2.2, 4h\/ semaine "},{"c":"samedi 09h00-13h00"},{"c":"132 h"},{"c":"13\/09\/2025"},{"c":"30\/05\/2026"},{"c":"1\u202f160,00 \u20ac"}],[{"c":"Ados B2.2, 4h\/ semaine"},{"c":"samedi 13h00-17h00*"},{"c":"132 h"},{"c":"13\/09\/2025"},{"c":"30\/05\/2026"},{"c":"1\u202f050,00 \u20ac"}],[{"c":"Ados C1.1,  4h\/ semaine"},{"c":"samedi 09h00-13h00"},{"c":"132 h"},{"c":"13\/09\/2025"},{"c":"30\/05\/2026"},{"c":"1\u202f160,00 \u20ac"}],[{"c":"Ados C1.2,  4h\/ semaine"},{"c":"samedi 09h00-13h00"},{"c":"132 h"},{"c":"13\/09\/2025"},{"c":"30\/05\/2026"},{"c":"1\u202f160,00 \u20ac"}]]},"small_text_below_table":"<p>* Plage horaire \u00e0 tarif r\u00e9duit<\/p>\n"},{"acf_fc_layout":"textarea","text":"<p>Si votre enfant a d\u00e9j\u00e0 des bases en fran\u00e7ais, nous vous invitons \u00e0 prendre rendez-vous avec l\u2019un de nos professeurs. Une petite \u00e9valuation permettra de d\u00e9terminer son niveau.<\/p>\n"}],"sidebar":false,"side_information":{"title":"","sections":false}}],"show_sidebar":false,"information":{"title":"Informations","sections":[{"section":[{"title":"Contactez-nous!","content":[{"acf_fc_layout":"textarea","text":"<p>cours@ifg.gr<\/p>\n"}]},{"title":"T\u00e9l\u00e9phone","content":[{"acf_fc_layout":"textarea","text":"<p>210 33 98 693 -323<\/p>\n"}]},{"title":"R\u00e9ception du public","content":[{"acf_fc_layout":"textarea","text":"<p>Du lundi au jeudi: 10:00-18:30<\/p>\n<p>Vendredi: 10:00-17:00<\/p>\n<p>Samedi: 09:00-15:00<\/p>\n"}]},{"title":"Adresse","content":[{"acf_fc_layout":"textarea","text":"<p>Sina 31, Ath\u00e8nes<\/p>\n"}]},{"title":"Test de qualification","content":[{"acf_fc_layout":"textarea","text":"<p>placement@ifg.gr<\/p>\n"}]}]},{"section":[{"title":"Programme de cours","content":[{"acf_fc_layout":"button","title":"T\u00e9l\u00e9charger le PDF","url":"http:\/\/www.ifg.gr\/wp-content\/uploads\/2020\/09\/DIADYKTYAKA-MATHIMATA-IFG.pdf"}]}]},{"section":[{"title":"Programme de cours en ligne","content":[{"acf_fc_layout":"button","title":"T\u00e9l\u00e9charger le PDF","url":"http:\/\/www.ifg.gr\/wp-content\/uploads\/2020\/09\/DIADYKTYAKA-MATHIMATA-IFG.pdf"}]},{"title":"Programme de Larissa","content":[{"acf_fc_layout":"button","title":"T\u00e9l\u00e9charger le PDF","url":"http:\/\/www.ifg.gr\/wp-content\/uploads\/2020\/07\/Cours_2020_2021_LARISA.pdf"}]},{"title":"Programme de Patra","content":[{"acf_fc_layout":"button","title":"T\u00e9l\u00e9charger le PDF","url":"http:\/\/www.ifg.gr\/wp-content\/uploads\/2020\/09\/PATRA-A5_neo.pdf"}]}]}]},"hero_has_side_paragraph":false},"yoast_head":"<!-- This site is optimized with the Yoast SEO plugin v26.8 - https:\/\/yoast.com\/product\/yoast-seo-wordpress\/ -->\n<title>Enfants et adolescents, cours de fran\u00e7ais g\u00e9n\u00e9ral<\/title>\n<meta name=\"description\" content=\"Enfants et adolescents, cours de fran\u00e7ais g\u00e9n\u00e9ral\" \/>\n<meta name=\"robots\" content=\"index, follow, max-snippet:-1, max-image-preview:large, max-video-preview:-1\" \/>\n<link rel=\"canonical\" href=\"https:\/\/www.ifg.gr\/fr\/pourquoi-apprendre-le-francais-a-lifg\/ados-enfants\/\" \/>\n<meta property=\"og:locale\" content=\"fr_FR\" \/>\n<meta property=\"og:type\" content=\"article\" \/>\n<meta property=\"og:title\" content=\"Enfants et adolescents, cours de fran\u00e7ais g\u00e9n\u00e9ral\" \/>\n<meta property=\"og:description\" content=\"Enfants et adolescents, cours de fran\u00e7ais g\u00e9n\u00e9ral\" \/>\n<meta property=\"og:url\" content=\"https:\/\/www.ifg.gr\/fr\/pourquoi-apprendre-le-francais-a-lifg\/ados-enfants\/\" \/>\n<meta property=\"og:site_name\" content=\"IFG\" \/>\n<meta property=\"article:modified_time\" content=\"2025-07-22T08:51:44+00:00\" \/>\n<meta name=\"twitter:card\" content=\"summary_large_image\" \/>\n<meta name=\"twitter:label1\" content=\"Dur\u00e9e de lecture estim\u00e9e\" \/>\n\t<meta name=\"twitter:data1\" content=\"1 minute\" \/>\n<script type=\"application\/ld+json\" class=\"yoast-schema-graph\">{\"@context\":\"https:\/\/schema.org\",\"@graph\":[{\"@type\":\"WebPage\",\"@id\":\"https:\/\/www.ifg.gr\/fr\/pourquoi-apprendre-le-francais-a-lifg\/ados-enfants\/\",\"url\":\"https:\/\/www.ifg.gr\/fr\/pourquoi-apprendre-le-francais-a-lifg\/ados-enfants\/\",\"name\":\"Enfants et adolescents, cours de fran\u00e7ais g\u00e9n\u00e9ral\",\"isPartOf\":{\"@id\":\"https:\/\/www.ifg.gr\/#website\"},\"datePublished\":\"2020-07-29T13:45:44+00:00\",\"dateModified\":\"2025-07-22T08:51:44+00:00\",\"description\":\"Enfants et adolescents, cours de fran\u00e7ais g\u00e9n\u00e9ral\",\"breadcrumb\":{\"@id\":\"https:\/\/www.ifg.gr\/fr\/pourquoi-apprendre-le-francais-a-lifg\/ados-enfants\/#breadcrumb\"},\"inLanguage\":\"fr-FR\",\"potentialAction\":[{\"@type\":\"ReadAction\",\"target\":[\"https:\/\/www.ifg.gr\/fr\/pourquoi-apprendre-le-francais-a-lifg\/ados-enfants\/\"]}]},{\"@type\":\"BreadcrumbList\",\"@id\":\"https:\/\/www.ifg.gr\/fr\/pourquoi-apprendre-le-francais-a-lifg\/ados-enfants\/#breadcrumb\",\"itemListElement\":[{\"@type\":\"ListItem\",\"position\":1,\"name\":\"Home\",\"item\":\"https:\/\/www.ifg.gr\/fr\/\"},{\"@type\":\"ListItem\",\"position\":2,\"name\":\"Pourquoi apprendre le fran\u00e7ais \u00e0 l&#8217;IFG ?\",\"item\":\"https:\/\/www.ifg.gr\/fr\/pourquoi-apprendre-le-francais-a-lifg\/\"},{\"@type\":\"ListItem\",\"position\":3,\"name\":\"Enfants &#038; Ados\"}]},{\"@type\":\"WebSite\",\"@id\":\"https:\/\/www.ifg.gr\/#website\",\"url\":\"https:\/\/www.ifg.gr\/\",\"name\":\"IFG\",\"description\":\"\",\"potentialAction\":[{\"@type\":\"SearchAction\",\"target\":{\"@type\":\"EntryPoint\",\"urlTemplate\":\"https:\/\/www.ifg.gr\/?s={search_term_string}\"},\"query-input\":{\"@type\":\"PropertyValueSpecification\",\"valueRequired\":true,\"valueName\":\"search_term_string\"}}],\"inLanguage\":\"fr-FR\"}]}<\/script>\n<!-- \/ Yoast SEO plugin. -->","yoast_head_json":{"title":"Enfants et adolescents, cours de fran\u00e7ais g\u00e9n\u00e9ral","description":"Enfants et adolescents, cours de fran\u00e7ais g\u00e9n\u00e9ral","robots":{"index":"index","follow":"follow","max-snippet":"max-snippet:-1","max-image-preview":"max-image-preview:large","max-video-preview":"max-video-preview:-1"},"canonical":"https:\/\/www.ifg.gr\/fr\/pourquoi-apprendre-le-francais-a-lifg\/ados-enfants\/","og_locale":"fr_FR","og_type":"article","og_title":"Enfants et adolescents, cours de fran\u00e7ais g\u00e9n\u00e9ral","og_description":"Enfants et adolescents, cours de fran\u00e7ais g\u00e9n\u00e9ral","og_url":"https:\/\/www.ifg.gr\/fr\/pourquoi-apprendre-le-francais-a-lifg\/ados-enfants\/","og_site_name":"IFG","article_modified_time":"2025-07-22T08:51:44+00:00","twitter_card":"summary_large_image","twitter_misc":{"Dur\u00e9e de lecture estim\u00e9e":"1 minute"},"schema":{"@context":"https:\/\/schema.org","@graph":[{"@type":"WebPage","@id":"https:\/\/www.ifg.gr\/fr\/pourquoi-apprendre-le-francais-a-lifg\/ados-enfants\/","url":"https:\/\/www.ifg.gr\/fr\/pourquoi-apprendre-le-francais-a-lifg\/ados-enfants\/","name":"Enfants et adolescents, cours de fran\u00e7ais g\u00e9n\u00e9ral","isPartOf":{"@id":"https:\/\/www.ifg.gr\/#website"},"datePublished":"2020-07-29T13:45:44+00:00","dateModified":"2025-07-22T08:51:44+00:00","description":"Enfants et adolescents, cours de fran\u00e7ais g\u00e9n\u00e9ral","breadcrumb":{"@id":"https:\/\/www.ifg.gr\/fr\/pourquoi-apprendre-le-francais-a-lifg\/ados-enfants\/#breadcrumb"},"inLanguage":"fr-FR","potentialAction":[{"@type":"ReadAction","target":["https:\/\/www.ifg.gr\/fr\/pourquoi-apprendre-le-francais-a-lifg\/ados-enfants\/"]}]},{"@type":"BreadcrumbList","@id":"https:\/\/www.ifg.gr\/fr\/pourquoi-apprendre-le-francais-a-lifg\/ados-enfants\/#breadcrumb","itemListElement":[{"@type":"ListItem","position":1,"name":"Home","item":"https:\/\/www.ifg.gr\/fr\/"},{"@type":"ListItem","position":2,"name":"Pourquoi apprendre le fran\u00e7ais \u00e0 l&#8217;IFG ?","item":"https:\/\/www.ifg.gr\/fr\/pourquoi-apprendre-le-francais-a-lifg\/"},{"@type":"ListItem","position":3,"name":"Enfants &#038; Ados"}]},{"@type":"WebSite","@id":"https:\/\/www.ifg.gr\/#website","url":"https:\/\/www.ifg.gr\/","name":"IFG","description":"","potentialAction":[{"@type":"SearchAction","target":{"@type":"EntryPoint","urlTemplate":"https:\/\/www.ifg.gr\/?s={search_term_string}"},"query-input":{"@type":"PropertyValueSpecification","valueRequired":true,"valueName":"search_term_string"}}],"inLanguage":"fr-FR"}]}},"_links":{"self":[{"href":"https:\/\/www.ifg.gr\/fr\/wp-json\/wp\/v2\/pages\/9047","targetHints":{"allow":["GET"]}}],"collection":[{"href":"https:\/\/www.ifg.gr\/fr\/wp-json\/wp\/v2\/pages"}],"about":[{"href":"https:\/\/www.ifg.gr\/fr\/wp-json\/wp\/v2\/types\/page"}],"author":[{"embeddable":true,"href":"https:\/\/www.ifg.gr\/fr\/wp-json\/wp\/v2\/users\/1"}],"replies":[{"embeddable":true,"href":"https:\/\/www.ifg.gr\/fr\/wp-json\/wp\/v2\/comments?post=9047"}],"version-history":[{"count":13,"href":"https:\/\/www.ifg.gr\/fr\/wp-json\/wp\/v2\/pages\/9047\/revisions"}],"predecessor-version":[{"id":64565,"href":"https:\/\/www.ifg.gr\/fr\/wp-json\/wp\/v2\/pages\/9047\/revisions\/64565"}],"up":[{"embeddable":true,"href":"https:\/\/www.ifg.gr\/fr\/wp-json\/wp\/v2\/pages\/9046"}],"wp:attachment":[{"href":"https:\/\/www.ifg.gr\/fr\/wp-json\/wp\/v2\/media?parent=9047"}],"curies":[{"name":"wp","href":"https:\/\/api.w.org\/{rel}","templated":true}]}}