{"id":9048,"date":"2020-07-29T13:45:20","date_gmt":"2020-07-29T13:45:20","guid":{"rendered":""},"modified":"2026-01-23T10:34:27","modified_gmt":"2026-01-23T08:34:27","slug":"adultes","status":"publish","type":"page","link":"https:\/\/www.ifg.gr\/fr\/pourquoi-apprendre-le-francais-a-lifg\/adultes\/","title":{"rendered":"Adultes en pr\u00e9sentiel"},"content":{"rendered":"<p>Une inscription \u00e0 un groupe reste possible apr\u00e8s le d\u00e9but des cours, sous certaines conditions, en fonction de votre niveau et de votre motivation.<br \/>\nDans ce cas, nous vous invitons \u00e0 prendre contact avec le service des cours \u00e0 l\u2019adresse suivante : <a href=\"mailto:cours@ifg.gr\" target=\"_blank\" rel=\"noopener\">cours@ifg.gr<\/a><\/p>\n","protected":false},"excerpt":{"rendered":"<p>Une inscription \u00e0 un groupe reste possible apr\u00e8s le d\u00e9but des cours, sous certaines conditions, en fonction de votre niveau et de votre motivation. Dans ce cas, nous vous invitons \u00e0 prendre contact avec le service des cours \u00e0 l\u2019adresse suivante : cours@ifg.gr<\/p>\n","protected":false},"author":1,"featured_media":0,"parent":9046,"menu_order":74,"comment_status":"closed","ping_status":"closed","template":"","meta":{"_acf_changed":false,"_searchwp_excluded":"","footnotes":""},"class_list":["post-9048","page","type-page","status-publish","hentry"],"acf":{"background_color":"","side_paragraph":{"title":"","text":""},"layout":[{"acf_fc_layout":"accordion","public":true,"title":"Cours intensifs \u2b50","side_image_right":false,"rolling_message":"","main":[{"acf_fc_layout":"table","table_title":"Fran\u00e7ais g\u00e9n\u00e9ral : Cours intensif 5h (samedi uniquement) OU 6 h (en semaine) \u2b50","table_description":"Ce cours permet d'atteindre un niveau ind\u00e9pendant en 2 ans (B1) ou 3 ans (B2) (si vous commencez comme d\u00e9butant).","table":{"use_header":true,"header":[{"c":"NIVEAU"},{"c":"JOUR"},{"c":"HEURE"},{"c":"DUR\u00c9E"},{"c":"D\u00c9BUT"},{"c":"FIN"},{"c":"TARIF"}],"caption":false,"body":[[{"c":"A1"},{"c":"Lundi &amp; mercredi"},{"c":"18h30-21h30"},{"c":"90 h"},{"c":"09\/02\/2026"},{"c":"08\/06\/2026"},{"c":"810,00 \u20ac"}],[{"c":"A1"},{"c":"Samedi"},{"c":"09h30-14h30"},{"c":"75 h"},{"c":"14\/02\/2026"},{"c":"06\/06\/2026"},{"c":"810,00 \u20ac"}],[{"c":"A2"},{"c":"Lundi &amp; mercredi"},{"c":"18h30-21h30"},{"c":"90 h"},{"c":"11\/02\/2026"},{"c":"10\/06\/2026"},{"c":"810,00 \u20ac"}],[{"c":"A2"},{"c":"Mardi &amp; jeudi"},{"c":"10h00-13h00*"},{"c":"90 h"},{"c":"10\/02\/2026"},{"c":"28\/05\/2026"},{"c":"725,00 \u20ac"}],[{"c":"A2"},{"c":"Samedi"},{"c":"09h30-14h30"},{"c":"75 h"},{"c":"14\/02\/2026"},{"c":"06\/06\/2026"},{"c":"810,00 \u20ac"}],[{"c":"B1.1"},{"c":"Mardi &amp; jeudi\n"},{"c":"10h00-13h00*"},{"c":"90 h"},{"c":"10\/02\/2026"},{"c":"28\/05\/2026"},{"c":"725,00 \u20ac"}],[{"c":"B1.1"},{"c":"Mardi &amp; jeudi"},{"c":"18h30-21h30"},{"c":"90 h"},{"c":"10\/02\/2026"},{"c":"28\/05\/2026"},{"c":"810,00 \u20ac"}],[{"c":"B1.2"},{"c":"Lundi &amp; Mercredi"},{"c":"18h30-21h30"},{"c":"90 h"},{"c":"09\/02\/2026"},{"c":"08\/06\/2026"},{"c":"810,00 \u20ac"}],[{"c":"B1.2"},{"c":"Mardi &amp; jeudi\n"},{"c":"10h00-13h00*"},{"c":"90 h"},{"c":"10\/02\/2026"},{"c":"28\/05\/2026"},{"c":"725,00 \u20ac"}],[{"c":"B1.2"},{"c":"Samedi"},{"c":"09h30-14h30"},{"c":"75 h"},{"c":"14\/02\/2026"},{"c":"06\/06\/2026"},{"c":"810,00 \u20ac"}],[{"c":"B2.1"},{"c":"Samedi"},{"c":"09h30-14h30"},{"c":"75 h"},{"c":"14\/02\/2026"},{"c":"06\/06\/2026"},{"c":"810,00 \u20ac"}],[{"c":"B2.2"},{"c":"Mardi &amp; jeudi"},{"c":"10h00-13h00*"},{"c":"90 h"},{"c":"10\/02\/2026"},{"c":"28\/05\/2026"},{"c":"725,00 \u20ac"}],[{"c":"B2.2"},{"c":"Samedi"},{"c":"09h30-14h30"},{"c":"75 h"},{"c":"14\/02\/2026"},{"c":"06\/06\/2026"},{"c":"810,00 \u20ac"}],[{"c":"C1.1"},{"c":"Samedi"},{"c":"12h00-17h00"},{"c":"75 h"},{"c":"14\/02\/2026"},{"c":"06\/06\/2026"},{"c":"810,00 \u20ac"}],[{"c":"C1.2"},{"c":"Lundi &amp; Mercredi"},{"c":"18h30-21h30"},{"c":"90 h"},{"c":"11\/02\/2026"},{"c":"10\/06\/2026"},{"c":"810,00 \u20ac"}],[{"c":"C1.2"},{"c":"Samedi"},{"c":"09h30-14h30"},{"c":"75 h"},{"c":"14\/02\/2026"},{"c":"06\/06\/2026"},{"c":"810,00 \u20ac"}],[{"c":"C2.1"},{"c":"Mardi &amp; jeudi"},{"c":"18h30-21h30"},{"c":"90 h"},{"c":"10\/02\/2026"},{"c":"28\/05\/2026"},{"c":"810,00 \u20ac"}],[{"c":"C2.2"},{"c":"Lundi &amp; Mercredi"},{"c":"18h30-21h30"},{"c":"90 h"},{"c":"09\/02\/2026"},{"c":"08\/06\/2026"},{"c":"810,00 \u20ac"}]]},"small_text_below_table":"<p>* Plage horaire \u00e0 tarif r\u00e9duit                                                                                                \t\t\t\t\t<\/p>\n"}],"sidebar":false,"side_information":{"title":"","sections":false}},{"acf_fc_layout":"accordion","public":true,"title":" Cours extensifs \u2b50","side_image_right":false,"rolling_message":"","main":[{"acf_fc_layout":"table","table_title":" Cours extensif de 3 heures par semaine \u2b50","table_description":"Ce cours couvre le m\u00eame programme que le niveau intensif mais \u00e0 un rythme moins soutenu.","table":{"use_header":true,"header":[{"c":"NIVEAU"},{"c":"JOUR"},{"c":"HEURE"},{"c":"DUR\u00c9E"},{"c":"D\u00c9BUT"},{"c":"FIN"},{"c":"TARIF"}],"caption":false,"body":[[{"c":"A1.1"},{"c":"vendredi\n"},{"c":"18h00-21h00"},{"c":"45 h\n\n"},{"c":"13\/02\/2026"},{"c":"12\/06\/2026"},{"c":"425,00 \u20ac "}],[{"c":"A1.2"},{"c":"vendredi"},{"c":"18h00-21h00"},{"c":"45 h\n"},{"c":"13\/02\/2026"},{"c":"12\/06\/2026"},{"c":"425,00 \u20ac "}],[{"c":"A2.1"},{"c":"vendredi"},{"c":"18h00-21h00"},{"c":"45 h\n"},{"c":"13\/02\/2026"},{"c":"12\/06\/2026"},{"c":"425,00 \u20ac "}],[{"c":"A2.2"},{"c":"vendredi"},{"c":"18h00-21h00"},{"c":"45 h"},{"c":"13\/02\/2026"},{"c":"12\/06\/2026"},{"c":"425,00 \u20ac "}],[{"c":"B1.1.1"},{"c":"vendredi"},{"c":"18h00-21h00"},{"c":"45 h"},{"c":"13\/02\/2026"},{"c":"12\/06\/2026"},{"c":"425,00 \u20ac "}],[{"c":"B1.1.2"},{"c":"jeudi"},{"c":"10.00-13.00*"},{"c":"45 h"},{"c":"12\/02\/2026"},{"c":"28\/05\/2026"},{"c":"385,00 \u20ac "}],[{"c":"B1.1.2"},{"c":"vendredi"},{"c":"18h00-21h00"},{"c":"45 h"},{"c":"13\/02\/2026"},{"c":"12\/06\/2026"},{"c":"425,00 \u20ac "}],[{"c":"B2.1.2"},{"c":"vendredi"},{"c":"18h00-21h00"},{"c":"45 h"},{"c":"13\/02\/2026"},{"c":"12\/06\/2026"},{"c":"425,00 \u20ac "}],[{"c":"C1.2.2"},{"c":"vendredi"},{"c":"18h00-21h00"},{"c":"45 h"},{"c":"13\/02\/2026"},{"c":"12\/06\/2026"},{"c":"425,00 \u20ac "}]]},"small_text_below_table":"<p>* Plage horaire \u00e0 tarif r\u00e9duit<\/p>\n"}],"sidebar":false,"side_information":{"title":"","sections":false}},{"acf_fc_layout":"accordion","public":true,"title":"Ateliers th\u00e9matiques \u2b50","side_image_right":false,"rolling_message":"","main":[{"acf_fc_layout":"table","table_title":"Pratique linguistique \u2b50","table_description":"Gagnez en aisance en fran\u00e7ais ! Discussions, jeux de r\u00f4le, simulations, d\u00e9bats\u2026 cet atelier dynamique vous permet de renforcer votre expression orale et \u00e9crite \u00e0 travers des th\u00e9matiques vari\u00e9es, ancr\u00e9es dans l\u2019actualit\u00e9 et la culture fran\u00e7aise. Un espace d\u2019\u00e9change et de progr\u00e8s, dans une ambiance conviviale, pour prendre confiance et enrichir votre fran\u00e7ais au quotidien.","table":{"use_header":true,"header":[{"c":"NIVEAU"},{"c":"JOUR"},{"c":"HEURE"},{"c":"DUR\u00c9E\n"},{"c":"D\u00c9BUT"},{"c":"FIN"},{"c":"TARIF"}],"caption":false,"body":[[{"c":"Interm\u00e9diaire (B1+)\n"},{"c":"jeudi\n"},{"c":"18h30-20h30\n"},{"c":"30 h"},{"c":"16\/10\/2025"},{"c":"04\/06\/2026"},{"c":"290 \u20ac\n\n"}],[{"c":"Avanc\u00e9 (C1+)"},{"c":"jeudi"},{"c":"18h30-20h30\n"},{"c":"30 h"},{"c":"19\/02\/2026"},{"c":"04\/06\/2026"},{"c":"290 \u20ac"}]]},"small_text_below_table":""},{"acf_fc_layout":"table","table_title":"Pilates","table_description":"Quoi de mieux qu'un cours de sport en fran\u00e7ais pour se mettre en mouvement, rester en forme, et pratiquer le fran\u00e7ais du quotidien ? Le Pilates est une m\u00e9thode de renforcement des muscles profonds accessible \u00e0 tous et toutes, et qui permettra \u00e0 chacun de gagner en force, en mobilit\u00e9 et en s\u00e9r\u00e9nit\u00e9, avec quelques enrichissements inspir\u00e9s du yoga ou du Fitness.","table":{"use_header":true,"header":[{"c":"NIVEAU"},{"c":"JOUR"},{"c":"HEURE"},{"c":"DUR\u00c9E\n"},{"c":"D\u00c9BUT"},{"c":"FIN"},{"c":"TARIF"}],"caption":false,"body":[[{"c":"Tous niveaux et natifs"},{"c":"lundi &amp; mercredi"},{"c":"18h30-19h30"},{"c":"30 h"},{"c":"13\/10\/2025"},{"c":"11\/02\/2026"},{"c":"255 \u20ac"}]]},"small_text_below_table":""},{"acf_fc_layout":"table","table_title":"Th\u00e9\u00e2tre","table_description":"Coup de th\u00e9\u00e2tre \u00e0 l\u2019IFG ! Rejoignez Les Katapliktiques 2.0, notre troupe de th\u00e9\u00e2tre francophone pour adultes !\r\nAnim\u00e9s par Magali, ces ateliers s\u2019adressent \u00e0 tous les com\u00e9diens et com\u00e9diennes francophones amateurs, quel que soit leur \u00e2ge. Vous y explorerez le plaisir de jouer, de l\u2019improvisation \u00e0 la cr\u00e9ation collective, jusqu\u2019\u00e0 la mise en sc\u00e8ne d\u2019un spectacle pr\u00e9sent\u00e9 en fin d\u2019ann\u00e9e. Venez lib\u00e9rer votre cr\u00e9ativit\u00e9\u2026 en fran\u00e7ais !","table":{"use_header":true,"header":[{"c":"NIVEAU"},{"c":"JOUR"},{"c":"HEURE"},{"c":"DUR\u00c9E\n"},{"c":"D\u00c9BUT"},{"c":"FIN"},{"c":"TARIF"}],"caption":false,"body":[[{"c":"B2-C2 et natifs"},{"c":"mardi"},{"c":"18h30-20h30"},{"c":"60 h"},{"c":"21\/10\/2025"},{"c":"16\/06\/2026"},{"c":"610 \u20ac"}]]},"small_text_below_table":""},{"acf_fc_layout":"table","table_title":"La Chorale francophone","table_description":"Chanter en fran\u00e7ais avec plaisir ! Un atelier convivial pour explorer le r\u00e9pertoire francophone d\u2019hier et d\u2019aujourd\u2019hui. Accompagn\u00e9s par Jacques Marugg, les participants travaillent la voix, la respiration, et s\u2019initient \u00e0 la lecture musicale. \u00c0 chaque d\u00e9but de cycle, le groupe choisit ensemble le th\u00e8me et les chansons \u00e0 interpr\u00e9ter : une belle mani\u00e8re de progresser en fran\u00e7ais tout en partageant un moment chaleureux en musique.","table":{"use_header":true,"header":[{"c":"NIVEAU"},{"c":"JOUR"},{"c":"HEURE"},{"c":"DUR\u00c9E\n"},{"c":"D\u00c9BUT"},{"c":"FIN"},{"c":"TARIF"}],"caption":false,"body":[[{"c":"B2-C2 et natifs"},{"c":"jeudi"},{"c":"18h30-20h30\n"},{"c":"60 h"},{"c":"23\/10\/2025\n"},{"c":"04\/06\/2026"},{"c":"610 \u20ac"}]]},"small_text_below_table":""},{"acf_fc_layout":"table","table_title":"NOUVEAU ! C2+ : la langue en libert\u00e9","table_description":"Vous avez brillamment d\u00e9croch\u00e9 le DALF C2 ? F\u00e9licitations !\r\nCet atelier s\u2019adresse aux passionn\u00e9\u00b7es de la langue fran\u00e7aise qui souhaitent entretenir, affiner et faire vivre leur niveau d\u2019excellence. \r\nDans une ambiance conviviale, nous aborderons des th\u00e9matiques contemporaines \u00e0 travers des d\u00e9bats, des lectures stimulantes, des productions \u00e9crites et orales vari\u00e9es, en mettant l'accent sur l\u2019aisance, la finesse d\u2019expression et le plaisir d\u2019\u00e9changer. Un rendez-vous hebdomadaire pour que le fran\u00e7ais reste bien plus qu\u2019un niveau : un terrain d\u2019exploration et de partage.","table":{"use_header":true,"header":[{"c":"NIVEAU"},{"c":"JOUR"},{"c":"HEURE"},{"c":"DUR\u00c9E\n"},{"c":"D\u00c9BUT"},{"c":"FIN"},{"c":"TARIF"}],"caption":false,"body":[[{"c":"C2\n\n"},{"c":"vendredi\n"},{"c":"18h00-19h30\n"},{"c":"30 h"},{"c":"17\/10\/2025"},{"c":"20\/03\/2026"},{"c":"290 \u20ac\n\n"}]]},"small_text_below_table":""}],"sidebar":false,"side_information":{"title":"","sections":false}}],"show_sidebar":false,"information":{"title":"Informations","sections":[{"section":[{"title":"Contactez-nous!","content":[{"acf_fc_layout":"textarea","text":"<p>cours@ifg.gr<\/p>\n"}]},{"title":"T\u00e9l\u00e9phone","content":[{"acf_fc_layout":"textarea","text":"<p>210 33 98 693 -323<\/p>\n"}]},{"title":"R\u00e9ception du public","content":[{"acf_fc_layout":"textarea","text":"<p>Du lundi au jeudi: 10:00-18:30<\/p>\n<p>Vendredi: 10:00-17:00<\/p>\n<p>Samedi: 09:00-15:00<\/p>\n"}]},{"title":"Adresse","content":[{"acf_fc_layout":"textarea","text":"<p>Sina 31, Ath\u00e8nes<\/p>\n"}]},{"title":"Test de qualification","content":[{"acf_fc_layout":"textarea","text":"<p>placement@ifg.gr <\/p>\n"}]}]},{"section":[{"title":"Programme de cours","content":[{"acf_fc_layout":"button","title":"T\u00e9l\u00e9charger le PDF","url":"http:\/\/www.ifg.gr\/wp-content\/uploads\/2020\/09\/DIADYKTYAKA-MATHIMATA-IFG.pdf"}]},{"title":"Programme de Larissa","content":[{"acf_fc_layout":"button","title":"T\u00e9l\u00e9charger le PDF","url":"http:\/\/www.ifg.gr\/wp-content\/uploads\/2020\/07\/Cours_2020_2021_LARISA.pdf"}]},{"title":"Programme de Patra","content":[{"acf_fc_layout":"button","title":"T\u00e9l\u00e9charger le PDF","url":"http:\/\/www.ifg.gr\/wp-content\/uploads\/2020\/09\/PATRA-A5_neo.pdf"}]}]}]},"hero_has_side_paragraph":false},"yoast_head":"<!-- This site is optimized with the Yoast SEO plugin v26.8 - https:\/\/yoast.com\/product\/yoast-seo-wordpress\/ -->\n<title>Adultes | Fran\u00e7ais g\u00e9n\u00e9ral (\u00e0 partir de 17 ans) - EN PRESENTIEL<\/title>\n<meta name=\"description\" content=\"Adultes | Fran\u00e7ais g\u00e9n\u00e9ral (\u00e0 partir de 17 ans): Cours intensif, cours extensif, cours en minigroup, cours particuliers\" \/>\n<meta name=\"robots\" content=\"index, follow, max-snippet:-1, max-image-preview:large, max-video-preview:-1\" \/>\n<link rel=\"canonical\" href=\"https:\/\/www.ifg.gr\/fr\/pourquoi-apprendre-le-francais-a-lifg\/adultes\/\" \/>\n<meta property=\"og:locale\" content=\"fr_FR\" \/>\n<meta property=\"og:type\" content=\"article\" \/>\n<meta property=\"og:title\" content=\"Adultes | Fran\u00e7ais g\u00e9n\u00e9ral (\u00e0 partir de 17 ans) - EN PRESENTIEL\" \/>\n<meta property=\"og:description\" content=\"Adultes | Fran\u00e7ais g\u00e9n\u00e9ral (\u00e0 partir de 17 ans): Cours intensif, cours extensif, cours en minigroup, cours particuliers\" \/>\n<meta property=\"og:url\" content=\"https:\/\/www.ifg.gr\/fr\/pourquoi-apprendre-le-francais-a-lifg\/adultes\/\" \/>\n<meta property=\"og:site_name\" content=\"IFG\" \/>\n<meta property=\"article:modified_time\" content=\"2026-01-23T08:34:27+00:00\" \/>\n<meta name=\"twitter:card\" content=\"summary_large_image\" \/>\n<meta name=\"twitter:label1\" content=\"Dur\u00e9e de lecture estim\u00e9e\" \/>\n\t<meta name=\"twitter:data1\" content=\"1 minute\" \/>\n<script type=\"application\/ld+json\" class=\"yoast-schema-graph\">{\"@context\":\"https:\/\/schema.org\",\"@graph\":[{\"@type\":\"WebPage\",\"@id\":\"https:\/\/www.ifg.gr\/fr\/pourquoi-apprendre-le-francais-a-lifg\/adultes\/\",\"url\":\"https:\/\/www.ifg.gr\/fr\/pourquoi-apprendre-le-francais-a-lifg\/adultes\/\",\"name\":\"Adultes | Fran\u00e7ais g\u00e9n\u00e9ral (\u00e0 partir de 17 ans) - EN PRESENTIEL\",\"isPartOf\":{\"@id\":\"https:\/\/www.ifg.gr\/#website\"},\"datePublished\":\"2020-07-29T13:45:20+00:00\",\"dateModified\":\"2026-01-23T08:34:27+00:00\",\"description\":\"Adultes | Fran\u00e7ais g\u00e9n\u00e9ral (\u00e0 partir de 17 ans): Cours intensif, cours extensif, cours en minigroup, cours particuliers\",\"breadcrumb\":{\"@id\":\"https:\/\/www.ifg.gr\/fr\/pourquoi-apprendre-le-francais-a-lifg\/adultes\/#breadcrumb\"},\"inLanguage\":\"fr-FR\",\"potentialAction\":[{\"@type\":\"ReadAction\",\"target\":[\"https:\/\/www.ifg.gr\/fr\/pourquoi-apprendre-le-francais-a-lifg\/adultes\/\"]}]},{\"@type\":\"BreadcrumbList\",\"@id\":\"https:\/\/www.ifg.gr\/fr\/pourquoi-apprendre-le-francais-a-lifg\/adultes\/#breadcrumb\",\"itemListElement\":[{\"@type\":\"ListItem\",\"position\":1,\"name\":\"Home\",\"item\":\"https:\/\/www.ifg.gr\/fr\/\"},{\"@type\":\"ListItem\",\"position\":2,\"name\":\"Pourquoi apprendre le fran\u00e7ais \u00e0 l&#8217;IFG ?\",\"item\":\"https:\/\/www.ifg.gr\/fr\/pourquoi-apprendre-le-francais-a-lifg\/\"},{\"@type\":\"ListItem\",\"position\":3,\"name\":\"Adultes en pr\u00e9sentiel\"}]},{\"@type\":\"WebSite\",\"@id\":\"https:\/\/www.ifg.gr\/#website\",\"url\":\"https:\/\/www.ifg.gr\/\",\"name\":\"IFG\",\"description\":\"\",\"potentialAction\":[{\"@type\":\"SearchAction\",\"target\":{\"@type\":\"EntryPoint\",\"urlTemplate\":\"https:\/\/www.ifg.gr\/?s={search_term_string}\"},\"query-input\":{\"@type\":\"PropertyValueSpecification\",\"valueRequired\":true,\"valueName\":\"search_term_string\"}}],\"inLanguage\":\"fr-FR\"}]}<\/script>\n<!-- \/ Yoast SEO plugin. -->","yoast_head_json":{"title":"Adultes | Fran\u00e7ais g\u00e9n\u00e9ral (\u00e0 partir de 17 ans) - EN PRESENTIEL","description":"Adultes | Fran\u00e7ais g\u00e9n\u00e9ral (\u00e0 partir de 17 ans): Cours intensif, cours extensif, cours en minigroup, cours particuliers","robots":{"index":"index","follow":"follow","max-snippet":"max-snippet:-1","max-image-preview":"max-image-preview:large","max-video-preview":"max-video-preview:-1"},"canonical":"https:\/\/www.ifg.gr\/fr\/pourquoi-apprendre-le-francais-a-lifg\/adultes\/","og_locale":"fr_FR","og_type":"article","og_title":"Adultes | Fran\u00e7ais g\u00e9n\u00e9ral (\u00e0 partir de 17 ans) - EN PRESENTIEL","og_description":"Adultes | Fran\u00e7ais g\u00e9n\u00e9ral (\u00e0 partir de 17 ans): Cours intensif, cours extensif, cours en minigroup, cours particuliers","og_url":"https:\/\/www.ifg.gr\/fr\/pourquoi-apprendre-le-francais-a-lifg\/adultes\/","og_site_name":"IFG","article_modified_time":"2026-01-23T08:34:27+00:00","twitter_card":"summary_large_image","twitter_misc":{"Dur\u00e9e de lecture estim\u00e9e":"1 minute"},"schema":{"@context":"https:\/\/schema.org","@graph":[{"@type":"WebPage","@id":"https:\/\/www.ifg.gr\/fr\/pourquoi-apprendre-le-francais-a-lifg\/adultes\/","url":"https:\/\/www.ifg.gr\/fr\/pourquoi-apprendre-le-francais-a-lifg\/adultes\/","name":"Adultes | Fran\u00e7ais g\u00e9n\u00e9ral (\u00e0 partir de 17 ans) - EN PRESENTIEL","isPartOf":{"@id":"https:\/\/www.ifg.gr\/#website"},"datePublished":"2020-07-29T13:45:20+00:00","dateModified":"2026-01-23T08:34:27+00:00","description":"Adultes | Fran\u00e7ais g\u00e9n\u00e9ral (\u00e0 partir de 17 ans): Cours intensif, cours extensif, cours en minigroup, cours particuliers","breadcrumb":{"@id":"https:\/\/www.ifg.gr\/fr\/pourquoi-apprendre-le-francais-a-lifg\/adultes\/#breadcrumb"},"inLanguage":"fr-FR","potentialAction":[{"@type":"ReadAction","target":["https:\/\/www.ifg.gr\/fr\/pourquoi-apprendre-le-francais-a-lifg\/adultes\/"]}]},{"@type":"BreadcrumbList","@id":"https:\/\/www.ifg.gr\/fr\/pourquoi-apprendre-le-francais-a-lifg\/adultes\/#breadcrumb","itemListElement":[{"@type":"ListItem","position":1,"name":"Home","item":"https:\/\/www.ifg.gr\/fr\/"},{"@type":"ListItem","position":2,"name":"Pourquoi apprendre le fran\u00e7ais \u00e0 l&#8217;IFG ?","item":"https:\/\/www.ifg.gr\/fr\/pourquoi-apprendre-le-francais-a-lifg\/"},{"@type":"ListItem","position":3,"name":"Adultes en pr\u00e9sentiel"}]},{"@type":"WebSite","@id":"https:\/\/www.ifg.gr\/#website","url":"https:\/\/www.ifg.gr\/","name":"IFG","description":"","potentialAction":[{"@type":"SearchAction","target":{"@type":"EntryPoint","urlTemplate":"https:\/\/www.ifg.gr\/?s={search_term_string}"},"query-input":{"@type":"PropertyValueSpecification","valueRequired":true,"valueName":"search_term_string"}}],"inLanguage":"fr-FR"}]}},"_links":{"self":[{"href":"https:\/\/www.ifg.gr\/fr\/wp-json\/wp\/v2\/pages\/9048","targetHints":{"allow":["GET"]}}],"collection":[{"href":"https:\/\/www.ifg.gr\/fr\/wp-json\/wp\/v2\/pages"}],"about":[{"href":"https:\/\/www.ifg.gr\/fr\/wp-json\/wp\/v2\/types\/page"}],"author":[{"embeddable":true,"href":"https:\/\/www.ifg.gr\/fr\/wp-json\/wp\/v2\/users\/1"}],"replies":[{"embeddable":true,"href":"https:\/\/www.ifg.gr\/fr\/wp-json\/wp\/v2\/comments?post=9048"}],"version-history":[{"count":37,"href":"https:\/\/www.ifg.gr\/fr\/wp-json\/wp\/v2\/pages\/9048\/revisions"}],"predecessor-version":[{"id":66678,"href":"https:\/\/www.ifg.gr\/fr\/wp-json\/wp\/v2\/pages\/9048\/revisions\/66678"}],"up":[{"embeddable":true,"href":"https:\/\/www.ifg.gr\/fr\/wp-json\/wp\/v2\/pages\/9046"}],"wp:attachment":[{"href":"https:\/\/www.ifg.gr\/fr\/wp-json\/wp\/v2\/media?parent=9048"}],"curies":[{"name":"wp","href":"https:\/\/api.w.org\/{rel}","templated":true}]}}