{"id":9143,"date":"2020-07-29T13:45:21","date_gmt":"2020-07-29T13:45:21","guid":{"rendered":"http:\/\/www.ifg.gr\/mipos-irthe-i-ora-na-mathete-pragmatika-g\/pos-na-engrafeite\/"},"modified":"2025-12-11T12:09:35","modified_gmt":"2025-12-11T10:09:35","slug":"comment-inscrire-test-tarifs-modalites-de-paiement","status":"publish","type":"page","link":"https:\/\/www.ifg.gr\/fr\/pourquoi-apprendre-le-francais-a-lifg\/comment-inscrire-test-tarifs-modalites-de-paiement\/","title":{"rendered":"Comment s&rsquo;inscrire \u00e0 un cours ?"},"content":{"rendered":"<p><strong>Comment s&rsquo;inscrire \u00e0 un cours ?<\/strong><\/p>\n<p><strong>Cours pour le jeune public (4 ans \u00e0 16 ans)<\/strong><br \/>\n<strong>1)<\/strong> Votre enfant est nouvel \u00e9l\u00e8ve \u00e0 l\u2019IFG, merci de contacter le Service des cours <a href=\"mailto:cours@ifg.gr\" target=\"_blank\" rel=\"noopener\">cours@ifg.gr<\/a> afin de vous orienter vers le cours le plus adapt\u00e9 aux besoins de votre enfant. Une \u00e9valuation avec un de nos professeurs pourra vous \u00eatre propos\u00e9e si l\u2019enfant n\u2019est pas d\u00e9butant.<br \/>\n<strong>2)<\/strong> Votre enfant suivait un cours \u00e0 l\u2019IFG en 2024-2025 : vous pouvez inscrire l\u2019enfant directement pour la suite de ce cours en fonction des indications donn\u00e9es par le professeur en fin d\u2019ann\u00e9e.<br \/>\n<strong>3)<\/strong> Si votre enfant a d\u00e9j\u00e0 obtenu un dipl\u00f4me de fran\u00e7ais, merci de nous en informer pour qu\u2019il soit orient\u00e9 dans le bon groupe.<\/p>\n<p><strong>Cours pour les adultes (17 ans et plus) <\/strong><br \/>\n<strong>1)<\/strong> Vous \u00eates compl\u00e8tement d\u00e9butant en fran\u00e7ais, vous pouvez vous inscrire directement \u00e0 un cours A1 ou A1.1<br \/>\n<strong>2)<\/strong> Vous suiviez un cours \u00e0 l\u2019IFG en 2024-2025, vous pouvez vous inscrire directement pour la suite de ce cours.<br \/>\n<strong>3)<\/strong> Vous avez obtenu un dipl\u00f4me DELF ou DALF entre 2023 et 2025, vous pouvez vous inscrire directement au niveau sup\u00e9rieur.<br \/>\n<strong>4)<\/strong> Vous n\u2019\u00eates pas d\u00e9butant, vous n\u2019avez pas suivi de cours \u00e0 l\u2019IFG, et\/ou vous avez obtenu votre dernier dipl\u00f4me de fran\u00e7ais avant 2023, vous devez passer un test de placement afin de d\u00e9terminer le cours le plus appropri\u00e9 \u00e0 vos besoins.<\/p>\n<p><strong>Test de placement<\/strong><br \/>\nLe test de placement co\u00fbte <strong>10\u20ac<\/strong> et se fait <strong>en ligne<\/strong>. Il se compose d\u2019une \u00e9valuation \u00e9crite puis d\u2019une \u00e9valuation orale avec un professeur de l\u2019IFG via Zoom.<br \/>\nIl est possible aussi de faire le test \u00e0 l&rsquo;Institut, sur rendez-vous, si vous ne disposez pas d&rsquo;ordinateur ou de connexion \u00e0 Internet.<br \/>\nPour tout renseignement ou prise de rendez-vous pour un test de placement, veuillez contacter : <a href=\"mailto:placement@ifg.gr\" target=\"_blank\" rel=\"noopener\">placement@ifg.gr<\/a><\/p>\n<p><strong>Modalit\u00e9s de paiement<br \/>\n<\/strong><strong>1)<\/strong>\u00a0<a href=\"https:\/\/ifgrece.extranet-aec.com\/extranet\/\" target=\"_blank\" rel=\"noopener noreferrer\">La boutique en ligne de l&rsquo;IFG<\/a> vous permet de vous inscrire et d&rsquo;effectuer un paiement s\u00e9curis\u00e9 avec votre carte bancaire.<br \/>\n<strong>2)<\/strong> Par carte bancaire (sauf Dinner&rsquo;s et American Express) ou en esp\u00e8ces aupr\u00e8s du service des inscriptions<br \/>\n<strong>3)<\/strong> Par virement bancaire : contacter le service (<a href=\"mailto:inscription@ifg.gr\" target=\"_blank\" rel=\"noopener\">inscription@ifg.gr<\/a> | 210 33 98 600)<\/p>\n<p>Votre inscription doit \u00eatre effectu\u00e9e avant le d\u00e9but de la formation. Vous serez invit\u00e9(e) \u00e0 prendre connaissance de nos Conditions G\u00e9n\u00e9rales d&rsquo;inscription compl\u00e8tes avant de vous inscrire.<br \/>\n<a href=\"https:\/\/www.ifg.gr\/wp-content\/uploads\/2025\/07\/REGLEMENT-DES-COURS-JUILLET-2025_V3_FR.pdf\" target=\"_blank\" rel=\"noopener\"><strong>T\u00e9l\u00e9charger nos Conditions G\u00e9n\u00e9rales d&rsquo;Inscription<\/strong><\/a><br \/>\n<a href=\"https:\/\/www.ifg.gr\/wp-content\/uploads\/2025\/07\/Politique-tarifaire-2025-2026_FR_V2.pdf\" target=\"_blank\" rel=\"noopener\"><strong>T\u00e9l\u00e9charger notre Politique de r\u00e9ductions<\/strong> <\/a><\/p>\n","protected":false},"excerpt":{"rendered":"<p>Comment s&rsquo;inscrire \u00e0 un cours ? Cours pour le jeune public (4 ans \u00e0 16 ans) 1) Votre enfant est nouvel \u00e9l\u00e8ve \u00e0 l\u2019IFG, merci de contacter le Service des cours cours@ifg.gr afin de vous orienter vers le cours le plus adapt\u00e9 aux besoins de votre enfant. Une \u00e9valuation avec un de nos professeurs pourra [&hellip;]<\/p>\n","protected":false},"author":1,"featured_media":0,"parent":9046,"menu_order":84,"comment_status":"closed","ping_status":"closed","template":"","meta":{"_acf_changed":false,"_searchwp_excluded":"","footnotes":""},"class_list":["post-9143","page","type-page","status-publish","hentry"],"acf":{"background_color":"","side_paragraph":{"title":"","text":""},"layout":[{"acf_fc_layout":"accordion","public":true,"title":"Jours f\u00e9ri\u00e9s & Vacances","side_image_right":false,"rolling_message":"","main":[{"acf_fc_layout":"table","table_title":"Jours f\u00e9ri\u00e9s","table_description":"","table":{"use_header":false,"header":false,"caption":false,"body":[[{"c":"mardi 28 octobre 2025 : f\u00eate nationale"}],[{"c":"lundi 17 novembre 2025 : Polytechnique"}],[{"c":"mardi 6 janvier 2026 : \u00c9piphanie"}],[{"c":"lundi 3 f\u00e9vrier 2026 : lundi pur"}],[{"c":"mercredi 25 mars 2026 : f\u00eate nationale"}],[{"c":"vendredi 1er mai 2026 : f\u00eate du travail"}],[{"c":"lundi 1er juin 2026 : Pentec\u00f4te"}]]},"small_text_below_table":""},{"acf_fc_layout":"table","table_title":"Vacances","table_description":"","table":{"use_header":false,"header":false,"caption":false,"body":[[{"c":"No\u00ebl : du lundi 23 d\u00e9cembre 2024 au lundi 6 janvier 2025 inclus"}],[{"c":"P\u00e2ques : du jeudi 17 avril 2025 au mercredi 23 avril 2025 inclus"}]]},"small_text_below_table":""},{"acf_fc_layout":"table","table_title":"Examens","table_description":"Pendant les sessions des examens de l\u2019IFG, les cours en pr\u00e9sentiel ne seront pas assur\u00e9s aux dates suivantes :","table":{"use_header":false,"header":false,"caption":false,"body":[[{"c":"Vendredi 12 et samedi 13 d\u00e9cembre 2025"}],[{"c":"Vendredi 08 et samedi 09 mai 2026"}]]},"small_text_below_table":""}],"sidebar":false,"side_information":{"title":"","sections":false}}],"show_sidebar":false,"information":{"title":"Informations","sections":[{"section":[{"title":"Contactez-nous!","content":[{"acf_fc_layout":"textarea","text":"<p>cours@ifg.gr<\/p>\n"}]},{"title":"T\u00e9l\u00e9phone","content":[{"acf_fc_layout":"textarea","text":"<p>210 33 98 693 -323<\/p>\n"}]},{"title":"R\u00e9ception du public","content":[{"acf_fc_layout":"textarea","text":"<p>Du lundi au jeudi: 10:00-18:30<\/p>\n<p>Vendredi: 10:00-17:00<\/p>\n<p>Samedi: 09:00-15:00<\/p>\n"}]},{"title":"Adresse","content":[{"acf_fc_layout":"textarea","text":"<p>Sina 31, Ath\u00e8nes<\/p>\n"}]},{"title":"Test de qualification","content":[{"acf_fc_layout":"textarea","text":"<p>placement@ifg.gr<\/p>\n"}]}]},{"section":[{"title":"Programme de cours","content":[{"acf_fc_layout":"button","title":"T\u00e9l\u00e9charger le PDF","url":"http:\/\/www.ifg.gr\/wp-content\/uploads\/2020\/09\/DIADYKTYAKA-MATHIMATA-IFG.pdf"}]}]},{"section":[{"title":"Programme de cours en ligne","content":[{"acf_fc_layout":"button","title":"T\u00e9l\u00e9charger le PDF","url":"http:\/\/www.ifg.gr\/wp-content\/uploads\/2020\/09\/DIADYKTYAKA-MATHIMATA-IFG.pdf"}]},{"title":"Programme de Larissa","content":[{"acf_fc_layout":"button","title":"T\u00e9l\u00e9charger le PDF","url":"http:\/\/www.ifg.gr\/wp-content\/uploads\/2020\/07\/Cours_2020_2021_LARISA.pdf"}]},{"title":"Programme de Patra","content":[{"acf_fc_layout":"button","title":"T\u00e9l\u00e9charger le PDF","url":"http:\/\/www.ifg.gr\/wp-content\/uploads\/2020\/09\/PATRA-A5_neo.pdf"}]}]}]},"hero_has_side_paragraph":false},"yoast_head":"<!-- This site is optimized with the Yoast SEO plugin v26.8 - https:\/\/yoast.com\/product\/yoast-seo-wordpress\/ -->\n<title>Comment s&#039;inscrire? Test de placement, tarifs &amp; modalit\u00e9s de paiement<\/title>\n<meta name=\"description\" content=\"\u03a0\u03ce\u03c2 \u03bd\u03b1 \u03b5\u03b3\u03b3\u03c1\u03b1\u03c6\u03b5\u03af\u03c4\u03b5 \u03c3\u03b5 &#039;\u03ad\u03bd\u03b1 \u03bc\u03ac\u03b8\u03b7\u03bc\u03b1; \u0391\u03bd\u03b1\u03bb\u03c5\u03c4\u03b9\u03ba\u03ad\u03c2 \u03c0\u03bb\u03b7\u03c1\u03bf\u03c6\u03bf\u03c1\u03af\u03b5\u03c2 \u03b3\u03b9\u03b1 \u03c4\u03bf \u03ba\u03b1\u03c4\u03b1\u03c4\u03b1\u03ba\u03c4\u03ae\u03c1\u03b9\u03bf \u03c4\u03b5\u03c3\u03c4, \u03c4\u03b9\u03c2 \u03c4\u03b9\u03bc\u03ad\u03c2 &amp; \u03c4\u03bf\u03c5\u03c2 \u03c4\u03c1\u03cc\u03c0\u03bf\u03c5\u03c2 \u03c0\u03bb\u03b7\u03c1\u03c9\u03bc\u03ae\u03c2\" \/>\n<meta name=\"robots\" content=\"index, follow, max-snippet:-1, max-image-preview:large, max-video-preview:-1\" \/>\n<link rel=\"canonical\" href=\"https:\/\/www.ifg.gr\/fr\/pourquoi-apprendre-le-francais-a-lifg\/comment-inscrire-test-tarifs-modalites-de-paiement\/\" \/>\n<meta property=\"og:locale\" content=\"fr_FR\" \/>\n<meta property=\"og:type\" content=\"article\" \/>\n<meta property=\"og:title\" content=\"Comment s&#039;inscrire? Test de placement, tarifs &amp; modalit\u00e9s de paiement\" \/>\n<meta property=\"og:description\" content=\"\u03a0\u03ce\u03c2 \u03bd\u03b1 \u03b5\u03b3\u03b3\u03c1\u03b1\u03c6\u03b5\u03af\u03c4\u03b5 \u03c3\u03b5 &#039;\u03ad\u03bd\u03b1 \u03bc\u03ac\u03b8\u03b7\u03bc\u03b1; \u0391\u03bd\u03b1\u03bb\u03c5\u03c4\u03b9\u03ba\u03ad\u03c2 \u03c0\u03bb\u03b7\u03c1\u03bf\u03c6\u03bf\u03c1\u03af\u03b5\u03c2 \u03b3\u03b9\u03b1 \u03c4\u03bf \u03ba\u03b1\u03c4\u03b1\u03c4\u03b1\u03ba\u03c4\u03ae\u03c1\u03b9\u03bf \u03c4\u03b5\u03c3\u03c4, \u03c4\u03b9\u03c2 \u03c4\u03b9\u03bc\u03ad\u03c2 &amp; \u03c4\u03bf\u03c5\u03c2 \u03c4\u03c1\u03cc\u03c0\u03bf\u03c5\u03c2 \u03c0\u03bb\u03b7\u03c1\u03c9\u03bc\u03ae\u03c2\" \/>\n<meta property=\"og:url\" content=\"https:\/\/www.ifg.gr\/fr\/pourquoi-apprendre-le-francais-a-lifg\/comment-inscrire-test-tarifs-modalites-de-paiement\/\" \/>\n<meta property=\"og:site_name\" content=\"IFG\" \/>\n<meta property=\"article:modified_time\" content=\"2025-12-11T10:09:35+00:00\" \/>\n<meta name=\"twitter:card\" content=\"summary_large_image\" \/>\n<meta name=\"twitter:label1\" content=\"Dur\u00e9e de lecture estim\u00e9e\" \/>\n\t<meta name=\"twitter:data1\" content=\"3 minutes\" \/>\n<script type=\"application\/ld+json\" class=\"yoast-schema-graph\">{\"@context\":\"https:\/\/schema.org\",\"@graph\":[{\"@type\":\"WebPage\",\"@id\":\"https:\/\/www.ifg.gr\/fr\/pourquoi-apprendre-le-francais-a-lifg\/comment-inscrire-test-tarifs-modalites-de-paiement\/\",\"url\":\"https:\/\/www.ifg.gr\/fr\/pourquoi-apprendre-le-francais-a-lifg\/comment-inscrire-test-tarifs-modalites-de-paiement\/\",\"name\":\"Comment s'inscrire? Test de placement, tarifs & modalit\u00e9s de paiement\",\"isPartOf\":{\"@id\":\"https:\/\/www.ifg.gr\/#website\"},\"datePublished\":\"2020-07-29T13:45:21+00:00\",\"dateModified\":\"2025-12-11T10:09:35+00:00\",\"description\":\"\u03a0\u03ce\u03c2 \u03bd\u03b1 \u03b5\u03b3\u03b3\u03c1\u03b1\u03c6\u03b5\u03af\u03c4\u03b5 \u03c3\u03b5 '\u03ad\u03bd\u03b1 \u03bc\u03ac\u03b8\u03b7\u03bc\u03b1; \u0391\u03bd\u03b1\u03bb\u03c5\u03c4\u03b9\u03ba\u03ad\u03c2 \u03c0\u03bb\u03b7\u03c1\u03bf\u03c6\u03bf\u03c1\u03af\u03b5\u03c2 \u03b3\u03b9\u03b1 \u03c4\u03bf \u03ba\u03b1\u03c4\u03b1\u03c4\u03b1\u03ba\u03c4\u03ae\u03c1\u03b9\u03bf \u03c4\u03b5\u03c3\u03c4, \u03c4\u03b9\u03c2 \u03c4\u03b9\u03bc\u03ad\u03c2 & \u03c4\u03bf\u03c5\u03c2 \u03c4\u03c1\u03cc\u03c0\u03bf\u03c5\u03c2 \u03c0\u03bb\u03b7\u03c1\u03c9\u03bc\u03ae\u03c2\",\"breadcrumb\":{\"@id\":\"https:\/\/www.ifg.gr\/fr\/pourquoi-apprendre-le-francais-a-lifg\/comment-inscrire-test-tarifs-modalites-de-paiement\/#breadcrumb\"},\"inLanguage\":\"fr-FR\",\"potentialAction\":[{\"@type\":\"ReadAction\",\"target\":[\"https:\/\/www.ifg.gr\/fr\/pourquoi-apprendre-le-francais-a-lifg\/comment-inscrire-test-tarifs-modalites-de-paiement\/\"]}]},{\"@type\":\"BreadcrumbList\",\"@id\":\"https:\/\/www.ifg.gr\/fr\/pourquoi-apprendre-le-francais-a-lifg\/comment-inscrire-test-tarifs-modalites-de-paiement\/#breadcrumb\",\"itemListElement\":[{\"@type\":\"ListItem\",\"position\":1,\"name\":\"Home\",\"item\":\"https:\/\/www.ifg.gr\/fr\/\"},{\"@type\":\"ListItem\",\"position\":2,\"name\":\"Pourquoi apprendre le fran\u00e7ais \u00e0 l&#8217;IFG ?\",\"item\":\"https:\/\/www.ifg.gr\/fr\/pourquoi-apprendre-le-francais-a-lifg\/\"},{\"@type\":\"ListItem\",\"position\":3,\"name\":\"Comment s&#8217;inscrire \u00e0 un cours ?\"}]},{\"@type\":\"WebSite\",\"@id\":\"https:\/\/www.ifg.gr\/#website\",\"url\":\"https:\/\/www.ifg.gr\/\",\"name\":\"IFG\",\"description\":\"\",\"potentialAction\":[{\"@type\":\"SearchAction\",\"target\":{\"@type\":\"EntryPoint\",\"urlTemplate\":\"https:\/\/www.ifg.gr\/?s={search_term_string}\"},\"query-input\":{\"@type\":\"PropertyValueSpecification\",\"valueRequired\":true,\"valueName\":\"search_term_string\"}}],\"inLanguage\":\"fr-FR\"}]}<\/script>\n<!-- \/ Yoast SEO plugin. -->","yoast_head_json":{"title":"Comment s'inscrire? Test de placement, tarifs & modalit\u00e9s de paiement","description":"\u03a0\u03ce\u03c2 \u03bd\u03b1 \u03b5\u03b3\u03b3\u03c1\u03b1\u03c6\u03b5\u03af\u03c4\u03b5 \u03c3\u03b5 '\u03ad\u03bd\u03b1 \u03bc\u03ac\u03b8\u03b7\u03bc\u03b1; \u0391\u03bd\u03b1\u03bb\u03c5\u03c4\u03b9\u03ba\u03ad\u03c2 \u03c0\u03bb\u03b7\u03c1\u03bf\u03c6\u03bf\u03c1\u03af\u03b5\u03c2 \u03b3\u03b9\u03b1 \u03c4\u03bf \u03ba\u03b1\u03c4\u03b1\u03c4\u03b1\u03ba\u03c4\u03ae\u03c1\u03b9\u03bf \u03c4\u03b5\u03c3\u03c4, \u03c4\u03b9\u03c2 \u03c4\u03b9\u03bc\u03ad\u03c2 & \u03c4\u03bf\u03c5\u03c2 \u03c4\u03c1\u03cc\u03c0\u03bf\u03c5\u03c2 \u03c0\u03bb\u03b7\u03c1\u03c9\u03bc\u03ae\u03c2","robots":{"index":"index","follow":"follow","max-snippet":"max-snippet:-1","max-image-preview":"max-image-preview:large","max-video-preview":"max-video-preview:-1"},"canonical":"https:\/\/www.ifg.gr\/fr\/pourquoi-apprendre-le-francais-a-lifg\/comment-inscrire-test-tarifs-modalites-de-paiement\/","og_locale":"fr_FR","og_type":"article","og_title":"Comment s'inscrire? Test de placement, tarifs & modalit\u00e9s de paiement","og_description":"\u03a0\u03ce\u03c2 \u03bd\u03b1 \u03b5\u03b3\u03b3\u03c1\u03b1\u03c6\u03b5\u03af\u03c4\u03b5 \u03c3\u03b5 '\u03ad\u03bd\u03b1 \u03bc\u03ac\u03b8\u03b7\u03bc\u03b1; \u0391\u03bd\u03b1\u03bb\u03c5\u03c4\u03b9\u03ba\u03ad\u03c2 \u03c0\u03bb\u03b7\u03c1\u03bf\u03c6\u03bf\u03c1\u03af\u03b5\u03c2 \u03b3\u03b9\u03b1 \u03c4\u03bf \u03ba\u03b1\u03c4\u03b1\u03c4\u03b1\u03ba\u03c4\u03ae\u03c1\u03b9\u03bf \u03c4\u03b5\u03c3\u03c4, \u03c4\u03b9\u03c2 \u03c4\u03b9\u03bc\u03ad\u03c2 & \u03c4\u03bf\u03c5\u03c2 \u03c4\u03c1\u03cc\u03c0\u03bf\u03c5\u03c2 \u03c0\u03bb\u03b7\u03c1\u03c9\u03bc\u03ae\u03c2","og_url":"https:\/\/www.ifg.gr\/fr\/pourquoi-apprendre-le-francais-a-lifg\/comment-inscrire-test-tarifs-modalites-de-paiement\/","og_site_name":"IFG","article_modified_time":"2025-12-11T10:09:35+00:00","twitter_card":"summary_large_image","twitter_misc":{"Dur\u00e9e de lecture estim\u00e9e":"3 minutes"},"schema":{"@context":"https:\/\/schema.org","@graph":[{"@type":"WebPage","@id":"https:\/\/www.ifg.gr\/fr\/pourquoi-apprendre-le-francais-a-lifg\/comment-inscrire-test-tarifs-modalites-de-paiement\/","url":"https:\/\/www.ifg.gr\/fr\/pourquoi-apprendre-le-francais-a-lifg\/comment-inscrire-test-tarifs-modalites-de-paiement\/","name":"Comment s'inscrire? Test de placement, tarifs & modalit\u00e9s de paiement","isPartOf":{"@id":"https:\/\/www.ifg.gr\/#website"},"datePublished":"2020-07-29T13:45:21+00:00","dateModified":"2025-12-11T10:09:35+00:00","description":"\u03a0\u03ce\u03c2 \u03bd\u03b1 \u03b5\u03b3\u03b3\u03c1\u03b1\u03c6\u03b5\u03af\u03c4\u03b5 \u03c3\u03b5 '\u03ad\u03bd\u03b1 \u03bc\u03ac\u03b8\u03b7\u03bc\u03b1; \u0391\u03bd\u03b1\u03bb\u03c5\u03c4\u03b9\u03ba\u03ad\u03c2 \u03c0\u03bb\u03b7\u03c1\u03bf\u03c6\u03bf\u03c1\u03af\u03b5\u03c2 \u03b3\u03b9\u03b1 \u03c4\u03bf \u03ba\u03b1\u03c4\u03b1\u03c4\u03b1\u03ba\u03c4\u03ae\u03c1\u03b9\u03bf \u03c4\u03b5\u03c3\u03c4, \u03c4\u03b9\u03c2 \u03c4\u03b9\u03bc\u03ad\u03c2 & \u03c4\u03bf\u03c5\u03c2 \u03c4\u03c1\u03cc\u03c0\u03bf\u03c5\u03c2 \u03c0\u03bb\u03b7\u03c1\u03c9\u03bc\u03ae\u03c2","breadcrumb":{"@id":"https:\/\/www.ifg.gr\/fr\/pourquoi-apprendre-le-francais-a-lifg\/comment-inscrire-test-tarifs-modalites-de-paiement\/#breadcrumb"},"inLanguage":"fr-FR","potentialAction":[{"@type":"ReadAction","target":["https:\/\/www.ifg.gr\/fr\/pourquoi-apprendre-le-francais-a-lifg\/comment-inscrire-test-tarifs-modalites-de-paiement\/"]}]},{"@type":"BreadcrumbList","@id":"https:\/\/www.ifg.gr\/fr\/pourquoi-apprendre-le-francais-a-lifg\/comment-inscrire-test-tarifs-modalites-de-paiement\/#breadcrumb","itemListElement":[{"@type":"ListItem","position":1,"name":"Home","item":"https:\/\/www.ifg.gr\/fr\/"},{"@type":"ListItem","position":2,"name":"Pourquoi apprendre le fran\u00e7ais \u00e0 l&#8217;IFG ?","item":"https:\/\/www.ifg.gr\/fr\/pourquoi-apprendre-le-francais-a-lifg\/"},{"@type":"ListItem","position":3,"name":"Comment s&#8217;inscrire \u00e0 un cours ?"}]},{"@type":"WebSite","@id":"https:\/\/www.ifg.gr\/#website","url":"https:\/\/www.ifg.gr\/","name":"IFG","description":"","potentialAction":[{"@type":"SearchAction","target":{"@type":"EntryPoint","urlTemplate":"https:\/\/www.ifg.gr\/?s={search_term_string}"},"query-input":{"@type":"PropertyValueSpecification","valueRequired":true,"valueName":"search_term_string"}}],"inLanguage":"fr-FR"}]}},"_links":{"self":[{"href":"https:\/\/www.ifg.gr\/fr\/wp-json\/wp\/v2\/pages\/9143","targetHints":{"allow":["GET"]}}],"collection":[{"href":"https:\/\/www.ifg.gr\/fr\/wp-json\/wp\/v2\/pages"}],"about":[{"href":"https:\/\/www.ifg.gr\/fr\/wp-json\/wp\/v2\/types\/page"}],"author":[{"embeddable":true,"href":"https:\/\/www.ifg.gr\/fr\/wp-json\/wp\/v2\/users\/1"}],"replies":[{"embeddable":true,"href":"https:\/\/www.ifg.gr\/fr\/wp-json\/wp\/v2\/comments?post=9143"}],"version-history":[{"count":7,"href":"https:\/\/www.ifg.gr\/fr\/wp-json\/wp\/v2\/pages\/9143\/revisions"}],"predecessor-version":[{"id":66208,"href":"https:\/\/www.ifg.gr\/fr\/wp-json\/wp\/v2\/pages\/9143\/revisions\/66208"}],"up":[{"embeddable":true,"href":"https:\/\/www.ifg.gr\/fr\/wp-json\/wp\/v2\/pages\/9046"}],"wp:attachment":[{"href":"https:\/\/www.ifg.gr\/fr\/wp-json\/wp\/v2\/media?parent=9143"}],"curies":[{"name":"wp","href":"https:\/\/api.w.org\/{rel}","templated":true}]}}