{"id":9265,"date":"2020-10-01T07:41:19","date_gmt":"2020-10-01T07:41:19","guid":{"rendered":"http:\/\/www.ifg.gr\/?page_id=9265"},"modified":"2026-04-22T17:30:46","modified_gmt":"2026-04-22T14:30:46","slug":"cours-ete","status":"publish","type":"page","link":"https:\/\/www.ifg.gr\/fr\/pourquoi-apprendre-le-francais-a-lifg\/cours-ete\/","title":{"rendered":"\u00c9t\u00e9 2026"},"content":{"rendered":"","protected":false},"excerpt":{"rendered":"","protected":false},"author":1,"featured_media":0,"parent":9046,"menu_order":77,"comment_status":"closed","ping_status":"closed","template":"","meta":{"_acf_changed":false,"_searchwp_excluded":"","footnotes":""},"class_list":["post-9265","page","type-page","status-publish","hentry"],"acf":{"show_sidebar":false,"background_color":"","hero_has_side_paragraph":false,"layout":[{"acf_fc_layout":"accordion","public":true,"title":"Cours d'\u00e9t\u00e9 en ligne pour les adultes","side_image_right":false,"rolling_message":"","main":[{"acf_fc_layout":"table","table_title":"Cours intensifs","table_description":"Compl\u00e9tez votre niveau en un minimum de temps !\r\nCours intensif de 70 ou 75 heures, avec la possibilit\u00e9 d'acc\u00e9der au niveau sup\u00e9rieur d\u00e8s la session d\u2019octobre 2026, soit un gain de 3 mois par rapport au parcours semestriel.","table":{"use_header":true,"header":[{"c":"Niveau"},{"c":"Jour"},{"c":"Heure"},{"c":"Dur\u00e9e"},{"c":"D\u00e9but"},{"c":"Fin"},{"c":"Tarif"}],"caption":false,"body":[[{"c":"A1"},{"c":"du lundi au vendredi"},{"c":"de 18h00 \u00e0 20h30"},{"c":"70 h"},{"c":"15\/06\/2026"},{"c":"22\/07\/2026"},{"c":"610 \u20ac"}],[{"c":"A2"},{"c":"du lundi au vendredi"},{"c":"de 18h00 \u00e0 20h30"},{"c":"70 h"},{"c":"15\/06\/2026"},{"c":"22\/07\/2026"},{"c":"610 \u20ac"}],[{"c":"B1.1"},{"c":"du lundi au vendredi"},{"c":"de 18h00 \u00e0 20h30"},{"c":"75 h"},{"c":"15\/06\/2026"},{"c":"24\/07\/2026"},{"c":"690 \u20ac"}],[{"c":"B2.1"},{"c":"du lundi au vendredi"},{"c":"de 18h00 \u00e0 20h30"},{"c":"75 h"},{"c":"15\/06\/2026"},{"c":"24\/07\/2026"},{"c":"690 \u20ac"}]]},"small_text_below_table":"<p>N.B : Les cours adultes pourront se d\u00e9rouler, si au moins 5 \u00e9l\u00e8ves sont inscrits.<\/p>\n"},{"acf_fc_layout":"table","table_title":"Discuter en fran\u00e7ais","table_description":"Am\u00e9liorez votre fluidit\u00e9, enrichissez votre vocabulaire et gagnez en confiance avec vos interlocuteurs francophones !","table":{"use_header":true,"header":[{"c":"Niveau"},{"c":"Jour"},{"c":"Heure"},{"c":"Dur\u00e9e"},{"c":"D\u00e9but"},{"c":"Fin"},{"c":"Tarif"}],"caption":false,"body":[[{"c":"B2-C1"},{"c":"mardi &amp; jeudi"},{"c":"18:00-20:00"},{"c":"20 h"},{"c":"16\/06\/2026"},{"c":"16\/07\/2026"},{"c":"250 \u20ac"}]]},"small_text_below_table":"<p>N.B : Les cours adultes pourront se d\u00e9rouler, si au moins 5 \u00e9l\u00e8ves sont inscrits.<\/p>\n"},{"acf_fc_layout":"table","table_title":"Pr\u00e9pa aux \u00e9tudes en France : Atelier \"Vivre en France \"","table_description":"Cet atelier pratique comprendra 2 volets :\r\n- La pr\u00e9paration aux \u00e9tudes en France : Organisation des \u00e9tudes, syst\u00e8me d\u2019\u00e9valuation, prise de notes, pr\u00e9paration des expos\u00e9s.\r\n- La pr\u00e9paration \u00e0 la vie en France : Vie quotidienne, d\u00e9couverte de la soci\u00e9t\u00e9 fran\u00e7aise, approche interculturelle.","table":{"use_header":true,"header":[{"c":"Niveau"},{"c":"Jour"},{"c":"Dur\u00e9e"},{"c":"D\u00e9but"},{"c":"Fin"},{"c":"Tarif"}],"caption":false,"body":[[{"c":"\u03921-\u03922"},{"c":"mardi 10h-14h, mercredi 18h-21h et jeudi 10h-13h"},{"c":"20 h"},{"c":"30\/06\/2026"},{"c":"09\/07\/2026"},{"c":"250 \u20ac"}]]},"small_text_below_table":"<p>N.B : Les cours adultes pourront se d\u00e9rouler, si au moins 5 \u00e9l\u00e8ves sont inscrits.<\/p>\n"}],"sidebar":false,"side_information":{"title":"","sections":false}},{"acf_fc_layout":"accordion","public":true,"title":"S\u00e9jour linguistique en France","side_image_right":false,"rolling_message":"","main":[{"acf_fc_layout":"textarea","text":"<p>Situ\u00e9 au c\u0153ur de cette charmante ville thermale d\u2019Auvergne, le campus international du CAVILAM accueille des \u00e9tudiants du monde entier dans un environnement dynamique et stimulant. Progressez en fran\u00e7ais dans un environnement international, faites des rencontres enrichissantes et profitez d\u2019un programme dynamique alliant cours et activit\u00e9s !<\/p>\n<p>Pour toute information ou inscription, contactez-nous \u00e0\u00a0<a href=\"mailto:cours@ifg.gr\" target=\"_blank\" rel=\"noopener\">cours@ifg.gr<\/a><\/p>\n"},{"acf_fc_layout":"posts","items":[{"ID":61909,"post_author":"18","post_date":"2026-03-10 12:06:10","post_date_gmt":"2026-03-10 10:06:10","post_content":"Pr\u00e9parez-vous pour une exp\u00e9rience inoubliable en France !\r\n\r\nL\u2019Institut Fran\u00e7ais de Gr\u00e8ce renouvelle son partenariat avec le <strong>CAVILAM<\/strong> \u2013 <strong>Alliance Fran\u00e7aise \u00e0 Vichy<\/strong>, un centre d\u2019excellence reconnu dans le monde entier pour l\u2019apprentissage du fran\u00e7ais !\r\n\r\nSitu\u00e9 au c\u0153ur de cette charmante ville thermale d\u2019Auvergne, le campus international du CAVILAM accueille des \u00e9tudiants du monde entier dans un environnement dynamique et stimulant. Progressez en fran\u00e7ais dans un environnement international, faites des rencontres enrichissantes et profitez d\u2019un programme dynamique alliant cours et activit\u00e9s !\r\n\r\n<hr \/>\r\n\r\nChoisissez le programme qui vous correspond :\r\n\r\n<strong>Pour les adultes (\u00e0 partir de 16 ans)\r\n<\/strong>\r\n\r\n\u25aa\ufe0fD\u00e9but des cours chaque lundi, \u00e0 partir d\u2019une semaine\r\n\u25aa\ufe0f20 heures de cours\/semaine (matin\u00e9es)\r\n\u25aa\ufe0fClasses internationales de 8 \u00e0 12 \u00e9tudiants, class\u00e9s par niveau\r\n\u25aa\ufe0fActivit\u00e9s culturelles et sportives l\u2019apr\u00e8s-midi et le week-end\r\n\r\n<strong>Pour les adolescents (11-16 ans)<\/strong>\r\n\r\n\u25aa\ufe0fS\u00e9jours de 1 \u00e0 4 semaines (du 29 juin au 10 ao\u00fbt 2026)\r\n\u25aa\ufe0f15 heures de cours\/semaine + activit\u00e9s sportives et excursions\r\n\r\nClasses dynamiques et interactives avec des jeunes du monde entier. Vivez pleinement votre immersion linguistique !\r\nL\u2019id\u00e9al pour progresser ? Vivre en famille d\u2019accueil et pratiquer le fran\u00e7ais au quotidien !\r\nD\u2019autres options comme les studios du <strong>CAVILAM<\/strong> sont \u00e9galement disponibles.\r\n\r\n\ud83d\udce9 Ne manquez pas cette opportunit\u00e9 ! Pour toute information ou inscription, contactez-nous \u00e0\u00a0<a href=\"mailto:cours@ifg.gr\" target=\"_blank\" rel=\"noopener\">cours@ifg.gr<\/a>\r\n\r\n<strong>Voyagez, apprenez, vivez la langue \u2013 la France vous attend !<\/strong>\r\n\r\n&nbsp;\r\n\r\n<img class=\"alignnone wp-image-61907\" src=\"https:\/\/www.ifg.gr\/wp-content\/uploads\/2025\/04\/Logo_CAVILAM_rvb-scaled.jpg\" alt=\"\" width=\"363\" height=\"121\" \/>","post_title":"L'Institut fran\u00e7ais de Gr\u00e8ce vous envoie en France pour apprendre le fran\u00e7ais !","post_excerpt":"Une nouvelle collaboration avec le CAVILAM \u2013 Alliance Fran\u00e7aise \u00e0 Vichy, un centre d\u2019excellence reconnu pour l\u2019apprentissage du fran\u00e7ais, pour adultes et ados.","post_status":"publish","comment_status":"closed","ping_status":"closed","post_password":"","post_name":"l-ifg-vous-envoie-en-france-apprendre-le-francais","to_ping":"","pinged":"","post_modified":"2026-03-10 12:07:01","post_modified_gmt":"2026-03-10 10:07:01","post_content_filtered":"","post_parent":0,"guid":"https:\/\/www.ifg.gr\/news\/to-galliko-institouto-se-stelnei-gallia-gallika\/","menu_order":0,"post_type":"new","post_mime_type":"","comment_count":"0","filter":"raw"}]}],"sidebar":false,"side_information":{"title":"","sections":false}}]},"yoast_head":"<!-- This site is optimized with the Yoast SEO plugin v27.5 - https:\/\/yoast.com\/product\/yoast-seo-wordpress\/ -->\n<title>Apprendre le fran\u00e7ais en \u00e9t\u00e9<\/title>\n<meta name=\"description\" content=\"L&#039;Institut fran\u00e7ais de Gr\u00e8ce propose des cours de fran\u00e7ais sp\u00e9cialis\u00e9s pour les mois d&#039;\u00e9t\u00e9. Contactez nous !\" \/>\n<meta name=\"robots\" content=\"index, follow, max-snippet:-1, max-image-preview:large, max-video-preview:-1\" \/>\n<link rel=\"canonical\" href=\"https:\/\/www.ifg.gr\/fr\/pourquoi-apprendre-le-francais-a-lifg\/cours-ete\/\" \/>\n<meta property=\"og:locale\" content=\"fr_FR\" \/>\n<meta property=\"og:type\" content=\"article\" \/>\n<meta property=\"og:title\" content=\"Apprendre le fran\u00e7ais en \u00e9t\u00e9\" \/>\n<meta property=\"og:description\" content=\"L&#039;Institut fran\u00e7ais de Gr\u00e8ce propose des cours de fran\u00e7ais sp\u00e9cialis\u00e9s pour les mois d&#039;\u00e9t\u00e9. Contactez nous !\" \/>\n<meta property=\"og:url\" content=\"https:\/\/www.ifg.gr\/fr\/pourquoi-apprendre-le-francais-a-lifg\/cours-ete\/\" \/>\n<meta property=\"og:site_name\" content=\"IFG\" \/>\n<meta property=\"article:modified_time\" content=\"2026-04-22T14:30:46+00:00\" \/>\n<meta name=\"twitter:card\" content=\"summary_large_image\" \/>\n<script type=\"application\/ld+json\" class=\"yoast-schema-graph\">{\"@context\":\"https:\\\/\\\/schema.org\",\"@graph\":[{\"@type\":\"WebPage\",\"@id\":\"https:\\\/\\\/www.ifg.gr\\\/fr\\\/pourquoi-apprendre-le-francais-a-lifg\\\/cours-ete\\\/\",\"url\":\"https:\\\/\\\/www.ifg.gr\\\/fr\\\/pourquoi-apprendre-le-francais-a-lifg\\\/cours-ete\\\/\",\"name\":\"Apprendre le fran\u00e7ais en \u00e9t\u00e9\",\"isPartOf\":{\"@id\":\"https:\\\/\\\/www.ifg.gr\\\/#website\"},\"datePublished\":\"2020-10-01T07:41:19+00:00\",\"dateModified\":\"2026-04-22T14:30:46+00:00\",\"description\":\"L'Institut fran\u00e7ais de Gr\u00e8ce propose des cours de fran\u00e7ais sp\u00e9cialis\u00e9s pour les mois d'\u00e9t\u00e9. Contactez nous !\",\"breadcrumb\":{\"@id\":\"https:\\\/\\\/www.ifg.gr\\\/fr\\\/pourquoi-apprendre-le-francais-a-lifg\\\/cours-ete\\\/#breadcrumb\"},\"inLanguage\":\"fr-FR\",\"potentialAction\":[{\"@type\":\"ReadAction\",\"target\":[\"https:\\\/\\\/www.ifg.gr\\\/fr\\\/pourquoi-apprendre-le-francais-a-lifg\\\/cours-ete\\\/\"]}]},{\"@type\":\"BreadcrumbList\",\"@id\":\"https:\\\/\\\/www.ifg.gr\\\/fr\\\/pourquoi-apprendre-le-francais-a-lifg\\\/cours-ete\\\/#breadcrumb\",\"itemListElement\":[{\"@type\":\"ListItem\",\"position\":1,\"name\":\"Home\",\"item\":\"https:\\\/\\\/www.ifg.gr\\\/fr\\\/\"},{\"@type\":\"ListItem\",\"position\":2,\"name\":\"Pourquoi apprendre le fran\u00e7ais \u00e0 l&#8217;IFG ?\",\"item\":\"https:\\\/\\\/www.ifg.gr\\\/fr\\\/pourquoi-apprendre-le-francais-a-lifg\\\/\"},{\"@type\":\"ListItem\",\"position\":3,\"name\":\"\u00c9t\u00e9 2026\"}]},{\"@type\":\"WebSite\",\"@id\":\"https:\\\/\\\/www.ifg.gr\\\/#website\",\"url\":\"https:\\\/\\\/www.ifg.gr\\\/\",\"name\":\"IFG\",\"description\":\"\",\"potentialAction\":[{\"@type\":\"SearchAction\",\"target\":{\"@type\":\"EntryPoint\",\"urlTemplate\":\"https:\\\/\\\/www.ifg.gr\\\/?s={search_term_string}\"},\"query-input\":{\"@type\":\"PropertyValueSpecification\",\"valueRequired\":true,\"valueName\":\"search_term_string\"}}],\"inLanguage\":\"fr-FR\"}]}<\/script>\n<!-- \/ Yoast SEO plugin. -->","yoast_head_json":{"title":"Apprendre le fran\u00e7ais en \u00e9t\u00e9","description":"L'Institut fran\u00e7ais de Gr\u00e8ce propose des cours de fran\u00e7ais sp\u00e9cialis\u00e9s pour les mois d'\u00e9t\u00e9. Contactez nous !","robots":{"index":"index","follow":"follow","max-snippet":"max-snippet:-1","max-image-preview":"max-image-preview:large","max-video-preview":"max-video-preview:-1"},"canonical":"https:\/\/www.ifg.gr\/fr\/pourquoi-apprendre-le-francais-a-lifg\/cours-ete\/","og_locale":"fr_FR","og_type":"article","og_title":"Apprendre le fran\u00e7ais en \u00e9t\u00e9","og_description":"L'Institut fran\u00e7ais de Gr\u00e8ce propose des cours de fran\u00e7ais sp\u00e9cialis\u00e9s pour les mois d'\u00e9t\u00e9. Contactez nous !","og_url":"https:\/\/www.ifg.gr\/fr\/pourquoi-apprendre-le-francais-a-lifg\/cours-ete\/","og_site_name":"IFG","article_modified_time":"2026-04-22T14:30:46+00:00","twitter_card":"summary_large_image","schema":{"@context":"https:\/\/schema.org","@graph":[{"@type":"WebPage","@id":"https:\/\/www.ifg.gr\/fr\/pourquoi-apprendre-le-francais-a-lifg\/cours-ete\/","url":"https:\/\/www.ifg.gr\/fr\/pourquoi-apprendre-le-francais-a-lifg\/cours-ete\/","name":"Apprendre le fran\u00e7ais en \u00e9t\u00e9","isPartOf":{"@id":"https:\/\/www.ifg.gr\/#website"},"datePublished":"2020-10-01T07:41:19+00:00","dateModified":"2026-04-22T14:30:46+00:00","description":"L'Institut fran\u00e7ais de Gr\u00e8ce propose des cours de fran\u00e7ais sp\u00e9cialis\u00e9s pour les mois d'\u00e9t\u00e9. Contactez nous !","breadcrumb":{"@id":"https:\/\/www.ifg.gr\/fr\/pourquoi-apprendre-le-francais-a-lifg\/cours-ete\/#breadcrumb"},"inLanguage":"fr-FR","potentialAction":[{"@type":"ReadAction","target":["https:\/\/www.ifg.gr\/fr\/pourquoi-apprendre-le-francais-a-lifg\/cours-ete\/"]}]},{"@type":"BreadcrumbList","@id":"https:\/\/www.ifg.gr\/fr\/pourquoi-apprendre-le-francais-a-lifg\/cours-ete\/#breadcrumb","itemListElement":[{"@type":"ListItem","position":1,"name":"Home","item":"https:\/\/www.ifg.gr\/fr\/"},{"@type":"ListItem","position":2,"name":"Pourquoi apprendre le fran\u00e7ais \u00e0 l&#8217;IFG ?","item":"https:\/\/www.ifg.gr\/fr\/pourquoi-apprendre-le-francais-a-lifg\/"},{"@type":"ListItem","position":3,"name":"\u00c9t\u00e9 2026"}]},{"@type":"WebSite","@id":"https:\/\/www.ifg.gr\/#website","url":"https:\/\/www.ifg.gr\/","name":"IFG","description":"","potentialAction":[{"@type":"SearchAction","target":{"@type":"EntryPoint","urlTemplate":"https:\/\/www.ifg.gr\/?s={search_term_string}"},"query-input":{"@type":"PropertyValueSpecification","valueRequired":true,"valueName":"search_term_string"}}],"inLanguage":"fr-FR"}]}},"_links":{"self":[{"href":"https:\/\/www.ifg.gr\/fr\/wp-json\/wp\/v2\/pages\/9265","targetHints":{"allow":["GET"]}}],"collection":[{"href":"https:\/\/www.ifg.gr\/fr\/wp-json\/wp\/v2\/pages"}],"about":[{"href":"https:\/\/www.ifg.gr\/fr\/wp-json\/wp\/v2\/types\/page"}],"author":[{"embeddable":true,"href":"https:\/\/www.ifg.gr\/fr\/wp-json\/wp\/v2\/users\/1"}],"replies":[{"embeddable":true,"href":"https:\/\/www.ifg.gr\/fr\/wp-json\/wp\/v2\/comments?post=9265"}],"version-history":[{"count":8,"href":"https:\/\/www.ifg.gr\/fr\/wp-json\/wp\/v2\/pages\/9265\/revisions"}],"predecessor-version":[{"id":67442,"href":"https:\/\/www.ifg.gr\/fr\/wp-json\/wp\/v2\/pages\/9265\/revisions\/67442"}],"up":[{"embeddable":true,"href":"https:\/\/www.ifg.gr\/fr\/wp-json\/wp\/v2\/pages\/9046"}],"wp:attachment":[{"href":"https:\/\/www.ifg.gr\/fr\/wp-json\/wp\/v2\/media?parent=9265"}],"curies":[{"name":"wp","href":"https:\/\/api.w.org\/{rel}","templated":true}]}}