{"id":9524,"date":"2020-07-29T11:43:38","date_gmt":"2020-07-29T11:43:38","guid":{"rendered":"http:\/\/www.ifg.gr\/eksetaseis\/dino-eksetaseis\/"},"modified":"2026-03-11T12:15:14","modified_gmt":"2026-03-11T10:15:14","slug":"quels-examens","status":"publish","type":"page","link":"https:\/\/www.ifg.gr\/fr\/examens\/quels-examens\/","title":{"rendered":"Quels examens ?"},"content":{"rendered":"","protected":false},"excerpt":{"rendered":"","protected":false},"author":1,"featured_media":0,"parent":9522,"menu_order":91,"comment_status":"closed","ping_status":"closed","template":"","meta":{"_acf_changed":false,"_searchwp_excluded":"","footnotes":""},"class_list":["post-9524","page","type-page","status-publish","hentry"],"acf":{"background_color":"","side_paragraph":{"title":"","text":""},"layout":[{"acf_fc_layout":"accordion","public":true,"title":"DELF-DALF : \u0395xamens reconnus \u00e0 l'international","side_image_right":{"ID":31934,"id":31934,"title":"1200x800_DELF-DALF","filename":"1200x800_DELF-DALF-scaled.jpg","filesize":114222,"url":"https:\/\/www.ifg.gr\/wp-content\/uploads\/2021\/04\/1200x800_DELF-DALF-scaled.jpg","link":"https:\/\/www.ifg.gr\/fr\/?attachment_id=31934","alt":"","author":"1","description":"DELF-DALF","caption":"DELF-DALF","name":"1200x800_delf-dalf","status":"inherit","uploaded_to":31931,"date":"2021-04-23 07:45:08","modified":"2021-04-23 07:45:27","menu_order":0,"mime_type":"image\/jpeg","type":"image","subtype":"jpeg","icon":"https:\/\/www.ifg.gr\/wp-includes\/images\/media\/default.png","width":2560,"height":1706,"sizes":{"thumbnail":"https:\/\/www.ifg.gr\/wp-content\/uploads\/2021\/04\/1200x800_DELF-DALF-scaled.jpg","thumbnail-width":150,"thumbnail-height":100,"medium":"https:\/\/www.ifg.gr\/wp-content\/uploads\/2021\/04\/1200x800_DELF-DALF-scaled.jpg","medium-width":300,"medium-height":200,"medium_large":"https:\/\/www.ifg.gr\/wp-content\/uploads\/2021\/04\/1200x800_DELF-DALF-768x512.jpg","medium_large-width":640,"medium_large-height":427,"large":"https:\/\/www.ifg.gr\/wp-content\/uploads\/2021\/04\/1200x800_DELF-DALF-scaled.jpg","large-width":640,"large-height":427,"1536x1536":"https:\/\/www.ifg.gr\/wp-content\/uploads\/2021\/04\/1200x800_DELF-DALF-1536x1024.jpg","1536x1536-width":1536,"1536x1536-height":1024,"2048x2048":"https:\/\/www.ifg.gr\/wp-content\/uploads\/2021\/04\/1200x800_DELF-DALF-2048x1365.jpg","2048x2048-width":2048,"2048x2048-height":1365,"full-width":"https:\/\/www.ifg.gr\/wp-content\/uploads\/2021\/04\/1200x800_DELF-DALF-1920x1280.jpg","full-width-width":1920,"full-width-height":1280,"sidebar":"https:\/\/www.ifg.gr\/wp-content\/uploads\/2021\/04\/1200x800_DELF-DALF-1500x1000.jpg","sidebar-width":1500,"sidebar-height":1000,"thumb-sm":"https:\/\/www.ifg.gr\/wp-content\/uploads\/2021\/04\/1200x800_DELF-DALF-195x130.jpg","thumb-sm-width":195,"thumb-sm-height":130,"thumb-square":"https:\/\/www.ifg.gr\/wp-content\/uploads\/2021\/04\/1200x800_DELF-DALF-300x300.jpg","thumb-square-width":300,"thumb-square-height":300,"thumb-big":"https:\/\/www.ifg.gr\/wp-content\/uploads\/2021\/04\/1200x800_DELF-DALF-600x400.jpg","thumb-big-width":600,"thumb-big-height":400,"slider-big":"https:\/\/www.ifg.gr\/wp-content\/uploads\/2021\/04\/1200x800_DELF-DALF-1315x768.jpg","slider-big-width":1315,"slider-big-height":768}},"rolling_message":"","main":[{"acf_fc_layout":"textarea","text":"<p>Les examens DELF-DALF sont organis\u00e9s dans tous les pays du monde et sont plac\u00e9s sous l&rsquo;\u00e9gide et le contr\u00f4le du minist\u00e8re fran\u00e7ais de l&rsquo;\u00c9ducation nationale. Il existe des dipl\u00f4mes sp\u00e9cifiques pour les enfants du primaire A1-A2 et leurs \u00e9quivalents pour les plus grands, qui continuent avec les niveaux B1-B2 et C1-C2.<\/p>\n<p>Ils sont enti\u00e8rement harmonis\u00e9s avec les niveaux du Cadre Europ\u00e9en Commun de R\u00e9f\u00e9rence pour les Langues et sont bien s\u00fbr reconnus par tous les pays du monde. En Gr\u00e8ce, ces examens ont lieu deux fois par an (d\u00e9cembre-mai).<\/p>\n<p><a href=\"https:\/\/www.ifg.gr\/fr\/examens\/passer-un-examen-2\/\" target=\"_blank\" rel=\"noopener\"><strong>POUR EN SAVOIR PLUS SUR LES INSCRIPTIONS, CLIQUEZ ICI<\/strong><\/a><\/p>\n"}],"sidebar":false,"side_information":{"title":"","sections":false}},{"acf_fc_layout":"accordion","public":true,"title":"Sorbonne : \u0395xamens reconnus \u00e0 l'international","side_image_right":{"ID":49077,"id":49077,"title":"1200x800_Sorbonne","filename":"1200x800_Sorbonne.jpg","filesize":116959,"url":"https:\/\/www.ifg.gr\/wp-content\/uploads\/2023\/04\/1200x800_Sorbonne.jpg","link":"https:\/\/www.ifg.gr\/fr\/?attachment_id=49077","alt":"","author":"18","description":"","caption":"","name":"1200x800_sorbonne-3","status":"inherit","uploaded_to":49044,"date":"2023-04-20 13:19:40","modified":"2023-04-20 13:19:40","menu_order":0,"mime_type":"image\/jpeg","type":"image","subtype":"jpeg","icon":"https:\/\/www.ifg.gr\/wp-includes\/images\/media\/default.png","width":1200,"height":800,"sizes":{"thumbnail":"https:\/\/www.ifg.gr\/wp-content\/uploads\/2023\/04\/1200x800_Sorbonne.jpg","thumbnail-width":150,"thumbnail-height":100,"medium":"https:\/\/www.ifg.gr\/wp-content\/uploads\/2023\/04\/1200x800_Sorbonne.jpg","medium-width":300,"medium-height":200,"medium_large":"https:\/\/www.ifg.gr\/wp-content\/uploads\/2023\/04\/1200x800_Sorbonne-768x512.jpg","medium_large-width":640,"medium_large-height":427,"large":"https:\/\/www.ifg.gr\/wp-content\/uploads\/2023\/04\/1200x800_Sorbonne.jpg","large-width":640,"large-height":427,"1536x1536":"https:\/\/www.ifg.gr\/wp-content\/uploads\/2023\/04\/1200x800_Sorbonne.jpg","1536x1536-width":1200,"1536x1536-height":800,"2048x2048":"https:\/\/www.ifg.gr\/wp-content\/uploads\/2023\/04\/1200x800_Sorbonne.jpg","2048x2048-width":1200,"2048x2048-height":800,"full-width":"https:\/\/www.ifg.gr\/wp-content\/uploads\/2023\/04\/1200x800_Sorbonne.jpg","full-width-width":1200,"full-width-height":800,"sidebar":"https:\/\/www.ifg.gr\/wp-content\/uploads\/2023\/04\/1200x800_Sorbonne.jpg","sidebar-width":1200,"sidebar-height":800,"thumb-sm":"https:\/\/www.ifg.gr\/wp-content\/uploads\/2023\/04\/1200x800_Sorbonne-195x130.jpg","thumb-sm-width":195,"thumb-sm-height":130,"thumb-square":"https:\/\/www.ifg.gr\/wp-content\/uploads\/2023\/04\/1200x800_Sorbonne-300x300.jpg","thumb-square-width":300,"thumb-square-height":300,"thumb-big":"https:\/\/www.ifg.gr\/wp-content\/uploads\/2023\/04\/1200x800_Sorbonne-600x400.jpg","thumb-big-width":600,"thumb-big-height":400,"slider-big":"https:\/\/www.ifg.gr\/wp-content\/uploads\/2023\/04\/1200x800_Sorbonne-1200x768.jpg","slider-big-width":1200,"slider-big-height":768}},"rolling_message":"","main":[{"acf_fc_layout":"textarea","text":"<p>Les examens de Sorbonne Universit\u00e9 sont les plus anciens, puisqu&rsquo;ils remontent \u00e0 1961. Ils couvrent les niveaux B1-B2 et C1-C2. Leur particularit\u00e9 r\u00e9side dans le fait que pour les niveaux C1-C2, le candidat choisit entre la Litt\u00e9rature ou le Fran\u00e7ais pour objectifs universitaires. Il y a \u00e9galement le niveau C3, qui correspond \u00e0 la premi\u00e8re ann\u00e9e de licence de Lettres et permet \u00e0 son titulaire de s&rsquo;inscrire \u00e0 des \u00e9tudes correspondantes en deuxi\u00e8me ann\u00e9e de Licence dans des universit\u00e9s fran\u00e7aises, ainsi que d&rsquo;obtenir des cr\u00e9dits dans des universit\u00e9s \u00e9trang\u00e8res.<\/p>\n<p>Les examens de la Sorbonne sont reconnus tant en Gr\u00e8ce que dans toutes les universit\u00e9s \u00e9trang\u00e8res. En Gr\u00e8ce, ils ont lieu deux fois par an (d\u00e9cembre-mai).<\/p>\n<p><a href=\"https:\/\/www.ifg.gr\/fr\/examens\/passer-un-examen-2\/\" target=\"_blank\" rel=\"noopener\"><strong>POUR EN SAVOIR PLUS SUR LES INSCRIPTIONS, CLIQUEZ ICI<\/strong><\/a><\/p>\n"}],"sidebar":false,"side_information":{"title":"","sections":false}},{"acf_fc_layout":"accordion","public":true,"title":"Examens universitaires d\u00e9localis\u00e9s","side_image_right":false,"rolling_message":"","main":[{"acf_fc_layout":"textarea","text":"<p>Vous \u00eates \u00e9tudiant dans une universit\u00e9 fran\u00e7aise et vous habitez en Gr\u00e8ce ?<br \/>\nVous suivez d\u00e9j\u00e0 une formation \u00e0 distance (FOAD) ou vous vous \u00eates inscrit(e) \u00e0 une Universit\u00e9 fran\u00e7aise et vous ne pouvez pas vous d\u00e9placer en France ?<\/p>\n<p>L\u2019Institut Fran\u00e7ais de Gr\u00e8ce vous offre la possibilit\u00e9 de poursuivre vos \u00e9tudes !<br \/>\nDepuis des ann\u00e9es, nous collaborons avec de nombreuses universit\u00e9s fran\u00e7aises.<\/p>\n<p>Pour de plus amples informations, vous pouvez consulter la proc\u00e9dure d\u2019inscription aux Examens Universitaires d\u00e9localis\u00e9s.<\/p>\n<p>Nous serons ravis de vous aider !<\/p>\n"},{"acf_fc_layout":"downloads","attachments":[{"label":"Proc\u00e9dure d'inscription :","button_text":"T\u00e9l\u00e9chargez le PDF","button_link":"https:\/\/www.ifg.gr\/wp-content\/uploads\/2025\/09\/Procedure_Inscr_examens_uni_delocalises_fr.pdf"},{"label":"Fiche d'inscription :","button_text":"T\u00e9l\u00e9chargez le PDF","button_link":"http:\/\/www.ifg.gr\/wp-content\/uploads\/2020\/10\/fichinsuniv2020.pdf"}]}],"sidebar":false,"side_information":{"title":"","sections":false}},{"acf_fc_layout":"accordion","public":true,"title":"Examens TCF | Test de connaissance de fran\u00e7ais","side_image_right":false,"rolling_message":"","main":[{"acf_fc_layout":"downloads","attachments":[{"label":"Proc\u00e9dure d'inscription :","button_text":"T\u00e9l\u00e9chargez le PDF","button_link":"https:\/\/www.ifg.gr\/wp-content\/uploads\/2025\/09\/Procedure_Inscr_fr.pdf"},{"label":"Fiche d'inscription :","button_text":"T\u00e9l\u00e9chargez le PDF","button_link":"https:\/\/www.ifg.gr\/wp-content\/uploads\/2023\/06\/TCF_fiche_2023.pdf"},{"label":"Calendrier des examens :","button_text":"T\u00e9l\u00e9chargez le PDF","button_link":"https:\/\/www.ifg.gr\/wp-content\/uploads\/2025\/06\/tcfcalendrier_2025-2026_.pdf"},{"label":"Frais d\u2019inscription au TCF :","button_text":"T\u00e9l\u00e9chargez le PDF","button_link":"https:\/\/www.ifg.gr\/wp-content\/uploads\/2025\/09\/tarifs_2025_divers_fr.pdf"}]}],"sidebar":false,"side_information":{"title":"","sections":false}},{"acf_fc_layout":"accordion","public":true,"title":"Examens ETEF | Test d'\u00e9valuation de fran\u00e7ais","side_image_right":false,"rolling_message":"","main":[{"acf_fc_layout":"downloads","attachments":[{"label":"Proc\u00e9dure d'inscription :","button_text":"T\u00e9l\u00e9chargez le PDF","button_link":"https:\/\/www.ifg.gr\/wp-content\/uploads\/2025\/09\/Procedure_Inscr_fr.pdf"},{"label":"Fiche d'inscription :","button_text":"T\u00e9l\u00e9chargez le PDF","button_link":"https:\/\/www.ifg.gr\/wp-content\/uploads\/2022\/01\/fiche_inscription_tef_2022.pdf"},{"label":"Frais d\u2019inscription \u00e0 L\u2019ETEF :","button_text":"T\u00e9l\u00e9chargez le PDF","button_link":"https:\/\/www.ifg.gr\/wp-content\/uploads\/2025\/09\/tarifs_2025_divers_fr.pdf"}]},{"acf_fc_layout":"textarea","text":"<p><strong>Calendrier des examens:<\/strong> L&rsquo;ETEF est organis\u00e9 sur demande.<\/p>\n"}],"sidebar":false,"side_information":{"title":"","sections":false}},{"acf_fc_layout":"accordion","public":true,"title":"Examens CCI | Examens de la chambre de commerce et d'industrie de Paris Ile-de-France","side_image_right":false,"rolling_message":"","main":[{"acf_fc_layout":"downloads","attachments":[{"label":"Proc\u00e9dure d' inscription :","button_text":"T\u00e9l\u00e9chargez le PDF","button_link":"https:\/\/www.ifg.gr\/wp-content\/uploads\/2025\/09\/Procedure_Inscr_fr.pdf"},{"label":"Fiche d' inscription :","button_text":"T\u00e9l\u00e9chargez le PDF","button_link":"http:\/\/www.ifg.gr\/wp-content\/uploads\/2020\/09\/fiche_dinscription_dfp_2020.pdf"},{"label":"Calendrier des examens :","button_text":"T\u00e9l\u00e9chargez le PDF","button_link":"https:\/\/www.ifg.gr\/wp-content\/uploads\/2025\/06\/CAL_CCI.SESSION2026.pdf"},{"label":"Frais d\u2019inscription aux examens de la CCI :","button_text":"T\u00e9l\u00e9chargez le PDF","button_link":"https:\/\/www.ifg.gr\/wp-content\/uploads\/2025\/09\/tarifs_2025_divers_fr.pdf"}]}],"sidebar":false,"side_information":{"title":"","sections":false}},{"acf_fc_layout":"accordion","public":false,"title":"Statistiques et pourcentages de r\u00e9ussite","side_image_right":false,"rolling_message":"","main":[{"acf_fc_layout":"downloads","attachments":[{"label":"DELF-DALF d\u00e9cembre 2021 :","button_text":"T\u00e9l\u00e9chargez le PDF","button_link":"https:\/\/www.ifg.gr\/wp-content\/uploads\/2022\/01\/statistiques_delfdalf_202112.pdf"}]}],"sidebar":false,"side_information":{"title":"","sections":false}},{"acf_fc_layout":"accordion","public":true,"title":"Centres partenaires","side_image_right":false,"rolling_message":"","main":[{"acf_fc_layout":"downloads","attachments":[{"label":"\u00c9coles francohell\u00e9niques partenaires","button_text":"T\u00e9l\u00e9chargez le PDF","button_link":"https:\/\/www.ifg.gr\/wp-content\/uploads\/2025\/01\/liste_ecole_conf_site_plaquemurale_2025_fr.pdf"},{"label":"\u00c9coles priv\u00e9es partenaires","button_text":"T\u00e9l\u00e9chargez le PDF","button_link":"https:\/\/www.ifg.gr\/wp-content\/uploads\/2025\/01\/liste_ecole_priv_site_plaquemurale_2025_fr.pdf"},{"label":"Centres de langue conventionn\u00e9s - Attique ","button_text":"T\u00e9l\u00e9chargez le PDF","button_link":"https:\/\/www.ifg.gr\/wp-content\/uploads\/2025\/02\/CDL_ATH_2025_FR.pdf"},{"label":"Centres de langue conventionn\u00e9s - Province ","button_text":"T\u00e9l\u00e9chargez le PDF","button_link":"https:\/\/www.ifg.gr\/wp-content\/uploads\/2025\/04\/CDL_convention_plaque_PROVINCE_2025_FR.pdf"}]}],"sidebar":false,"side_information":{"title":"","sections":false}},{"acf_fc_layout":"accordion","public":true,"title":"Centres de passation","side_image_right":false,"rolling_message":"","main":[{"acf_fc_layout":"textarea","text":"<p><strong>DELF \u2013 DALF \u2013 SORBONNE <\/strong><\/p>\n<p>Les centres d&rsquo;examens pour chaque session sont annonc\u00e9s \u00e0 la fin des inscriptions et sont d\u00e9termin\u00e9s en fonction du nombre de candidats inscrits par r\u00e9gion.<\/p>\n<p><a href=\"https:\/\/www.ifg.gr\/wp-content\/uploads\/2026\/03\/Centres_de-_passation_mai_26.pdf\" target=\"_blank\" rel=\"noopener\"><strong>Centres de passation mai 2026<\/strong><\/a><\/p>\n"},{"acf_fc_layout":"downloads","attachments":false}],"sidebar":false,"side_information":{"title":"","sections":false}}],"show_sidebar":false,"information":{"title":"\u03a3\u0397\u039c\u0391\u039d\u03a4\u0399\u039a\u0395\u03a3 \u03a0\u039b\u0397\u03a1\u039f\u03a6\u039f\u03a1\u0399\u0395\u03a3","sections":[{"section":[{"title":"\u0395\u03c0\u03cc\u03bc\u03b5\u03bd\u03b7 \u03b5\u03be\u03ad\u03c4\u03b1\u03c3\u03b7","content":[{"acf_fc_layout":"textarea","text":"<p>July 20-24, 2020<\/p>\n"}]},{"title":"\u03a9\u03c1\u03ac\u03c1\u03b9\u03bf","content":[{"acf_fc_layout":"textarea","text":"<p>\u0391\u03c0\u03cc\u03b3\u03b5\u03c5\u03bc\u03b1<\/p>\n"}]},{"title":"\u03a0\u03cc\u03bb\u03b7","content":[{"acf_fc_layout":"textarea","text":"<p>\u0391\u03b8\u03ae\u03bd\u03b1<\/p>\n"}]}]},{"section":[{"title":"\u0395\u03c1\u03c9\u03c4\u03ae\u03c3\u03b5\u03b9\u03c2","content":[{"acf_fc_layout":"button","title":"\u03a3\u03c4\u03b5\u03af\u03bb\u03b5 Email","url":"#"}]},{"title":"\u0395\u03c0\u03b9\u03ba\u03bf\u03b9\u03bd\u03c9\u03bd\u03ae\u03c3\u03c4\u03b5","content":[{"acf_fc_layout":"button","title":"210 3398600","url":"#"}]}]},{"section":[{"title":"\u0391\u03af\u03c4\u03b7\u03c3\u03b7 \u0395\u03b3\u03b3\u03c1\u03b1\u03c6\u03ae\u03c2 \u03b3\u03b9\u03b1 \u03b8\u03ad\u03bc\u03b1 \u03b1\u2019","content":[{"acf_fc_layout":"button","title":"\u039a\u03b1\u03c4\u03ad\u03b2\u03b1\u03c3\u03b5","url":"#"}]},{"title":"\u0391\u03af\u03c4\u03b7\u03c3\u03b7 \u0395\u03b3\u03b3\u03c1\u03b1\u03c6\u03ae\u03c2 \u03b3\u03b9\u03b1 \u03b8\u03ad\u03bc\u03b1 \u03b2\u2019","content":[{"acf_fc_layout":"button","title":"\u039a\u03b1\u03c4\u03ad\u03b2\u03b1\u03c3\u03b5","url":"#"}]},{"title":"\u0391\u03af\u03c4\u03b7\u03c3\u03b7 \u0395\u03b3\u03b3\u03c1\u03b1\u03c6\u03ae\u03c2 \u03b3\u03b9\u03b1 \u03b8\u03ad\u03bc\u03b1 \u03b3\u2019","content":[{"acf_fc_layout":"button","title":"\u039a\u03b1\u03c4\u03ad\u03b2\u03b1\u03c3\u03b5","url":"#"}]}]}]},"hero_has_side_paragraph":false},"yoast_head":"<!-- This site is optimized with the Yoast SEO plugin v26.8 - https:\/\/yoast.com\/product\/yoast-seo-wordpress\/ -->\n<title>Quels examens ?<\/title>\n<meta name=\"description\" content=\"Quels examens ?\" \/>\n<meta name=\"robots\" content=\"index, follow, max-snippet:-1, max-image-preview:large, max-video-preview:-1\" \/>\n<link rel=\"canonical\" href=\"https:\/\/www.ifg.gr\/fr\/examens\/quels-examens\/\" \/>\n<meta property=\"og:locale\" content=\"fr_FR\" \/>\n<meta property=\"og:type\" content=\"article\" \/>\n<meta property=\"og:title\" content=\"Quels examens ?\" \/>\n<meta property=\"og:description\" content=\"Quels examens ?\" \/>\n<meta property=\"og:url\" content=\"https:\/\/www.ifg.gr\/fr\/examens\/quels-examens\/\" \/>\n<meta property=\"og:site_name\" content=\"IFG\" \/>\n<meta property=\"article:modified_time\" content=\"2026-03-11T10:15:14+00:00\" \/>\n<meta name=\"twitter:card\" content=\"summary_large_image\" \/>\n<script type=\"application\/ld+json\" class=\"yoast-schema-graph\">{\"@context\":\"https:\/\/schema.org\",\"@graph\":[{\"@type\":\"WebPage\",\"@id\":\"https:\/\/www.ifg.gr\/fr\/examens\/quels-examens\/\",\"url\":\"https:\/\/www.ifg.gr\/fr\/examens\/quels-examens\/\",\"name\":\"Quels examens ?\",\"isPartOf\":{\"@id\":\"https:\/\/www.ifg.gr\/#website\"},\"datePublished\":\"2020-07-29T11:43:38+00:00\",\"dateModified\":\"2026-03-11T10:15:14+00:00\",\"description\":\"Quels examens ?\",\"breadcrumb\":{\"@id\":\"https:\/\/www.ifg.gr\/fr\/examens\/quels-examens\/#breadcrumb\"},\"inLanguage\":\"fr-FR\",\"potentialAction\":[{\"@type\":\"ReadAction\",\"target\":[\"https:\/\/www.ifg.gr\/fr\/examens\/quels-examens\/\"]}]},{\"@type\":\"BreadcrumbList\",\"@id\":\"https:\/\/www.ifg.gr\/fr\/examens\/quels-examens\/#breadcrumb\",\"itemListElement\":[{\"@type\":\"ListItem\",\"position\":1,\"name\":\"Home\",\"item\":\"https:\/\/www.ifg.gr\/fr\/\"},{\"@type\":\"ListItem\",\"position\":2,\"name\":\"EXAMENS\",\"item\":\"https:\/\/www.ifg.gr\/fr\/examens\/\"},{\"@type\":\"ListItem\",\"position\":3,\"name\":\"Quels examens ?\"}]},{\"@type\":\"WebSite\",\"@id\":\"https:\/\/www.ifg.gr\/#website\",\"url\":\"https:\/\/www.ifg.gr\/\",\"name\":\"IFG\",\"description\":\"\",\"potentialAction\":[{\"@type\":\"SearchAction\",\"target\":{\"@type\":\"EntryPoint\",\"urlTemplate\":\"https:\/\/www.ifg.gr\/?s={search_term_string}\"},\"query-input\":{\"@type\":\"PropertyValueSpecification\",\"valueRequired\":true,\"valueName\":\"search_term_string\"}}],\"inLanguage\":\"fr-FR\"}]}<\/script>\n<!-- \/ Yoast SEO plugin. -->","yoast_head_json":{"title":"Quels examens ?","description":"Quels examens ?","robots":{"index":"index","follow":"follow","max-snippet":"max-snippet:-1","max-image-preview":"max-image-preview:large","max-video-preview":"max-video-preview:-1"},"canonical":"https:\/\/www.ifg.gr\/fr\/examens\/quels-examens\/","og_locale":"fr_FR","og_type":"article","og_title":"Quels examens ?","og_description":"Quels examens ?","og_url":"https:\/\/www.ifg.gr\/fr\/examens\/quels-examens\/","og_site_name":"IFG","article_modified_time":"2026-03-11T10:15:14+00:00","twitter_card":"summary_large_image","schema":{"@context":"https:\/\/schema.org","@graph":[{"@type":"WebPage","@id":"https:\/\/www.ifg.gr\/fr\/examens\/quels-examens\/","url":"https:\/\/www.ifg.gr\/fr\/examens\/quels-examens\/","name":"Quels examens ?","isPartOf":{"@id":"https:\/\/www.ifg.gr\/#website"},"datePublished":"2020-07-29T11:43:38+00:00","dateModified":"2026-03-11T10:15:14+00:00","description":"Quels examens ?","breadcrumb":{"@id":"https:\/\/www.ifg.gr\/fr\/examens\/quels-examens\/#breadcrumb"},"inLanguage":"fr-FR","potentialAction":[{"@type":"ReadAction","target":["https:\/\/www.ifg.gr\/fr\/examens\/quels-examens\/"]}]},{"@type":"BreadcrumbList","@id":"https:\/\/www.ifg.gr\/fr\/examens\/quels-examens\/#breadcrumb","itemListElement":[{"@type":"ListItem","position":1,"name":"Home","item":"https:\/\/www.ifg.gr\/fr\/"},{"@type":"ListItem","position":2,"name":"EXAMENS","item":"https:\/\/www.ifg.gr\/fr\/examens\/"},{"@type":"ListItem","position":3,"name":"Quels examens ?"}]},{"@type":"WebSite","@id":"https:\/\/www.ifg.gr\/#website","url":"https:\/\/www.ifg.gr\/","name":"IFG","description":"","potentialAction":[{"@type":"SearchAction","target":{"@type":"EntryPoint","urlTemplate":"https:\/\/www.ifg.gr\/?s={search_term_string}"},"query-input":{"@type":"PropertyValueSpecification","valueRequired":true,"valueName":"search_term_string"}}],"inLanguage":"fr-FR"}]}},"_links":{"self":[{"href":"https:\/\/www.ifg.gr\/fr\/wp-json\/wp\/v2\/pages\/9524","targetHints":{"allow":["GET"]}}],"collection":[{"href":"https:\/\/www.ifg.gr\/fr\/wp-json\/wp\/v2\/pages"}],"about":[{"href":"https:\/\/www.ifg.gr\/fr\/wp-json\/wp\/v2\/types\/page"}],"author":[{"embeddable":true,"href":"https:\/\/www.ifg.gr\/fr\/wp-json\/wp\/v2\/users\/1"}],"replies":[{"embeddable":true,"href":"https:\/\/www.ifg.gr\/fr\/wp-json\/wp\/v2\/comments?post=9524"}],"version-history":[{"count":42,"href":"https:\/\/www.ifg.gr\/fr\/wp-json\/wp\/v2\/pages\/9524\/revisions"}],"predecessor-version":[{"id":67249,"href":"https:\/\/www.ifg.gr\/fr\/wp-json\/wp\/v2\/pages\/9524\/revisions\/67249"}],"up":[{"embeddable":true,"href":"https:\/\/www.ifg.gr\/fr\/wp-json\/wp\/v2\/pages\/9522"}],"wp:attachment":[{"href":"https:\/\/www.ifg.gr\/fr\/wp-json\/wp\/v2\/media?parent=9524"}],"curies":[{"name":"wp","href":"https:\/\/api.w.org\/{rel}","templated":true}]}}