{"id":9525,"date":"2020-07-29T11:43:59","date_gmt":"2020-07-29T11:43:59","guid":{"rendered":"http:\/\/www.ifg.gr\/eksetaseis\/diplomata\/"},"modified":"2026-01-20T15:39:23","modified_gmt":"2026-01-20T13:39:23","slug":"diplomes","status":"publish","type":"page","link":"https:\/\/www.ifg.gr\/fr\/examens\/diplomes\/","title":{"rendered":"Dipl\u00f4mes"},"content":{"rendered":"","protected":false},"excerpt":{"rendered":"","protected":false},"author":1,"featured_media":0,"parent":9522,"menu_order":93,"comment_status":"closed","ping_status":"closed","template":"","meta":{"_acf_changed":false,"_searchwp_excluded":"","footnotes":""},"class_list":["post-9525","page","type-page","status-publish","hentry"],"acf":{"background_color":"","side_paragraph":{"title":"","text":""},"layout":[{"acf_fc_layout":"accordion","public":true,"title":"Certifications Fran\u00e7aises","side_image_right":false,"rolling_message":"","main":[{"acf_fc_layout":"table","table_title":"Certifications fran\u00e7aises","table_description":"","table":{"use_header":false,"header":false,"caption":false,"body":[[{"c":"A1"},{"c":"DELF A1 Prim (-12 ans)"}],[{"c":"A1"},{"c":"DELF A1 Junior"}],[{"c":"A2"},{"c":"DELF A2 Prim (-12 ans)"}],[{"c":"A2"},{"c":"DELF A2 Junior"}],[{"c":"B1"},{"c":"DELF B1 Junior"}],[{"c":"B1"},{"c":"Sorbonne B1"}],[{"c":"B2"},{"c":"DELF B2 Junior"}],[{"c":"B2"},{"c":"Sorbonne B2"}],[{"c":"C1"},{"c":"DALF C1"}],[{"c":"C1"},{"c":"Sorbonne C1 FOU "}],[{"c":"C1"},{"c":"Sorbonne C1 Litt\u00e9rature "}],[{"c":"C2"},{"c":"DALF C2"}],[{"c":"C2"},{"c":"Sorbonne C2 FOU (pour les titulaires du Sorbonne C1 ou du DALF C1)"}],[{"c":"C2"},{"c":"Sorbonne C2 Litt\u00e9rature (pour les titulaires du Sorbonne C1 ou du DALF C1)"}],[{"c":"C3"},{"c":"Sorbonne C3\n(pour les titulaires Sorbonne C2 ou DALF C2 + Apolytirion ou bac\n= 1\u00e8re ann\u00e9e de lettres de Sorbonne Universit\u00e9)"}]]},"small_text_below_table":"<p>1. Le TCF et le ETEF sont propos\u00e9s tous les mois sauf les mois de d\u00e9cembre et de mai, et sont adress\u00e9s aux non-titulaires des certifications officielles pour des raisons d\u2019\u00e9tudes ou d\u2019\u00e9migration en France et dans les pays francophones.<\/p>\n<p>2. Les examens de la CCI (fran\u00e7ais professionnel) sont propos\u00e9s une fois par an (\u00e0 consulter le calendrier diffus\u00e9 sur le site des examens de l\u2019IFG.)<\/p>\n"},{"acf_fc_layout":"downloads","attachments":[{"label":"Certifications fran\u00e7aises : ","button_text":"T\u00e9l\u00e9chargez le PDF","button_link":"https:\/\/www.ifg.gr\/wp-content\/uploads\/2025\/09\/EXAMENS_certifications-FR-_annonce-FR-2025.pdf"},{"label":" Conseils aux professeurs","button_text":"T\u00e9l\u00e9chargez le PDF","button_link":"https:\/\/www.ifg.gr\/wp-content\/uploads\/2023\/09\/Annonce_IFG_sept.23.pdf"}]}],"sidebar":false,"side_information":{"title":"","sections":false}},{"acf_fc_layout":"accordion","public":true,"title":"Pr\u00e9sentation des dipl\u00f4mes DELF-DALF","side_image_right":false,"rolling_message":"","main":[{"acf_fc_layout":"textarea","text":"<p>Le Service des Examens et des Certifications de l\u2019Institut fran\u00e7ais de Gr\u00e8ce donne la possibilit\u00e9 de s\u2019inscrire \u00e0 une large gamme de dipl\u00f4mes du Minist\u00e8re fran\u00e7ais de l\u2019Education (France Education International) qui couvre les six niveaux de langue (\u03911-\u03912-\u03921-\u03922-C1-C2).<\/p>\n<p><strong>Pour plus d\u2019informations,<\/strong> consultez notre brochure d\u00e9taill\u00e9e :<\/p>\n"},{"acf_fc_layout":"downloads","attachments":[{"label":"","button_text":"T\u00e9l\u00e9chargez le PDF","button_link":"https:\/\/www.ifg.gr\/wp-content\/uploads\/2024\/03\/Examens_brochure_2024_DELF_DALF.pdf"}]}],"sidebar":false,"side_information":{"title":"","sections":false}},{"acf_fc_layout":"accordion","public":true,"title":"Pr\u00e9sentation des dipl\u00f4mes de la SORBONNE","side_image_right":false,"rolling_message":"","main":[{"acf_fc_layout":"textarea","text":"<p><strong>Veuillez consulter les<\/strong> <strong>descriptifs des \u00e9preuves \u00e9crites et orales :\u00a0<\/strong><\/p>\n"},{"acf_fc_layout":"downloads","attachments":[{"label":"Descriptifs des \u00e9preuves - SORBONNE B1","button_text":"T\u00e9l\u00e9chargez le PDF","button_link":"https:\/\/www.ifg.gr\/wp-content\/uploads\/2025\/09\/B1-Descriptif-SELFEE-Sorbonne-2025.pdf"},{"label":"Descriptifs des \u00e9preuves - SORBONNE B2","button_text":"T\u00e9l\u00e9chargez le PDF","button_link":"https:\/\/www.ifg.gr\/wp-content\/uploads\/2024\/04\/descriptif_Sorbonne_B2.pdf"},{"label":"Descriptifs des \u00e9preuves - SORBONNE C3","button_text":"T\u00e9l\u00e9chargez le PDF","button_link":"https:\/\/www.ifg.gr\/wp-content\/uploads\/2024\/07\/C3-Descriptif-SELFEE-Sorbonne-2024-2027.pdf"}]},{"acf_fc_layout":"downloads","attachments":[{"label":"Descriptifs des \u00e9preuves - SORBONNE C1 FOU ou LITTERATURE","button_text":"T\u00e9l\u00e9chargez le PDF","button_link":"https:\/\/www.ifg.gr\/wp-content\/uploads\/2025\/10\/Descriptif_C1.pdf"},{"label":"Descriptifs des \u00e9preuves - SORBONNE C2 FOU ou LITTERATURE","button_text":"T\u00e9l\u00e9chargez le PDF","button_link":"https:\/\/www.ifg.gr\/wp-content\/uploads\/2025\/10\/Descriptif_C2.pdf"}]},{"acf_fc_layout":"textarea","text":"<p><strong>PROGRAMME DE LITTERATURE :<\/strong><\/p>\n"},{"acf_fc_layout":"downloads","attachments":[{"label":"Programme de litt\u00e9rature SORBONNE C1 2025-2027","button_text":"T\u00e9l\u00e9chargez le PDF","button_link":"https:\/\/www.ifg.gr\/wp-content\/uploads\/2024\/07\/C1-programme-Litterature-Selfee-2025-2026-2027.pdf"},{"label":"Programme de litt\u00e9rature SORBONNE C2 2025-2027","button_text":"T\u00e9l\u00e9chargez le PDF","button_link":"https:\/\/www.ifg.gr\/wp-content\/uploads\/2024\/07\/C2-programme-Litterature-Selfee-2025-2026-2027.pdf"},{"label":"Programme de litt\u00e9rature SORBONNE C3 2025-2027","button_text":"T\u00e9l\u00e9chargez le PDF","button_link":"https:\/\/www.ifg.gr\/wp-content\/uploads\/2024\/07\/C3-programme-Litterature-Selfee-2025-2026-2027.pdf"}]}],"sidebar":true,"side_information":{"title":"","sections":false}},{"acf_fc_layout":"accordion","public":true,"title":"Pr\u00e9sentation TCF | Test de connaissance de Fran\u00e7ais","side_image_right":false,"rolling_message":"","main":[{"acf_fc_layout":"textarea","text":"<p>Le TCF est le test de niveau linguistique en fran\u00e7ais du Minist\u00e8re Fran\u00e7ais de l\u2019\u00c9ducation. Test standardis\u00e9 et calibr\u00e9, il positionne les candidats sur l\u2019un des six niveaux de l\u2019\u00e9chelle d\u00e9finie par le Conseil de l\u2019Europe (Cadre europ\u00e9en commun de r\u00e9f\u00e9rence) et le groupe ALTE (Association of language testers in Europe). Le score obtenu au TCF d\u00e9termine de fa\u00e7on fiable le niveau de connaissance. Con\u00e7u par France \u00c9ducation International, ce test offre la garantie d\u2019une m\u00e9thodologie rigoureuse valid\u00e9e par un Conseil scientifique constitu\u00e9 des meilleurs sp\u00e9cialistes fran\u00e7ais et europ\u00e9ens.<\/p>\n<p>Le TCF s\u2019adresse \u00e0 un public qui souhaite conna\u00eetre son niveau en fran\u00e7ais pour des raisons personnelles, professionnelles ou d\u2019\u00e9tudes.<\/p>\n"},{"acf_fc_layout":"downloads","attachments":[{"label":"","button_text":"Descriptif des \u00e9preuves","button_link":"https:\/\/www.france-education-international.fr\/tcf"}]}],"sidebar":false,"side_information":{"title":"","sections":false}},{"acf_fc_layout":"accordion","public":true,"title":"Pr\u00e9sentation ETEF | Test d'\u00e9valuation de Fran\u00e7ais","side_image_right":false,"rolling_message":"","main":[{"acf_fc_layout":"textarea","text":"<p>ETEF : Version \u00e9lectronique du TEF<\/p>\n<p>Con\u00e7u et diffus\u00e9 par la Chambre de commerce et d\u2019industrie de r\u00e9gion Paris Ile-de-France, le Test d\u2019Evaluation de Fran\u00e7ais (ETEF) est un instrument de r\u00e9f\u00e9rence internationale qui mesure votre niveau de connaissance et de comp\u00e9tences en fran\u00e7ais.<\/p>\n<p>L\u2019ETEF fournit au candidat une photographie linguistique de son niveau en fran\u00e7ais en le situant sur une \u00e9chelle de 6 niveaux index\u00e9e sur les niveaux du Cadre Europ\u00e9en Commun de R\u00e9f\u00e9rence pour les Langues (CECRL) et sur les niveaux de comp\u00e9tence linguistique canadiens (NCLC).<\/p>\n<p>L\u2019ETEF s\u2019adresse \u00e0 toute personne de plus de 16 ans qui souhaite \u00e9valuer ses comp\u00e9tences r\u00e9elles en fran\u00e7ais. Il peut \u00eatre utilis\u00e9 dans le cadre :<\/p>\n<p>\u2022 d\u2019un projet d\u2019\u00e9tudes sup\u00e9rieures (France),<br \/>\n\u2022 d\u2019un projet d\u2019\u00e9migration vers un pays francophone (Canada, Qu\u00e9bec),<br \/>\n\u2022 d\u2019un projet d\u2019acc\u00e8s \u00e0 la citoyennet\u00e9 (Canada, France),<br \/>\n\u2022 d\u2019un projet professionnel,<br \/>\n\u2022 ou \u00e0 des fins personnelles<\/p>\n<p>L&rsquo;ETEF Canada \/ Qu\u00e9bec est organis\u00e9 sur demande.<\/p>\n"},{"acf_fc_layout":"downloads","attachments":[{"label":"","button_text":"Descriptif des \u00e9preuves","button_link":"https:\/\/www.lefrancaisdesaffaires.fr\/tests-diplomes\/test-evaluation-francais-tef\/"}]}],"sidebar":false,"side_information":{"title":"","sections":false}},{"acf_fc_layout":"accordion","public":true,"title":"Pr\u00e9sentation CCI | Examens de la chambre de commerce et d'industrie de r\u00e9gion Paris Ile-de-France","side_image_right":false,"rolling_message":"","main":[{"acf_fc_layout":"textarea","text":"<p><strong>Tableau de dipl\u00f4mes de fran\u00e7ais professionnel<br \/>\n<\/strong><\/p>\n<p>1) Dipl\u00f4me de Fran\u00e7ais Professionnel Affaires \u03911<\/p>\n<p>2) Dipl\u00f4me de Fran\u00e7ais Professionnel Affaires \u03912<\/p>\n<p>3) Dipl\u00f4me de Fran\u00e7ais Professionnel Affaires \u03921<\/p>\n<p>4) Dipl\u00f4me de Fran\u00e7ais Professionnel Affaires \u03922<\/p>\n<p>5) Dipl\u00f4me de Fran\u00e7ais Professionnel Affaires C1<\/p>\n<p>6) Dipl\u00f4me de Fran\u00e7ais Professionnel Tourisme-H\u00f4tellerie-Restauration A2<\/p>\n<p>7) Dipl\u00f4me de Fran\u00e7ais Professionnel Tourisme-H\u00f4tellerie-Restauration B1<\/p>\n<p>8) Dipl\u00f4me de Fran\u00e7ais Professionnel Tourisme-H\u00f4tellerie-Restauration B2<\/p>\n<p>9) Dipl\u00f4me de Fran\u00e7ais Professionnel Relations Internationales B1<\/p>\n<p>10) Dipl\u00f4me de Fran\u00e7ais Professionnel Relations Internationales B2<\/p>\n<p>11) Dipl\u00f4me de Fran\u00e7ais Professionnel Relations Internationales C1<\/p>\n<p>12) Dipl\u00f4me de Fran\u00e7ais Professionnel Sant\u00e9 B1<\/p>\n<p>13) Dipl\u00f4me de Fran\u00e7ais Professionnel Sant\u00e9 B2\/C1<\/p>\n"},{"acf_fc_layout":"downloads","attachments":[{"label":"","button_text":"Descriptif des \u00e9preuves","button_link":"https:\/\/www.lefrancaisdesaffaires.fr\/tests-diplomes\/diplomes-francais-professionnel-dfp\/"}]}],"sidebar":false,"side_information":{"title":"","sections":false}},{"acf_fc_layout":"accordion","public":true,"title":"Reconnaissance de dipl\u00f4mes | ASEP | CECRL","side_image_right":false,"rolling_message":"","main":[{"acf_fc_layout":"table","table_title":"\u03a0\u03af\u03bd\u03b1\u03ba\u03b1\u03c2 \u03b4\u03b9\u03b1\u03b2\u03b1\u03b8\u03bc\u03af\u03c3\u03b5\u03c9\u03bd \u03b4\u03b9\u03c0\u03bb\u03c9\u03bc\u03ac\u03c4\u03c9\u03bd \u03c3\u03cd\u03bc\u03c6\u03c9\u03bd\u03b1 \u03bc\u03b5 \u03c4\u03b7\u03bd \u03ba\u03bb\u03af\u03bc\u03b1\u03ba\u03b1 \u03c4\u03bf\u03c5 \u0391\u03a3\u0395\u03a0","table_description":"","table":{"use_header":true,"header":[{"c":"\u0391\u03a3\u0395\u03a0"},{"c":"\u0395\u039e\u0395\u03a4\u0391\u03a3\u0395\u0399\u03a3\n\u0393\u0391\u039b\u039b\u0399\u039a\u039f\u03a5 \u03a5\u03a0\u039f\u03a5\u03a1\u0393\u0395\u0399\u039f\u03a5\n\u03a0\u0391\u0399\u0394\u0395\u0399\u0391\u03a3\n"},{"c":"E\u039e\u0395\u03a4\u0391\u03a3\u0395\u0399\u03a3 SORBONNE"},{"c":"\u03a0\u0391\u039b\u0391\u0399\u039f \u03a3\u03a5\u03a3\u03a4\u0397\u039c\u0391\n"}],"caption":false,"body":[[{"c":"A\n\u0386\u03c1\u03b9\u03c3\u03c4\u03b7 \u0393\u03bd\u03ce\u03c3\u03b7"},{"c":""},{"c":"* Sorbonne C3 "},{"c":"Sorbonne 3\u00e8me degr\u00e9"}],[{"c":"A\n\u0386\u03c1\u03b9\u03c3\u03c4\u03b7 \u0393\u03bd\u03ce\u03c3\u03b7 "},{"c":"DALF C2"},{"c":"Sorbonne C2\n"},{"c":"- DALF\n- Sorbonne 2\u00e8me degr\u00e9\n(Dipl\u00f4me d\u2019\u00c9tudes Fran\u00e7aises)\n"}],[{"c":"B\n\u03a0\u03bf\u03bb\u03cd \u039a\u03b1\u03bb\u03ae \u0393\u03bd\u03ce\u03c3\u03b7"},{"c":"DALF C1 "},{"c":"Sorbonne C1\n"},{"c":" DELF 2nd degr\u00e9\n- Sorbonne 1er degr\u00e9\n(Certificat Pratique de Langue Fran\u00e7aise)\n- Dipl\u00f4me d\u2019\u00c9tudes Sup\u00e9rieures "}],[{"c":"\u0393\n\u039a\u03b1\u03bb\u03ae \u0393\u03bd\u03ce\u03c3\u03b7\n"},{"c":"DELF B2\n"},{"c":"Sorbonne B2"},{"c":"- DELF 1\ner degr\u00e9\n- Certificat de Langue Fran\u00e7aise\n- Dipl\u00f4me de Langue et de Civilisation\nFran\u00e7aises (\u00c9coles Confessionnelles)"}],[{"c":"\u0394\n\u039c\u03ad\u03c4\u03c1\u03b9\u03b1 \u0393\u03bd\u03ce\u03c3\u03b7\n"},{"c":"DELF B1"},{"c":"Sorbonne B1"},{"c":""}],[{"c":""},{"c":"DELF A2"},{"c":""},{"c":""}],[{"c":""},{"c":"DELF A1\n"},{"c":""},{"c":""}]]},"small_text_below_table":"<p>*\u0391\u03bd\u03ce\u03c4\u03b5\u03c1\u03bf \u03c4\u03b7\u03c2 \u03ba\u03bb\u03af\u03bc\u03b1\u03ba\u03b1\u03c2 \u03c4\u03bf\u03c5 \u0391\u03a3\u0395\u03a0.<\/p>\n<p>\u03a3\u03b7\u03bc\u03b5\u03af\u03c9\u03c3\u03b7: - \u0393\u03b9\u03b1 \u03c4\u03b1 \u03b4\u03b9\u03c0\u03bb\u03ce\u03bc\u03b1\u03c4\u03b1 \u03c0\u03b1\u03bb\u03b1\u03b9\u03bf\u03c4\u03ad\u03c1\u03c9\u03bd \u03b5\u03c4\u03ce\u03bd \u03c4\u03b1 \u03bf\u03c0\u03bf\u03af\u03b1 \u03b4\u03b5\u03bd \u03b1\u03bd\u03b1\u03b3\u03c1\u03ac\u03c6\u03bf\u03bd\u03c4\u03b1\u03b9 \u03c3\u03c4\u03bf\u03bd \u03c9\u03c2 \u03ac\u03bd\u03c9 \u03c0\u03af\u03bd\u03b1\u03ba\u03b1, \u03b1\u03c0\u03b1\u03b9\u03c4\u03b5\u03af\u03c4\u03b1\u03b9 \u03b2\u03b5\u03b2\u03b1\u03af\u03c9\u03c3\u03b7 \u03b1\u03c0\u03cc \u03c4\u03bf\u03bd \u03bf\u03b9\u03ba\u03b5\u03af\u03bf \u03c6\u03bf\u03c1\u03ad\u03b1 (\u0393\u03b1\u03bb\u03bb\u03b9\u03ba\u03cc \u0399\u03bd\u03c3\u03c4\u03b9\u03c4\u03bf\u03cd\u03c4\u03bf \u0395\u03bb\u03bb\u03ac\u03b4\u03bf\u03c2 \u2013 \u03a5\u03c0\u03b7\u03c1\u03b5\u03c3\u03af\u03b1 \u0395\u03be\u03b5\u03c4\u03ac\u03c3\u03b5\u03c9\u03bd).<\/p>\n"},{"acf_fc_layout":"table","table_title":"\u03a0\u03af\u03bd\u03b1\u03ba\u03b1\u03c2 \u03b4\u03b9\u03b1\u03b2\u03b1\u03b8\u03bc\u03af\u03c3\u03b5\u03c9\u03bd \u03b4\u03b9\u03c0\u03bb\u03c9\u03bc\u03ac\u03c4\u03c9\u03bd \u03c3\u03cd\u03bc\u03c6\u03c9\u03bd\u03b1 \u03bc\u03b5 \u03c4\u03b7\u03bd \u03ba\u03bb\u03af\u03bc\u03b1\u03ba\u03b1 \u03c4\u03bf\u03c5 \u03b5\u03c5\u03c1\u03c9\u03c0\u03b1\u03ca\u03ba\u03bf\u03cd \u03c0\u03bb\u03b1\u03b9\u03c3\u03af\u03bf\u03c5 \u03b1\u03bd\u03b1\u03c6\u03bf\u03c1\u03ac\u03c2 ","table_description":"","table":{"use_header":true,"header":[{"c":"\u0395\u03c5\u03c1\u03c9\u03c0\u03b1\u03ca\u03ba\u03cc \u03c0\u03bb\u03b1\u03af\u03c3\u03b9\u03bf\n\u03b1\u03bd\u03b1\u03c6\u03bf\u03c1\u03ac\u03c2"},{"c":"CCIP\n\u0395\u039c\u03a0\u039f\u03a1\u0399\u039a\u039f &amp; \u0392\u0399\u039f\u039c\u0397\u03a7\u0391\u039d\u0399\u039a\u039f\n\u0395\u039c\u0399\u039c\u0395\u039b\u0397\u03a4\u0397\u03a1\u0399\u039f \u03a0\u0391\u03a1\u0399\u03a3\u0399\u03a9\u039d\n"},{"c":"\u0395\u039e\u0395\u03a4\u0391\u03a3\u0395\u0399\u03a3\n\u0393\u0391\u039b\u039b\u0399\u039a\u039f\u03a5\n\u03a5\u03a0\u039f\u03a5\u03a1\u0393\u0395\u0399\u039f\u03a5 \u03a0\u0391\u0399\u0394\u0395\u0399\u0391\u03a3\n"},{"c":"E\u039e\u0395\u03a4\u0391\u03a3\u0395\u0399\u03a3 SORBONNE"}],"caption":false,"body":[[{"c":""},{"c":""},{"c":""},{"c":"* Sorbonne C3"}],[{"c":"C2"},{"c":"DFP Affaires C2 "},{"c":"DALF C2 "},{"c":"Sorbonne C2"}],[{"c":"C1"},{"c":"DFP Affaires C1 "},{"c":"DALF C1 "},{"c":"Sorbonne C1"}],[{"c":"B2"},{"c":"DFP B2 : Affaires, M\u00e9dical, Juridique, Secr\u00e9tariat"},{"c":"DELF B2\n"},{"c":"Sorbonne B2\n"}],[{"c":"B1\n"},{"c":"DFP B1: Secr\u00e9tariat, Tourisme &amp; H\u00f4tellerie, Scientifique &amp; Technique "},{"c":"DELF B1"},{"c":"Sorbonne B1\n"}],[{"c":"A2"},{"c":"DFP \u03912"},{"c":"DELF A2"},{"c":""}],[{"c":"A1"},{"c":""},{"c":"DELF A1\n"},{"c":""}]]},"small_text_below_table":"<p>*\u0391\u03bd\u03ce\u03c4\u03b5\u03c1\u03bf \u03c4\u03b7\u03c2 \u03ba\u03bb\u03af\u03bc\u03b1\u03ba\u03b1\u03c2 \u03c4\u03bf\u03c5 \u0395\u03c5\u03c1\u03c9\u03c0\u03b1\u03ca\u03ba\u03bf\u03cd \u03a0\u03bb\u03b1\u03b9\u03c3\u03af\u03bf\u03c5 \u0391\u03bd\u03b1\u03c6\u03bf\u03c1\u03ac\u03c2 <\/p>\n<p>\u03a3\u03b7\u03bc\u03b5\u03af\u03c9\u03c3\u03b7: - \u0393\u03b9\u03b1 \u03c4\u03b1 \u03b4\u03b9\u03c0\u03bb\u03ce\u03bc\u03b1\u03c4\u03b1 \u03c0\u03b1\u03bb\u03b1\u03b9\u03bf\u03c4\u03ad\u03c1\u03c9\u03bd \u03b5\u03c4\u03ce\u03bd \u03c4\u03b1 \u03bf\u03c0\u03bf\u03af\u03b1 \u03b4\u03b5\u03bd \u03b1\u03bd\u03b1\u03b3\u03c1\u03ac\u03c6\u03bf\u03bd\u03c4\u03b1\u03b9 \u03c3\u03c4\u03bf\u03bd \u03c9\u03c2 \u03ac\u03bd\u03c9 \u03c0\u03af\u03bd\u03b1\u03ba\u03b1, \u03b1\u03c0\u03b1\u03b9\u03c4\u03b5\u03af\u03c4\u03b1\u03b9 \u03b2\u03b5\u03b2\u03b1\u03af\u03c9\u03c3\u03b7 \u03b1\u03c0\u03cc \u03c4\u03bf\u03bd \u03bf\u03b9\u03ba\u03b5\u03af\u03bf \u03c6\u03bf\u03c1\u03ad\u03b1 (\u0393\u03b1\u03bb\u03bb\u03b9\u03ba\u03cc \u0399\u03bd\u03c3\u03c4\u03b9\u03c4\u03bf\u03cd\u03c4\u03bf \u0395\u03bb\u03bb\u03ac\u03b4\u03bf\u03c2 \u2013 \u03a5\u03c0\u03b7\u03c1\u03b5\u03c3\u03af\u03b1 \u0395\u03be\u03b5\u03c4\u03ac\u03c3\u03b5\u03c9\u03bd).<\/p>\n"}],"sidebar":false,"side_information":{"title":"","sections":false}},{"acf_fc_layout":"accordion","public":true,"title":"Envoi des dipl\u00f4mes","side_image_right":false,"rolling_message":"","main":[{"acf_fc_layout":"textarea","text":"<p><strong>L\u2019envoi des dipl\u00f4mes DELF\u2013DALF de France \u00c9ducation international ainsi que de ceux de Sorbonne Universit\u00e9 pour la session mai 2025 est d\u00e9sormais achev\u00e9, selon la proc\u00e9dure habituelle (<a href=\"https:\/\/www.ifg.gr\/wp-content\/uploads\/2025\/01\/reglexam_mai_25_FR.pdf\" target=\"_blank\" rel=\"noopener\">voir r\u00e8glement<\/a>, paragraphe 10).<\/strong><\/p>\n<p>Votre dipl\u00f4me est <strong>automatiquement et exclusivement envoy\u00e9 par courrier rapide, avec paiement \u00e0 r\u00e9ception (5\u20ac)<\/strong> et \u00e0 l\u2019adresse saisie lors de l\u2019inscription en ligne. Ainsi, aucun dipl\u00f4me ne peut \u00eatre retir\u00e9 directement aupr\u00e8s du Service des Inscriptions. Les \u00e9coles et Centres de Langues \u00c9trang\u00e8res ne paient que <strong>5\u20ac<\/strong> par envoi, quel que soit le nombre de dipl\u00f4mes.<\/p>\n<p>**<\/p>\n<p>Ceux qui n\u2019ont pas retir\u00e9 leurs <strong>dipl\u00f4mes obtenus ant\u00e9rieurement devront compl\u00e9ter une demande d\u2019envoi<\/strong> avec leurs coordonn\u00e9es personnelles et le dipl\u00f4me qu\u2019ils souhaitent recevoir (titre et session d\u2019obtention). La demande devra \u00eatre envoy\u00e9e par courriel \u00e0 : <a href=\"mailto:inscription@ifg.gr\" target=\"_blank\" rel=\"noopener\">inscription@ifg.gr<\/a><\/p>\n<p>Au cas o\u00f9 un centre de langues ou le titulaire n\u2019aurait pas re\u00e7u ses dipl\u00f4mes, ces derniers seront envoy\u00e9s \u00e0 nouveau uniquement si l\u2019int\u00e9ress\u00e9 paie au pr\u00e9alable \u00e0 la banque la somme correspondante aux deux envois (<strong>10\u20ac<\/strong>), l\u2019Institut fran\u00e7ais ayant d\u00e9j\u00e0 rembours\u00e9 l\u2019agence. L\u2019envoi est effectu\u00e9 au plus tard 10 jours apr\u00e8s le d\u00e9p\u00f4t d\u2019une demande par l\u2019int\u00e9ress\u00e9.<\/p>\n<p><strong>Nous vous remercions de votre attention et f\u00e9licitons \u00e0 cette occasion les titulaires des dipl\u00f4mes de langue fran\u00e7aise.<\/strong><br \/>\n<strong>T\u00e9l\u00e9phones<\/strong> : 210 33 98 721 \u2013 33 98 333<\/p>\n<p style=\"text-align: center;\">\n"},{"acf_fc_layout":"downloads","attachments":[{"label":"Inscription - Retrait de dipl\u00f4me","button_text":"T\u00e9l\u00e9chargez le PDF","button_link":"https:\/\/www.ifg.gr\/wp-content\/uploads\/2023\/10\/demande_retraitdipl.pdf"}]}],"sidebar":false,"side_information":{"title":"","sections":false}}],"show_sidebar":false,"information":{"title":"\u03a3\u0397\u039c\u0391\u039d\u03a4\u0399\u039a\u0395\u03a3 \u03a0\u039b\u0397\u03a1\u039f\u03a6\u039f\u03a1\u0399\u0395\u03a3","sections":[{"section":[{"title":"\u0395\u03c0\u03cc\u03bc\u03b5\u03bd\u03b7 \u03b5\u03be\u03ad\u03c4\u03b1\u03c3\u03b7","content":[{"acf_fc_layout":"textarea","text":"<p>July 20-24, 2020<\/p>\n"}]},{"title":"\u03a9\u03c1\u03ac\u03c1\u03b9\u03bf","content":[{"acf_fc_layout":"textarea","text":"<p>\u0391\u03c0\u03cc\u03b3\u03b5\u03c5\u03bc\u03b1<\/p>\n"}]},{"title":"\u03a0\u03cc\u03bb\u03b7","content":[{"acf_fc_layout":"textarea","text":"<p>\u0391\u03b8\u03ae\u03bd\u03b1<\/p>\n"}]}]},{"section":[{"title":"\u0395\u03c1\u03c9\u03c4\u03ae\u03c3\u03b5\u03b9\u03c2","content":[{"acf_fc_layout":"button","title":"\u03a3\u03c4\u03b5\u03af\u03bb\u03b5 Email","url":"#"}]},{"title":"\u0395\u03c0\u03b9\u03ba\u03bf\u03b9\u03bd\u03c9\u03bd\u03ae\u03c3\u03c4\u03b5","content":[{"acf_fc_layout":"button","title":"210 3398600","url":"#"}]}]},{"section":[{"title":"\u0391\u03af\u03c4\u03b7\u03c3\u03b7 \u0395\u03b3\u03b3\u03c1\u03b1\u03c6\u03ae\u03c2 \u03b3\u03b9\u03b1 \u03b8\u03ad\u03bc\u03b1 \u03b1\u2019","content":[{"acf_fc_layout":"button","title":"\u039a\u03b1\u03c4\u03ad\u03b2\u03b1\u03c3\u03b5","url":"#"}]},{"title":"\u0391\u03af\u03c4\u03b7\u03c3\u03b7 \u0395\u03b3\u03b3\u03c1\u03b1\u03c6\u03ae\u03c2 \u03b3\u03b9\u03b1 \u03b8\u03ad\u03bc\u03b1 \u03b2\u2019","content":[{"acf_fc_layout":"button","title":"\u039a\u03b1\u03c4\u03ad\u03b2\u03b1\u03c3\u03b5","url":"#"}]},{"title":"\u0391\u03af\u03c4\u03b7\u03c3\u03b7 \u0395\u03b3\u03b3\u03c1\u03b1\u03c6\u03ae\u03c2 \u03b3\u03b9\u03b1 \u03b8\u03ad\u03bc\u03b1 \u03b3\u2019","content":[{"acf_fc_layout":"button","title":"\u039a\u03b1\u03c4\u03ad\u03b2\u03b1\u03c3\u03b5","url":"#"}]}]}]},"hero_has_side_paragraph":false},"yoast_head":"<!-- This site is optimized with the Yoast SEO plugin v26.8 - https:\/\/yoast.com\/product\/yoast-seo-wordpress\/ -->\n<title>Dipl\u00f4mes<\/title>\n<meta name=\"description\" content=\"Dipl\u00f4mes\" \/>\n<meta name=\"robots\" content=\"index, follow, max-snippet:-1, max-image-preview:large, max-video-preview:-1\" \/>\n<link rel=\"canonical\" href=\"https:\/\/www.ifg.gr\/fr\/examens\/diplomes\/\" \/>\n<meta property=\"og:locale\" content=\"fr_FR\" \/>\n<meta property=\"og:type\" content=\"article\" \/>\n<meta property=\"og:title\" content=\"Dipl\u00f4mes\" \/>\n<meta property=\"og:description\" content=\"Dipl\u00f4mes\" \/>\n<meta property=\"og:url\" content=\"https:\/\/www.ifg.gr\/fr\/examens\/diplomes\/\" \/>\n<meta property=\"og:site_name\" content=\"IFG\" \/>\n<meta property=\"article:modified_time\" content=\"2026-01-20T13:39:23+00:00\" \/>\n<meta name=\"twitter:card\" content=\"summary_large_image\" \/>\n<script type=\"application\/ld+json\" class=\"yoast-schema-graph\">{\"@context\":\"https:\/\/schema.org\",\"@graph\":[{\"@type\":\"WebPage\",\"@id\":\"https:\/\/www.ifg.gr\/fr\/examens\/diplomes\/\",\"url\":\"https:\/\/www.ifg.gr\/fr\/examens\/diplomes\/\",\"name\":\"Dipl\u00f4mes\",\"isPartOf\":{\"@id\":\"https:\/\/www.ifg.gr\/#website\"},\"datePublished\":\"2020-07-29T11:43:59+00:00\",\"dateModified\":\"2026-01-20T13:39:23+00:00\",\"description\":\"Dipl\u00f4mes\",\"breadcrumb\":{\"@id\":\"https:\/\/www.ifg.gr\/fr\/examens\/diplomes\/#breadcrumb\"},\"inLanguage\":\"fr-FR\",\"potentialAction\":[{\"@type\":\"ReadAction\",\"target\":[\"https:\/\/www.ifg.gr\/fr\/examens\/diplomes\/\"]}]},{\"@type\":\"BreadcrumbList\",\"@id\":\"https:\/\/www.ifg.gr\/fr\/examens\/diplomes\/#breadcrumb\",\"itemListElement\":[{\"@type\":\"ListItem\",\"position\":1,\"name\":\"Home\",\"item\":\"https:\/\/www.ifg.gr\/fr\/\"},{\"@type\":\"ListItem\",\"position\":2,\"name\":\"EXAMENS\",\"item\":\"https:\/\/www.ifg.gr\/fr\/examens\/\"},{\"@type\":\"ListItem\",\"position\":3,\"name\":\"Dipl\u00f4mes\"}]},{\"@type\":\"WebSite\",\"@id\":\"https:\/\/www.ifg.gr\/#website\",\"url\":\"https:\/\/www.ifg.gr\/\",\"name\":\"IFG\",\"description\":\"\",\"potentialAction\":[{\"@type\":\"SearchAction\",\"target\":{\"@type\":\"EntryPoint\",\"urlTemplate\":\"https:\/\/www.ifg.gr\/?s={search_term_string}\"},\"query-input\":{\"@type\":\"PropertyValueSpecification\",\"valueRequired\":true,\"valueName\":\"search_term_string\"}}],\"inLanguage\":\"fr-FR\"}]}<\/script>\n<!-- \/ Yoast SEO plugin. -->","yoast_head_json":{"title":"Dipl\u00f4mes","description":"Dipl\u00f4mes","robots":{"index":"index","follow":"follow","max-snippet":"max-snippet:-1","max-image-preview":"max-image-preview:large","max-video-preview":"max-video-preview:-1"},"canonical":"https:\/\/www.ifg.gr\/fr\/examens\/diplomes\/","og_locale":"fr_FR","og_type":"article","og_title":"Dipl\u00f4mes","og_description":"Dipl\u00f4mes","og_url":"https:\/\/www.ifg.gr\/fr\/examens\/diplomes\/","og_site_name":"IFG","article_modified_time":"2026-01-20T13:39:23+00:00","twitter_card":"summary_large_image","schema":{"@context":"https:\/\/schema.org","@graph":[{"@type":"WebPage","@id":"https:\/\/www.ifg.gr\/fr\/examens\/diplomes\/","url":"https:\/\/www.ifg.gr\/fr\/examens\/diplomes\/","name":"Dipl\u00f4mes","isPartOf":{"@id":"https:\/\/www.ifg.gr\/#website"},"datePublished":"2020-07-29T11:43:59+00:00","dateModified":"2026-01-20T13:39:23+00:00","description":"Dipl\u00f4mes","breadcrumb":{"@id":"https:\/\/www.ifg.gr\/fr\/examens\/diplomes\/#breadcrumb"},"inLanguage":"fr-FR","potentialAction":[{"@type":"ReadAction","target":["https:\/\/www.ifg.gr\/fr\/examens\/diplomes\/"]}]},{"@type":"BreadcrumbList","@id":"https:\/\/www.ifg.gr\/fr\/examens\/diplomes\/#breadcrumb","itemListElement":[{"@type":"ListItem","position":1,"name":"Home","item":"https:\/\/www.ifg.gr\/fr\/"},{"@type":"ListItem","position":2,"name":"EXAMENS","item":"https:\/\/www.ifg.gr\/fr\/examens\/"},{"@type":"ListItem","position":3,"name":"Dipl\u00f4mes"}]},{"@type":"WebSite","@id":"https:\/\/www.ifg.gr\/#website","url":"https:\/\/www.ifg.gr\/","name":"IFG","description":"","potentialAction":[{"@type":"SearchAction","target":{"@type":"EntryPoint","urlTemplate":"https:\/\/www.ifg.gr\/?s={search_term_string}"},"query-input":{"@type":"PropertyValueSpecification","valueRequired":true,"valueName":"search_term_string"}}],"inLanguage":"fr-FR"}]}},"_links":{"self":[{"href":"https:\/\/www.ifg.gr\/fr\/wp-json\/wp\/v2\/pages\/9525","targetHints":{"allow":["GET"]}}],"collection":[{"href":"https:\/\/www.ifg.gr\/fr\/wp-json\/wp\/v2\/pages"}],"about":[{"href":"https:\/\/www.ifg.gr\/fr\/wp-json\/wp\/v2\/types\/page"}],"author":[{"embeddable":true,"href":"https:\/\/www.ifg.gr\/fr\/wp-json\/wp\/v2\/users\/1"}],"replies":[{"embeddable":true,"href":"https:\/\/www.ifg.gr\/fr\/wp-json\/wp\/v2\/comments?post=9525"}],"version-history":[{"count":23,"href":"https:\/\/www.ifg.gr\/fr\/wp-json\/wp\/v2\/pages\/9525\/revisions"}],"predecessor-version":[{"id":66567,"href":"https:\/\/www.ifg.gr\/fr\/wp-json\/wp\/v2\/pages\/9525\/revisions\/66567"}],"up":[{"embeddable":true,"href":"https:\/\/www.ifg.gr\/fr\/wp-json\/wp\/v2\/pages\/9522"}],"wp:attachment":[{"href":"https:\/\/www.ifg.gr\/fr\/wp-json\/wp\/v2\/media?parent=9525"}],"curies":[{"name":"wp","href":"https:\/\/api.w.org\/{rel}","templated":true}]}}