{"id":9526,"date":"2020-07-29T11:45:01","date_gmt":"2020-07-29T11:45:01","guid":{"rendered":"http:\/\/www.ifg.gr\/eksetaseis\/eksetastes\/"},"modified":"2026-02-27T16:37:03","modified_gmt":"2026-02-27T14:37:03","slug":"professeurs","status":"publish","type":"page","link":"https:\/\/www.ifg.gr\/fr\/examens\/professeurs\/","title":{"rendered":"Professeurs"},"content":{"rendered":"","protected":false},"excerpt":{"rendered":"","protected":false},"author":1,"featured_media":0,"parent":9522,"menu_order":96,"comment_status":"closed","ping_status":"closed","template":"","meta":{"_acf_changed":false,"_searchwp_excluded":"","footnotes":""},"class_list":["post-9526","page","type-page","status-publish","hentry"],"acf":{"background_color":"","side_paragraph":{"title":"","text":""},"layout":[{"acf_fc_layout":"accordion","public":true,"title":"Formations des professeurs","side_image_right":false,"rolling_message":"","main":[{"acf_fc_layout":"textarea","text":"<p>Le Service des Examens et des Certifications met en place tout au long de l\u2019ann\u00e9e des s\u00e9minaires de formation des professeurs et examinateurs de fran\u00e7ais. L\u2019inscription s\u2019effectue depuis la plate-forme <strong><a href=\"https:\/\/eprofs-portail.ifg.gr\" target=\"_blank\" rel=\"noopener\">eprofs-portail.ifg.gr<\/a><\/strong>\u00a0et il est possible d\u2019assister aux stages tant en pr\u00e9sentiel qu\u2019en distanciel.<\/p>\n<p><strong>Pour votre inscription : <a href=\"https:\/\/eprofs-portail.ifg.gr\" target=\"_blank\" rel=\"noopener\">eprofs-portail.ifg.gr<\/a><\/strong><\/p>\n"},{"acf_fc_layout":"posts","items":[{"ID":65424,"post_author":"18","post_date":"2026-01-12 12:00:29","post_date_gmt":"2026-01-12 10:00:29","post_content":"Le Service des Examens et des Certifications met en place tout au long de l\u2019ann\u00e9e des <strong>s\u00e9minaires de formation des professeurs\/res et examinateurs\/trices de fran\u00e7ais<\/strong>.\r\n\r\nLes <a href=\"https:\/\/www.ifg.gr\/fr\/examens\/professeurs\/\" target=\"_blank\" rel=\"noopener\">stages d\u2019habilitation<\/a> s\u2019adressent \u00e0 tous\/tes les professeurs\/res qui enseignent le fran\u00e7ais et pr\u00e9parent des candidats\/tes aux examens <strong>DALF \u2013 SORBONNE C1-C2<\/strong>.\r\n\r\n<hr \/>\r\n\r\n<a href=\"https:\/\/www.ifg.gr\/wp-content\/uploads\/2026\/01\/Courriel_Stages-de-formation_fevrier-2026_IFG.pdf\" target=\"_blank\" rel=\"noopener\"><strong>\ud83d\udc49 Consultez les stages : DALF SORBONNE C1-C2 f\u00e9vrier 2026 | Institut Fran\u00e7ais de Gr\u00e8ce (Ath\u00e8nes)<\/strong><\/a>\r\n\r\n<strong><a href=\"https:\/\/www.ifg.gr\/wp-content\/uploads\/2026\/01\/calendrier_stages_fevrier-2026_IFG.pdf\" target=\"_blank\" rel=\"noopener\">\ud83d\udc49 Consultez le programme d\u00e9taill\u00e9<\/a>\r\n<\/strong>\r\n\r\n<strong>Les inscriptions d\u00e9buteront le 12 janvier 2026.\r\nL\u2019inscription s\u2019effectue depuis la plateforme <a href=\"https:\/\/eprofsexamens.ifg.gr\/\" target=\"_blank\" rel=\"noopener\">eprofsexamens.ifg.gr<\/a>.\r\n<\/strong>\r\n\r\n<hr \/>\r\n\r\nIl existe deux possibilit\u00e9s pour le suivi des stages DALF-SBC1-C2 :\r\na. Suivre le s\u00e9minaire \u00e0 des fins p\u00e9dagogiques.\r\nb. Suivre le s\u00e9minaire et devenir examinateur.\r\nSelon le choix, le professeur envoie un courriel \u00e0 <a href=\"mailto:ptzavellas@ifg.gr\" target=\"_blank\" rel=\"noopener\">ptzavellas@ifg.gr<\/a> et pr\u00e9cise son choix.\r\n\r\n* Pour obtenir l\u2019habilitation au DALF et au SORBONNE C1-C2 l\u2019<strong>habilitation aux niveaux inf\u00e9rieurs (A1-A2-B1-B2) est un pr\u00e9requis<\/strong>.","post_title":"Formations des professeurs\/res : f\u00e9vrier 2026 \u00e0 l'IFG","post_excerpt":"Consultez les stages adress\u00e9s aux professeurs\/res de fran\u00e7ais et inscrivez-vous \u00e0 partir du 12 janvier 2026.","post_status":"publish","comment_status":"closed","ping_status":"closed","post_password":"","post_name":"formation-professeurs-fev-2026-ifg","to_ping":"","pinged":"","post_modified":"2026-01-12 15:05:14","post_modified_gmt":"2026-01-12 13:05:14","post_content_filtered":"","post_parent":0,"guid":"https:\/\/www.ifg.gr\/news\/epimorfosi-eksetaston-noe-2025-fev-thessaloniki-2026\/","menu_order":0,"post_type":"new","post_mime_type":"","comment_count":"0","filter":"raw"}]}],"sidebar":false,"side_information":{"title":"","sections":false}},{"acf_fc_layout":"accordion","public":true,"title":"Plate-forme eprofs-portail.ifg.gr","side_image_right":false,"rolling_message":"","main":[{"acf_fc_layout":"textarea","text":"<p>La plate-forme <strong><a href=\"https:\/\/eprofs-portail.ifg.gr\" target=\"_blank\" rel=\"noopener\">eprofs-portail.ifg.gr<\/a><\/strong> s\u2019adresse \u00e0 des examinateurs-correcteurs de dipl\u00f4mes fran\u00e7ais mais aussi \u00e0 des professeurs de fran\u00e7ais qui souhaitent s\u2019informer sur les examens de fran\u00e7ais.<\/p>\n<p>Elle est le berceau des examinateurs-correcteurs du pays et constitue un outil pratique pour l\u2019inscription aux formations de professeurs de fran\u00e7ais.<\/p>\n<p><strong>Pour votre inscription :<\/strong> <strong><a href=\"https:\/\/eprofs-portail.ifg.gr\" target=\"_blank\" rel=\"noopener\">eprofs-portail.ifg.gr<\/a><\/strong><\/p>\n"}],"sidebar":false,"side_information":{"title":"","sections":false}},{"acf_fc_layout":"accordion","public":true,"title":"M\u00e9thodes et bibliographie","side_image_right":false,"rolling_message":"","main":[{"acf_fc_layout":"textarea","text":"<p>Veuillez consulter la bibliographie propos\u00e9e \u00e0 titre indicatif pour la pr\u00e9paration aux diff\u00e9rents niveaux de langue mais \u00e9galement aux examens de fran\u00e7ais.<\/p>\n<p><strong>T\u00e9l\u00e9charger le PDF :<\/strong><\/p>\n"},{"acf_fc_layout":"downloads","attachments":[{"label":"","button_text":"M\u00e9thodes d'apprentissage du fran\u00e7ais","button_link":"https:\/\/www.ifg.gr\/wp-content\/uploads\/2026\/01\/Methodes_examens_2026.pdf"},{"label":"","button_text":"Pr\u00e9paration aux nouveaux dipl\u00f4mes DELF\/DALF ","button_link":"https:\/\/www.ifg.gr\/wp-content\/uploads\/2026\/01\/Preparation_diplomes-DELF-DALF_2026.pdf"},{"label":"","button_text":"M\u00e9thodes Sorbonne","button_link":"https:\/\/www.ifg.gr\/wp-content\/uploads\/2026\/01\/Manuels__SB_2026.pdf"},{"label":"","button_text":"Livres de Grammaire","button_link":"https:\/\/www.ifg.gr\/wp-content\/uploads\/2026\/01\/Livres-de-Grammaire_2026.pdf"},{"label":"","button_text":"Programme de litt\u00e9rature SORBONNE C1 2025-2027","button_link":"https:\/\/www.ifg.gr\/wp-content\/uploads\/2024\/06\/C1-programme-Litterature-Selfee-2005-2026-2027_VS.pdf"},{"label":"","button_text":"Programme de litt\u00e9rature SORBONNE C2 2025-2027","button_link":"https:\/\/www.ifg.gr\/wp-content\/uploads\/2024\/06\/C2-programme-Litterature-Selfee-2025-2026-2027_VS.pdf"},{"label":"","button_text":"Programme de litt\u00e9rature SORBONNE C3 2025-2027","button_link":"https:\/\/www.ifg.gr\/wp-content\/uploads\/2024\/06\/C3-programme-Litterature-Selfee-2025-2026-2027_VS.pdf"}]}],"sidebar":false,"side_information":{"title":"","sections":false}},{"acf_fc_layout":"accordion","public":true,"title":"Editeurs FLE - Internationaux et locaux","side_image_right":false,"rolling_message":"","main":[{"acf_fc_layout":"textarea","text":"<p>Veuillez consulter la liste propos\u00e9e.<\/p>\n"},{"acf_fc_layout":"downloads","attachments":[{"label":"Editeurs Internationaux et Locaux: ","button_text":"t\u00e9l\u00e9charger le PDF","button_link":"https:\/\/www.ifg.gr\/wp-content\/uploads\/2022\/04\/Editeurs_FLE.pdf"}]}],"sidebar":false,"side_information":{"title":"","sections":false}},{"acf_fc_layout":"accordion","public":false,"title":"Annales SORBONNE B2","side_image_right":false,"rolling_message":"","main":[{"acf_fc_layout":"textarea","text":"<p>Les annales SORBONNE B2 (2011-2015) \u2013 livre de l\u2019\u00e9l\u00e8ve \/ livre du professeur, sont \u00e0 votre disposition.<\/p>\n<p>Vous pouvez commander les annales en payant \u00e0 la Banque Nationale de Gr\u00e8ce (IBAN : GR45 0110 0800 0000 0800 0152 374) et en envoyant le re\u00e7u bancaire, le niveau command\u00e9 (en pr\u00e9cisant livre de l\u2019\u00e9l\u00e8ve et\/ou livre du professeur) et vos coordonn\u00e9es par t\u00e9l\u00e9copie au 2103398613 ou par la poste : Service des Examens, Sina 31, 10680 Ath\u00e8nes.<\/p>\n<p>Ceux qui souhaitent obtenir ces annales sur place doivent effectuer le paiement au service des inscriptions de l\u2019Institut Fran\u00e7ais de Gr\u00e8ce (I.F.G) de 09.00 \u00e0 15.00 du lundi au vendredi.<\/p>\n<p><strong>Prix des annales :<\/strong><\/p>\n<p>Sorbonne B2 + CD \u2013 livre de l\u2019\u00e9l\u00e8ve : 10\u20ac<br \/>\nSorbonne B2+ CD \u2013 livre du professeur : 10\u20ac &#8211; \u00e9puis\u00e9<br \/>\nL\u2019enregistrement de la compr\u00e9hension orale se trouve sous forme de MP3.<\/p>\n<p>ATTENTION. Chaque envoi jusqu\u2019\u00e0 2 livres est factur\u00e9 de 6\u20ac pay\u00e9s \u00e0 la banque avec le montant de votre commande.<\/p>\n<p>Pour toute information compl\u00e9mentaire : t\u00e9l. 210 33 98 333\/721.<\/p>\n"}],"sidebar":false,"side_information":{"title":"","sections":false}}],"show_sidebar":true,"information":{"title":"","sections":[{"section":[{"title":"Inscription \u00e0 la plate-forme","content":[{"acf_fc_layout":"button","title":"Cliquez ici","url":"https:\/\/eprofs-portail.ifg.gr"}]}]}]},"hero_has_side_paragraph":false},"yoast_head":"<!-- This site is optimized with the Yoast SEO plugin v26.8 - https:\/\/yoast.com\/product\/yoast-seo-wordpress\/ -->\n<title>Professeurs - IFG - examens - Service des Examens et des Certifications<\/title>\n<meta name=\"description\" content=\"Professeurs - Service des Examens et des Certifications\" \/>\n<meta name=\"robots\" content=\"index, follow, max-snippet:-1, max-image-preview:large, max-video-preview:-1\" \/>\n<link rel=\"canonical\" href=\"https:\/\/www.ifg.gr\/fr\/examens\/professeurs\/\" \/>\n<meta property=\"og:locale\" content=\"fr_FR\" \/>\n<meta property=\"og:type\" content=\"article\" \/>\n<meta property=\"og:title\" content=\"Professeurs - IFG - examens - Service des Examens et des Certifications\" \/>\n<meta property=\"og:description\" content=\"Professeurs - Service des Examens et des Certifications\" \/>\n<meta property=\"og:url\" content=\"https:\/\/www.ifg.gr\/fr\/examens\/professeurs\/\" \/>\n<meta property=\"og:site_name\" content=\"IFG\" \/>\n<meta property=\"article:modified_time\" content=\"2026-02-27T14:37:03+00:00\" \/>\n<meta name=\"twitter:card\" content=\"summary_large_image\" \/>\n<script type=\"application\/ld+json\" class=\"yoast-schema-graph\">{\"@context\":\"https:\/\/schema.org\",\"@graph\":[{\"@type\":\"WebPage\",\"@id\":\"https:\/\/www.ifg.gr\/fr\/examens\/professeurs\/\",\"url\":\"https:\/\/www.ifg.gr\/fr\/examens\/professeurs\/\",\"name\":\"Professeurs - IFG - examens - Service des Examens et des Certifications\",\"isPartOf\":{\"@id\":\"https:\/\/www.ifg.gr\/#website\"},\"datePublished\":\"2020-07-29T11:45:01+00:00\",\"dateModified\":\"2026-02-27T14:37:03+00:00\",\"description\":\"Professeurs - Service des Examens et des Certifications\",\"breadcrumb\":{\"@id\":\"https:\/\/www.ifg.gr\/fr\/examens\/professeurs\/#breadcrumb\"},\"inLanguage\":\"fr-FR\",\"potentialAction\":[{\"@type\":\"ReadAction\",\"target\":[\"https:\/\/www.ifg.gr\/fr\/examens\/professeurs\/\"]}]},{\"@type\":\"BreadcrumbList\",\"@id\":\"https:\/\/www.ifg.gr\/fr\/examens\/professeurs\/#breadcrumb\",\"itemListElement\":[{\"@type\":\"ListItem\",\"position\":1,\"name\":\"Home\",\"item\":\"https:\/\/www.ifg.gr\/fr\/\"},{\"@type\":\"ListItem\",\"position\":2,\"name\":\"EXAMENS\",\"item\":\"https:\/\/www.ifg.gr\/fr\/examens\/\"},{\"@type\":\"ListItem\",\"position\":3,\"name\":\"Professeurs\"}]},{\"@type\":\"WebSite\",\"@id\":\"https:\/\/www.ifg.gr\/#website\",\"url\":\"https:\/\/www.ifg.gr\/\",\"name\":\"IFG\",\"description\":\"\",\"potentialAction\":[{\"@type\":\"SearchAction\",\"target\":{\"@type\":\"EntryPoint\",\"urlTemplate\":\"https:\/\/www.ifg.gr\/?s={search_term_string}\"},\"query-input\":{\"@type\":\"PropertyValueSpecification\",\"valueRequired\":true,\"valueName\":\"search_term_string\"}}],\"inLanguage\":\"fr-FR\"}]}<\/script>\n<!-- \/ Yoast SEO plugin. -->","yoast_head_json":{"title":"Professeurs - IFG - examens - Service des Examens et des Certifications","description":"Professeurs - Service des Examens et des Certifications","robots":{"index":"index","follow":"follow","max-snippet":"max-snippet:-1","max-image-preview":"max-image-preview:large","max-video-preview":"max-video-preview:-1"},"canonical":"https:\/\/www.ifg.gr\/fr\/examens\/professeurs\/","og_locale":"fr_FR","og_type":"article","og_title":"Professeurs - IFG - examens - Service des Examens et des Certifications","og_description":"Professeurs - Service des Examens et des Certifications","og_url":"https:\/\/www.ifg.gr\/fr\/examens\/professeurs\/","og_site_name":"IFG","article_modified_time":"2026-02-27T14:37:03+00:00","twitter_card":"summary_large_image","schema":{"@context":"https:\/\/schema.org","@graph":[{"@type":"WebPage","@id":"https:\/\/www.ifg.gr\/fr\/examens\/professeurs\/","url":"https:\/\/www.ifg.gr\/fr\/examens\/professeurs\/","name":"Professeurs - IFG - examens - Service des Examens et des Certifications","isPartOf":{"@id":"https:\/\/www.ifg.gr\/#website"},"datePublished":"2020-07-29T11:45:01+00:00","dateModified":"2026-02-27T14:37:03+00:00","description":"Professeurs - Service des Examens et des Certifications","breadcrumb":{"@id":"https:\/\/www.ifg.gr\/fr\/examens\/professeurs\/#breadcrumb"},"inLanguage":"fr-FR","potentialAction":[{"@type":"ReadAction","target":["https:\/\/www.ifg.gr\/fr\/examens\/professeurs\/"]}]},{"@type":"BreadcrumbList","@id":"https:\/\/www.ifg.gr\/fr\/examens\/professeurs\/#breadcrumb","itemListElement":[{"@type":"ListItem","position":1,"name":"Home","item":"https:\/\/www.ifg.gr\/fr\/"},{"@type":"ListItem","position":2,"name":"EXAMENS","item":"https:\/\/www.ifg.gr\/fr\/examens\/"},{"@type":"ListItem","position":3,"name":"Professeurs"}]},{"@type":"WebSite","@id":"https:\/\/www.ifg.gr\/#website","url":"https:\/\/www.ifg.gr\/","name":"IFG","description":"","potentialAction":[{"@type":"SearchAction","target":{"@type":"EntryPoint","urlTemplate":"https:\/\/www.ifg.gr\/?s={search_term_string}"},"query-input":{"@type":"PropertyValueSpecification","valueRequired":true,"valueName":"search_term_string"}}],"inLanguage":"fr-FR"}]}},"_links":{"self":[{"href":"https:\/\/www.ifg.gr\/fr\/wp-json\/wp\/v2\/pages\/9526","targetHints":{"allow":["GET"]}}],"collection":[{"href":"https:\/\/www.ifg.gr\/fr\/wp-json\/wp\/v2\/pages"}],"about":[{"href":"https:\/\/www.ifg.gr\/fr\/wp-json\/wp\/v2\/types\/page"}],"author":[{"embeddable":true,"href":"https:\/\/www.ifg.gr\/fr\/wp-json\/wp\/v2\/users\/1"}],"replies":[{"embeddable":true,"href":"https:\/\/www.ifg.gr\/fr\/wp-json\/wp\/v2\/comments?post=9526"}],"version-history":[{"count":27,"href":"https:\/\/www.ifg.gr\/fr\/wp-json\/wp\/v2\/pages\/9526\/revisions"}],"predecessor-version":[{"id":67126,"href":"https:\/\/www.ifg.gr\/fr\/wp-json\/wp\/v2\/pages\/9526\/revisions\/67126"}],"up":[{"embeddable":true,"href":"https:\/\/www.ifg.gr\/fr\/wp-json\/wp\/v2\/pages\/9522"}],"wp:attachment":[{"href":"https:\/\/www.ifg.gr\/fr\/wp-json\/wp\/v2\/media?parent=9526"}],"curies":[{"name":"wp","href":"https:\/\/api.w.org\/{rel}","templated":true}]}}